{"id":4231,"date":"2013-04-05T16:38:18","date_gmt":"2013-04-05T16:38:18","guid":{"rendered":"https:\/\/exclusive4-you.com\/about-us\/"},"modified":"2025-07-06T03:18:12","modified_gmt":"2025-07-06T03:18:12","slug":"about-us","status":"publish","type":"page","link":"https:\/\/exclusive4-you.com\/es\/about-us\/","title":{"rendered":"Qui\u00e9nes somos"},"content":{"rendered":"\n<style type=\"text\/css\" data-created_by=\"avia_inline_auto\" id=\"style-css-av-5j1nvv-20ea85f6293495e434abac10f0c5d6da\">\n.flex_column.av-5j1nvv-20ea85f6293495e434abac10f0c5d6da{\nwidth:49.5%;\n}\n<\/style>\n<div  class='flex_column av-5j1nvv-20ea85f6293495e434abac10f0c5d6da av_one_half  avia-builder-el-0  el_before_av_one_half  avia-builder-el-first  first flex_column_div  '     ><style type=\"text\/css\" data-created_by=\"avia_inline_auto\" id=\"style-css-av-lwtdjt2a-72c41e192d5a0af58fd09f3a01818fe8\">\n.avia-image-container.av-lwtdjt2a-72c41e192d5a0af58fd09f3a01818fe8 img.avia_image{\nbox-shadow:none;\n}\n.avia-image-container.av-lwtdjt2a-72c41e192d5a0af58fd09f3a01818fe8 .av-image-caption-overlay-center{\ncolor:#ffffff;\n}\n<\/style>\n<div  class='avia-image-container av-lwtdjt2a-72c41e192d5a0af58fd09f3a01818fe8 av-styling- avia-align-center  avia-builder-el-1  avia-builder-el-no-sibling '   itemprop=\"image\" itemscope=\"itemscope\" itemtype=\"https:\/\/schema.org\/ImageObject\" ><div class=\"avia-image-container-inner\"><div class=\"avia-image-overlay-wrap\"><img decoding=\"async\" class='wp-image-4860 avia-img-lazy-loading-not-4860 avia_image ' src=\"https:\/\/exclusive4-you.com\/wp-content\/uploads\/2024\/05\/427891848_1796024904154040_6497885154682407039_n-2.jpeg\" alt='' title='427891848_1796024904154040_6497885154682407039_n'  height=\"1351\" width=\"1080\"  itemprop=\"thumbnailUrl\" srcset=\"https:\/\/exclusive4-you.com\/wp-content\/uploads\/2024\/05\/427891848_1796024904154040_6497885154682407039_n-2.jpeg 1080w, https:\/\/exclusive4-you.com\/wp-content\/uploads\/2024\/05\/427891848_1796024904154040_6497885154682407039_n-2-240x300.jpeg 240w, https:\/\/exclusive4-you.com\/wp-content\/uploads\/2024\/05\/427891848_1796024904154040_6497885154682407039_n-2-823x1030.jpeg 823w, https:\/\/exclusive4-you.com\/wp-content\/uploads\/2024\/05\/427891848_1796024904154040_6497885154682407039_n-2-768x961.jpeg 768w, https:\/\/exclusive4-you.com\/wp-content\/uploads\/2024\/05\/427891848_1796024904154040_6497885154682407039_n-2-564x705.jpeg 564w\" sizes=\"(max-width: 1080px) 100vw, 1080px\" \/><\/div><\/div><\/div><\/div>\n\n<style type=\"text\/css\" data-created_by=\"avia_inline_auto\" id=\"style-css-av-3vkgjv-2207d64fd214b64572fd1fd436d15cd8\">\n.flex_column.av-3vkgjv-2207d64fd214b64572fd1fd436d15cd8{\nwidth:49.5%;\nmargin-left:1%;\n}\n<\/style>\n<div  class='flex_column av-3vkgjv-2207d64fd214b64572fd1fd436d15cd8 av_one_half  avia-builder-el-2  el_after_av_one_half  el_before_av_hr  flex_column_div  '     ><section  class='av_textblock_section av-3074or-652a2733d5f4c71ea1d68727d7e1453f '   itemscope=\"itemscope\" itemtype=\"https:\/\/schema.org\/CreativeWork\" ><div class='avia_textblock'  itemprop=\"text\" ><h3>Bienvenido a nuestra agencia<\/h3>\n<p>Bienvenido a exclusive4-you.com &#8211; \u00a1su socio ideal para crear experiencias inolvidables!<\/p>\n<p>La fundadora de nuestra empresa, Oksana Balaniuk, es una verdadera profesional con m\u00e1s de diez a\u00f1os de experiencia en la organizaci\u00f3n y decoraci\u00f3n de eventos. Conocida por sus apariciones en televisi\u00f3n y su enfoque \u00fanico de cada evento, Oksana sigue encantando a sus clientes con su alto nivel de habilidad y creatividad.<\/p>\n<p>Trasladarse a Estados Unidos ha abierto un nuevo cap\u00edtulo en su carrera, donde ella y su equipo han empezado desde cero, ofreciendo servicios que superan las expectativas de los clientes m\u00e1s exigentes.<\/p>\n<p><strong>Nuestros servicios incluyen:<\/strong><\/p>\n<ul>\n<li>Eventos especiales: Desde rom\u00e1nticos picnics en la naturaleza hasta propuestas de matrimonio \u00fanicas en lugares ins\u00f3litos: junto al mar, en un yate, en un antiguo castillo o incluso durante un espect\u00e1culo de l\u00e1ser.<\/li>\n<li>Celebraci\u00f3n de cumplea\u00f1os, aniversarios y aniversarios: Ofrecemos una gama completa de servicios para organizar su celebraci\u00f3n perfecta.<\/li>\n<li>Fiestas tem\u00e1ticas: Desde emocionantes despedidas de soltera hasta memorables despedidas de soltero, sabemos c\u00f3mo hacer que su velada sea especial.<\/li>\n<li>Servicios adicionales: Fotograf\u00eda y videograf\u00eda profesional, incluyendo fotograf\u00eda con drones, maquilladores, alquiler de yates y animaci\u00f3n para fiestas infantiles.<\/li>\n<\/ul>\n<p>Aqu\u00ed encontrar\u00e1 no s\u00f3lo profesionalidad y experiencia, sino tambi\u00e9n un enfoque individual para cada cliente. Su fiesta se har\u00e1 con amor y atenci\u00f3n al detalle, lo que garantizar\u00e1 la alegr\u00eda y la gratitud de sus invitados.<\/p>\n<p style=\"text-align: center;\"><strong>Nosotros creamos magia &#8211; \u00a1usted disfrute del momento!<\/strong><\/p>\n<\/div><\/section><\/div>\n<div  class='hr av-1jevfuz-33ea4b7542203c3adb0a28350fe00334 hr-short  avia-builder-el-4  el_after_av_one_half  avia-builder-el-last  hr-center'><span class='hr-inner '><span class=\"hr-inner-style\"><\/span><\/span><\/div>\n","protected":false},"excerpt":{"rendered":"","protected":false},"author":1,"featured_media":0,"parent":0,"menu_order":0,"comment_status":"open","ping_status":"open","template":"","meta":{"footnotes":""},"class_list":["post-4231","page","type-page","status-publish","hentry"],"yoast_head":"<!-- This site is optimized with the Yoast SEO plugin v23.6 - https:\/\/yoast.com\/wordpress\/plugins\/seo\/ -->\n<title>Qui\u00e9nes somos |<\/title>\n<meta name=\"robots\" content=\"index, follow, max-snippet:-1, max-image-preview:large, max-video-preview:-1\" \/>\n<link rel=\"canonical\" href=\"https:\/\/exclusive4-you.com\/es\/about-us\/\" \/>\n<meta property=\"og:locale\" content=\"es_ES\" \/>\n<meta property=\"og:type\" content=\"article\" \/>\n<meta property=\"og:title\" content=\"Qui\u00e9nes somos |\" \/>\n<meta property=\"og:url\" content=\"https:\/\/exclusive4-you.com\/es\/about-us\/\" \/>\n<meta property=\"og:site_name\" content=\"Event Planning\" \/>\n<meta property=\"article:modified_time\" content=\"2025-07-06T03:18:12+00:00\" \/>\n<meta name=\"twitter:card\" content=\"summary_large_image\" \/>\n<meta name=\"twitter:label1\" content=\"Tiempo de lectura\" \/>\n\t<meta name=\"twitter:data1\" content=\"3 minutos\" \/>\n<script type=\"application\/ld+json\" class=\"yoast-schema-graph\">{\"@context\":\"https:\/\/schema.org\",\"@graph\":[{\"@type\":\"WebPage\",\"@id\":\"https:\/\/exclusive4-you.com\/es\/about-us\/\",\"url\":\"https:\/\/exclusive4-you.com\/es\/about-us\/\",\"name\":\"Qui\u00e9nes somos |\",\"isPartOf\":{\"@id\":\"https:\/\/exclusive4-you.com\/es\/#website\"},\"datePublished\":\"2013-04-05T16:38:18+00:00\",\"dateModified\":\"2025-07-06T03:18:12+00:00\",\"breadcrumb\":{\"@id\":\"https:\/\/exclusive4-you.com\/es\/about-us\/#breadcrumb\"},\"inLanguage\":\"es\",\"potentialAction\":[{\"@type\":\"ReadAction\",\"target\":[\"https:\/\/exclusive4-you.com\/es\/about-us\/\"]}]},{\"@type\":\"BreadcrumbList\",\"@id\":\"https:\/\/exclusive4-you.com\/es\/about-us\/#breadcrumb\",\"itemListElement\":[{\"@type\":\"ListItem\",\"position\":1,\"name\":\"Home\",\"item\":\"https:\/\/exclusive4-you.com\/es\/\"},{\"@type\":\"ListItem\",\"position\":2,\"name\":\"Qui\u00e9nes somos\"}]},{\"@type\":\"WebSite\",\"@id\":\"https:\/\/exclusive4-you.com\/es\/#website\",\"url\":\"https:\/\/exclusive4-you.com\/es\/\",\"name\":\"Event Planning\",\"description\":\"\",\"potentialAction\":[{\"@type\":\"SearchAction\",\"target\":{\"@type\":\"EntryPoint\",\"urlTemplate\":\"https:\/\/exclusive4-you.com\/es\/?s={search_term_string}\"},\"query-input\":{\"@type\":\"PropertyValueSpecification\",\"valueRequired\":true,\"valueName\":\"search_term_string\"}}],\"inLanguage\":\"es\"}]}<\/script>\n<!-- \/ Yoast SEO plugin. -->","yoast_head_json":{"title":"Qui\u00e9nes somos |","robots":{"index":"index","follow":"follow","max-snippet":"max-snippet:-1","max-image-preview":"max-image-preview:large","max-video-preview":"max-video-preview:-1"},"canonical":"https:\/\/exclusive4-you.com\/es\/about-us\/","og_locale":"es_ES","og_type":"article","og_title":"Qui\u00e9nes somos |","og_url":"https:\/\/exclusive4-you.com\/es\/about-us\/","og_site_name":"Event Planning","article_modified_time":"2025-07-06T03:18:12+00:00","twitter_card":"summary_large_image","twitter_misc":{"Tiempo de lectura":"3 minutos"},"schema":{"@context":"https:\/\/schema.org","@graph":[{"@type":"WebPage","@id":"https:\/\/exclusive4-you.com\/es\/about-us\/","url":"https:\/\/exclusive4-you.com\/es\/about-us\/","name":"Qui\u00e9nes somos |","isPartOf":{"@id":"https:\/\/exclusive4-you.com\/es\/#website"},"datePublished":"2013-04-05T16:38:18+00:00","dateModified":"2025-07-06T03:18:12+00:00","breadcrumb":{"@id":"https:\/\/exclusive4-you.com\/es\/about-us\/#breadcrumb"},"inLanguage":"es","potentialAction":[{"@type":"ReadAction","target":["https:\/\/exclusive4-you.com\/es\/about-us\/"]}]},{"@type":"BreadcrumbList","@id":"https:\/\/exclusive4-you.com\/es\/about-us\/#breadcrumb","itemListElement":[{"@type":"ListItem","position":1,"name":"Home","item":"https:\/\/exclusive4-you.com\/es\/"},{"@type":"ListItem","position":2,"name":"Qui\u00e9nes somos"}]},{"@type":"WebSite","@id":"https:\/\/exclusive4-you.com\/es\/#website","url":"https:\/\/exclusive4-you.com\/es\/","name":"Event Planning","description":"","potentialAction":[{"@type":"SearchAction","target":{"@type":"EntryPoint","urlTemplate":"https:\/\/exclusive4-you.com\/es\/?s={search_term_string}"},"query-input":{"@type":"PropertyValueSpecification","valueRequired":true,"valueName":"search_term_string"}}],"inLanguage":"es"}]}},"_links":{"self":[{"href":"https:\/\/exclusive4-you.com\/es\/wp-json\/wp\/v2\/pages\/4231","targetHints":{"allow":["GET"]}}],"collection":[{"href":"https:\/\/exclusive4-you.com\/es\/wp-json\/wp\/v2\/pages"}],"about":[{"href":"https:\/\/exclusive4-you.com\/es\/wp-json\/wp\/v2\/types\/page"}],"author":[{"embeddable":true,"href":"https:\/\/exclusive4-you.com\/es\/wp-json\/wp\/v2\/users\/1"}],"replies":[{"embeddable":true,"href":"https:\/\/exclusive4-you.com\/es\/wp-json\/wp\/v2\/comments?post=4231"}],"version-history":[{"count":4,"href":"https:\/\/exclusive4-you.com\/es\/wp-json\/wp\/v2\/pages\/4231\/revisions"}],"predecessor-version":[{"id":5904,"href":"https:\/\/exclusive4-you.com\/es\/wp-json\/wp\/v2\/pages\/4231\/revisions\/5904"}],"wp:attachment":[{"href":"https:\/\/exclusive4-you.com\/es\/wp-json\/wp\/v2\/media?parent=4231"}],"curies":[{"name":"wp","href":"https:\/\/api.w.org\/{rel}","templated":true}]}}