{"id":4254,"date":"2023-12-09T10:39:58","date_gmt":"2023-12-09T10:39:58","guid":{"rendered":"https:\/\/exclusive4-you.com\/a-marriage-proposal-a-romantic-dinner-in-a-restaurant\/"},"modified":"2024-10-13T18:20:47","modified_gmt":"2024-10-13T18:20:47","slug":"a-marriage-proposal-a-romantic-dinner-in-a-restaurant","status":"publish","type":"page","link":"https:\/\/exclusive4-you.com\/es\/a-marriage-proposal-a-romantic-dinner-in-a-restaurant\/","title":{"rendered":"Una propuesta de matrimonio: Una cena rom\u00e1ntica en un restaurante"},"content":{"rendered":"\n<style type=\"text\/css\" data-created_by=\"avia_inline_auto\" id=\"style-css-av-3p760a-c4a4c3a811a984178d9f84343aa66c41\">\n.avia-section.av-3p760a-c4a4c3a811a984178d9f84343aa66c41{\nbackground-repeat:no-repeat;\nbackground-image:url(https:\/\/exclusive4-you.com\/wp-content\/uploads\/2023\/12\/hands-of-dates-1500x1000.webp);\nbackground-position:50% 50%;\nbackground-attachment:scroll;\n}\n<\/style>\n<div id='av_section_1'  class='avia-section av-3p760a-c4a4c3a811a984178d9f84343aa66c41 main_color avia-section-default avia-no-border-styling  avia-builder-el-0  el_before_av_textblock  avia-builder-el-first  avia-bg-style-scroll av-minimum-height av-minimum-height-100 av-height-100  container_wrap sidebar_right'  data-section-bg-repeat='no-repeat' data-av_minimum_height_pc='100' data-av_min_height_opt='100'><div class='container av-section-cont-open' ><main  role=\"main\" itemprop=\"mainContentOfPage\"  class='template-page content  av-content-small alpha units'><div class='post-entry post-entry-type-page post-entry-4254'><div class='entry-content-wrapper clearfix'>\n\n<style type=\"text\/css\" data-created_by=\"avia_inline_auto\" id=\"style-css-av-lpwj22v9-93790c5010e1fd60219a2773b51cec6d\">\n.av_promobox.av-lpwj22v9-93790c5010e1fd60219a2773b51cec6d{\ncolor:#ffffff;\nbackground-color:rgba(188,188,188,0.01);\n}\n<\/style>\n<div  class='av_promobox av-lpwj22v9-93790c5010e1fd60219a2773b51cec6d avia-button-yes  avia-builder-el-1  avia-builder-el-no-sibling '><div class='avia-promocontent'><p>Una propuesta de matrimonio: Una cena rom\u00e1ntica en un restaurante<\/p>\n<\/div><div  class='avia-button-wrap av-lpwj22v9-cfd551e51894059721cff9ae314ab85a-wrap avia-button-right '><a href='#form'  class='avia-button av-lpwj22v9-cfd551e51894059721cff9ae314ab85a avia-icon_select-no avia-size-large avia-position-right avia-color-theme-color'  ><span class='avia_iconbox_title' >Click me<\/span><\/a><\/div><\/div>\n<\/div><\/div><\/main><!-- close content main element --><\/div><\/div><div id='after_section_1'  class='main_color av_default_container_wrap container_wrap sidebar_right'  ><div class='container av-section-cont-open' ><div class='template-page content  av-content-small alpha units'><div class='post-entry post-entry-type-page post-entry-4254'><div class='entry-content-wrapper clearfix'><section  class='av_textblock_section av-2of7yy-02f5b48ff54d017637d2dc4689d2c228 '   itemscope=\"itemscope\" itemtype=\"https:\/\/schema.org\/CreativeWork\" ><div class='avia_textblock'  itemprop=\"text\" ><p>\u00abExclusivo para ti\u00bb: \u00a1Una cena rom\u00e1ntica en un restaurante es la opci\u00f3n perfecta para una propuesta de matrimonio!<\/p>\n<\/div><\/section><\/p>\n\n<style type=\"text\/css\" data-created_by=\"avia_inline_auto\" id=\"style-css-av-lpwkgpmd-c40ac3164df6888a833386cc69e5a041\">\n.avia-image-container.av-lpwkgpmd-c40ac3164df6888a833386cc69e5a041 img.avia_image{\nbox-shadow:none;\n}\n.avia-image-container.av-lpwkgpmd-c40ac3164df6888a833386cc69e5a041 .av-image-caption-overlay-center{\ncolor:#ffffff;\n}\n<\/style>\n<div  class='avia-image-container av-lpwkgpmd-c40ac3164df6888a833386cc69e5a041 av-styling- avia-align-center  avia-builder-el-3  el_after_av_textblock  el_before_av_textblock '   itemprop=\"image\" itemscope=\"itemscope\" itemtype=\"https:\/\/schema.org\/ImageObject\" ><div class=\"avia-image-container-inner\"><div class=\"avia-image-overlay-wrap\"><img decoding=\"async\" class='wp-image-4267 avia-img-lazy-loading-not-4267 avia_image ' src=\"https:\/\/exclusive4-you.com\/wp-content\/uploads\/2023\/12\/home-interior-1000x1500.webp\" alt='' title='home-interior'  height=\"1500\" width=\"1000\"  itemprop=\"thumbnailUrl\" srcset=\"https:\/\/exclusive4-you.com\/wp-content\/uploads\/2023\/12\/home-interior-1000x1500.webp 1000w, https:\/\/exclusive4-you.com\/wp-content\/uploads\/2023\/12\/home-interior-200x300.webp 200w, https:\/\/exclusive4-you.com\/wp-content\/uploads\/2023\/12\/home-interior-687x1030.webp 687w, https:\/\/exclusive4-you.com\/wp-content\/uploads\/2023\/12\/home-interior-768x1152.webp 768w, https:\/\/exclusive4-you.com\/wp-content\/uploads\/2023\/12\/home-interior-1024x1536.webp 1024w, https:\/\/exclusive4-you.com\/wp-content\/uploads\/2023\/12\/home-interior-1365x2048.webp 1365w, https:\/\/exclusive4-you.com\/wp-content\/uploads\/2023\/12\/home-interior-470x705.webp 470w, https:\/\/exclusive4-you.com\/wp-content\/uploads\/2023\/12\/home-interior.webp 1600w\" sizes=\"(max-width: 1000px) 100vw, 1000px\" \/><\/div><\/div><\/div>\n<section  class='av_textblock_section av-lpwkv472-9e337bf417d019d3f4f15aeeb5a7095b '   itemscope=\"itemscope\" itemtype=\"https:\/\/schema.org\/CreativeWork\" ><div class='avia_textblock'  itemprop=\"text\" ><p>Introducci\u00f3n.<br \/>\nEl amor es un sentimiento m\u00e1gico que llena nuestras vidas de significado, y el momento de la propuesta de matrimonio permanece en nuestra memoria para toda la vida. \u00abExclusive for You\u00bb le ofrece un servicio inigualable &#8211; la organizaci\u00f3n de una cena rom\u00e1ntica en un restaurante, que ser\u00e1 el escenario perfecto para su importante pregunta.<br \/>\nEnfoque individual<br \/>\nCada pareja es \u00fanica, y entendemos lo importante que es tener en cuenta todos los deseos y peculiaridades. Nuestro equipo de experimentados organizadores har\u00e1 realidad sus sue\u00f1os y convertir\u00e1 este acontecimiento en algo \u00fanico y memorable.<br \/>\nElecci\u00f3n del restaurante<br \/>\nColaboramos con los mejores restaurantes de la ciudad para encontrar el lugar perfecto para su cena rom\u00e1ntica. Desde acogedores locales \u00edntimos hasta lujosos restaurantes con vistas panor\u00e1micas de la ciudad, le ayudaremos a elegir el lugar perfecto para su ocasi\u00f3n especial.<br \/>\nMen\u00fa exclusivo<br \/>\nNuestros chefs elaborar\u00e1n para usted un men\u00fa exclusivo que har\u00e1 las delicias de los paladares m\u00e1s exigentes. Podr\u00e1 disfrutar de obras maestras culinarias preparadas especialmente para su velada.<br \/>\nAmbiente rom\u00e1ntico<br \/>\nNos encargaremos de crear una atm\u00f3sfera rom\u00e1ntica \u00fanica. Velas, flores, m\u00fasica ligera y un servicio discreto: todo se har\u00e1 para que su cena sea extraordinaria.<br \/>\nAsesor personal<br \/>\nSu asesor personal estar\u00e1 con usted en cada etapa de la preparaci\u00f3n y ejecuci\u00f3n de la cena, respondiendo a todas las preguntas y ayudando a resolver cualquier problema.<br \/>\nFotograf\u00eda y v\u00eddeo<br \/>\nNuestros fot\u00f3grafos y vide\u00f3grafos profesionales capturar\u00e1n los momentos m\u00e1s emotivos de su velada, dej\u00e1ndole maravillosos recuerdos para los a\u00f1os venideros.<br \/>\nRegalos y sorpresas<br \/>\nPodemos organizar para usted regalos y sorpresas exclusivas que a\u00f1adir\u00e1n un encanto especial a su cena.<br \/>\nNo dude en ponerse en contacto con nosotros.<br \/>\n\u00abExclusivo para ti\u00bb es la opci\u00f3n perfecta para organizar una pedida de mano sin igual. \u00a1P\u00f3ngase en contacto con nosotros y le ayudaremos a crear la velada de sus sue\u00f1os!<br \/>\n\n<div class=\"wpcf7 no-js\" id=\"wpcf7-f4317-o1\" lang=\"es-ES\" dir=\"ltr\">\n<div class=\"screen-reader-response\"><p role=\"status\" aria-live=\"polite\" aria-atomic=\"true\"><\/p> <ul><\/ul><\/div>\n<form action=\"\/es\/wp-json\/wp\/v2\/pages\/4254#wpcf7-f4317-o1\" method=\"post\" class=\"wpcf7-form init\" aria-label=\"Formulario de contacto\" novalidate=\"novalidate\" data-status=\"init\">\n<div style=\"display: none;\">\n<input type=\"hidden\" name=\"_wpcf7\" value=\"4317\" \/>\n<input type=\"hidden\" name=\"_wpcf7_version\" value=\"5.9.5\" \/>\n<input type=\"hidden\" name=\"_wpcf7_locale\" value=\"es_ES\" \/>\n<input type=\"hidden\" name=\"_wpcf7_unit_tag\" value=\"wpcf7-f4317-o1\" \/>\n<input type=\"hidden\" name=\"_wpcf7_container_post\" value=\"0\" \/>\n<input type=\"hidden\" name=\"_wpcf7_posted_data_hash\" value=\"\" \/>\n<input type=\"hidden\" name=\"_wpcf7_recaptcha_response\" value=\"\" \/>\n<\/div>\n<p><label> Su nombre<br \/>\n<span class=\"wpcf7-form-control-wrap\" data-name=\"your-name\"><input size=\"40\" class=\"wpcf7-form-control wpcf7-text wpcf7-validates-as-required\" autocomplete=\"name\" aria-required=\"true\" aria-invalid=\"false\" value=\"\" type=\"text\" name=\"your-name\" \/><\/span> <\/label>\n<\/p>\n<p><label> Tu correo electr\u00f3nico<br \/>\n<span class=\"wpcf7-form-control-wrap\" data-name=\"your-email\"><input size=\"40\" class=\"wpcf7-form-control wpcf7-email wpcf7-validates-as-required wpcf7-text wpcf7-validates-as-email\" autocomplete=\"email\" aria-required=\"true\" aria-invalid=\"false\" value=\"\" type=\"email\" name=\"your-email\" \/><\/span> <\/label>\n<\/p>\n<p><label> Asunto<br \/>\n<span class=\"wpcf7-form-control-wrap\" data-name=\"your-subject\"><input size=\"40\" class=\"wpcf7-form-control wpcf7-text wpcf7-validates-as-required\" aria-required=\"true\" aria-invalid=\"false\" value=\"\" type=\"text\" name=\"your-subject\" \/><\/span> <\/label>\n<\/p>\n<p><label> Su mensaje (opcional)<br \/>\n<span class=\"wpcf7-form-control-wrap\" data-name=\"your-message\"><textarea cols=\"40\" rows=\"10\" class=\"wpcf7-form-control wpcf7-textarea\" aria-invalid=\"false\" name=\"your-message\"><\/textarea><\/span> <\/label>\n<\/p>\n<p><input class=\"wpcf7-form-control wpcf7-submit has-spinner\" type=\"submit\" value=\"Enviar\" \/>\n<\/p><div class=\"wpcf7-response-output\" aria-hidden=\"true\"><\/div>\n<\/form>\n<\/div>\n<\/p>\n<\/div><\/section>\n","protected":false},"excerpt":{"rendered":"","protected":false},"author":1,"featured_media":0,"parent":0,"menu_order":0,"comment_status":"closed","ping_status":"closed","template":"","meta":{"footnotes":""},"class_list":["post-4254","page","type-page","status-publish","hentry"],"yoast_head":"<!-- This site is optimized with the Yoast SEO plugin v23.6 - https:\/\/yoast.com\/wordpress\/plugins\/seo\/ -->\n<title>Una propuesta de matrimonio: Una cena rom\u00e1ntica en un restaurante |<\/title>\n<meta name=\"robots\" content=\"index, follow, max-snippet:-1, max-image-preview:large, max-video-preview:-1\" \/>\n<link rel=\"canonical\" href=\"https:\/\/exclusive4-you.com\/es\/a-marriage-proposal-a-romantic-dinner-in-a-restaurant\/\" \/>\n<meta property=\"og:locale\" content=\"es_ES\" \/>\n<meta property=\"og:type\" content=\"article\" \/>\n<meta property=\"og:title\" content=\"Una propuesta de matrimonio: Una cena rom\u00e1ntica en un restaurante |\" \/>\n<meta property=\"og:url\" content=\"https:\/\/exclusive4-you.com\/es\/a-marriage-proposal-a-romantic-dinner-in-a-restaurant\/\" \/>\n<meta property=\"og:site_name\" content=\"Event Planning\" \/>\n<meta property=\"article:modified_time\" content=\"2024-10-13T18:20:47+00:00\" \/>\n<meta name=\"twitter:card\" content=\"summary_large_image\" \/>\n<meta name=\"twitter:label1\" content=\"Tiempo de lectura\" \/>\n\t<meta name=\"twitter:data1\" content=\"2 minutos\" \/>\n<script type=\"application\/ld+json\" class=\"yoast-schema-graph\">{\"@context\":\"https:\/\/schema.org\",\"@graph\":[{\"@type\":\"WebPage\",\"@id\":\"https:\/\/exclusive4-you.com\/es\/a-marriage-proposal-a-romantic-dinner-in-a-restaurant\/\",\"url\":\"https:\/\/exclusive4-you.com\/es\/a-marriage-proposal-a-romantic-dinner-in-a-restaurant\/\",\"name\":\"Una propuesta de matrimonio: Una cena rom\u00e1ntica en un restaurante |\",\"isPartOf\":{\"@id\":\"https:\/\/exclusive4-you.com\/es\/#website\"},\"datePublished\":\"2023-12-09T10:39:58+00:00\",\"dateModified\":\"2024-10-13T18:20:47+00:00\",\"breadcrumb\":{\"@id\":\"https:\/\/exclusive4-you.com\/es\/a-marriage-proposal-a-romantic-dinner-in-a-restaurant\/#breadcrumb\"},\"inLanguage\":\"es\",\"potentialAction\":[{\"@type\":\"ReadAction\",\"target\":[\"https:\/\/exclusive4-you.com\/es\/a-marriage-proposal-a-romantic-dinner-in-a-restaurant\/\"]}]},{\"@type\":\"BreadcrumbList\",\"@id\":\"https:\/\/exclusive4-you.com\/es\/a-marriage-proposal-a-romantic-dinner-in-a-restaurant\/#breadcrumb\",\"itemListElement\":[{\"@type\":\"ListItem\",\"position\":1,\"name\":\"Home\",\"item\":\"https:\/\/exclusive4-you.com\/es\/\"},{\"@type\":\"ListItem\",\"position\":2,\"name\":\"Una propuesta de matrimonio: Una cena rom\u00e1ntica en un restaurante\"}]},{\"@type\":\"WebSite\",\"@id\":\"https:\/\/exclusive4-you.com\/es\/#website\",\"url\":\"https:\/\/exclusive4-you.com\/es\/\",\"name\":\"Event Planning\",\"description\":\"\",\"potentialAction\":[{\"@type\":\"SearchAction\",\"target\":{\"@type\":\"EntryPoint\",\"urlTemplate\":\"https:\/\/exclusive4-you.com\/es\/?s={search_term_string}\"},\"query-input\":{\"@type\":\"PropertyValueSpecification\",\"valueRequired\":true,\"valueName\":\"search_term_string\"}}],\"inLanguage\":\"es\"}]}<\/script>\n<!-- \/ Yoast SEO plugin. -->","yoast_head_json":{"title":"Una propuesta de matrimonio: Una cena rom\u00e1ntica en un restaurante |","robots":{"index":"index","follow":"follow","max-snippet":"max-snippet:-1","max-image-preview":"max-image-preview:large","max-video-preview":"max-video-preview:-1"},"canonical":"https:\/\/exclusive4-you.com\/es\/a-marriage-proposal-a-romantic-dinner-in-a-restaurant\/","og_locale":"es_ES","og_type":"article","og_title":"Una propuesta de matrimonio: Una cena rom\u00e1ntica en un restaurante |","og_url":"https:\/\/exclusive4-you.com\/es\/a-marriage-proposal-a-romantic-dinner-in-a-restaurant\/","og_site_name":"Event Planning","article_modified_time":"2024-10-13T18:20:47+00:00","twitter_card":"summary_large_image","twitter_misc":{"Tiempo de lectura":"2 minutos"},"schema":{"@context":"https:\/\/schema.org","@graph":[{"@type":"WebPage","@id":"https:\/\/exclusive4-you.com\/es\/a-marriage-proposal-a-romantic-dinner-in-a-restaurant\/","url":"https:\/\/exclusive4-you.com\/es\/a-marriage-proposal-a-romantic-dinner-in-a-restaurant\/","name":"Una propuesta de matrimonio: Una cena rom\u00e1ntica en un restaurante |","isPartOf":{"@id":"https:\/\/exclusive4-you.com\/es\/#website"},"datePublished":"2023-12-09T10:39:58+00:00","dateModified":"2024-10-13T18:20:47+00:00","breadcrumb":{"@id":"https:\/\/exclusive4-you.com\/es\/a-marriage-proposal-a-romantic-dinner-in-a-restaurant\/#breadcrumb"},"inLanguage":"es","potentialAction":[{"@type":"ReadAction","target":["https:\/\/exclusive4-you.com\/es\/a-marriage-proposal-a-romantic-dinner-in-a-restaurant\/"]}]},{"@type":"BreadcrumbList","@id":"https:\/\/exclusive4-you.com\/es\/a-marriage-proposal-a-romantic-dinner-in-a-restaurant\/#breadcrumb","itemListElement":[{"@type":"ListItem","position":1,"name":"Home","item":"https:\/\/exclusive4-you.com\/es\/"},{"@type":"ListItem","position":2,"name":"Una propuesta de matrimonio: Una cena rom\u00e1ntica en un restaurante"}]},{"@type":"WebSite","@id":"https:\/\/exclusive4-you.com\/es\/#website","url":"https:\/\/exclusive4-you.com\/es\/","name":"Event Planning","description":"","potentialAction":[{"@type":"SearchAction","target":{"@type":"EntryPoint","urlTemplate":"https:\/\/exclusive4-you.com\/es\/?s={search_term_string}"},"query-input":{"@type":"PropertyValueSpecification","valueRequired":true,"valueName":"search_term_string"}}],"inLanguage":"es"}]}},"_links":{"self":[{"href":"https:\/\/exclusive4-you.com\/es\/wp-json\/wp\/v2\/pages\/4254","targetHints":{"allow":["GET"]}}],"collection":[{"href":"https:\/\/exclusive4-you.com\/es\/wp-json\/wp\/v2\/pages"}],"about":[{"href":"https:\/\/exclusive4-you.com\/es\/wp-json\/wp\/v2\/types\/page"}],"author":[{"embeddable":true,"href":"https:\/\/exclusive4-you.com\/es\/wp-json\/wp\/v2\/users\/1"}],"replies":[{"embeddable":true,"href":"https:\/\/exclusive4-you.com\/es\/wp-json\/wp\/v2\/comments?post=4254"}],"version-history":[{"count":3,"href":"https:\/\/exclusive4-you.com\/es\/wp-json\/wp\/v2\/pages\/4254\/revisions"}],"predecessor-version":[{"id":4268,"href":"https:\/\/exclusive4-you.com\/es\/wp-json\/wp\/v2\/pages\/4254\/revisions\/4268"}],"wp:attachment":[{"href":"https:\/\/exclusive4-you.com\/es\/wp-json\/wp\/v2\/media?parent=4254"}],"curies":[{"name":"wp","href":"https:\/\/api.w.org\/{rel}","templated":true}]}}