{"id":4270,"date":"2023-12-09T10:50:14","date_gmt":"2023-12-09T10:50:14","guid":{"rendered":"https:\/\/exclusive4-you.com\/a-marriage-proposal-on-the-beach-by-the-ocean\/"},"modified":"2024-10-13T18:24:39","modified_gmt":"2024-10-13T18:24:39","slug":"a-marriage-proposal-on-the-beach-by-the-ocean","status":"publish","type":"page","link":"https:\/\/exclusive4-you.com\/es\/a-marriage-proposal-on-the-beach-by-the-ocean\/","title":{"rendered":"Una propuesta de matrimonio: En la playa junto al oc\u00e9ano"},"content":{"rendered":"\n<style type=\"text\/css\" data-created_by=\"avia_inline_auto\" id=\"style-css-av-3p760a-e821926634dda4e0a0e065e13186ed34\">\n.avia-section.av-3p760a-e821926634dda4e0a0e065e13186ed34{\nbackground-repeat:no-repeat;\nbackground-image:url(https:\/\/exclusive4-you.com\/wp-content\/uploads\/2023\/12\/man-turning-his-girlfriend-on-herself-in-the-air-1500x1000.webp);\nbackground-position:50% 50%;\nbackground-attachment:scroll;\n}\n<\/style>\n<div id='av_section_1'  class='avia-section av-3p760a-e821926634dda4e0a0e065e13186ed34 main_color avia-section-default avia-no-border-styling  avia-builder-el-0  el_before_av_textblock  avia-builder-el-first  avia-bg-style-scroll av-minimum-height av-minimum-height-100 av-height-100  container_wrap sidebar_right'  data-section-bg-repeat='no-repeat' data-av_minimum_height_pc='100' data-av_min_height_opt='100'><div class='container av-section-cont-open' ><main  role=\"main\" itemprop=\"mainContentOfPage\"  class='template-page content  av-content-small alpha units'><div class='post-entry post-entry-type-page post-entry-4270'><div class='entry-content-wrapper clearfix'>\n\n<style type=\"text\/css\" data-created_by=\"avia_inline_auto\" id=\"style-css-av-lpwj22v9-ff8ec28c6d7d5577ceede62156542ee9\">\n.av_promobox.av-lpwj22v9-ff8ec28c6d7d5577ceede62156542ee9{\ncolor:#ffffff;\nbackground-color:rgba(68,68,68,0.01);\n}\n<\/style>\n<div  class='av_promobox av-lpwj22v9-ff8ec28c6d7d5577ceede62156542ee9 avia-button-yes  avia-builder-el-1  avia-builder-el-no-sibling '><div class='avia-promocontent'><p>Una propuesta de matrimonio: En la playa junto al oc\u00e9ano<\/p>\n<\/div><div  class='avia-button-wrap av-lpwj22v9-9584c5ee8d6170442cdeef63cfcf30f4-wrap avia-button-right '><a href='#form'  class='avia-button av-lpwj22v9-9584c5ee8d6170442cdeef63cfcf30f4 avia-icon_select-no avia-size-large avia-position-right avia-color-theme-color'  ><span class='avia_iconbox_title' >Click me<\/span><\/a><\/div><\/div>\n<\/div><\/div><\/main><!-- close content main element --><\/div><\/div><div id='after_section_1'  class='main_color av_default_container_wrap container_wrap sidebar_right'  ><div class='container av-section-cont-open' ><div class='template-page content  av-content-small alpha units'><div class='post-entry post-entry-type-page post-entry-4270'><div class='entry-content-wrapper clearfix'><section  class='av_textblock_section av-2of7yy-02f5b48ff54d017637d2dc4689d2c228 '   itemscope=\"itemscope\" itemtype=\"https:\/\/schema.org\/CreativeWork\" ><div class='avia_textblock'  itemprop=\"text\" ><p>\u00abExclusivo para usted: Una propuesta de matrimonio en la playa junto al oc\u00e9ano: \u00a1dando vida al romanticismo!<\/p>\n<\/div><\/section><\/p>\n\n<style type=\"text\/css\" data-created_by=\"avia_inline_auto\" id=\"style-css-av-lpwkgpmd-44d2966978f77a19a2c57630c78f4488\">\n.avia-image-container.av-lpwkgpmd-44d2966978f77a19a2c57630c78f4488 img.avia_image{\nbox-shadow:none;\n}\n.avia-image-container.av-lpwkgpmd-44d2966978f77a19a2c57630c78f4488 .av-image-caption-overlay-center{\ncolor:#ffffff;\n}\n<\/style>\n<div  class='avia-image-container av-lpwkgpmd-44d2966978f77a19a2c57630c78f4488 av-styling- avia-align-center  avia-builder-el-3  el_after_av_textblock  el_before_av_textblock '   itemprop=\"image\" itemscope=\"itemscope\" itemtype=\"https:\/\/schema.org\/ImageObject\" ><div class=\"avia-image-container-inner\"><div class=\"avia-image-overlay-wrap\"><img decoding=\"async\" class='wp-image-4278 avia-img-lazy-loading-not-4278 avia_image ' src=\"https:\/\/exclusive4-you.com\/wp-content\/uploads\/2023\/12\/fashion-couple-in-black-dress-and-suit-outdoor-1500x1000.webp\" alt='' title='fashion-couple-in-black-dress-and-suit-outdoor'  height=\"1000\" width=\"1500\"  itemprop=\"thumbnailUrl\" srcset=\"https:\/\/exclusive4-you.com\/wp-content\/uploads\/2023\/12\/fashion-couple-in-black-dress-and-suit-outdoor-1500x1000.webp 1500w, https:\/\/exclusive4-you.com\/wp-content\/uploads\/2023\/12\/fashion-couple-in-black-dress-and-suit-outdoor-300x200.webp 300w, https:\/\/exclusive4-you.com\/wp-content\/uploads\/2023\/12\/fashion-couple-in-black-dress-and-suit-outdoor-1030x687.webp 1030w, https:\/\/exclusive4-you.com\/wp-content\/uploads\/2023\/12\/fashion-couple-in-black-dress-and-suit-outdoor-768x512.webp 768w, https:\/\/exclusive4-you.com\/wp-content\/uploads\/2023\/12\/fashion-couple-in-black-dress-and-suit-outdoor-1536x1024.webp 1536w, https:\/\/exclusive4-you.com\/wp-content\/uploads\/2023\/12\/fashion-couple-in-black-dress-and-suit-outdoor-705x470.webp 705w, https:\/\/exclusive4-you.com\/wp-content\/uploads\/2023\/12\/fashion-couple-in-black-dress-and-suit-outdoor.webp 1600w\" sizes=\"(max-width: 1500px) 100vw, 1500px\" \/><\/div><\/div><\/div>\n<section  class='av_textblock_section av-lpwkv472-9e337bf417d019d3f4f15aeeb5a7095b '   itemscope=\"itemscope\" itemtype=\"https:\/\/schema.org\/CreativeWork\" ><div class='avia_textblock'  itemprop=\"text\" ><p>Introducci\u00f3n.<br \/>\nEl momento de la propuesta de matrimonio es uno de los m\u00e1s importantes y emotivos en la vida de toda pareja. En \u00abExclusive for You\u00bb estaremos encantados de ayudarle a organizar este momento inigualable a orillas del mar, donde el sonido de las olas y la puesta de sol crear\u00e1n la atm\u00f3sfera perfecta para sus francos sentimientos.<br \/>\nUna atm\u00f3sfera m\u00e1gica<br \/>\nLa playa junto al oc\u00e9ano es un lugar incre\u00edblemente rom\u00e1ntico en s\u00ed mismo. Le ayudaremos a crear una atm\u00f3sfera de intimidad y confort decorando el lugar de encuentro con la luz de las antorchas, suaves almohadas y m\u00fasica rom\u00e1ntica.<br \/>\nEnfoque individual<br \/>\nCada propuesta es \u00fanica, por lo que tenemos en cuenta todos sus deseos y preferencias para hacer de este evento una verdadera realizaci\u00f3n de sus sue\u00f1os.<br \/>\nCena para dos<br \/>\nNuestros chefs le preparar\u00e1n un men\u00fa gourmet que podr\u00e1 servirse en la misma playa al aire libre. Deliciosos platos, marisco fresco, frutas ex\u00f3ticas: todo se preparar\u00e1 seg\u00fan sus deseos.<br \/>\nFotograf\u00eda y v\u00eddeo profesionales<br \/>\nNuestro equipo de fot\u00f3grafos y vide\u00f3grafos profesionales capturar\u00e1 este momento m\u00e1gico para que pueda conservar estos maravillosos recuerdos para toda la vida.<br \/>\nAcompa\u00f1amiento musical<br \/>\nM\u00fasica en directo o su canci\u00f3n favorita acompa\u00f1ada por el sonido de las olas: le proporcionaremos la banda sonora perfecta para su pedida de mano.<br \/>\nFlores y regalos<br \/>\nFlores, champ\u00e1n, regalos: nos ocuparemos de todos los detalles para que puedas centrarte en tus sentimientos.<br \/>\nAcordes finales<br \/>\nDespu\u00e9s de la pedida de mano, podemos organizar fuegos artificiales u otra sorpresa brillante de su elecci\u00f3n para que este momento sea a\u00fan m\u00e1s inolvidable.<br \/>\nPonte en contacto con nosotros<br \/>\nNo pierdas la oportunidad de hacer que tu pedida de mano sea inolvidable. \u00abExclusive for You\u00bb le ayudar\u00e1 a hacer realidad su sue\u00f1o.<br \/>\n\n<div class=\"wpcf7 no-js\" id=\"wpcf7-f4317-o1\" lang=\"es-ES\" dir=\"ltr\">\n<div class=\"screen-reader-response\"><p role=\"status\" aria-live=\"polite\" aria-atomic=\"true\"><\/p> <ul><\/ul><\/div>\n<form action=\"\/es\/wp-json\/wp\/v2\/pages\/4270#wpcf7-f4317-o1\" method=\"post\" class=\"wpcf7-form init\" aria-label=\"Formulario de contacto\" novalidate=\"novalidate\" data-status=\"init\">\n<div style=\"display: none;\">\n<input type=\"hidden\" name=\"_wpcf7\" value=\"4317\" \/>\n<input type=\"hidden\" name=\"_wpcf7_version\" value=\"5.9.5\" \/>\n<input type=\"hidden\" name=\"_wpcf7_locale\" value=\"es_ES\" \/>\n<input type=\"hidden\" name=\"_wpcf7_unit_tag\" value=\"wpcf7-f4317-o1\" \/>\n<input type=\"hidden\" name=\"_wpcf7_container_post\" value=\"0\" \/>\n<input type=\"hidden\" name=\"_wpcf7_posted_data_hash\" value=\"\" \/>\n<input type=\"hidden\" name=\"_wpcf7_recaptcha_response\" value=\"\" \/>\n<\/div>\n<p><label> Su nombre<br \/>\n<span class=\"wpcf7-form-control-wrap\" data-name=\"your-name\"><input size=\"40\" class=\"wpcf7-form-control wpcf7-text wpcf7-validates-as-required\" autocomplete=\"name\" aria-required=\"true\" aria-invalid=\"false\" value=\"\" type=\"text\" name=\"your-name\" \/><\/span> <\/label>\n<\/p>\n<p><label> Tu correo electr\u00f3nico<br \/>\n<span class=\"wpcf7-form-control-wrap\" data-name=\"your-email\"><input size=\"40\" class=\"wpcf7-form-control wpcf7-email wpcf7-validates-as-required wpcf7-text wpcf7-validates-as-email\" autocomplete=\"email\" aria-required=\"true\" aria-invalid=\"false\" value=\"\" type=\"email\" name=\"your-email\" \/><\/span> <\/label>\n<\/p>\n<p><label> Asunto<br \/>\n<span class=\"wpcf7-form-control-wrap\" data-name=\"your-subject\"><input size=\"40\" class=\"wpcf7-form-control wpcf7-text wpcf7-validates-as-required\" aria-required=\"true\" aria-invalid=\"false\" value=\"\" type=\"text\" name=\"your-subject\" \/><\/span> <\/label>\n<\/p>\n<p><label> Su mensaje (opcional)<br \/>\n<span class=\"wpcf7-form-control-wrap\" data-name=\"your-message\"><textarea cols=\"40\" rows=\"10\" class=\"wpcf7-form-control wpcf7-textarea\" aria-invalid=\"false\" name=\"your-message\"><\/textarea><\/span> <\/label>\n<\/p>\n<p><input class=\"wpcf7-form-control wpcf7-submit has-spinner\" type=\"submit\" value=\"Enviar\" \/>\n<\/p><div class=\"wpcf7-response-output\" aria-hidden=\"true\"><\/div>\n<\/form>\n<\/div>\n<\/p>\n<\/div><\/section>\n","protected":false},"excerpt":{"rendered":"","protected":false},"author":1,"featured_media":0,"parent":0,"menu_order":0,"comment_status":"closed","ping_status":"closed","template":"","meta":{"footnotes":""},"class_list":["post-4270","page","type-page","status-publish","hentry"],"yoast_head":"<!-- This site is optimized with the Yoast SEO plugin v23.6 - https:\/\/yoast.com\/wordpress\/plugins\/seo\/ -->\n<title>Una propuesta de matrimonio: En la playa junto al oc\u00e9ano |<\/title>\n<meta name=\"robots\" content=\"index, follow, max-snippet:-1, max-image-preview:large, max-video-preview:-1\" \/>\n<link rel=\"canonical\" href=\"https:\/\/exclusive4-you.com\/es\/a-marriage-proposal-on-the-beach-by-the-ocean\/\" \/>\n<meta property=\"og:locale\" content=\"es_ES\" \/>\n<meta property=\"og:type\" content=\"article\" \/>\n<meta property=\"og:title\" content=\"Una propuesta de matrimonio: En la playa junto al oc\u00e9ano |\" \/>\n<meta property=\"og:url\" content=\"https:\/\/exclusive4-you.com\/es\/a-marriage-proposal-on-the-beach-by-the-ocean\/\" \/>\n<meta property=\"og:site_name\" content=\"Event Planning\" \/>\n<meta property=\"article:modified_time\" content=\"2024-10-13T18:24:39+00:00\" \/>\n<meta name=\"twitter:card\" content=\"summary_large_image\" \/>\n<meta name=\"twitter:label1\" content=\"Tiempo de lectura\" \/>\n\t<meta name=\"twitter:data1\" content=\"2 minutos\" \/>\n<script type=\"application\/ld+json\" class=\"yoast-schema-graph\">{\"@context\":\"https:\/\/schema.org\",\"@graph\":[{\"@type\":\"WebPage\",\"@id\":\"https:\/\/exclusive4-you.com\/es\/a-marriage-proposal-on-the-beach-by-the-ocean\/\",\"url\":\"https:\/\/exclusive4-you.com\/es\/a-marriage-proposal-on-the-beach-by-the-ocean\/\",\"name\":\"Una propuesta de matrimonio: En la playa junto al oc\u00e9ano |\",\"isPartOf\":{\"@id\":\"https:\/\/exclusive4-you.com\/es\/#website\"},\"datePublished\":\"2023-12-09T10:50:14+00:00\",\"dateModified\":\"2024-10-13T18:24:39+00:00\",\"breadcrumb\":{\"@id\":\"https:\/\/exclusive4-you.com\/es\/a-marriage-proposal-on-the-beach-by-the-ocean\/#breadcrumb\"},\"inLanguage\":\"es\",\"potentialAction\":[{\"@type\":\"ReadAction\",\"target\":[\"https:\/\/exclusive4-you.com\/es\/a-marriage-proposal-on-the-beach-by-the-ocean\/\"]}]},{\"@type\":\"BreadcrumbList\",\"@id\":\"https:\/\/exclusive4-you.com\/es\/a-marriage-proposal-on-the-beach-by-the-ocean\/#breadcrumb\",\"itemListElement\":[{\"@type\":\"ListItem\",\"position\":1,\"name\":\"Home\",\"item\":\"https:\/\/exclusive4-you.com\/es\/\"},{\"@type\":\"ListItem\",\"position\":2,\"name\":\"Una propuesta de matrimonio: En la playa junto al oc\u00e9ano\"}]},{\"@type\":\"WebSite\",\"@id\":\"https:\/\/exclusive4-you.com\/es\/#website\",\"url\":\"https:\/\/exclusive4-you.com\/es\/\",\"name\":\"Event Planning\",\"description\":\"\",\"potentialAction\":[{\"@type\":\"SearchAction\",\"target\":{\"@type\":\"EntryPoint\",\"urlTemplate\":\"https:\/\/exclusive4-you.com\/es\/?s={search_term_string}\"},\"query-input\":{\"@type\":\"PropertyValueSpecification\",\"valueRequired\":true,\"valueName\":\"search_term_string\"}}],\"inLanguage\":\"es\"}]}<\/script>\n<!-- \/ Yoast SEO plugin. -->","yoast_head_json":{"title":"Una propuesta de matrimonio: En la playa junto al oc\u00e9ano |","robots":{"index":"index","follow":"follow","max-snippet":"max-snippet:-1","max-image-preview":"max-image-preview:large","max-video-preview":"max-video-preview:-1"},"canonical":"https:\/\/exclusive4-you.com\/es\/a-marriage-proposal-on-the-beach-by-the-ocean\/","og_locale":"es_ES","og_type":"article","og_title":"Una propuesta de matrimonio: En la playa junto al oc\u00e9ano |","og_url":"https:\/\/exclusive4-you.com\/es\/a-marriage-proposal-on-the-beach-by-the-ocean\/","og_site_name":"Event Planning","article_modified_time":"2024-10-13T18:24:39+00:00","twitter_card":"summary_large_image","twitter_misc":{"Tiempo de lectura":"2 minutos"},"schema":{"@context":"https:\/\/schema.org","@graph":[{"@type":"WebPage","@id":"https:\/\/exclusive4-you.com\/es\/a-marriage-proposal-on-the-beach-by-the-ocean\/","url":"https:\/\/exclusive4-you.com\/es\/a-marriage-proposal-on-the-beach-by-the-ocean\/","name":"Una propuesta de matrimonio: En la playa junto al oc\u00e9ano |","isPartOf":{"@id":"https:\/\/exclusive4-you.com\/es\/#website"},"datePublished":"2023-12-09T10:50:14+00:00","dateModified":"2024-10-13T18:24:39+00:00","breadcrumb":{"@id":"https:\/\/exclusive4-you.com\/es\/a-marriage-proposal-on-the-beach-by-the-ocean\/#breadcrumb"},"inLanguage":"es","potentialAction":[{"@type":"ReadAction","target":["https:\/\/exclusive4-you.com\/es\/a-marriage-proposal-on-the-beach-by-the-ocean\/"]}]},{"@type":"BreadcrumbList","@id":"https:\/\/exclusive4-you.com\/es\/a-marriage-proposal-on-the-beach-by-the-ocean\/#breadcrumb","itemListElement":[{"@type":"ListItem","position":1,"name":"Home","item":"https:\/\/exclusive4-you.com\/es\/"},{"@type":"ListItem","position":2,"name":"Una propuesta de matrimonio: En la playa junto al oc\u00e9ano"}]},{"@type":"WebSite","@id":"https:\/\/exclusive4-you.com\/es\/#website","url":"https:\/\/exclusive4-you.com\/es\/","name":"Event Planning","description":"","potentialAction":[{"@type":"SearchAction","target":{"@type":"EntryPoint","urlTemplate":"https:\/\/exclusive4-you.com\/es\/?s={search_term_string}"},"query-input":{"@type":"PropertyValueSpecification","valueRequired":true,"valueName":"search_term_string"}}],"inLanguage":"es"}]}},"_links":{"self":[{"href":"https:\/\/exclusive4-you.com\/es\/wp-json\/wp\/v2\/pages\/4270","targetHints":{"allow":["GET"]}}],"collection":[{"href":"https:\/\/exclusive4-you.com\/es\/wp-json\/wp\/v2\/pages"}],"about":[{"href":"https:\/\/exclusive4-you.com\/es\/wp-json\/wp\/v2\/types\/page"}],"author":[{"embeddable":true,"href":"https:\/\/exclusive4-you.com\/es\/wp-json\/wp\/v2\/users\/1"}],"replies":[{"embeddable":true,"href":"https:\/\/exclusive4-you.com\/es\/wp-json\/wp\/v2\/comments?post=4270"}],"version-history":[{"count":2,"href":"https:\/\/exclusive4-you.com\/es\/wp-json\/wp\/v2\/pages\/4270\/revisions"}],"predecessor-version":[{"id":4279,"href":"https:\/\/exclusive4-you.com\/es\/wp-json\/wp\/v2\/pages\/4270\/revisions\/4279"}],"wp:attachment":[{"href":"https:\/\/exclusive4-you.com\/es\/wp-json\/wp\/v2\/media?parent=4270"}],"curies":[{"name":"wp","href":"https:\/\/api.w.org\/{rel}","templated":true}]}}