{"id":4305,"date":"2023-12-09T11:08:47","date_gmt":"2023-12-09T11:08:47","guid":{"rendered":"https:\/\/exclusive4-you.com\/a-marriage-proposal-on-board-an-airplane\/"},"modified":"2024-10-27T15:07:54","modified_gmt":"2024-10-27T15:07:54","slug":"a-marriage-proposal-on-board-an-airplane","status":"publish","type":"page","link":"https:\/\/exclusive4-you.com\/es\/a-marriage-proposal-on-board-an-airplane\/","title":{"rendered":"Una proposici\u00f3n de matrimonio: A bordo de un avi\u00f3n"},"content":{"rendered":"\n<style type=\"text\/css\" data-created_by=\"avia_inline_auto\" id=\"style-css-av-3p760a-77a0ca877ecbc6c2c382bb2a4847f8bf\">\n.avia-section.av-3p760a-77a0ca877ecbc6c2c382bb2a4847f8bf{\nbackground-repeat:no-repeat;\nbackground-image:url(https:\/\/exclusive4-you.com\/wp-content\/uploads\/2024\/10\/beautiful-girl-good-looking-man-casual-outfits-are-holding-hands-smiling-while-taking-flight-private-jet.webp);\nbackground-position:50% 50%;\nbackground-attachment:scroll;\n}\n<\/style>\n<div id='av_section_1'  class='avia-section av-3p760a-77a0ca877ecbc6c2c382bb2a4847f8bf main_color avia-section-default avia-no-border-styling  avia-builder-el-0  el_before_av_textblock  avia-builder-el-first  avia-bg-style-scroll av-minimum-height av-minimum-height-100 av-height-100  container_wrap sidebar_right'  data-section-bg-repeat='no-repeat' data-av_minimum_height_pc='100' data-av_min_height_opt='100'><div class='container av-section-cont-open' ><main  role=\"main\" itemprop=\"mainContentOfPage\"  class='template-page content  av-content-small alpha units'><div class='post-entry post-entry-type-page post-entry-4305'><div class='entry-content-wrapper clearfix'>\n<div  class='av_promobox av-lpwj22v9-f7d2fc9dc08f5ead1cc1986202c205ca avia-button-yes  avia-builder-el-1  avia-builder-el-no-sibling '><div class='avia-promocontent'><p>Una proposici\u00f3n de matrimonio: A bordo de un avi\u00f3n<\/p>\n<\/div><div  class='avia-button-wrap av-lpwj22v9-1a23d6c9ef58e44c21f5b17056d97aed-wrap avia-button-right '><a href='#form'  class='avia-button av-lpwj22v9-1a23d6c9ef58e44c21f5b17056d97aed avia-icon_select-no avia-size-large avia-position-right avia-color-theme-color'  ><span class='avia_iconbox_title' >Click me<\/span><\/a><\/div><\/div>\n<\/div><\/div><\/main><!-- close content main element --><\/div><\/div><div id='after_section_1'  class='main_color av_default_container_wrap container_wrap sidebar_right'  ><div class='container av-section-cont-open' ><div class='template-page content  av-content-small alpha units'><div class='post-entry post-entry-type-page post-entry-4305'><div class='entry-content-wrapper clearfix'>\n<section  class='av_textblock_section av-2of7yy-02f5b48ff54d017637d2dc4689d2c228 '   itemscope=\"itemscope\" itemtype=\"https:\/\/schema.org\/CreativeWork\" ><div class='avia_textblock'  itemprop=\"text\" ><p>\u00abExclusivo para ti\u00bb: \u00a1Proponer matrimonio en el cielo!<br \/>\n\u00a1Un reconocimiento inolvidable en las alturas!<\/p>\n<\/div><\/section>\n\n<style type=\"text\/css\" data-created_by=\"avia_inline_auto\" id=\"style-css-av-lpwkgpmd-445d0fd7dcd110edd6d824a6d2534d7e\">\n.avia-image-container.av-lpwkgpmd-445d0fd7dcd110edd6d824a6d2534d7e img.avia_image{\nbox-shadow:none;\n}\n.avia-image-container.av-lpwkgpmd-445d0fd7dcd110edd6d824a6d2534d7e .av-image-caption-overlay-center{\ncolor:#ffffff;\n}\n<\/style>\n<div  class='avia-image-container av-lpwkgpmd-445d0fd7dcd110edd6d824a6d2534d7e av-styling- avia-align-center  avia-builder-el-3  el_after_av_textblock  el_before_av_textblock '   itemprop=\"image\" itemscope=\"itemscope\" itemtype=\"https:\/\/schema.org\/ImageObject\" ><div class=\"avia-image-container-inner\"><div class=\"avia-image-overlay-wrap\"><img decoding=\"async\" class='wp-image-5009 avia-img-lazy-loading-not-5009 avia_image ' src=\"https:\/\/exclusive4-you.com\/wp-content\/uploads\/2024\/10\/businesswoman-businessman-are-seated-private-plane-using-generative-ai.webp\" alt='' title='businesswoman-businessman-are-seated-private-plane-using-generative-ai'  height=\"841\" width=\"1500\"  itemprop=\"thumbnailUrl\" srcset=\"https:\/\/exclusive4-you.com\/wp-content\/uploads\/2024\/10\/businesswoman-businessman-are-seated-private-plane-using-generative-ai.webp 1500w, https:\/\/exclusive4-you.com\/wp-content\/uploads\/2024\/10\/businesswoman-businessman-are-seated-private-plane-using-generative-ai-300x168.webp 300w, https:\/\/exclusive4-you.com\/wp-content\/uploads\/2024\/10\/businesswoman-businessman-are-seated-private-plane-using-generative-ai-1030x577.webp 1030w, https:\/\/exclusive4-you.com\/wp-content\/uploads\/2024\/10\/businesswoman-businessman-are-seated-private-plane-using-generative-ai-768x431.webp 768w, https:\/\/exclusive4-you.com\/wp-content\/uploads\/2024\/10\/businesswoman-businessman-are-seated-private-plane-using-generative-ai-705x395.webp 705w, https:\/\/exclusive4-you.com\/wp-content\/uploads\/2024\/10\/businesswoman-businessman-are-seated-private-plane-using-generative-ai-24x13.webp 24w, https:\/\/exclusive4-you.com\/wp-content\/uploads\/2024\/10\/businesswoman-businessman-are-seated-private-plane-using-generative-ai-36x20.webp 36w, https:\/\/exclusive4-you.com\/wp-content\/uploads\/2024\/10\/businesswoman-businessman-are-seated-private-plane-using-generative-ai-48x27.webp 48w\" sizes=\"(max-width: 1500px) 100vw, 1500px\" \/><\/div><\/div><\/div>\n<section  class='av_textblock_section av-lpwkv472-9e337bf417d019d3f4f15aeeb5a7095b '   itemscope=\"itemscope\" itemtype=\"https:\/\/schema.org\/CreativeWork\" ><div class='avia_textblock'  itemprop=\"text\" ><p>Introducci\u00f3n.<br \/>\n\u00abExclusivo para ti\u00bb te ofrece la incre\u00edble oportunidad de declararte a tu amada desde el cielo. Proponga matrimonio a bordo del avi\u00f3n y haga que este momento sea realmente inolvidable.<br \/>\nLa altitud es el lugar perfecto para hacer una confesi\u00f3n<br \/>\nVolar en el cielo es siempre algo inolvidable, y puede ser el escenario perfecto para su proposici\u00f3n. Nuestros pilotos y nuestro equipo har\u00e1n todo lo posible para que su vuelo sea seguro y c\u00f3modo, para que usted pueda centrarse en lo principal.<br \/>\nOrganizaci\u00f3n del vuelo<br \/>\nLe ayudaremos a elegir la ruta, la hora y el tipo de avi\u00f3n perfectos para su pedida de mano. Desde peque\u00f1os jets privados hasta lujosos jets de negocios, tenemos opciones para todos los gustos y presupuestos.<br \/>\nDecoraci\u00f3n y ambiente<br \/>\nCuidamos cada detalle para crear un ambiente rom\u00e1ntico a bordo. Desde p\u00e9talos de rosa hasta champ\u00e1n y m\u00fasica ligera, crearemos el escenario perfecto para su pedida de mano.<br \/>\nFotograf\u00eda y videograf\u00eda<br \/>\nNuestros fot\u00f3grafos y vide\u00f3grafos profesionales le acompa\u00f1ar\u00e1n, capturando cada momento de su d\u00eda especial. Obtendr\u00e1 impresionantes im\u00e1genes y v\u00eddeos de su pedida de mano en la cima del mundo.<br \/>\nPersonalice su experiencia<br \/>\nCu\u00e9ntenos sus deseos e ideas, y haremos todo lo posible para adaptar la experiencia de vuelo y las ofertas s\u00f3lo para usted.<br \/>\n\u00daltimos detalles<br \/>\nTras el aterrizaje, podemos organizar la continuaci\u00f3n de la celebraci\u00f3n en uno de los mejores restaurantes de la ciudad u otra actividad rom\u00e1ntica de su elecci\u00f3n.<br \/>\nNo dude en ponerse en contacto con nosotros.<br \/>\n\u00abExclusive for You\u00bb est\u00e1 preparado para ayudarle a crear momentos inolvidables y hacer que su propuesta sea realmente especial. \u00a1P\u00f3ngase en contacto con nosotros y empezaremos a planear su vuelo y propuesta perfectos hoy mismo!<br \/>\n\n<div class=\"wpcf7 no-js\" id=\"wpcf7-f4317-o1\" lang=\"es-ES\" dir=\"ltr\">\n<div class=\"screen-reader-response\"><p role=\"status\" aria-live=\"polite\" aria-atomic=\"true\"><\/p> <ul><\/ul><\/div>\n<form action=\"\/es\/wp-json\/wp\/v2\/pages\/4305#wpcf7-f4317-o1\" method=\"post\" class=\"wpcf7-form init\" aria-label=\"Formulario de contacto\" novalidate=\"novalidate\" data-status=\"init\">\n<div style=\"display: none;\">\n<input type=\"hidden\" name=\"_wpcf7\" value=\"4317\" \/>\n<input type=\"hidden\" name=\"_wpcf7_version\" value=\"5.9.5\" \/>\n<input type=\"hidden\" name=\"_wpcf7_locale\" value=\"es_ES\" \/>\n<input type=\"hidden\" name=\"_wpcf7_unit_tag\" value=\"wpcf7-f4317-o1\" \/>\n<input type=\"hidden\" name=\"_wpcf7_container_post\" value=\"0\" \/>\n<input type=\"hidden\" name=\"_wpcf7_posted_data_hash\" value=\"\" \/>\n<input type=\"hidden\" name=\"_wpcf7_recaptcha_response\" value=\"\" \/>\n<\/div>\n<p><label> Su nombre<br \/>\n<span class=\"wpcf7-form-control-wrap\" data-name=\"your-name\"><input size=\"40\" class=\"wpcf7-form-control wpcf7-text wpcf7-validates-as-required\" autocomplete=\"name\" aria-required=\"true\" aria-invalid=\"false\" value=\"\" type=\"text\" name=\"your-name\" \/><\/span> <\/label>\n<\/p>\n<p><label> Tu correo electr\u00f3nico<br \/>\n<span class=\"wpcf7-form-control-wrap\" data-name=\"your-email\"><input size=\"40\" class=\"wpcf7-form-control wpcf7-email wpcf7-validates-as-required wpcf7-text wpcf7-validates-as-email\" autocomplete=\"email\" aria-required=\"true\" aria-invalid=\"false\" value=\"\" type=\"email\" name=\"your-email\" \/><\/span> <\/label>\n<\/p>\n<p><label> Asunto<br \/>\n<span class=\"wpcf7-form-control-wrap\" data-name=\"your-subject\"><input size=\"40\" class=\"wpcf7-form-control wpcf7-text wpcf7-validates-as-required\" aria-required=\"true\" aria-invalid=\"false\" value=\"\" type=\"text\" name=\"your-subject\" \/><\/span> <\/label>\n<\/p>\n<p><label> Su mensaje (opcional)<br \/>\n<span class=\"wpcf7-form-control-wrap\" data-name=\"your-message\"><textarea cols=\"40\" rows=\"10\" class=\"wpcf7-form-control wpcf7-textarea\" aria-invalid=\"false\" name=\"your-message\"><\/textarea><\/span> <\/label>\n<\/p>\n<p><input class=\"wpcf7-form-control wpcf7-submit has-spinner\" type=\"submit\" value=\"Enviar\" \/>\n<\/p><div class=\"wpcf7-response-output\" aria-hidden=\"true\"><\/div>\n<\/form>\n<\/div>\n<\/p>\n<\/div><\/section>\n\n<style type=\"text\/css\" data-created_by=\"avia_inline_auto\" id=\"style-css-av-lpxyam6q-3e0c6e706f0795d146973b9be69cce78\">\n.avia-image-container.av-lpxyam6q-3e0c6e706f0795d146973b9be69cce78 img.avia_image{\nbox-shadow:none;\n}\n.avia-image-container.av-lpxyam6q-3e0c6e706f0795d146973b9be69cce78 .av-image-caption-overlay-center{\ncolor:#ffffff;\n}\n<\/style>\n<div  class='avia-image-container av-lpxyam6q-3e0c6e706f0795d146973b9be69cce78 av-styling- avia-align-center  avia-builder-el-5  el_after_av_textblock  avia-builder-el-last '   itemprop=\"image\" itemscope=\"itemscope\" itemtype=\"https:\/\/schema.org\/ImageObject\" ><div class=\"avia-image-container-inner\"><div class=\"avia-image-overlay-wrap\"><img decoding=\"async\" class='wp-image-4314 avia-img-lazy-loading-not-4314 avia_image ' src=\"https:\/\/exclusive4-you.com\/wp-content\/uploads\/2023\/12\/cheerful-woman-stewardess-doing-heart-sign-in-airplane-1500x1000.webp\" alt='' title='cheerful-woman-stewardess-doing-heart-sign-in-airplane'  height=\"1000\" width=\"1500\"  itemprop=\"thumbnailUrl\" srcset=\"https:\/\/exclusive4-you.com\/wp-content\/uploads\/2023\/12\/cheerful-woman-stewardess-doing-heart-sign-in-airplane-1500x1000.webp 1500w, https:\/\/exclusive4-you.com\/wp-content\/uploads\/2023\/12\/cheerful-woman-stewardess-doing-heart-sign-in-airplane-300x200.webp 300w, https:\/\/exclusive4-you.com\/wp-content\/uploads\/2023\/12\/cheerful-woman-stewardess-doing-heart-sign-in-airplane-1030x687.webp 1030w, https:\/\/exclusive4-you.com\/wp-content\/uploads\/2023\/12\/cheerful-woman-stewardess-doing-heart-sign-in-airplane-768x512.webp 768w, https:\/\/exclusive4-you.com\/wp-content\/uploads\/2023\/12\/cheerful-woman-stewardess-doing-heart-sign-in-airplane-1536x1024.webp 1536w, https:\/\/exclusive4-you.com\/wp-content\/uploads\/2023\/12\/cheerful-woman-stewardess-doing-heart-sign-in-airplane-705x470.webp 705w, https:\/\/exclusive4-you.com\/wp-content\/uploads\/2023\/12\/cheerful-woman-stewardess-doing-heart-sign-in-airplane.webp 1600w\" sizes=\"(max-width: 1500px) 100vw, 1500px\" \/><\/div><\/div><\/div>\n","protected":false},"excerpt":{"rendered":"","protected":false},"author":1,"featured_media":0,"parent":0,"menu_order":0,"comment_status":"closed","ping_status":"closed","template":"","meta":{"footnotes":""},"class_list":["post-4305","page","type-page","status-publish","hentry"],"yoast_head":"<!-- This site is optimized with the Yoast SEO plugin v23.6 - https:\/\/yoast.com\/wordpress\/plugins\/seo\/ -->\n<title>Una proposici\u00f3n de matrimonio: A bordo de un avi\u00f3n |<\/title>\n<meta name=\"robots\" content=\"index, follow, max-snippet:-1, max-image-preview:large, max-video-preview:-1\" \/>\n<link rel=\"canonical\" href=\"https:\/\/exclusive4-you.com\/es\/a-marriage-proposal-on-board-an-airplane\/\" \/>\n<meta property=\"og:locale\" content=\"es_ES\" \/>\n<meta property=\"og:type\" content=\"article\" \/>\n<meta property=\"og:title\" content=\"Una proposici\u00f3n de matrimonio: A bordo de un avi\u00f3n |\" \/>\n<meta property=\"og:url\" content=\"https:\/\/exclusive4-you.com\/es\/a-marriage-proposal-on-board-an-airplane\/\" \/>\n<meta property=\"og:site_name\" content=\"Event Planning\" \/>\n<meta property=\"article:modified_time\" content=\"2024-10-27T15:07:54+00:00\" \/>\n<meta name=\"twitter:card\" content=\"summary_large_image\" \/>\n<meta name=\"twitter:label1\" content=\"Tiempo de lectura\" \/>\n\t<meta name=\"twitter:data1\" content=\"2 minutos\" \/>\n<script type=\"application\/ld+json\" class=\"yoast-schema-graph\">{\"@context\":\"https:\/\/schema.org\",\"@graph\":[{\"@type\":\"WebPage\",\"@id\":\"https:\/\/exclusive4-you.com\/es\/a-marriage-proposal-on-board-an-airplane\/\",\"url\":\"https:\/\/exclusive4-you.com\/es\/a-marriage-proposal-on-board-an-airplane\/\",\"name\":\"Una proposici\u00f3n de matrimonio: A bordo de un avi\u00f3n |\",\"isPartOf\":{\"@id\":\"https:\/\/exclusive4-you.com\/es\/#website\"},\"datePublished\":\"2023-12-09T11:08:47+00:00\",\"dateModified\":\"2024-10-27T15:07:54+00:00\",\"breadcrumb\":{\"@id\":\"https:\/\/exclusive4-you.com\/es\/a-marriage-proposal-on-board-an-airplane\/#breadcrumb\"},\"inLanguage\":\"es\",\"potentialAction\":[{\"@type\":\"ReadAction\",\"target\":[\"https:\/\/exclusive4-you.com\/es\/a-marriage-proposal-on-board-an-airplane\/\"]}]},{\"@type\":\"BreadcrumbList\",\"@id\":\"https:\/\/exclusive4-you.com\/es\/a-marriage-proposal-on-board-an-airplane\/#breadcrumb\",\"itemListElement\":[{\"@type\":\"ListItem\",\"position\":1,\"name\":\"Home\",\"item\":\"https:\/\/exclusive4-you.com\/es\/\"},{\"@type\":\"ListItem\",\"position\":2,\"name\":\"Una proposici\u00f3n de matrimonio: A bordo de un avi\u00f3n\"}]},{\"@type\":\"WebSite\",\"@id\":\"https:\/\/exclusive4-you.com\/es\/#website\",\"url\":\"https:\/\/exclusive4-you.com\/es\/\",\"name\":\"Event Planning\",\"description\":\"\",\"potentialAction\":[{\"@type\":\"SearchAction\",\"target\":{\"@type\":\"EntryPoint\",\"urlTemplate\":\"https:\/\/exclusive4-you.com\/es\/?s={search_term_string}\"},\"query-input\":{\"@type\":\"PropertyValueSpecification\",\"valueRequired\":true,\"valueName\":\"search_term_string\"}}],\"inLanguage\":\"es\"}]}<\/script>\n<!-- \/ Yoast SEO plugin. -->","yoast_head_json":{"title":"Una proposici\u00f3n de matrimonio: A bordo de un avi\u00f3n |","robots":{"index":"index","follow":"follow","max-snippet":"max-snippet:-1","max-image-preview":"max-image-preview:large","max-video-preview":"max-video-preview:-1"},"canonical":"https:\/\/exclusive4-you.com\/es\/a-marriage-proposal-on-board-an-airplane\/","og_locale":"es_ES","og_type":"article","og_title":"Una proposici\u00f3n de matrimonio: A bordo de un avi\u00f3n |","og_url":"https:\/\/exclusive4-you.com\/es\/a-marriage-proposal-on-board-an-airplane\/","og_site_name":"Event Planning","article_modified_time":"2024-10-27T15:07:54+00:00","twitter_card":"summary_large_image","twitter_misc":{"Tiempo de lectura":"2 minutos"},"schema":{"@context":"https:\/\/schema.org","@graph":[{"@type":"WebPage","@id":"https:\/\/exclusive4-you.com\/es\/a-marriage-proposal-on-board-an-airplane\/","url":"https:\/\/exclusive4-you.com\/es\/a-marriage-proposal-on-board-an-airplane\/","name":"Una proposici\u00f3n de matrimonio: A bordo de un avi\u00f3n |","isPartOf":{"@id":"https:\/\/exclusive4-you.com\/es\/#website"},"datePublished":"2023-12-09T11:08:47+00:00","dateModified":"2024-10-27T15:07:54+00:00","breadcrumb":{"@id":"https:\/\/exclusive4-you.com\/es\/a-marriage-proposal-on-board-an-airplane\/#breadcrumb"},"inLanguage":"es","potentialAction":[{"@type":"ReadAction","target":["https:\/\/exclusive4-you.com\/es\/a-marriage-proposal-on-board-an-airplane\/"]}]},{"@type":"BreadcrumbList","@id":"https:\/\/exclusive4-you.com\/es\/a-marriage-proposal-on-board-an-airplane\/#breadcrumb","itemListElement":[{"@type":"ListItem","position":1,"name":"Home","item":"https:\/\/exclusive4-you.com\/es\/"},{"@type":"ListItem","position":2,"name":"Una proposici\u00f3n de matrimonio: A bordo de un avi\u00f3n"}]},{"@type":"WebSite","@id":"https:\/\/exclusive4-you.com\/es\/#website","url":"https:\/\/exclusive4-you.com\/es\/","name":"Event Planning","description":"","potentialAction":[{"@type":"SearchAction","target":{"@type":"EntryPoint","urlTemplate":"https:\/\/exclusive4-you.com\/es\/?s={search_term_string}"},"query-input":{"@type":"PropertyValueSpecification","valueRequired":true,"valueName":"search_term_string"}}],"inLanguage":"es"}]}},"_links":{"self":[{"href":"https:\/\/exclusive4-you.com\/es\/wp-json\/wp\/v2\/pages\/4305","targetHints":{"allow":["GET"]}}],"collection":[{"href":"https:\/\/exclusive4-you.com\/es\/wp-json\/wp\/v2\/pages"}],"about":[{"href":"https:\/\/exclusive4-you.com\/es\/wp-json\/wp\/v2\/types\/page"}],"author":[{"embeddable":true,"href":"https:\/\/exclusive4-you.com\/es\/wp-json\/wp\/v2\/users\/1"}],"replies":[{"embeddable":true,"href":"https:\/\/exclusive4-you.com\/es\/wp-json\/wp\/v2\/comments?post=4305"}],"version-history":[{"count":3,"href":"https:\/\/exclusive4-you.com\/es\/wp-json\/wp\/v2\/pages\/4305\/revisions"}],"predecessor-version":[{"id":5013,"href":"https:\/\/exclusive4-you.com\/es\/wp-json\/wp\/v2\/pages\/4305\/revisions\/5013"}],"wp:attachment":[{"href":"https:\/\/exclusive4-you.com\/es\/wp-json\/wp\/v2\/media?parent=4305"}],"curies":[{"name":"wp","href":"https:\/\/api.w.org\/{rel}","templated":true}]}}