{"id":4319,"date":"2023-12-09T11:20:32","date_gmt":"2023-12-09T11:20:32","guid":{"rendered":"https:\/\/exclusive4-you.com\/a-marriage-proposal-in-an-ancient-castle\/"},"modified":"2024-10-16T07:27:15","modified_gmt":"2024-10-16T07:27:15","slug":"a-marriage-proposal-in-an-ancient-castle","status":"publish","type":"page","link":"https:\/\/exclusive4-you.com\/es\/a-marriage-proposal-in-an-ancient-castle\/","title":{"rendered":"Una propuesta de matrimonio: En un antiguo castillo"},"content":{"rendered":"\n<style type=\"text\/css\" data-created_by=\"avia_inline_auto\" id=\"style-css-av-3p760a-2531485deadca5bdf433d592bfda97a0\">\n.avia-section.av-3p760a-2531485deadca5bdf433d592bfda97a0{\nbackground-repeat:no-repeat;\nbackground-image:url(https:\/\/exclusive4-you.com\/wp-content\/uploads\/2023\/12\/man-hugging-woman-near-fence-1500x931.webp);\nbackground-position:50% 50%;\nbackground-attachment:scroll;\n}\n<\/style>\n<div id='av_section_1'  class='avia-section av-3p760a-2531485deadca5bdf433d592bfda97a0 main_color avia-section-default avia-no-border-styling  avia-builder-el-0  el_before_av_textblock  avia-builder-el-first  avia-bg-style-scroll av-minimum-height av-minimum-height-100 av-height-100  container_wrap sidebar_right'  data-section-bg-repeat='no-repeat' data-av_minimum_height_pc='100' data-av_min_height_opt='100'><div class='container av-section-cont-open' ><main  role=\"main\" itemprop=\"mainContentOfPage\"  class='template-page content  av-content-small alpha units'><div class='post-entry post-entry-type-page post-entry-4319'><div class='entry-content-wrapper clearfix'>\n<div  class='av_promobox av-lpwj22v9-f7d2fc9dc08f5ead1cc1986202c205ca avia-button-yes  avia-builder-el-1  avia-builder-el-no-sibling '><div class='avia-promocontent'><p>Una propuesta de matrimonio: En un antiguo castillo<\/p>\n<\/div><div  class='avia-button-wrap av-lpwj22v9-1a23d6c9ef58e44c21f5b17056d97aed-wrap avia-button-right '><a href='#form'  class='avia-button av-lpwj22v9-1a23d6c9ef58e44c21f5b17056d97aed avia-icon_select-no avia-size-large avia-position-right avia-color-theme-color'  ><span class='avia_iconbox_title' >Click me<\/span><\/a><\/div><\/div>\n<\/div><\/div><\/main><!-- close content main element --><\/div><\/div><div id='after_section_1'  class='main_color av_default_container_wrap container_wrap sidebar_right'  ><div class='container av-section-cont-open' ><div class='template-page content  av-content-small alpha units'><div class='post-entry post-entry-type-page post-entry-4319'><div class='entry-content-wrapper clearfix'><section  class='av_textblock_section av-2of7yy-02f5b48ff54d017637d2dc4689d2c228 '   itemscope=\"itemscope\" itemtype=\"https:\/\/schema.org\/CreativeWork\" ><div class='avia_textblock'  itemprop=\"text\" ><p>Da tu gran paso en brazos de la historia y la belleza<\/p>\n<\/div><\/section><\/p>\n\n<style type=\"text\/css\" data-created_by=\"avia_inline_auto\" id=\"style-css-av-lpwkgpmd-c4f8d7cdf46b686b2ca5e359b6115d5c\">\n.avia-image-container.av-lpwkgpmd-c4f8d7cdf46b686b2ca5e359b6115d5c img.avia_image{\nbox-shadow:none;\n}\n.avia-image-container.av-lpwkgpmd-c4f8d7cdf46b686b2ca5e359b6115d5c .av-image-caption-overlay-center{\ncolor:#ffffff;\n}\n<\/style>\n<div  class='avia-image-container av-lpwkgpmd-c4f8d7cdf46b686b2ca5e359b6115d5c av-styling- avia-align-center  avia-builder-el-3  el_after_av_textblock  el_before_av_textblock '   itemprop=\"image\" itemscope=\"itemscope\" itemtype=\"https:\/\/schema.org\/ImageObject\" ><div class=\"avia-image-container-inner\"><div class=\"avia-image-overlay-wrap\"><img decoding=\"async\" class='wp-image-4328 avia-img-lazy-loading-not-4328 avia_image ' src=\"https:\/\/exclusive4-you.com\/wp-content\/uploads\/2023\/12\/boy-and-girl-hug-each-other-tender-standing-on-the-rooftop-in-the-rays-of-evening-lights-1500x1000.webp\" alt='' title='boy-and-girl-hug-each-other-tender-standing-on-the-rooftop-in-the-rays-of-evening-lights'  height=\"1000\" width=\"1500\"  itemprop=\"thumbnailUrl\" srcset=\"https:\/\/exclusive4-you.com\/wp-content\/uploads\/2023\/12\/boy-and-girl-hug-each-other-tender-standing-on-the-rooftop-in-the-rays-of-evening-lights-1500x1000.webp 1500w, https:\/\/exclusive4-you.com\/wp-content\/uploads\/2023\/12\/boy-and-girl-hug-each-other-tender-standing-on-the-rooftop-in-the-rays-of-evening-lights-300x200.webp 300w, https:\/\/exclusive4-you.com\/wp-content\/uploads\/2023\/12\/boy-and-girl-hug-each-other-tender-standing-on-the-rooftop-in-the-rays-of-evening-lights-1030x687.webp 1030w, https:\/\/exclusive4-you.com\/wp-content\/uploads\/2023\/12\/boy-and-girl-hug-each-other-tender-standing-on-the-rooftop-in-the-rays-of-evening-lights-768x512.webp 768w, https:\/\/exclusive4-you.com\/wp-content\/uploads\/2023\/12\/boy-and-girl-hug-each-other-tender-standing-on-the-rooftop-in-the-rays-of-evening-lights-1536x1024.webp 1536w, https:\/\/exclusive4-you.com\/wp-content\/uploads\/2023\/12\/boy-and-girl-hug-each-other-tender-standing-on-the-rooftop-in-the-rays-of-evening-lights-705x470.webp 705w, https:\/\/exclusive4-you.com\/wp-content\/uploads\/2023\/12\/boy-and-girl-hug-each-other-tender-standing-on-the-rooftop-in-the-rays-of-evening-lights.webp 1600w\" sizes=\"(max-width: 1500px) 100vw, 1500px\" \/><\/div><\/div><\/div>\n<section  class='av_textblock_section av-lpwkv472-9e337bf417d019d3f4f15aeeb5a7095b '   itemscope=\"itemscope\" itemtype=\"https:\/\/schema.org\/CreativeWork\" ><div class='avia_textblock'  itemprop=\"text\" ><p>Introducci\u00f3n.<br \/>\n\u00abExclusive for You\u00bb se complace en presentarle una oportunidad \u00fanica de hacer una propuesta de matrimonio en un antiguo y majestuoso castillo. Este servicio est\u00e1 dise\u00f1ado para aquellos que quieren dejar una marca inolvidable en la historia de su relaci\u00f3n y hacer de este momento algo verdaderamente especial.<br \/>\nElegir un castillo<br \/>\nColaboramos con numerosos castillos antiguos situados en diferentes partes de nuestro pa\u00eds. Puede elegir el castillo que mejor se adapte a sus ideas sobre el lugar perfecto para la pedida de mano: desde castillos rodeados de jardines de hadas hasta majestuosas fortalezas en lo alto de las monta\u00f1as.<br \/>\nPreparaci\u00f3n del evento<br \/>\nNuestro equipo le ayudar\u00e1 en todos los aspectos de la preparaci\u00f3n: desde la elecci\u00f3n del castillo y la decoraci\u00f3n hasta la organizaci\u00f3n del transporte y el alojamiento. Nos aseguraremos de que cada detalle est\u00e9 pensado y de que todo salga a la perfecci\u00f3n.<br \/>\nAmbiente rom\u00e1ntico<br \/>\nCrearemos una atm\u00f3sfera rom\u00e1ntica inigualable para su pedida de mano. Velas, flores, m\u00fasica suave y una impresionante vista del castillo har\u00e1n que este momento sea inolvidable.<br \/>\nFotograf\u00eda y v\u00eddeo<br \/>\nNuestros fot\u00f3grafos y vide\u00f3grafos profesionales capturar\u00e1n cada momento de su d\u00eda especial, dej\u00e1ndole maravillosos recuerdos para toda la vida.<br \/>\nServicios exclusivos<br \/>\nOfrecemos una serie de servicios exclusivos para que su pedida de mano sea a\u00fan m\u00e1s especial. Desde una cena privada en un castillo hasta un concierto de m\u00fasica cl\u00e1sica personalizado, haremos todo lo posible para impresionarle a usted y a su pareja.<br \/>\nEn resumen.<br \/>\n\u00abExclusive for You\u00bb es su socio de confianza para preparar una inolvidable propuesta de matrimonio en un antiguo castillo. Cuidamos cada detalle, asegur\u00e1ndonos de que su momento especial sea perfecto. P\u00f3ngase en contacto con nosotros y le ayudaremos a crear la propuesta perfecta.<br \/>\n\n<div class=\"wpcf7 no-js\" id=\"wpcf7-f4317-o1\" lang=\"es-ES\" dir=\"ltr\">\n<div class=\"screen-reader-response\"><p role=\"status\" aria-live=\"polite\" aria-atomic=\"true\"><\/p> <ul><\/ul><\/div>\n<form action=\"\/es\/wp-json\/wp\/v2\/pages\/4319#wpcf7-f4317-o1\" method=\"post\" class=\"wpcf7-form init\" aria-label=\"Formulario de contacto\" novalidate=\"novalidate\" data-status=\"init\">\n<div style=\"display: none;\">\n<input type=\"hidden\" name=\"_wpcf7\" value=\"4317\" \/>\n<input type=\"hidden\" name=\"_wpcf7_version\" value=\"5.9.5\" \/>\n<input type=\"hidden\" name=\"_wpcf7_locale\" value=\"es_ES\" \/>\n<input type=\"hidden\" name=\"_wpcf7_unit_tag\" value=\"wpcf7-f4317-o1\" \/>\n<input type=\"hidden\" name=\"_wpcf7_container_post\" value=\"0\" \/>\n<input type=\"hidden\" name=\"_wpcf7_posted_data_hash\" value=\"\" \/>\n<input type=\"hidden\" name=\"_wpcf7_recaptcha_response\" value=\"\" \/>\n<\/div>\n<p><label> Su nombre<br \/>\n<span class=\"wpcf7-form-control-wrap\" data-name=\"your-name\"><input size=\"40\" class=\"wpcf7-form-control wpcf7-text wpcf7-validates-as-required\" autocomplete=\"name\" aria-required=\"true\" aria-invalid=\"false\" value=\"\" type=\"text\" name=\"your-name\" \/><\/span> <\/label>\n<\/p>\n<p><label> Tu correo electr\u00f3nico<br \/>\n<span class=\"wpcf7-form-control-wrap\" data-name=\"your-email\"><input size=\"40\" class=\"wpcf7-form-control wpcf7-email wpcf7-validates-as-required wpcf7-text wpcf7-validates-as-email\" autocomplete=\"email\" aria-required=\"true\" aria-invalid=\"false\" value=\"\" type=\"email\" name=\"your-email\" \/><\/span> <\/label>\n<\/p>\n<p><label> Asunto<br \/>\n<span class=\"wpcf7-form-control-wrap\" data-name=\"your-subject\"><input size=\"40\" class=\"wpcf7-form-control wpcf7-text wpcf7-validates-as-required\" aria-required=\"true\" aria-invalid=\"false\" value=\"\" type=\"text\" name=\"your-subject\" \/><\/span> <\/label>\n<\/p>\n<p><label> Su mensaje (opcional)<br \/>\n<span class=\"wpcf7-form-control-wrap\" data-name=\"your-message\"><textarea cols=\"40\" rows=\"10\" class=\"wpcf7-form-control wpcf7-textarea\" aria-invalid=\"false\" name=\"your-message\"><\/textarea><\/span> <\/label>\n<\/p>\n<p><input class=\"wpcf7-form-control wpcf7-submit has-spinner\" type=\"submit\" value=\"Enviar\" \/>\n<\/p><div class=\"wpcf7-response-output\" aria-hidden=\"true\"><\/div>\n<\/form>\n<\/div>\n<\/p>\n<\/div><\/section>\n\n<style type=\"text\/css\" data-created_by=\"avia_inline_auto\" id=\"style-css-av-lpxyam6q-3c2aba3801de1c41aa188386237f8fb0\">\n.avia-image-container.av-lpxyam6q-3c2aba3801de1c41aa188386237f8fb0 img.avia_image{\nbox-shadow:none;\n}\n.avia-image-container.av-lpxyam6q-3c2aba3801de1c41aa188386237f8fb0 .av-image-caption-overlay-center{\ncolor:#ffffff;\n}\n<\/style>\n<div  class='avia-image-container av-lpxyam6q-3c2aba3801de1c41aa188386237f8fb0 av-styling- avia-align-center  avia-builder-el-5  el_after_av_textblock  avia-builder-el-last '   itemprop=\"image\" itemscope=\"itemscope\" itemtype=\"https:\/\/schema.org\/ImageObject\" ><div class=\"avia-image-container-inner\"><div class=\"avia-image-overlay-wrap\"><img decoding=\"async\" class='wp-image-4329 avia-img-lazy-loading-not-4329 avia_image ' src=\"https:\/\/exclusive4-you.com\/wp-content\/uploads\/2023\/12\/young-couple-love-is-1500x1000.webp\" alt='' title='young-couple-love-is'  height=\"1000\" width=\"1500\"  itemprop=\"thumbnailUrl\" srcset=\"https:\/\/exclusive4-you.com\/wp-content\/uploads\/2023\/12\/young-couple-love-is-1500x1000.webp 1500w, https:\/\/exclusive4-you.com\/wp-content\/uploads\/2023\/12\/young-couple-love-is-300x200.webp 300w, https:\/\/exclusive4-you.com\/wp-content\/uploads\/2023\/12\/young-couple-love-is-1030x687.webp 1030w, https:\/\/exclusive4-you.com\/wp-content\/uploads\/2023\/12\/young-couple-love-is-768x512.webp 768w, https:\/\/exclusive4-you.com\/wp-content\/uploads\/2023\/12\/young-couple-love-is-1536x1024.webp 1536w, https:\/\/exclusive4-you.com\/wp-content\/uploads\/2023\/12\/young-couple-love-is-705x470.webp 705w, https:\/\/exclusive4-you.com\/wp-content\/uploads\/2023\/12\/young-couple-love-is.webp 1600w\" sizes=\"(max-width: 1500px) 100vw, 1500px\" \/><\/div><\/div><\/div>\n","protected":false},"excerpt":{"rendered":"","protected":false},"author":1,"featured_media":0,"parent":0,"menu_order":0,"comment_status":"closed","ping_status":"closed","template":"","meta":{"footnotes":""},"class_list":["post-4319","page","type-page","status-publish","hentry"],"yoast_head":"<!-- This site is optimized with the Yoast SEO plugin v23.6 - https:\/\/yoast.com\/wordpress\/plugins\/seo\/ -->\n<title>Una propuesta de matrimonio: En un antiguo castillo |<\/title>\n<meta name=\"robots\" content=\"index, follow, max-snippet:-1, max-image-preview:large, max-video-preview:-1\" \/>\n<link rel=\"canonical\" href=\"https:\/\/exclusive4-you.com\/es\/a-marriage-proposal-in-an-ancient-castle\/\" \/>\n<meta property=\"og:locale\" content=\"es_ES\" \/>\n<meta property=\"og:type\" content=\"article\" \/>\n<meta property=\"og:title\" content=\"Una propuesta de matrimonio: En un antiguo castillo |\" \/>\n<meta property=\"og:url\" content=\"https:\/\/exclusive4-you.com\/es\/a-marriage-proposal-in-an-ancient-castle\/\" \/>\n<meta property=\"og:site_name\" content=\"Event Planning\" \/>\n<meta property=\"article:modified_time\" content=\"2024-10-16T07:27:15+00:00\" \/>\n<meta name=\"twitter:card\" content=\"summary_large_image\" \/>\n<meta name=\"twitter:label1\" content=\"Tiempo de lectura\" \/>\n\t<meta name=\"twitter:data1\" content=\"2 minutos\" \/>\n<script type=\"application\/ld+json\" class=\"yoast-schema-graph\">{\"@context\":\"https:\/\/schema.org\",\"@graph\":[{\"@type\":\"WebPage\",\"@id\":\"https:\/\/exclusive4-you.com\/es\/a-marriage-proposal-in-an-ancient-castle\/\",\"url\":\"https:\/\/exclusive4-you.com\/es\/a-marriage-proposal-in-an-ancient-castle\/\",\"name\":\"Una propuesta de matrimonio: En un antiguo castillo |\",\"isPartOf\":{\"@id\":\"https:\/\/exclusive4-you.com\/es\/#website\"},\"datePublished\":\"2023-12-09T11:20:32+00:00\",\"dateModified\":\"2024-10-16T07:27:15+00:00\",\"breadcrumb\":{\"@id\":\"https:\/\/exclusive4-you.com\/es\/a-marriage-proposal-in-an-ancient-castle\/#breadcrumb\"},\"inLanguage\":\"es\",\"potentialAction\":[{\"@type\":\"ReadAction\",\"target\":[\"https:\/\/exclusive4-you.com\/es\/a-marriage-proposal-in-an-ancient-castle\/\"]}]},{\"@type\":\"BreadcrumbList\",\"@id\":\"https:\/\/exclusive4-you.com\/es\/a-marriage-proposal-in-an-ancient-castle\/#breadcrumb\",\"itemListElement\":[{\"@type\":\"ListItem\",\"position\":1,\"name\":\"Home\",\"item\":\"https:\/\/exclusive4-you.com\/es\/\"},{\"@type\":\"ListItem\",\"position\":2,\"name\":\"Una propuesta de matrimonio: En un antiguo castillo\"}]},{\"@type\":\"WebSite\",\"@id\":\"https:\/\/exclusive4-you.com\/es\/#website\",\"url\":\"https:\/\/exclusive4-you.com\/es\/\",\"name\":\"Event Planning\",\"description\":\"\",\"potentialAction\":[{\"@type\":\"SearchAction\",\"target\":{\"@type\":\"EntryPoint\",\"urlTemplate\":\"https:\/\/exclusive4-you.com\/es\/?s={search_term_string}\"},\"query-input\":{\"@type\":\"PropertyValueSpecification\",\"valueRequired\":true,\"valueName\":\"search_term_string\"}}],\"inLanguage\":\"es\"}]}<\/script>\n<!-- \/ Yoast SEO plugin. -->","yoast_head_json":{"title":"Una propuesta de matrimonio: En un antiguo castillo |","robots":{"index":"index","follow":"follow","max-snippet":"max-snippet:-1","max-image-preview":"max-image-preview:large","max-video-preview":"max-video-preview:-1"},"canonical":"https:\/\/exclusive4-you.com\/es\/a-marriage-proposal-in-an-ancient-castle\/","og_locale":"es_ES","og_type":"article","og_title":"Una propuesta de matrimonio: En un antiguo castillo |","og_url":"https:\/\/exclusive4-you.com\/es\/a-marriage-proposal-in-an-ancient-castle\/","og_site_name":"Event Planning","article_modified_time":"2024-10-16T07:27:15+00:00","twitter_card":"summary_large_image","twitter_misc":{"Tiempo de lectura":"2 minutos"},"schema":{"@context":"https:\/\/schema.org","@graph":[{"@type":"WebPage","@id":"https:\/\/exclusive4-you.com\/es\/a-marriage-proposal-in-an-ancient-castle\/","url":"https:\/\/exclusive4-you.com\/es\/a-marriage-proposal-in-an-ancient-castle\/","name":"Una propuesta de matrimonio: En un antiguo castillo |","isPartOf":{"@id":"https:\/\/exclusive4-you.com\/es\/#website"},"datePublished":"2023-12-09T11:20:32+00:00","dateModified":"2024-10-16T07:27:15+00:00","breadcrumb":{"@id":"https:\/\/exclusive4-you.com\/es\/a-marriage-proposal-in-an-ancient-castle\/#breadcrumb"},"inLanguage":"es","potentialAction":[{"@type":"ReadAction","target":["https:\/\/exclusive4-you.com\/es\/a-marriage-proposal-in-an-ancient-castle\/"]}]},{"@type":"BreadcrumbList","@id":"https:\/\/exclusive4-you.com\/es\/a-marriage-proposal-in-an-ancient-castle\/#breadcrumb","itemListElement":[{"@type":"ListItem","position":1,"name":"Home","item":"https:\/\/exclusive4-you.com\/es\/"},{"@type":"ListItem","position":2,"name":"Una propuesta de matrimonio: En un antiguo castillo"}]},{"@type":"WebSite","@id":"https:\/\/exclusive4-you.com\/es\/#website","url":"https:\/\/exclusive4-you.com\/es\/","name":"Event Planning","description":"","potentialAction":[{"@type":"SearchAction","target":{"@type":"EntryPoint","urlTemplate":"https:\/\/exclusive4-you.com\/es\/?s={search_term_string}"},"query-input":{"@type":"PropertyValueSpecification","valueRequired":true,"valueName":"search_term_string"}}],"inLanguage":"es"}]}},"_links":{"self":[{"href":"https:\/\/exclusive4-you.com\/es\/wp-json\/wp\/v2\/pages\/4319","targetHints":{"allow":["GET"]}}],"collection":[{"href":"https:\/\/exclusive4-you.com\/es\/wp-json\/wp\/v2\/pages"}],"about":[{"href":"https:\/\/exclusive4-you.com\/es\/wp-json\/wp\/v2\/types\/page"}],"author":[{"embeddable":true,"href":"https:\/\/exclusive4-you.com\/es\/wp-json\/wp\/v2\/users\/1"}],"replies":[{"embeddable":true,"href":"https:\/\/exclusive4-you.com\/es\/wp-json\/wp\/v2\/comments?post=4319"}],"version-history":[{"count":3,"href":"https:\/\/exclusive4-you.com\/es\/wp-json\/wp\/v2\/pages\/4319\/revisions"}],"predecessor-version":[{"id":4330,"href":"https:\/\/exclusive4-you.com\/es\/wp-json\/wp\/v2\/pages\/4319\/revisions\/4330"}],"wp:attachment":[{"href":"https:\/\/exclusive4-you.com\/es\/wp-json\/wp\/v2\/media?parent=4319"}],"curies":[{"name":"wp","href":"https:\/\/api.w.org\/{rel}","templated":true}]}}