{"id":4334,"date":"2023-12-09T11:29:20","date_gmt":"2023-12-09T11:29:20","guid":{"rendered":"https:\/\/exclusive4-you.com\/marriage-proposal-a-magical-proposal-in-the-woods\/"},"modified":"2024-10-16T07:35:04","modified_gmt":"2024-10-16T07:35:04","slug":"marriage-proposal-a-magical-proposal-in-the-woods","status":"publish","type":"page","link":"https:\/\/exclusive4-you.com\/es\/marriage-proposal-a-magical-proposal-in-the-woods\/","title":{"rendered":"Propuesta de matrimonio: Una pedida de mano m\u00e1gica en el bosque"},"content":{"rendered":"\n<style type=\"text\/css\" data-created_by=\"avia_inline_auto\" id=\"style-css-av-3p760a-ebf0d301a422a0d05c87bca30a8612db\">\n.avia-section.av-3p760a-ebf0d301a422a0d05c87bca30a8612db{\nbackground-repeat:no-repeat;\nbackground-image:url(https:\/\/exclusive4-you.com\/wp-content\/uploads\/2023\/12\/beautiful-woman-in-a-long-red-dress-walks-around-the-city-with-her-husband-1500x1000.webp);\nbackground-position:50% 50%;\nbackground-attachment:scroll;\n}\n<\/style>\n<div id='av_section_1'  class='avia-section av-3p760a-ebf0d301a422a0d05c87bca30a8612db main_color avia-section-default avia-no-border-styling  avia-builder-el-0  el_before_av_textblock  avia-builder-el-first  avia-bg-style-scroll av-minimum-height av-minimum-height-100 av-height-100  container_wrap sidebar_right'  data-section-bg-repeat='no-repeat' data-av_minimum_height_pc='100' data-av_min_height_opt='100'><div class='container av-section-cont-open' ><main  role=\"main\" itemprop=\"mainContentOfPage\"  class='template-page content  av-content-small alpha units'><div class='post-entry post-entry-type-page post-entry-4334'><div class='entry-content-wrapper clearfix'>\n<div  class='av_promobox av-lpwj22v9-f7d2fc9dc08f5ead1cc1986202c205ca avia-button-yes  avia-builder-el-1  avia-builder-el-no-sibling '><div class='avia-promocontent'><p>Propuesta de matrimonio: Una pedida de mano m\u00e1gica en el bosque<\/p>\n<\/div><div  class='avia-button-wrap av-lpwj22v9-1a23d6c9ef58e44c21f5b17056d97aed-wrap avia-button-right '><a href='#form'  class='avia-button av-lpwj22v9-1a23d6c9ef58e44c21f5b17056d97aed avia-icon_select-no avia-size-large avia-position-right avia-color-theme-color'  ><span class='avia_iconbox_title' >Click me<\/span><\/a><\/div><\/div>\n<\/div><\/div><\/main><!-- close content main element --><\/div><\/div><div id='after_section_1'  class='main_color av_default_container_wrap container_wrap sidebar_right'  ><div class='container av-section-cont-open' ><div class='template-page content  av-content-small alpha units'><div class='post-entry post-entry-type-page post-entry-4334'><div class='entry-content-wrapper clearfix'><section  class='av_textblock_section av-2of7yy-02f5b48ff54d017637d2dc4689d2c228 '   itemscope=\"itemscope\" itemtype=\"https:\/\/schema.org\/CreativeWork\" ><div class='avia_textblock'  itemprop=\"text\" ><p>Tu historia de amor merece un comienzo de cuento de hadas<\/p>\n<\/div><\/section><\/p>\n\n<style type=\"text\/css\" data-created_by=\"avia_inline_auto\" id=\"style-css-av-lpwkgpmd-5904fb3811f37986af8dbded042c8fb5\">\n.avia-image-container.av-lpwkgpmd-5904fb3811f37986af8dbded042c8fb5 img.avia_image{\nbox-shadow:none;\n}\n.avia-image-container.av-lpwkgpmd-5904fb3811f37986af8dbded042c8fb5 .av-image-caption-overlay-center{\ncolor:#ffffff;\n}\n<\/style>\n<div  class='avia-image-container av-lpwkgpmd-5904fb3811f37986af8dbded042c8fb5 av-styling- avia-align-center  avia-builder-el-3  el_after_av_textblock  el_before_av_textblock '   itemprop=\"image\" itemscope=\"itemscope\" itemtype=\"https:\/\/schema.org\/ImageObject\" ><div class=\"avia-image-container-inner\"><div class=\"avia-image-overlay-wrap\"><img decoding=\"async\" class='wp-image-4342 avia-img-lazy-loading-not-4342 avia_image ' src=\"https:\/\/exclusive4-you.com\/wp-content\/uploads\/2023\/12\/3d-wallpaper-with-forest-environment-with-white-heart-trees-and-vegetation-1500x844.webp\" alt='' title='3d-wallpaper-with-forest-environment-with-white-heart-trees-and-vegetation'  height=\"844\" width=\"1500\"  itemprop=\"thumbnailUrl\" srcset=\"https:\/\/exclusive4-you.com\/wp-content\/uploads\/2023\/12\/3d-wallpaper-with-forest-environment-with-white-heart-trees-and-vegetation-1500x844.webp 1500w, https:\/\/exclusive4-you.com\/wp-content\/uploads\/2023\/12\/3d-wallpaper-with-forest-environment-with-white-heart-trees-and-vegetation-300x169.webp 300w, https:\/\/exclusive4-you.com\/wp-content\/uploads\/2023\/12\/3d-wallpaper-with-forest-environment-with-white-heart-trees-and-vegetation-1030x579.webp 1030w, https:\/\/exclusive4-you.com\/wp-content\/uploads\/2023\/12\/3d-wallpaper-with-forest-environment-with-white-heart-trees-and-vegetation-768x432.webp 768w, https:\/\/exclusive4-you.com\/wp-content\/uploads\/2023\/12\/3d-wallpaper-with-forest-environment-with-white-heart-trees-and-vegetation-1536x864.webp 1536w, https:\/\/exclusive4-you.com\/wp-content\/uploads\/2023\/12\/3d-wallpaper-with-forest-environment-with-white-heart-trees-and-vegetation-705x397.webp 705w, https:\/\/exclusive4-you.com\/wp-content\/uploads\/2023\/12\/3d-wallpaper-with-forest-environment-with-white-heart-trees-and-vegetation.webp 1600w\" sizes=\"(max-width: 1500px) 100vw, 1500px\" \/><\/div><\/div><\/div>\n<section  class='av_textblock_section av-lpwkv472-9e337bf417d019d3f4f15aeeb5a7095b '   itemscope=\"itemscope\" itemtype=\"https:\/\/schema.org\/CreativeWork\" ><div class='avia_textblock'  itemprop=\"text\" ><p>Introducci\u00f3n.<br \/>\n\u00abExclusive for You\u00bb se complace en ofrecerle una oportunidad \u00fanica de pedir matrimonio en un bosque m\u00e1gico. Sienta el poder de la naturaleza y la magia del momento eligiendo esta incre\u00edble opci\u00f3n para su d\u00eda especial.<br \/>\nElecci\u00f3n del lugar<br \/>\nConocemos muchos bosques preciosos que ser\u00e1n el tel\u00f3n de fondo perfecto para su pedida de mano. Desde bosques densos y misteriosos hasta claros luminosos y llenos de flores, tenemos opciones para todos los gustos.<br \/>\nPreparaci\u00f3n del evento<br \/>\nNuestro equipo estar\u00e1 encantado de ayudarle a planificar cada momento de este d\u00eda tan importante. Nos ocuparemos del transporte, la decoraci\u00f3n y todos los atributos necesarios para crear la atm\u00f3sfera perfecta.<br \/>\nAmbiente rom\u00e1ntico<br \/>\nEl bosque parece estar hecho para el romanticismo. A\u00f1adiremos velas, flores y luz tenue para que el ambiente sea a\u00fan m\u00e1s especial. Imaginaos a los dos sumergi\u00e9ndoos en este mundo m\u00e1gico donde s\u00f3lo est\u00e1is vosotros, la naturaleza y vuestros sentimientos.<br \/>\nFotograf\u00eda y v\u00eddeo<br \/>\nNuestros fot\u00f3grafos y vide\u00f3grafos profesionales capturar\u00e1n cada momento, dej\u00e1ndole maravillosos recuerdos para los a\u00f1os venideros.<br \/>\nServicios exclusivos<br \/>\nA\u00f1ada un poco de magia a su momento especial. Desde un concierto privado al aire libre hasta un picnic al aire libre, estamos listos para dar vida a sus ideas m\u00e1s descabelladas.<br \/>\nEn resumen.<br \/>\n\u00abExclusive for You\u00bb le ayudar\u00e1 a crear el escenario perfecto para su pedida de mano. P\u00f3ngase en contacto con nosotros y haremos realidad su sue\u00f1o, llenando este momento de encanto y belleza.<br \/>\n\n<div class=\"wpcf7 no-js\" id=\"wpcf7-f4317-o1\" lang=\"es-ES\" dir=\"ltr\">\n<div class=\"screen-reader-response\"><p role=\"status\" aria-live=\"polite\" aria-atomic=\"true\"><\/p> <ul><\/ul><\/div>\n<form action=\"\/es\/wp-json\/wp\/v2\/pages\/4334#wpcf7-f4317-o1\" method=\"post\" class=\"wpcf7-form init\" aria-label=\"Formulario de contacto\" novalidate=\"novalidate\" data-status=\"init\">\n<div style=\"display: none;\">\n<input type=\"hidden\" name=\"_wpcf7\" value=\"4317\" \/>\n<input type=\"hidden\" name=\"_wpcf7_version\" value=\"5.9.5\" \/>\n<input type=\"hidden\" name=\"_wpcf7_locale\" value=\"es_ES\" \/>\n<input type=\"hidden\" name=\"_wpcf7_unit_tag\" value=\"wpcf7-f4317-o1\" \/>\n<input type=\"hidden\" name=\"_wpcf7_container_post\" value=\"0\" \/>\n<input type=\"hidden\" name=\"_wpcf7_posted_data_hash\" value=\"\" \/>\n<input type=\"hidden\" name=\"_wpcf7_recaptcha_response\" value=\"\" \/>\n<\/div>\n<p><label> Su nombre<br \/>\n<span class=\"wpcf7-form-control-wrap\" data-name=\"your-name\"><input size=\"40\" class=\"wpcf7-form-control wpcf7-text wpcf7-validates-as-required\" autocomplete=\"name\" aria-required=\"true\" aria-invalid=\"false\" value=\"\" type=\"text\" name=\"your-name\" \/><\/span> <\/label>\n<\/p>\n<p><label> Tu correo electr\u00f3nico<br \/>\n<span class=\"wpcf7-form-control-wrap\" data-name=\"your-email\"><input size=\"40\" class=\"wpcf7-form-control wpcf7-email wpcf7-validates-as-required wpcf7-text wpcf7-validates-as-email\" autocomplete=\"email\" aria-required=\"true\" aria-invalid=\"false\" value=\"\" type=\"email\" name=\"your-email\" \/><\/span> <\/label>\n<\/p>\n<p><label> Asunto<br \/>\n<span class=\"wpcf7-form-control-wrap\" data-name=\"your-subject\"><input size=\"40\" class=\"wpcf7-form-control wpcf7-text wpcf7-validates-as-required\" aria-required=\"true\" aria-invalid=\"false\" value=\"\" type=\"text\" name=\"your-subject\" \/><\/span> <\/label>\n<\/p>\n<p><label> Su mensaje (opcional)<br \/>\n<span class=\"wpcf7-form-control-wrap\" data-name=\"your-message\"><textarea cols=\"40\" rows=\"10\" class=\"wpcf7-form-control wpcf7-textarea\" aria-invalid=\"false\" name=\"your-message\"><\/textarea><\/span> <\/label>\n<\/p>\n<p><input class=\"wpcf7-form-control wpcf7-submit has-spinner\" type=\"submit\" value=\"Enviar\" \/>\n<\/p><div class=\"wpcf7-response-output\" aria-hidden=\"true\"><\/div>\n<\/form>\n<\/div>\n<\/p>\n<\/div><\/section>\n","protected":false},"excerpt":{"rendered":"","protected":false},"author":1,"featured_media":0,"parent":0,"menu_order":0,"comment_status":"closed","ping_status":"closed","template":"","meta":{"footnotes":""},"class_list":["post-4334","page","type-page","status-publish","hentry"],"yoast_head":"<!-- This site is optimized with the Yoast SEO plugin v23.6 - https:\/\/yoast.com\/wordpress\/plugins\/seo\/ -->\n<title>Propuesta de matrimonio: Una pedida de mano m\u00e1gica en el bosque |<\/title>\n<meta name=\"robots\" content=\"index, follow, max-snippet:-1, max-image-preview:large, max-video-preview:-1\" \/>\n<link rel=\"canonical\" href=\"https:\/\/exclusive4-you.com\/es\/marriage-proposal-a-magical-proposal-in-the-woods\/\" \/>\n<meta property=\"og:locale\" content=\"es_ES\" \/>\n<meta property=\"og:type\" content=\"article\" \/>\n<meta property=\"og:title\" content=\"Propuesta de matrimonio: Una pedida de mano m\u00e1gica en el bosque |\" \/>\n<meta property=\"og:url\" content=\"https:\/\/exclusive4-you.com\/es\/marriage-proposal-a-magical-proposal-in-the-woods\/\" \/>\n<meta property=\"og:site_name\" content=\"Event Planning\" \/>\n<meta property=\"article:modified_time\" content=\"2024-10-16T07:35:04+00:00\" \/>\n<meta name=\"twitter:card\" content=\"summary_large_image\" \/>\n<meta name=\"twitter:label1\" content=\"Tiempo de lectura\" \/>\n\t<meta name=\"twitter:data1\" content=\"2 minutos\" \/>\n<script type=\"application\/ld+json\" class=\"yoast-schema-graph\">{\"@context\":\"https:\/\/schema.org\",\"@graph\":[{\"@type\":\"WebPage\",\"@id\":\"https:\/\/exclusive4-you.com\/es\/marriage-proposal-a-magical-proposal-in-the-woods\/\",\"url\":\"https:\/\/exclusive4-you.com\/es\/marriage-proposal-a-magical-proposal-in-the-woods\/\",\"name\":\"Propuesta de matrimonio: Una pedida de mano m\u00e1gica en el bosque |\",\"isPartOf\":{\"@id\":\"https:\/\/exclusive4-you.com\/es\/#website\"},\"datePublished\":\"2023-12-09T11:29:20+00:00\",\"dateModified\":\"2024-10-16T07:35:04+00:00\",\"breadcrumb\":{\"@id\":\"https:\/\/exclusive4-you.com\/es\/marriage-proposal-a-magical-proposal-in-the-woods\/#breadcrumb\"},\"inLanguage\":\"es\",\"potentialAction\":[{\"@type\":\"ReadAction\",\"target\":[\"https:\/\/exclusive4-you.com\/es\/marriage-proposal-a-magical-proposal-in-the-woods\/\"]}]},{\"@type\":\"BreadcrumbList\",\"@id\":\"https:\/\/exclusive4-you.com\/es\/marriage-proposal-a-magical-proposal-in-the-woods\/#breadcrumb\",\"itemListElement\":[{\"@type\":\"ListItem\",\"position\":1,\"name\":\"Home\",\"item\":\"https:\/\/exclusive4-you.com\/es\/\"},{\"@type\":\"ListItem\",\"position\":2,\"name\":\"Propuesta de matrimonio: Una pedida de mano m\u00e1gica en el bosque\"}]},{\"@type\":\"WebSite\",\"@id\":\"https:\/\/exclusive4-you.com\/es\/#website\",\"url\":\"https:\/\/exclusive4-you.com\/es\/\",\"name\":\"Event Planning\",\"description\":\"\",\"potentialAction\":[{\"@type\":\"SearchAction\",\"target\":{\"@type\":\"EntryPoint\",\"urlTemplate\":\"https:\/\/exclusive4-you.com\/es\/?s={search_term_string}\"},\"query-input\":{\"@type\":\"PropertyValueSpecification\",\"valueRequired\":true,\"valueName\":\"search_term_string\"}}],\"inLanguage\":\"es\"}]}<\/script>\n<!-- \/ Yoast SEO plugin. -->","yoast_head_json":{"title":"Propuesta de matrimonio: Una pedida de mano m\u00e1gica en el bosque |","robots":{"index":"index","follow":"follow","max-snippet":"max-snippet:-1","max-image-preview":"max-image-preview:large","max-video-preview":"max-video-preview:-1"},"canonical":"https:\/\/exclusive4-you.com\/es\/marriage-proposal-a-magical-proposal-in-the-woods\/","og_locale":"es_ES","og_type":"article","og_title":"Propuesta de matrimonio: Una pedida de mano m\u00e1gica en el bosque |","og_url":"https:\/\/exclusive4-you.com\/es\/marriage-proposal-a-magical-proposal-in-the-woods\/","og_site_name":"Event Planning","article_modified_time":"2024-10-16T07:35:04+00:00","twitter_card":"summary_large_image","twitter_misc":{"Tiempo de lectura":"2 minutos"},"schema":{"@context":"https:\/\/schema.org","@graph":[{"@type":"WebPage","@id":"https:\/\/exclusive4-you.com\/es\/marriage-proposal-a-magical-proposal-in-the-woods\/","url":"https:\/\/exclusive4-you.com\/es\/marriage-proposal-a-magical-proposal-in-the-woods\/","name":"Propuesta de matrimonio: Una pedida de mano m\u00e1gica en el bosque |","isPartOf":{"@id":"https:\/\/exclusive4-you.com\/es\/#website"},"datePublished":"2023-12-09T11:29:20+00:00","dateModified":"2024-10-16T07:35:04+00:00","breadcrumb":{"@id":"https:\/\/exclusive4-you.com\/es\/marriage-proposal-a-magical-proposal-in-the-woods\/#breadcrumb"},"inLanguage":"es","potentialAction":[{"@type":"ReadAction","target":["https:\/\/exclusive4-you.com\/es\/marriage-proposal-a-magical-proposal-in-the-woods\/"]}]},{"@type":"BreadcrumbList","@id":"https:\/\/exclusive4-you.com\/es\/marriage-proposal-a-magical-proposal-in-the-woods\/#breadcrumb","itemListElement":[{"@type":"ListItem","position":1,"name":"Home","item":"https:\/\/exclusive4-you.com\/es\/"},{"@type":"ListItem","position":2,"name":"Propuesta de matrimonio: Una pedida de mano m\u00e1gica en el bosque"}]},{"@type":"WebSite","@id":"https:\/\/exclusive4-you.com\/es\/#website","url":"https:\/\/exclusive4-you.com\/es\/","name":"Event Planning","description":"","potentialAction":[{"@type":"SearchAction","target":{"@type":"EntryPoint","urlTemplate":"https:\/\/exclusive4-you.com\/es\/?s={search_term_string}"},"query-input":{"@type":"PropertyValueSpecification","valueRequired":true,"valueName":"search_term_string"}}],"inLanguage":"es"}]}},"_links":{"self":[{"href":"https:\/\/exclusive4-you.com\/es\/wp-json\/wp\/v2\/pages\/4334","targetHints":{"allow":["GET"]}}],"collection":[{"href":"https:\/\/exclusive4-you.com\/es\/wp-json\/wp\/v2\/pages"}],"about":[{"href":"https:\/\/exclusive4-you.com\/es\/wp-json\/wp\/v2\/types\/page"}],"author":[{"embeddable":true,"href":"https:\/\/exclusive4-you.com\/es\/wp-json\/wp\/v2\/users\/1"}],"replies":[{"embeddable":true,"href":"https:\/\/exclusive4-you.com\/es\/wp-json\/wp\/v2\/comments?post=4334"}],"version-history":[{"count":3,"href":"https:\/\/exclusive4-you.com\/es\/wp-json\/wp\/v2\/pages\/4334\/revisions"}],"predecessor-version":[{"id":4344,"href":"https:\/\/exclusive4-you.com\/es\/wp-json\/wp\/v2\/pages\/4334\/revisions\/4344"}],"wp:attachment":[{"href":"https:\/\/exclusive4-you.com\/es\/wp-json\/wp\/v2\/media?parent=4334"}],"curies":[{"name":"wp","href":"https:\/\/api.w.org\/{rel}","templated":true}]}}