{"id":4377,"date":"2023-12-09T12:04:56","date_gmt":"2023-12-09T12:04:56","guid":{"rendered":"https:\/\/exclusive4-you.com\/a-marriage-proposal-with-a-laser-show\/"},"modified":"2024-10-16T08:05:43","modified_gmt":"2024-10-16T08:05:43","slug":"a-marriage-proposal-with-a-laser-show","status":"publish","type":"page","link":"https:\/\/exclusive4-you.com\/es\/a-marriage-proposal-with-a-laser-show\/","title":{"rendered":"Una proposici\u00f3n de matrimonio: Con un espect\u00e1culo de l\u00e1ser"},"content":{"rendered":"\n<style type=\"text\/css\" data-created_by=\"avia_inline_auto\" id=\"style-css-av-3p760a-818c7945443896c32f1b50e6c77d4335\">\n.avia-section.av-3p760a-818c7945443896c32f1b50e6c77d4335{\nbackground-repeat:no-repeat;\nbackground-image:url(https:\/\/exclusive4-you.com\/wp-content\/uploads\/2023\/12\/handsome-man-and-beautiful-young-woman-with-glasses-of-virtual-reality-vr-games-entertainment-future-technology-concept-couple-with-virtual-reality-headset-having-fun-together-1500x973.webp);\nbackground-position:50% 50%;\nbackground-attachment:scroll;\n}\n<\/style>\n<div id='av_section_1'  class='avia-section av-3p760a-818c7945443896c32f1b50e6c77d4335 main_color avia-section-default avia-no-border-styling  avia-builder-el-0  el_before_av_textblock  avia-builder-el-first  avia-bg-style-scroll av-minimum-height av-minimum-height-100 av-height-100  container_wrap sidebar_right'  data-section-bg-repeat='no-repeat' data-av_minimum_height_pc='100' data-av_min_height_opt='100'><div class='container av-section-cont-open' ><main  role=\"main\" itemprop=\"mainContentOfPage\"  class='template-page content  av-content-small alpha units'><div class='post-entry post-entry-type-page post-entry-4377'><div class='entry-content-wrapper clearfix'>\n<div  class='av_promobox av-lpwj22v9-f7d2fc9dc08f5ead1cc1986202c205ca avia-button-yes  avia-builder-el-1  avia-builder-el-no-sibling '><div class='avia-promocontent'><p>Una proposici\u00f3n de matrimonio: Con un espect\u00e1culo de l\u00e1ser<\/p>\n<\/div><div  class='avia-button-wrap av-lpwj22v9-1a23d6c9ef58e44c21f5b17056d97aed-wrap avia-button-right '><a href='#form'  class='avia-button av-lpwj22v9-1a23d6c9ef58e44c21f5b17056d97aed avia-icon_select-no avia-size-large avia-position-right avia-color-theme-color'  ><span class='avia_iconbox_title' >Click me<\/span><\/a><\/div><\/div>\n<\/div><\/div><\/main><!-- close content main element --><\/div><\/div><div id='after_section_1'  class='main_color av_default_container_wrap container_wrap sidebar_right'  ><div class='container av-section-cont-open' ><div class='template-page content  av-content-small alpha units'><div class='post-entry post-entry-type-page post-entry-4377'><div class='entry-content-wrapper clearfix'><section  class='av_textblock_section av-2of7yy-02f5b48ff54d017637d2dc4689d2c228 '   itemscope=\"itemscope\" itemtype=\"https:\/\/schema.org\/CreativeWork\" ><div class='avia_textblock'  itemprop=\"text\" ><p>Regale a su amada una experiencia inolvidable<\/p>\n<\/div><\/section><\/p>\n\n<style type=\"text\/css\" data-created_by=\"avia_inline_auto\" id=\"style-css-av-lpwkgpmd-cc44b566c466d64d5cc9146ba4ad6ffd\">\n.avia-image-container.av-lpwkgpmd-cc44b566c466d64d5cc9146ba4ad6ffd img.avia_image{\nbox-shadow:none;\n}\n.avia-image-container.av-lpwkgpmd-cc44b566c466d64d5cc9146ba4ad6ffd .av-image-caption-overlay-center{\ncolor:#ffffff;\n}\n<\/style>\n<div  class='avia-image-container av-lpwkgpmd-cc44b566c466d64d5cc9146ba4ad6ffd av-styling- avia-align-center  avia-builder-el-3  el_after_av_textblock  el_before_av_textblock '   itemprop=\"image\" itemscope=\"itemscope\" itemtype=\"https:\/\/schema.org\/ImageObject\" ><div class=\"avia-image-container-inner\"><div class=\"avia-image-overlay-wrap\"><img decoding=\"async\" class='wp-image-4384 avia-img-lazy-loading-not-4384 avia_image ' src=\"https:\/\/exclusive4-you.com\/wp-content\/uploads\/2023\/12\/young-couple-spending-time-together-at-night-1500x1000.webp\" alt='' title='young-couple-spending-time-together-at-night'  height=\"1000\" width=\"1500\"  itemprop=\"thumbnailUrl\" srcset=\"https:\/\/exclusive4-you.com\/wp-content\/uploads\/2023\/12\/young-couple-spending-time-together-at-night-1500x1000.webp 1500w, https:\/\/exclusive4-you.com\/wp-content\/uploads\/2023\/12\/young-couple-spending-time-together-at-night-300x200.webp 300w, https:\/\/exclusive4-you.com\/wp-content\/uploads\/2023\/12\/young-couple-spending-time-together-at-night-1030x687.webp 1030w, https:\/\/exclusive4-you.com\/wp-content\/uploads\/2023\/12\/young-couple-spending-time-together-at-night-768x512.webp 768w, https:\/\/exclusive4-you.com\/wp-content\/uploads\/2023\/12\/young-couple-spending-time-together-at-night-1536x1024.webp 1536w, https:\/\/exclusive4-you.com\/wp-content\/uploads\/2023\/12\/young-couple-spending-time-together-at-night-705x470.webp 705w, https:\/\/exclusive4-you.com\/wp-content\/uploads\/2023\/12\/young-couple-spending-time-together-at-night.webp 1600w\" sizes=\"(max-width: 1500px) 100vw, 1500px\" \/><\/div><\/div><\/div>\n<section  class='av_textblock_section av-lpwkv472-9e337bf417d019d3f4f15aeeb5a7095b '   itemscope=\"itemscope\" itemtype=\"https:\/\/schema.org\/CreativeWork\" ><div class='avia_textblock'  itemprop=\"text\" ><p>Introducci\u00f3n.<br \/>\n\u00abExclusive for You\u00bb se complace en presentar nuestro servicio \u00fanico y emocionante &#8211; la organizaci\u00f3n de una propuesta de matrimonio con un espect\u00e1culo de l\u00e1ser fascinante. Esta experiencia \u00fanica promete convertir su importante evento en un verdadero espect\u00e1culo lleno de colores, luz y emociones inigualables.<br \/>\nEspect\u00e1culo l\u00e1ser &#8211; una expresi\u00f3n de su amor<br \/>\nLos espect\u00e1culos de l\u00e1ser son cada vez m\u00e1s populares como forma de a\u00f1adir brillo y originalidad a los momentos especiales de la vida. Nuestro equipo de profesionales est\u00e1 preparado para crear un espect\u00e1culo \u00fanico que refleje su historia de amor.<br \/>\nPlanificaci\u00f3n hasta el \u00faltimo detalle<br \/>\nPlanificamos cuidadosamente todos los aspectos de su propuesta, desde la elecci\u00f3n del lugar hasta la creaci\u00f3n de un espect\u00e1culo de l\u00e1ser \u00fanico. Nuestros especialistas trabajar\u00e1n junto a usted para asegurarse de que se tiene en cuenta hasta el \u00faltimo detalle.<br \/>\nLa tecnolog\u00eda al servicio de su amor<br \/>\nUtilizando la tecnolog\u00eda l\u00e1ser m\u00e1s avanzada, podemos crear un espect\u00e1culo que no s\u00f3lo le impresionar\u00e1 a usted y a su ser querido, sino que tambi\u00e9n ser\u00e1 digno de contar su historia \u00fanica.<br \/>\nUna sorpresa para su amada<br \/>\nImagine la impresi\u00f3n de su amada cuando vea su nombre y el suyo escritos con l\u00e1ser en el cielo nocturno. Ser\u00e1 un momento lleno de magia y romanticismo que permanecer\u00e1 en su coraz\u00f3n para siempre.<br \/>\nFotograf\u00eda y videograf\u00eda<br \/>\nNuestros fot\u00f3grafos y vide\u00f3grafos profesionales capturar\u00e1n cada momento de esta noche m\u00e1gica, asegur\u00e1ndose de que pueda revivir estos momentos una y otra vez.<br \/>\nP\u00f3ngase en contacto con nosotros<br \/>\nEstamos aqu\u00ed para ayudarle a crear la propuesta perfecta. P\u00f3ngase en contacto con nosotros<br \/>\n\n<div class=\"wpcf7 no-js\" id=\"wpcf7-f4317-o1\" lang=\"es-ES\" dir=\"ltr\">\n<div class=\"screen-reader-response\"><p role=\"status\" aria-live=\"polite\" aria-atomic=\"true\"><\/p> <ul><\/ul><\/div>\n<form action=\"\/es\/wp-json\/wp\/v2\/pages\/4377#wpcf7-f4317-o1\" method=\"post\" class=\"wpcf7-form init\" aria-label=\"Formulario de contacto\" novalidate=\"novalidate\" data-status=\"init\">\n<div style=\"display: none;\">\n<input type=\"hidden\" name=\"_wpcf7\" value=\"4317\" \/>\n<input type=\"hidden\" name=\"_wpcf7_version\" value=\"5.9.5\" \/>\n<input type=\"hidden\" name=\"_wpcf7_locale\" value=\"es_ES\" \/>\n<input type=\"hidden\" name=\"_wpcf7_unit_tag\" value=\"wpcf7-f4317-o1\" \/>\n<input type=\"hidden\" name=\"_wpcf7_container_post\" value=\"0\" \/>\n<input type=\"hidden\" name=\"_wpcf7_posted_data_hash\" value=\"\" \/>\n<input type=\"hidden\" name=\"_wpcf7_recaptcha_response\" value=\"\" \/>\n<\/div>\n<p><label> Su nombre<br \/>\n<span class=\"wpcf7-form-control-wrap\" data-name=\"your-name\"><input size=\"40\" class=\"wpcf7-form-control wpcf7-text wpcf7-validates-as-required\" autocomplete=\"name\" aria-required=\"true\" aria-invalid=\"false\" value=\"\" type=\"text\" name=\"your-name\" \/><\/span> <\/label>\n<\/p>\n<p><label> Tu correo electr\u00f3nico<br \/>\n<span class=\"wpcf7-form-control-wrap\" data-name=\"your-email\"><input size=\"40\" class=\"wpcf7-form-control wpcf7-email wpcf7-validates-as-required wpcf7-text wpcf7-validates-as-email\" autocomplete=\"email\" aria-required=\"true\" aria-invalid=\"false\" value=\"\" type=\"email\" name=\"your-email\" \/><\/span> <\/label>\n<\/p>\n<p><label> Asunto<br \/>\n<span class=\"wpcf7-form-control-wrap\" data-name=\"your-subject\"><input size=\"40\" class=\"wpcf7-form-control wpcf7-text wpcf7-validates-as-required\" aria-required=\"true\" aria-invalid=\"false\" value=\"\" type=\"text\" name=\"your-subject\" \/><\/span> <\/label>\n<\/p>\n<p><label> Su mensaje (opcional)<br \/>\n<span class=\"wpcf7-form-control-wrap\" data-name=\"your-message\"><textarea cols=\"40\" rows=\"10\" class=\"wpcf7-form-control wpcf7-textarea\" aria-invalid=\"false\" name=\"your-message\"><\/textarea><\/span> <\/label>\n<\/p>\n<p><input class=\"wpcf7-form-control wpcf7-submit has-spinner\" type=\"submit\" value=\"Enviar\" \/>\n<\/p><div class=\"wpcf7-response-output\" aria-hidden=\"true\"><\/div>\n<\/form>\n<\/div>\n<\/p>\n<\/div><\/section>\n","protected":false},"excerpt":{"rendered":"","protected":false},"author":1,"featured_media":0,"parent":0,"menu_order":0,"comment_status":"closed","ping_status":"closed","template":"","meta":{"footnotes":""},"class_list":["post-4377","page","type-page","status-publish","hentry"],"yoast_head":"<!-- This site is optimized with the Yoast SEO plugin v23.6 - https:\/\/yoast.com\/wordpress\/plugins\/seo\/ -->\n<title>Una proposici\u00f3n de matrimonio: Con un espect\u00e1culo de l\u00e1ser |<\/title>\n<meta name=\"robots\" content=\"index, follow, max-snippet:-1, max-image-preview:large, max-video-preview:-1\" \/>\n<link rel=\"canonical\" href=\"https:\/\/exclusive4-you.com\/es\/a-marriage-proposal-with-a-laser-show\/\" \/>\n<meta property=\"og:locale\" content=\"es_ES\" \/>\n<meta property=\"og:type\" content=\"article\" \/>\n<meta property=\"og:title\" content=\"Una proposici\u00f3n de matrimonio: Con un espect\u00e1culo de l\u00e1ser |\" \/>\n<meta property=\"og:url\" content=\"https:\/\/exclusive4-you.com\/es\/a-marriage-proposal-with-a-laser-show\/\" \/>\n<meta property=\"og:site_name\" content=\"Event Planning\" \/>\n<meta property=\"article:modified_time\" content=\"2024-10-16T08:05:43+00:00\" \/>\n<meta name=\"twitter:card\" content=\"summary_large_image\" \/>\n<meta name=\"twitter:label1\" content=\"Tiempo de lectura\" \/>\n\t<meta name=\"twitter:data1\" content=\"2 minutos\" \/>\n<script type=\"application\/ld+json\" class=\"yoast-schema-graph\">{\"@context\":\"https:\/\/schema.org\",\"@graph\":[{\"@type\":\"WebPage\",\"@id\":\"https:\/\/exclusive4-you.com\/es\/a-marriage-proposal-with-a-laser-show\/\",\"url\":\"https:\/\/exclusive4-you.com\/es\/a-marriage-proposal-with-a-laser-show\/\",\"name\":\"Una proposici\u00f3n de matrimonio: Con un espect\u00e1culo de l\u00e1ser |\",\"isPartOf\":{\"@id\":\"https:\/\/exclusive4-you.com\/es\/#website\"},\"datePublished\":\"2023-12-09T12:04:56+00:00\",\"dateModified\":\"2024-10-16T08:05:43+00:00\",\"breadcrumb\":{\"@id\":\"https:\/\/exclusive4-you.com\/es\/a-marriage-proposal-with-a-laser-show\/#breadcrumb\"},\"inLanguage\":\"es\",\"potentialAction\":[{\"@type\":\"ReadAction\",\"target\":[\"https:\/\/exclusive4-you.com\/es\/a-marriage-proposal-with-a-laser-show\/\"]}]},{\"@type\":\"BreadcrumbList\",\"@id\":\"https:\/\/exclusive4-you.com\/es\/a-marriage-proposal-with-a-laser-show\/#breadcrumb\",\"itemListElement\":[{\"@type\":\"ListItem\",\"position\":1,\"name\":\"Home\",\"item\":\"https:\/\/exclusive4-you.com\/es\/\"},{\"@type\":\"ListItem\",\"position\":2,\"name\":\"Una proposici\u00f3n de matrimonio: Con un espect\u00e1culo de l\u00e1ser\"}]},{\"@type\":\"WebSite\",\"@id\":\"https:\/\/exclusive4-you.com\/es\/#website\",\"url\":\"https:\/\/exclusive4-you.com\/es\/\",\"name\":\"Event Planning\",\"description\":\"\",\"potentialAction\":[{\"@type\":\"SearchAction\",\"target\":{\"@type\":\"EntryPoint\",\"urlTemplate\":\"https:\/\/exclusive4-you.com\/es\/?s={search_term_string}\"},\"query-input\":{\"@type\":\"PropertyValueSpecification\",\"valueRequired\":true,\"valueName\":\"search_term_string\"}}],\"inLanguage\":\"es\"}]}<\/script>\n<!-- \/ Yoast SEO plugin. -->","yoast_head_json":{"title":"Una proposici\u00f3n de matrimonio: Con un espect\u00e1culo de l\u00e1ser |","robots":{"index":"index","follow":"follow","max-snippet":"max-snippet:-1","max-image-preview":"max-image-preview:large","max-video-preview":"max-video-preview:-1"},"canonical":"https:\/\/exclusive4-you.com\/es\/a-marriage-proposal-with-a-laser-show\/","og_locale":"es_ES","og_type":"article","og_title":"Una proposici\u00f3n de matrimonio: Con un espect\u00e1culo de l\u00e1ser |","og_url":"https:\/\/exclusive4-you.com\/es\/a-marriage-proposal-with-a-laser-show\/","og_site_name":"Event Planning","article_modified_time":"2024-10-16T08:05:43+00:00","twitter_card":"summary_large_image","twitter_misc":{"Tiempo de lectura":"2 minutos"},"schema":{"@context":"https:\/\/schema.org","@graph":[{"@type":"WebPage","@id":"https:\/\/exclusive4-you.com\/es\/a-marriage-proposal-with-a-laser-show\/","url":"https:\/\/exclusive4-you.com\/es\/a-marriage-proposal-with-a-laser-show\/","name":"Una proposici\u00f3n de matrimonio: Con un espect\u00e1culo de l\u00e1ser |","isPartOf":{"@id":"https:\/\/exclusive4-you.com\/es\/#website"},"datePublished":"2023-12-09T12:04:56+00:00","dateModified":"2024-10-16T08:05:43+00:00","breadcrumb":{"@id":"https:\/\/exclusive4-you.com\/es\/a-marriage-proposal-with-a-laser-show\/#breadcrumb"},"inLanguage":"es","potentialAction":[{"@type":"ReadAction","target":["https:\/\/exclusive4-you.com\/es\/a-marriage-proposal-with-a-laser-show\/"]}]},{"@type":"BreadcrumbList","@id":"https:\/\/exclusive4-you.com\/es\/a-marriage-proposal-with-a-laser-show\/#breadcrumb","itemListElement":[{"@type":"ListItem","position":1,"name":"Home","item":"https:\/\/exclusive4-you.com\/es\/"},{"@type":"ListItem","position":2,"name":"Una proposici\u00f3n de matrimonio: Con un espect\u00e1culo de l\u00e1ser"}]},{"@type":"WebSite","@id":"https:\/\/exclusive4-you.com\/es\/#website","url":"https:\/\/exclusive4-you.com\/es\/","name":"Event Planning","description":"","potentialAction":[{"@type":"SearchAction","target":{"@type":"EntryPoint","urlTemplate":"https:\/\/exclusive4-you.com\/es\/?s={search_term_string}"},"query-input":{"@type":"PropertyValueSpecification","valueRequired":true,"valueName":"search_term_string"}}],"inLanguage":"es"}]}},"_links":{"self":[{"href":"https:\/\/exclusive4-you.com\/es\/wp-json\/wp\/v2\/pages\/4377","targetHints":{"allow":["GET"]}}],"collection":[{"href":"https:\/\/exclusive4-you.com\/es\/wp-json\/wp\/v2\/pages"}],"about":[{"href":"https:\/\/exclusive4-you.com\/es\/wp-json\/wp\/v2\/types\/page"}],"author":[{"embeddable":true,"href":"https:\/\/exclusive4-you.com\/es\/wp-json\/wp\/v2\/users\/1"}],"replies":[{"embeddable":true,"href":"https:\/\/exclusive4-you.com\/es\/wp-json\/wp\/v2\/comments?post=4377"}],"version-history":[{"count":3,"href":"https:\/\/exclusive4-you.com\/es\/wp-json\/wp\/v2\/pages\/4377\/revisions"}],"predecessor-version":[{"id":4386,"href":"https:\/\/exclusive4-you.com\/es\/wp-json\/wp\/v2\/pages\/4377\/revisions\/4386"}],"wp:attachment":[{"href":"https:\/\/exclusive4-you.com\/es\/wp-json\/wp\/v2\/media?parent=4377"}],"curies":[{"name":"wp","href":"https:\/\/api.w.org\/{rel}","templated":true}]}}