{"id":4404,"date":"2023-12-09T12:17:22","date_gmt":"2023-12-09T12:17:22","guid":{"rendered":"https:\/\/exclusive4-you.com\/a-marriage-proposal-with-the-help-of-a-quadcopter\/"},"modified":"2024-10-16T09:02:26","modified_gmt":"2024-10-16T09:02:26","slug":"a-marriage-proposal-with-the-help-of-a-quadcopter","status":"publish","type":"page","link":"https:\/\/exclusive4-you.com\/es\/a-marriage-proposal-with-the-help-of-a-quadcopter\/","title":{"rendered":"Una propuesta de matrimonio: Con la ayuda de un cuadric\u00f3ptero"},"content":{"rendered":"\n<style type=\"text\/css\" data-created_by=\"avia_inline_auto\" id=\"style-css-av-3p760a-b3a6006040149059f947e1b1c04ca33a\">\n.avia-section.av-3p760a-b3a6006040149059f947e1b1c04ca33a{\nbackground-repeat:no-repeat;\nbackground-image:url(https:\/\/exclusive4-you.com\/wp-content\/uploads\/2023\/12\/medium-shot-smiley-people-holding-drone-outdoors-1500x1000.webp);\nbackground-position:50% 50%;\nbackground-attachment:scroll;\n}\n<\/style>\n<div id='av_section_1'  class='avia-section av-3p760a-b3a6006040149059f947e1b1c04ca33a main_color avia-section-default avia-no-border-styling  avia-builder-el-0  el_before_av_textblock  avia-builder-el-first  avia-bg-style-scroll av-minimum-height av-minimum-height-100 av-height-100  container_wrap sidebar_right'  data-section-bg-repeat='no-repeat' data-av_minimum_height_pc='100' data-av_min_height_opt='100'><div class='container av-section-cont-open' ><main  role=\"main\" itemprop=\"mainContentOfPage\"  class='template-page content  av-content-small alpha units'><div class='post-entry post-entry-type-page post-entry-4404'><div class='entry-content-wrapper clearfix'>\n<div  class='av_promobox av-lpwj22v9-f7d2fc9dc08f5ead1cc1986202c205ca avia-button-yes  avia-builder-el-1  avia-builder-el-no-sibling '><div class='avia-promocontent'><p>Una propuesta de matrimonio: Con la ayuda de un cuadric\u00f3ptero<\/p>\n<\/div><div  class='avia-button-wrap av-lpwj22v9-1a23d6c9ef58e44c21f5b17056d97aed-wrap avia-button-right '><a href='#form'  class='avia-button av-lpwj22v9-1a23d6c9ef58e44c21f5b17056d97aed avia-icon_select-no avia-size-large avia-position-right avia-color-theme-color'  ><span class='avia_iconbox_title' >Click me<\/span><\/a><\/div><\/div>\n<\/div><\/div><\/main><!-- close content main element --><\/div><\/div><div id='after_section_1'  class='main_color av_default_container_wrap container_wrap sidebar_right'  ><div class='container av-section-cont-open' ><div class='template-page content  av-content-small alpha units'><div class='post-entry post-entry-type-page post-entry-4404'><div class='entry-content-wrapper clearfix'><section  class='av_textblock_section av-2of7yy-02f5b48ff54d017637d2dc4689d2c228 '   itemscope=\"itemscope\" itemtype=\"https:\/\/schema.org\/CreativeWork\" ><div class='avia_textblock'  itemprop=\"text\" ><p>\u00a1Una forma innovadora e inolvidable de dar el paso m\u00e1s importante de tu vida!<\/p>\n<\/div><\/section><\/p>\n\n<style type=\"text\/css\" data-created_by=\"avia_inline_auto\" id=\"style-css-av-lpwkgpmd-465749154660ada9abcb8f670ca3a7bb\">\n.avia-image-container.av-lpwkgpmd-465749154660ada9abcb8f670ca3a7bb img.avia_image{\nbox-shadow:none;\n}\n.avia-image-container.av-lpwkgpmd-465749154660ada9abcb8f670ca3a7bb .av-image-caption-overlay-center{\ncolor:#ffffff;\n}\n<\/style>\n<div  class='avia-image-container av-lpwkgpmd-465749154660ada9abcb8f670ca3a7bb av-styling- avia-align-center  avia-builder-el-3  el_after_av_textblock  el_before_av_textblock '   itemprop=\"image\" itemscope=\"itemscope\" itemtype=\"https:\/\/schema.org\/ImageObject\" ><div class=\"avia-image-container-inner\"><div class=\"avia-image-overlay-wrap\"><img decoding=\"async\" class='wp-image-4412 avia-img-lazy-loading-not-4412 avia_image ' src=\"https:\/\/exclusive4-you.com\/wp-content\/uploads\/2023\/12\/happy-female-and-male-travellers-with-bags-and-modern-technologies-for-making-photos-and-video-of-what-they-see-1500x1000.webp\" alt='' title='happy-female-and-male-travellers-with-bags-and-modern-technologies-for-making-photos-and-video-of-what-they-see'  height=\"1000\" width=\"1500\"  itemprop=\"thumbnailUrl\" srcset=\"https:\/\/exclusive4-you.com\/wp-content\/uploads\/2023\/12\/happy-female-and-male-travellers-with-bags-and-modern-technologies-for-making-photos-and-video-of-what-they-see-1500x1000.webp 1500w, https:\/\/exclusive4-you.com\/wp-content\/uploads\/2023\/12\/happy-female-and-male-travellers-with-bags-and-modern-technologies-for-making-photos-and-video-of-what-they-see-300x200.webp 300w, https:\/\/exclusive4-you.com\/wp-content\/uploads\/2023\/12\/happy-female-and-male-travellers-with-bags-and-modern-technologies-for-making-photos-and-video-of-what-they-see-1030x687.webp 1030w, https:\/\/exclusive4-you.com\/wp-content\/uploads\/2023\/12\/happy-female-and-male-travellers-with-bags-and-modern-technologies-for-making-photos-and-video-of-what-they-see-768x512.webp 768w, https:\/\/exclusive4-you.com\/wp-content\/uploads\/2023\/12\/happy-female-and-male-travellers-with-bags-and-modern-technologies-for-making-photos-and-video-of-what-they-see-1536x1024.webp 1536w, https:\/\/exclusive4-you.com\/wp-content\/uploads\/2023\/12\/happy-female-and-male-travellers-with-bags-and-modern-technologies-for-making-photos-and-video-of-what-they-see-705x470.webp 705w, https:\/\/exclusive4-you.com\/wp-content\/uploads\/2023\/12\/happy-female-and-male-travellers-with-bags-and-modern-technologies-for-making-photos-and-video-of-what-they-see.webp 1600w\" sizes=\"(max-width: 1500px) 100vw, 1500px\" \/><\/div><\/div><\/div>\n<section  class='av_textblock_section av-lpwkv472-9e337bf417d019d3f4f15aeeb5a7095b '   itemscope=\"itemscope\" itemtype=\"https:\/\/schema.org\/CreativeWork\" ><div class='avia_textblock'  itemprop=\"text\" ><p>Introducci\u00f3n<br \/>\nBienvenido a la p\u00e1gina web de \u00abExclusivo para ti\u00bb. Le ofrecemos un servicio \u00fanico e innovador: la organizaci\u00f3n de una pedida de mano con un cuadric\u00f3ptero. Este enfoque moderno y creativo de uno de los momentos m\u00e1s importantes de su vida dejar\u00e1 impresiones y emociones inolvidables tanto para usted como para su ser querido.<br \/>\nUn milagro tecnol\u00f3gico<br \/>\nUn cuadric\u00f3ptero es un dron de alta tecnolog\u00eda que puede volar largas distancias y alturas mientras transporta peque\u00f1os objetos, como un anillo de compromiso. Su pareja se quedar\u00e1 boquiabierta cuando vea volar el cuadric\u00f3ptero hacia ella portando el anillo o una nota de pedida de mano.<br \/>\nPlanificaci\u00f3n hasta el \u00faltimo detalle<br \/>\nNuestros profesionales le ayudar\u00e1n a planificar la pedida de mano perfecta, discutiendo cada detalle, desde el lugar y la hora del evento hasta la m\u00fasica y los efectos especiales. Le proporcionaremos asistencia t\u00e9cnica y coordinaci\u00f3n para que todo salga a la perfecci\u00f3n.<br \/>\nAmbiente rom\u00e1ntico<br \/>\nCree una atm\u00f3sfera rom\u00e1ntica eligiendo un lugar pintoresco para su pedida de mano: puede ser un parque, la orilla de un lago o incluso la azotea de un rascacielos. A\u00f1ada m\u00fasica, flores y velas para que el momento sea a\u00fan m\u00e1s inolvidable.<br \/>\nUna experiencia \u00fanica<br \/>\nEste servicio no es s\u00f3lo una oferta, sino un aut\u00e9ntico espect\u00e1culo que dejar\u00e1 una impresi\u00f3n para toda la vida. Tu novia estar\u00e1 encantada con tu creatividad y tu voluntad de dar un paso tan poco convencional por ella.<br \/>\nHaz fotos y v\u00eddeos<br \/>\nNo te olvides de capturar este momento \u00fanico. Ofrecemos servicios profesionales de fotograf\u00eda y v\u00eddeo para conservar los recuerdos de tu pedida de mano durante a\u00f1os.<br \/>\nP\u00f3ngase en contacto con nosotros<br \/>\nEstamos siempre dispuestos a responder a todas sus preguntas y a ayudarle a organizar este acontecimiento inolvidable. P\u00f3ngase en contacto con nosotros por tel\u00e9fono<\/p>\n<p>Conclusi\u00f3n.<br \/>\nAl elegir un servicio de propuesta de matrimonio con un quadcopter de Exclusive for You, elige una experiencia inolvidable, tecnolog\u00eda moderna y un enfoque profesional para uno de los momentos m\u00e1s importantes de su vida. Estaremos encantados de ayudarle a que este d\u00eda sea inolvidable.<br \/>\n\n<div class=\"wpcf7 no-js\" id=\"wpcf7-f4317-o1\" lang=\"es-ES\" dir=\"ltr\">\n<div class=\"screen-reader-response\"><p role=\"status\" aria-live=\"polite\" aria-atomic=\"true\"><\/p> <ul><\/ul><\/div>\n<form action=\"\/es\/wp-json\/wp\/v2\/pages\/4404#wpcf7-f4317-o1\" method=\"post\" class=\"wpcf7-form init\" aria-label=\"Formulario de contacto\" novalidate=\"novalidate\" data-status=\"init\">\n<div style=\"display: none;\">\n<input type=\"hidden\" name=\"_wpcf7\" value=\"4317\" \/>\n<input type=\"hidden\" name=\"_wpcf7_version\" value=\"5.9.5\" \/>\n<input type=\"hidden\" name=\"_wpcf7_locale\" value=\"es_ES\" \/>\n<input type=\"hidden\" name=\"_wpcf7_unit_tag\" value=\"wpcf7-f4317-o1\" \/>\n<input type=\"hidden\" name=\"_wpcf7_container_post\" value=\"0\" \/>\n<input type=\"hidden\" name=\"_wpcf7_posted_data_hash\" value=\"\" \/>\n<input type=\"hidden\" name=\"_wpcf7_recaptcha_response\" value=\"\" \/>\n<\/div>\n<p><label> Su nombre<br \/>\n<span class=\"wpcf7-form-control-wrap\" data-name=\"your-name\"><input size=\"40\" class=\"wpcf7-form-control wpcf7-text wpcf7-validates-as-required\" autocomplete=\"name\" aria-required=\"true\" aria-invalid=\"false\" value=\"\" type=\"text\" name=\"your-name\" \/><\/span> <\/label>\n<\/p>\n<p><label> Tu correo electr\u00f3nico<br \/>\n<span class=\"wpcf7-form-control-wrap\" data-name=\"your-email\"><input size=\"40\" class=\"wpcf7-form-control wpcf7-email wpcf7-validates-as-required wpcf7-text wpcf7-validates-as-email\" autocomplete=\"email\" aria-required=\"true\" aria-invalid=\"false\" value=\"\" type=\"email\" name=\"your-email\" \/><\/span> <\/label>\n<\/p>\n<p><label> Asunto<br \/>\n<span class=\"wpcf7-form-control-wrap\" data-name=\"your-subject\"><input size=\"40\" class=\"wpcf7-form-control wpcf7-text wpcf7-validates-as-required\" aria-required=\"true\" aria-invalid=\"false\" value=\"\" type=\"text\" name=\"your-subject\" \/><\/span> <\/label>\n<\/p>\n<p><label> Su mensaje (opcional)<br \/>\n<span class=\"wpcf7-form-control-wrap\" data-name=\"your-message\"><textarea cols=\"40\" rows=\"10\" class=\"wpcf7-form-control wpcf7-textarea\" aria-invalid=\"false\" name=\"your-message\"><\/textarea><\/span> <\/label>\n<\/p>\n<p><input class=\"wpcf7-form-control wpcf7-submit has-spinner\" type=\"submit\" value=\"Enviar\" \/>\n<\/p><div class=\"wpcf7-response-output\" aria-hidden=\"true\"><\/div>\n<\/form>\n<\/div>\n<\/p>\n<\/div><\/section>\n\n<style type=\"text\/css\" data-created_by=\"avia_inline_auto\" id=\"style-css-av-lpy10fa9-201f47a7f9b60ef8d1b05dbad5a31905\">\n.avia-image-container.av-lpy10fa9-201f47a7f9b60ef8d1b05dbad5a31905 img.avia_image{\nbox-shadow:none;\n}\n.avia-image-container.av-lpy10fa9-201f47a7f9b60ef8d1b05dbad5a31905 .av-image-caption-overlay-center{\ncolor:#ffffff;\n}\n<\/style>\n<div  class='avia-image-container av-lpy10fa9-201f47a7f9b60ef8d1b05dbad5a31905 av-styling- avia-align-center  avia-builder-el-5  el_after_av_textblock  avia-builder-el-last '   itemprop=\"image\" itemscope=\"itemscope\" itemtype=\"https:\/\/schema.org\/ImageObject\" ><div class=\"avia-image-container-inner\"><div class=\"avia-image-overlay-wrap\"><img decoding=\"async\" class='wp-image-4413 avia-img-lazy-loading-not-4413 avia_image ' src=\"https:\/\/exclusive4-you.com\/wp-content\/uploads\/2023\/12\/handsome-young-businessman-walking-on-city-street-operating-drone-wearing-smart-casual-outfit-of-jeans-and-white-shirt-urban-lifestyle-of-young-professionals-1500x1001.webp\" alt='' title='handsome-young-businessman-walking-on-city-street-operating-drone-wearing-smart-casual-outfit-of-jeans-and-white-shirt-urban-lifestyle-of-young-professionals'  height=\"1001\" width=\"1500\"  itemprop=\"thumbnailUrl\" srcset=\"https:\/\/exclusive4-you.com\/wp-content\/uploads\/2023\/12\/handsome-young-businessman-walking-on-city-street-operating-drone-wearing-smart-casual-outfit-of-jeans-and-white-shirt-urban-lifestyle-of-young-professionals-1500x1001.webp 1500w, https:\/\/exclusive4-you.com\/wp-content\/uploads\/2023\/12\/handsome-young-businessman-walking-on-city-street-operating-drone-wearing-smart-casual-outfit-of-jeans-and-white-shirt-urban-lifestyle-of-young-professionals-300x200.webp 300w, https:\/\/exclusive4-you.com\/wp-content\/uploads\/2023\/12\/handsome-young-businessman-walking-on-city-street-operating-drone-wearing-smart-casual-outfit-of-jeans-and-white-shirt-urban-lifestyle-of-young-professionals-1030x688.webp 1030w, https:\/\/exclusive4-you.com\/wp-content\/uploads\/2023\/12\/handsome-young-businessman-walking-on-city-street-operating-drone-wearing-smart-casual-outfit-of-jeans-and-white-shirt-urban-lifestyle-of-young-professionals-768x513.webp 768w, https:\/\/exclusive4-you.com\/wp-content\/uploads\/2023\/12\/handsome-young-businessman-walking-on-city-street-operating-drone-wearing-smart-casual-outfit-of-jeans-and-white-shirt-urban-lifestyle-of-young-professionals-1536x1025.webp 1536w, https:\/\/exclusive4-you.com\/wp-content\/uploads\/2023\/12\/handsome-young-businessman-walking-on-city-street-operating-drone-wearing-smart-casual-outfit-of-jeans-and-white-shirt-urban-lifestyle-of-young-professionals-705x471.webp 705w, https:\/\/exclusive4-you.com\/wp-content\/uploads\/2023\/12\/handsome-young-businessman-walking-on-city-street-operating-drone-wearing-smart-casual-outfit-of-jeans-and-white-shirt-urban-lifestyle-of-young-professionals.webp 1600w\" sizes=\"(max-width: 1500px) 100vw, 1500px\" \/><\/div><\/div><\/div>\n","protected":false},"excerpt":{"rendered":"","protected":false},"author":1,"featured_media":0,"parent":0,"menu_order":0,"comment_status":"closed","ping_status":"closed","template":"","meta":{"footnotes":""},"class_list":["post-4404","page","type-page","status-publish","hentry"],"yoast_head":"<!-- This site is optimized with the Yoast SEO plugin v23.6 - https:\/\/yoast.com\/wordpress\/plugins\/seo\/ -->\n<title>Una propuesta de matrimonio: Con la ayuda de un cuadric\u00f3ptero |<\/title>\n<meta name=\"robots\" content=\"index, follow, max-snippet:-1, max-image-preview:large, max-video-preview:-1\" \/>\n<link rel=\"canonical\" href=\"https:\/\/exclusive4-you.com\/es\/a-marriage-proposal-with-the-help-of-a-quadcopter\/\" \/>\n<meta property=\"og:locale\" content=\"es_ES\" \/>\n<meta property=\"og:type\" content=\"article\" \/>\n<meta property=\"og:title\" content=\"Una propuesta de matrimonio: Con la ayuda de un cuadric\u00f3ptero |\" \/>\n<meta property=\"og:url\" content=\"https:\/\/exclusive4-you.com\/es\/a-marriage-proposal-with-the-help-of-a-quadcopter\/\" \/>\n<meta property=\"og:site_name\" content=\"Event Planning\" \/>\n<meta property=\"article:modified_time\" content=\"2024-10-16T09:02:26+00:00\" \/>\n<meta name=\"twitter:card\" content=\"summary_large_image\" \/>\n<meta name=\"twitter:label1\" content=\"Tiempo de lectura\" \/>\n\t<meta name=\"twitter:data1\" content=\"2 minutos\" \/>\n<script type=\"application\/ld+json\" class=\"yoast-schema-graph\">{\"@context\":\"https:\/\/schema.org\",\"@graph\":[{\"@type\":\"WebPage\",\"@id\":\"https:\/\/exclusive4-you.com\/es\/a-marriage-proposal-with-the-help-of-a-quadcopter\/\",\"url\":\"https:\/\/exclusive4-you.com\/es\/a-marriage-proposal-with-the-help-of-a-quadcopter\/\",\"name\":\"Una propuesta de matrimonio: Con la ayuda de un cuadric\u00f3ptero |\",\"isPartOf\":{\"@id\":\"https:\/\/exclusive4-you.com\/es\/#website\"},\"datePublished\":\"2023-12-09T12:17:22+00:00\",\"dateModified\":\"2024-10-16T09:02:26+00:00\",\"breadcrumb\":{\"@id\":\"https:\/\/exclusive4-you.com\/es\/a-marriage-proposal-with-the-help-of-a-quadcopter\/#breadcrumb\"},\"inLanguage\":\"es\",\"potentialAction\":[{\"@type\":\"ReadAction\",\"target\":[\"https:\/\/exclusive4-you.com\/es\/a-marriage-proposal-with-the-help-of-a-quadcopter\/\"]}]},{\"@type\":\"BreadcrumbList\",\"@id\":\"https:\/\/exclusive4-you.com\/es\/a-marriage-proposal-with-the-help-of-a-quadcopter\/#breadcrumb\",\"itemListElement\":[{\"@type\":\"ListItem\",\"position\":1,\"name\":\"Home\",\"item\":\"https:\/\/exclusive4-you.com\/es\/\"},{\"@type\":\"ListItem\",\"position\":2,\"name\":\"Una propuesta de matrimonio: Con la ayuda de un cuadric\u00f3ptero\"}]},{\"@type\":\"WebSite\",\"@id\":\"https:\/\/exclusive4-you.com\/es\/#website\",\"url\":\"https:\/\/exclusive4-you.com\/es\/\",\"name\":\"Event Planning\",\"description\":\"\",\"potentialAction\":[{\"@type\":\"SearchAction\",\"target\":{\"@type\":\"EntryPoint\",\"urlTemplate\":\"https:\/\/exclusive4-you.com\/es\/?s={search_term_string}\"},\"query-input\":{\"@type\":\"PropertyValueSpecification\",\"valueRequired\":true,\"valueName\":\"search_term_string\"}}],\"inLanguage\":\"es\"}]}<\/script>\n<!-- \/ Yoast SEO plugin. -->","yoast_head_json":{"title":"Una propuesta de matrimonio: Con la ayuda de un cuadric\u00f3ptero |","robots":{"index":"index","follow":"follow","max-snippet":"max-snippet:-1","max-image-preview":"max-image-preview:large","max-video-preview":"max-video-preview:-1"},"canonical":"https:\/\/exclusive4-you.com\/es\/a-marriage-proposal-with-the-help-of-a-quadcopter\/","og_locale":"es_ES","og_type":"article","og_title":"Una propuesta de matrimonio: Con la ayuda de un cuadric\u00f3ptero |","og_url":"https:\/\/exclusive4-you.com\/es\/a-marriage-proposal-with-the-help-of-a-quadcopter\/","og_site_name":"Event Planning","article_modified_time":"2024-10-16T09:02:26+00:00","twitter_card":"summary_large_image","twitter_misc":{"Tiempo de lectura":"2 minutos"},"schema":{"@context":"https:\/\/schema.org","@graph":[{"@type":"WebPage","@id":"https:\/\/exclusive4-you.com\/es\/a-marriage-proposal-with-the-help-of-a-quadcopter\/","url":"https:\/\/exclusive4-you.com\/es\/a-marriage-proposal-with-the-help-of-a-quadcopter\/","name":"Una propuesta de matrimonio: Con la ayuda de un cuadric\u00f3ptero |","isPartOf":{"@id":"https:\/\/exclusive4-you.com\/es\/#website"},"datePublished":"2023-12-09T12:17:22+00:00","dateModified":"2024-10-16T09:02:26+00:00","breadcrumb":{"@id":"https:\/\/exclusive4-you.com\/es\/a-marriage-proposal-with-the-help-of-a-quadcopter\/#breadcrumb"},"inLanguage":"es","potentialAction":[{"@type":"ReadAction","target":["https:\/\/exclusive4-you.com\/es\/a-marriage-proposal-with-the-help-of-a-quadcopter\/"]}]},{"@type":"BreadcrumbList","@id":"https:\/\/exclusive4-you.com\/es\/a-marriage-proposal-with-the-help-of-a-quadcopter\/#breadcrumb","itemListElement":[{"@type":"ListItem","position":1,"name":"Home","item":"https:\/\/exclusive4-you.com\/es\/"},{"@type":"ListItem","position":2,"name":"Una propuesta de matrimonio: Con la ayuda de un cuadric\u00f3ptero"}]},{"@type":"WebSite","@id":"https:\/\/exclusive4-you.com\/es\/#website","url":"https:\/\/exclusive4-you.com\/es\/","name":"Event Planning","description":"","potentialAction":[{"@type":"SearchAction","target":{"@type":"EntryPoint","urlTemplate":"https:\/\/exclusive4-you.com\/es\/?s={search_term_string}"},"query-input":{"@type":"PropertyValueSpecification","valueRequired":true,"valueName":"search_term_string"}}],"inLanguage":"es"}]}},"_links":{"self":[{"href":"https:\/\/exclusive4-you.com\/es\/wp-json\/wp\/v2\/pages\/4404","targetHints":{"allow":["GET"]}}],"collection":[{"href":"https:\/\/exclusive4-you.com\/es\/wp-json\/wp\/v2\/pages"}],"about":[{"href":"https:\/\/exclusive4-you.com\/es\/wp-json\/wp\/v2\/types\/page"}],"author":[{"embeddable":true,"href":"https:\/\/exclusive4-you.com\/es\/wp-json\/wp\/v2\/users\/1"}],"replies":[{"embeddable":true,"href":"https:\/\/exclusive4-you.com\/es\/wp-json\/wp\/v2\/comments?post=4404"}],"version-history":[{"count":2,"href":"https:\/\/exclusive4-you.com\/es\/wp-json\/wp\/v2\/pages\/4404\/revisions"}],"predecessor-version":[{"id":4414,"href":"https:\/\/exclusive4-you.com\/es\/wp-json\/wp\/v2\/pages\/4404\/revisions\/4414"}],"wp:attachment":[{"href":"https:\/\/exclusive4-you.com\/es\/wp-json\/wp\/v2\/media?parent=4404"}],"curies":[{"name":"wp","href":"https:\/\/api.w.org\/{rel}","templated":true}]}}