{"id":4418,"date":"2023-12-08T11:08:54","date_gmt":"2023-12-08T11:08:54","guid":{"rendered":"https:\/\/exclusive4-you.com\/romantic-picnic\/"},"modified":"2025-06-17T02:11:28","modified_gmt":"2025-06-17T02:11:28","slug":"romantic-picnic","status":"publish","type":"page","link":"https:\/\/exclusive4-you.com\/es\/romantic-picnic\/","title":{"rendered":"Picnic rom\u00e1ntico"},"content":{"rendered":"\n<style type=\"text\/css\" data-created_by=\"avia_inline_auto\" id=\"style-css-av-3p760a-e9d39cf7d98a82b3caa04964970966f2\">\n.avia-section.av-3p760a-e9d39cf7d98a82b3caa04964970966f2{\nbackground-repeat:no-repeat;\nbackground-image:url(https:\/\/exclusive4-you.com\/wp-content\/uploads\/2023\/12\/playful-couple-lying-on-a-blanket-with-wine-glasses.webp);\nbackground-position:50% 50%;\nbackground-attachment:scroll;\n}\n<\/style>\n<div id='av_section_1'  class='avia-section av-3p760a-e9d39cf7d98a82b3caa04964970966f2 main_color avia-section-default avia-no-border-styling  avia-builder-el-0  el_before_av_textblock  avia-builder-el-first  avia-bg-style-scroll av-minimum-height av-minimum-height-100 av-height-100  container_wrap sidebar_right'  data-section-bg-repeat='no-repeat' data-av_minimum_height_pc='100' data-av_min_height_opt='100'><div class='container av-section-cont-open' ><main  role=\"main\" itemprop=\"mainContentOfPage\"  class='template-page content  av-content-small alpha units'><div class='post-entry post-entry-type-page post-entry-4418'><div class='entry-content-wrapper clearfix'>\n<div  class='av_promobox av-lpwj22v9-f7d2fc9dc08f5ead1cc1986202c205ca avia-button-yes  avia-builder-el-1  avia-builder-el-no-sibling '><div class='avia-promocontent'><p>Picnic rom\u00e1ntico<\/p>\n<\/div><div  class='avia-button-wrap av-lpwj22v9-1a23d6c9ef58e44c21f5b17056d97aed-wrap avia-button-right '><a href='#form'  class='avia-button av-lpwj22v9-1a23d6c9ef58e44c21f5b17056d97aed avia-icon_select-no avia-size-large avia-position-right avia-color-theme-color'  ><span class='avia_iconbox_title' >Click me<\/span><\/a><\/div><\/div>\n<\/div><\/div><\/main><!-- close content main element --><\/div><\/div><div id='after_section_1'  class='main_color av_default_container_wrap container_wrap sidebar_right'  ><div class='container av-section-cont-open' ><div class='template-page content  av-content-small alpha units'><div class='post-entry post-entry-type-page post-entry-4418'><div class='entry-content-wrapper clearfix'>\n<section  class='av_textblock_section av-2of7yy-02f5b48ff54d017637d2dc4689d2c228 '   itemscope=\"itemscope\" itemtype=\"https:\/\/schema.org\/CreativeWork\" ><div class='avia_textblock'  itemprop=\"text\" ><p>\u00bfHa so\u00f1ado alguna vez con una velada perfecta bajo las estrellas, rodeado de bellos paisajes y en compa\u00f1\u00eda de su ser querido? Nuestro equipo de Exclusive for You est\u00e1 aqu\u00ed para hacer realidad sus sue\u00f1os. Somos expertos en organizar inolvidables veladas rom\u00e1nticas al aire libre que llenar\u00e1n sus corazones de calidez y alegr\u00eda.<\/p>\n<\/div><\/section>\n\n<style type=\"text\/css\" data-created_by=\"avia_inline_auto\" id=\"style-css-av-lpwkgpmd-e0b84e6c67b904faa0d5440287c37e04\">\n.avia-image-container.av-lpwkgpmd-e0b84e6c67b904faa0d5440287c37e04 img.avia_image{\nbox-shadow:none;\n}\n.avia-image-container.av-lpwkgpmd-e0b84e6c67b904faa0d5440287c37e04 .av-image-caption-overlay-center{\ncolor:#ffffff;\n}\n<\/style>\n<div  class='avia-image-container av-lpwkgpmd-e0b84e6c67b904faa0d5440287c37e04 av-styling- avia-align-center  avia-builder-el-3  el_after_av_textblock  el_before_av_textblock '   itemprop=\"image\" itemscope=\"itemscope\" itemtype=\"https:\/\/schema.org\/ImageObject\" ><div class=\"avia-image-container-inner\"><div class=\"avia-image-overlay-wrap\"><img decoding=\"async\" class='wp-image-4427 avia-img-lazy-loading-not-4427 avia_image ' src=\"https:\/\/exclusive4-you.com\/wp-content\/uploads\/2023\/12\/picnic-with-a-view-young-romantic-couple-having-date-on-sandy-beach-enjoying-time-together-at-1500x1000.webp\" alt='' title='picnic-with-a-view-young-romantic-couple-having-date-on-sandy-beach-enjoying-time-together-at'  height=\"1000\" width=\"1500\"  itemprop=\"thumbnailUrl\" srcset=\"https:\/\/exclusive4-you.com\/wp-content\/uploads\/2023\/12\/picnic-with-a-view-young-romantic-couple-having-date-on-sandy-beach-enjoying-time-together-at-1500x1000.webp 1500w, https:\/\/exclusive4-you.com\/wp-content\/uploads\/2023\/12\/picnic-with-a-view-young-romantic-couple-having-date-on-sandy-beach-enjoying-time-together-at-300x200.webp 300w, https:\/\/exclusive4-you.com\/wp-content\/uploads\/2023\/12\/picnic-with-a-view-young-romantic-couple-having-date-on-sandy-beach-enjoying-time-together-at-1030x687.webp 1030w, https:\/\/exclusive4-you.com\/wp-content\/uploads\/2023\/12\/picnic-with-a-view-young-romantic-couple-having-date-on-sandy-beach-enjoying-time-together-at-768x512.webp 768w, https:\/\/exclusive4-you.com\/wp-content\/uploads\/2023\/12\/picnic-with-a-view-young-romantic-couple-having-date-on-sandy-beach-enjoying-time-together-at-1536x1024.webp 1536w, https:\/\/exclusive4-you.com\/wp-content\/uploads\/2023\/12\/picnic-with-a-view-young-romantic-couple-having-date-on-sandy-beach-enjoying-time-together-at-705x470.webp 705w, https:\/\/exclusive4-you.com\/wp-content\/uploads\/2023\/12\/picnic-with-a-view-young-romantic-couple-having-date-on-sandy-beach-enjoying-time-together-at.webp 1600w\" sizes=\"(max-width: 1500px) 100vw, 1500px\" \/><\/div><\/div><\/div>\n<section  class='av_textblock_section av-lpwkv472-9e337bf417d019d3f4f15aeeb5a7095b '   itemscope=\"itemscope\" itemtype=\"https:\/\/schema.org\/CreativeWork\" ><div class='avia_textblock'  itemprop=\"text\" ><p>\u0412\u043e\u0442 \u043f\u0440\u043e\u0444\u0435\u0441\u0441\u0438\u043e\u043d\u0430\u043b\u044c\u043d\u044b\u0439 \u043f\u0435\u0440\u0435\u0432\u043e\u0434 \u0442\u0435\u043a\u0441\u0442\u0430 \u043d\u0430 <strong>\u0438\u0441\u043f\u0430\u043d\u0441\u043a\u0438\u0439 \u044f\u0437\u044b\u043a<\/strong>, \u0430\u0434\u0430\u043f\u0442\u0438\u0440\u043e\u0432\u0430\u043d\u043d\u044b\u0439 \u0434\u043b\u044f \u0441\u0430\u0439\u0442\u0430 \u0438 \u043a\u043b\u0438\u0435\u043d\u0442\u043e\u0432:<\/p>\n<hr \/>\n<h2>\u00bfPor qu\u00e9 elegirnos?<\/h2>\n<ul>\n<li><strong>Enfoque personalizado para cada cliente<\/strong><br \/>\nTus deseos son nuestra prioridad. Discutimos cuidadosamente todos los detalles del evento para tener en cuenta tus preferencias y crear el ambiente perfecto para tu velada rom\u00e1ntica.<\/li>\n<li><strong>Alta calidad de servicio<\/strong><br \/>\nTrabajamos solo con proveedores confiables y garantizamos un alto nivel de atenci\u00f3n en cada etapa de la organizaci\u00f3n.<\/li>\n<li><strong>Momentos inolvidables<\/strong><br \/>\nNuestro objetivo es regalarte a ti y a tu pareja una noche que recordar\u00e1n toda la vida con una c\u00e1lida sonrisa.<\/li>\n<\/ul>\n<hr \/>\n<h2>Servicios que ofrecemos:<\/h2>\n<ul>\n<li><strong>Selecci\u00f3n de ubicaci\u00f3n<\/strong><br \/>\nTe ayudaremos a elegir el lugar ideal para tu picnic, teniendo en cuenta tus deseos y el tipo de evento.<\/li>\n<li><strong>Catering<\/strong><br \/>\nNuestros chefs preparar\u00e1n deliciosos aperitivos, bebidas arom\u00e1ticas y postres exquisitos seg\u00fan tus preferencias.<\/li>\n<li><strong>Decoraci\u00f3n<\/strong><br \/>\nCreamos una atm\u00f3sfera \u00fanica de romance con decoraci\u00f3n elegante, velas y flores frescas.<\/li>\n<li><strong>M\u00fasica<\/strong><br \/>\nPuedes elegir tus canciones favoritas o disfrutar de m\u00fasica en vivo \u2014 \u00a1nosotros lo organizamos por ti!<\/li>\n<li><strong>Fot\u00f3grafo para el evento<\/strong><br \/>\nSi lo deseas, podemos invitar a un fot\u00f3grafo profesional para capturar estos momentos m\u00e1gicos.<\/li>\n<\/ul>\n<hr \/>\n<h2>Nuestras ventajas:<\/h2>\n<ul>\n<li><strong>Experiencia<\/strong><br \/>\nLlevamos muchos a\u00f1os organizando eventos rom\u00e1nticos, y nuestra experiencia garantiza un servicio impecable.<\/li>\n<li><strong>Atenci\u00f3n al detalle<\/strong><br \/>\nCuidamos cada peque\u00f1o detalle para que tu noche sea perfecta.<\/li>\n<li><strong>Enfoque creativo<\/strong><br \/>\nSiempre estamos listos para ofrecer ideas originales y soluciones creativas para tu picnic.<\/li>\n<\/ul>\n<hr \/>\n<h2>Informaci\u00f3n de contacto:<\/h2>\n<p>No dudes en contactarnos para m\u00e1s informaci\u00f3n, asesoramiento o para reservar la fecha de tu velada rom\u00e1ntica.<\/p>\n<p>\ud83d\udce9 \n<div class=\"wpcf7 no-js\" id=\"wpcf7-f4317-o1\" lang=\"es-ES\" dir=\"ltr\">\n<div class=\"screen-reader-response\"><p role=\"status\" aria-live=\"polite\" aria-atomic=\"true\"><\/p> <ul><\/ul><\/div>\n<form action=\"\/es\/wp-json\/wp\/v2\/pages\/4418#wpcf7-f4317-o1\" method=\"post\" class=\"wpcf7-form init\" aria-label=\"Formulario de contacto\" novalidate=\"novalidate\" data-status=\"init\">\n<div style=\"display: none;\">\n<input type=\"hidden\" name=\"_wpcf7\" value=\"4317\" \/>\n<input type=\"hidden\" name=\"_wpcf7_version\" value=\"5.9.5\" \/>\n<input type=\"hidden\" name=\"_wpcf7_locale\" value=\"es_ES\" \/>\n<input type=\"hidden\" name=\"_wpcf7_unit_tag\" value=\"wpcf7-f4317-o1\" \/>\n<input type=\"hidden\" name=\"_wpcf7_container_post\" value=\"0\" \/>\n<input type=\"hidden\" name=\"_wpcf7_posted_data_hash\" value=\"\" \/>\n<input type=\"hidden\" name=\"_wpcf7_recaptcha_response\" value=\"\" \/>\n<\/div>\n<p><label> Su nombre<br \/>\n<span class=\"wpcf7-form-control-wrap\" data-name=\"your-name\"><input size=\"40\" class=\"wpcf7-form-control wpcf7-text wpcf7-validates-as-required\" autocomplete=\"name\" aria-required=\"true\" aria-invalid=\"false\" value=\"\" type=\"text\" name=\"your-name\" \/><\/span> <\/label>\n<\/p>\n<p><label> Tu correo electr\u00f3nico<br \/>\n<span class=\"wpcf7-form-control-wrap\" data-name=\"your-email\"><input size=\"40\" class=\"wpcf7-form-control wpcf7-email wpcf7-validates-as-required wpcf7-text wpcf7-validates-as-email\" autocomplete=\"email\" aria-required=\"true\" aria-invalid=\"false\" value=\"\" type=\"email\" name=\"your-email\" \/><\/span> <\/label>\n<\/p>\n<p><label> Asunto<br \/>\n<span class=\"wpcf7-form-control-wrap\" data-name=\"your-subject\"><input size=\"40\" class=\"wpcf7-form-control wpcf7-text wpcf7-validates-as-required\" aria-required=\"true\" aria-invalid=\"false\" value=\"\" type=\"text\" name=\"your-subject\" \/><\/span> <\/label>\n<\/p>\n<p><label> Su mensaje (opcional)<br \/>\n<span class=\"wpcf7-form-control-wrap\" data-name=\"your-message\"><textarea cols=\"40\" rows=\"10\" class=\"wpcf7-form-control wpcf7-textarea\" aria-invalid=\"false\" name=\"your-message\"><\/textarea><\/span> <\/label>\n<\/p>\n<p><input class=\"wpcf7-form-control wpcf7-submit has-spinner\" type=\"submit\" value=\"Enviar\" \/>\n<\/p><div class=\"wpcf7-response-output\" aria-hidden=\"true\"><\/div>\n<\/form>\n<\/div>\n<\/p>\n<p><strong>\u00a1Estaremos encantados de ayudarte a organizar la noche m\u00e1s rom\u00e1ntica de tu vida!<\/strong> \ud83d\udc96<\/p>\n<\/div><\/section>\n\n<style type=\"text\/css\" data-created_by=\"avia_inline_auto\" id=\"style-css-av-lpwkilx0-c72a56abb7b3dfd3ab64d9c9bc5648e6\">\n.avia-image-container.av-lpwkilx0-c72a56abb7b3dfd3ab64d9c9bc5648e6 img.avia_image{\nbox-shadow:none;\n}\n.avia-image-container.av-lpwkilx0-c72a56abb7b3dfd3ab64d9c9bc5648e6 .av-image-caption-overlay-center{\ncolor:#ffffff;\n}\n<\/style>\n<div  class='avia-image-container av-lpwkilx0-c72a56abb7b3dfd3ab64d9c9bc5648e6 av-styling- avia-align-center  avia-builder-el-5  el_after_av_textblock  avia-builder-el-last '   itemprop=\"image\" itemscope=\"itemscope\" itemtype=\"https:\/\/schema.org\/ImageObject\" ><div class=\"avia-image-container-inner\"><div class=\"avia-image-overlay-wrap\"><img decoding=\"async\" class='wp-image-4428 avia-img-lazy-loading-not-4428 avia_image ' src=\"https:\/\/exclusive4-you.com\/wp-content\/uploads\/2023\/12\/romantic-picnic-on-the-beach-generative-ai-1500x841.webp\" alt='' title='romantic-picnic-on-the-beach-generative-ai'  height=\"841\" width=\"1500\"  itemprop=\"thumbnailUrl\" srcset=\"https:\/\/exclusive4-you.com\/wp-content\/uploads\/2023\/12\/romantic-picnic-on-the-beach-generative-ai-1500x841.webp 1500w, https:\/\/exclusive4-you.com\/wp-content\/uploads\/2023\/12\/romantic-picnic-on-the-beach-generative-ai-300x168.webp 300w, https:\/\/exclusive4-you.com\/wp-content\/uploads\/2023\/12\/romantic-picnic-on-the-beach-generative-ai-1030x577.webp 1030w, https:\/\/exclusive4-you.com\/wp-content\/uploads\/2023\/12\/romantic-picnic-on-the-beach-generative-ai-768x431.webp 768w, https:\/\/exclusive4-you.com\/wp-content\/uploads\/2023\/12\/romantic-picnic-on-the-beach-generative-ai-1536x861.webp 1536w, https:\/\/exclusive4-you.com\/wp-content\/uploads\/2023\/12\/romantic-picnic-on-the-beach-generative-ai-705x395.webp 705w, https:\/\/exclusive4-you.com\/wp-content\/uploads\/2023\/12\/romantic-picnic-on-the-beach-generative-ai.webp 1600w\" sizes=\"(max-width: 1500px) 100vw, 1500px\" \/><\/div><\/div><\/div>\n","protected":false},"excerpt":{"rendered":"","protected":false},"author":1,"featured_media":0,"parent":0,"menu_order":0,"comment_status":"closed","ping_status":"closed","template":"","meta":{"footnotes":""},"class_list":["post-4418","page","type-page","status-publish","hentry"],"yoast_head":"<!-- This site is optimized with the Yoast SEO plugin v23.6 - https:\/\/yoast.com\/wordpress\/plugins\/seo\/ -->\n<title>Picnic rom\u00e1ntico |<\/title>\n<meta name=\"robots\" content=\"index, follow, max-snippet:-1, max-image-preview:large, max-video-preview:-1\" \/>\n<link rel=\"canonical\" href=\"https:\/\/exclusive4-you.com\/es\/romantic-picnic\/\" \/>\n<meta property=\"og:locale\" content=\"es_ES\" \/>\n<meta property=\"og:type\" content=\"article\" \/>\n<meta property=\"og:title\" content=\"Picnic rom\u00e1ntico |\" \/>\n<meta property=\"og:url\" content=\"https:\/\/exclusive4-you.com\/es\/romantic-picnic\/\" \/>\n<meta property=\"og:site_name\" content=\"Event Planning\" \/>\n<meta property=\"article:modified_time\" content=\"2025-06-17T02:11:28+00:00\" \/>\n<meta name=\"twitter:card\" content=\"summary_large_image\" \/>\n<meta name=\"twitter:label1\" content=\"Tiempo de lectura\" \/>\n\t<meta name=\"twitter:data1\" content=\"2 minutos\" \/>\n<script type=\"application\/ld+json\" class=\"yoast-schema-graph\">{\"@context\":\"https:\/\/schema.org\",\"@graph\":[{\"@type\":\"WebPage\",\"@id\":\"https:\/\/exclusive4-you.com\/es\/romantic-picnic\/\",\"url\":\"https:\/\/exclusive4-you.com\/es\/romantic-picnic\/\",\"name\":\"Picnic rom\u00e1ntico |\",\"isPartOf\":{\"@id\":\"https:\/\/exclusive4-you.com\/es\/#website\"},\"datePublished\":\"2023-12-08T11:08:54+00:00\",\"dateModified\":\"2025-06-17T02:11:28+00:00\",\"breadcrumb\":{\"@id\":\"https:\/\/exclusive4-you.com\/es\/romantic-picnic\/#breadcrumb\"},\"inLanguage\":\"es\",\"potentialAction\":[{\"@type\":\"ReadAction\",\"target\":[\"https:\/\/exclusive4-you.com\/es\/romantic-picnic\/\"]}]},{\"@type\":\"BreadcrumbList\",\"@id\":\"https:\/\/exclusive4-you.com\/es\/romantic-picnic\/#breadcrumb\",\"itemListElement\":[{\"@type\":\"ListItem\",\"position\":1,\"name\":\"Home\",\"item\":\"https:\/\/exclusive4-you.com\/es\/\"},{\"@type\":\"ListItem\",\"position\":2,\"name\":\"Picnic rom\u00e1ntico\"}]},{\"@type\":\"WebSite\",\"@id\":\"https:\/\/exclusive4-you.com\/es\/#website\",\"url\":\"https:\/\/exclusive4-you.com\/es\/\",\"name\":\"Event Planning\",\"description\":\"\",\"potentialAction\":[{\"@type\":\"SearchAction\",\"target\":{\"@type\":\"EntryPoint\",\"urlTemplate\":\"https:\/\/exclusive4-you.com\/es\/?s={search_term_string}\"},\"query-input\":{\"@type\":\"PropertyValueSpecification\",\"valueRequired\":true,\"valueName\":\"search_term_string\"}}],\"inLanguage\":\"es\"}]}<\/script>\n<!-- \/ Yoast SEO plugin. -->","yoast_head_json":{"title":"Picnic rom\u00e1ntico |","robots":{"index":"index","follow":"follow","max-snippet":"max-snippet:-1","max-image-preview":"max-image-preview:large","max-video-preview":"max-video-preview:-1"},"canonical":"https:\/\/exclusive4-you.com\/es\/romantic-picnic\/","og_locale":"es_ES","og_type":"article","og_title":"Picnic rom\u00e1ntico |","og_url":"https:\/\/exclusive4-you.com\/es\/romantic-picnic\/","og_site_name":"Event Planning","article_modified_time":"2025-06-17T02:11:28+00:00","twitter_card":"summary_large_image","twitter_misc":{"Tiempo de lectura":"2 minutos"},"schema":{"@context":"https:\/\/schema.org","@graph":[{"@type":"WebPage","@id":"https:\/\/exclusive4-you.com\/es\/romantic-picnic\/","url":"https:\/\/exclusive4-you.com\/es\/romantic-picnic\/","name":"Picnic rom\u00e1ntico |","isPartOf":{"@id":"https:\/\/exclusive4-you.com\/es\/#website"},"datePublished":"2023-12-08T11:08:54+00:00","dateModified":"2025-06-17T02:11:28+00:00","breadcrumb":{"@id":"https:\/\/exclusive4-you.com\/es\/romantic-picnic\/#breadcrumb"},"inLanguage":"es","potentialAction":[{"@type":"ReadAction","target":["https:\/\/exclusive4-you.com\/es\/romantic-picnic\/"]}]},{"@type":"BreadcrumbList","@id":"https:\/\/exclusive4-you.com\/es\/romantic-picnic\/#breadcrumb","itemListElement":[{"@type":"ListItem","position":1,"name":"Home","item":"https:\/\/exclusive4-you.com\/es\/"},{"@type":"ListItem","position":2,"name":"Picnic rom\u00e1ntico"}]},{"@type":"WebSite","@id":"https:\/\/exclusive4-you.com\/es\/#website","url":"https:\/\/exclusive4-you.com\/es\/","name":"Event Planning","description":"","potentialAction":[{"@type":"SearchAction","target":{"@type":"EntryPoint","urlTemplate":"https:\/\/exclusive4-you.com\/es\/?s={search_term_string}"},"query-input":{"@type":"PropertyValueSpecification","valueRequired":true,"valueName":"search_term_string"}}],"inLanguage":"es"}]}},"_links":{"self":[{"href":"https:\/\/exclusive4-you.com\/es\/wp-json\/wp\/v2\/pages\/4418","targetHints":{"allow":["GET"]}}],"collection":[{"href":"https:\/\/exclusive4-you.com\/es\/wp-json\/wp\/v2\/pages"}],"about":[{"href":"https:\/\/exclusive4-you.com\/es\/wp-json\/wp\/v2\/types\/page"}],"author":[{"embeddable":true,"href":"https:\/\/exclusive4-you.com\/es\/wp-json\/wp\/v2\/users\/1"}],"replies":[{"embeddable":true,"href":"https:\/\/exclusive4-you.com\/es\/wp-json\/wp\/v2\/comments?post=4418"}],"version-history":[{"count":4,"href":"https:\/\/exclusive4-you.com\/es\/wp-json\/wp\/v2\/pages\/4418\/revisions"}],"predecessor-version":[{"id":5776,"href":"https:\/\/exclusive4-you.com\/es\/wp-json\/wp\/v2\/pages\/4418\/revisions\/5776"}],"wp:attachment":[{"href":"https:\/\/exclusive4-you.com\/es\/wp-json\/wp\/v2\/media?parent=4418"}],"curies":[{"name":"wp","href":"https:\/\/api.w.org\/{rel}","templated":true}]}}