{"id":4476,"date":"2023-12-08T13:24:27","date_gmt":"2023-12-08T13:24:27","guid":{"rendered":"https:\/\/exclusive4-you.com\/bachelorette-party\/"},"modified":"2025-06-16T05:48:43","modified_gmt":"2025-06-16T05:48:43","slug":"bachelorette-party","status":"publish","type":"page","link":"https:\/\/exclusive4-you.com\/es\/bachelorette-party\/","title":{"rendered":"Despedida de soltera"},"content":{"rendered":"\n<style type=\"text\/css\" data-created_by=\"avia_inline_auto\" id=\"style-css-av-3p760a-cfed438259c074c190d0cda32ec70709\">\n.avia-section.av-3p760a-cfed438259c074c190d0cda32ec70709{\nbackground-repeat:no-repeat;\nbackground-image:url(https:\/\/exclusive4-you.com\/wp-content\/uploads\/2023\/12\/three-beautiful-elegant-women-celebrate-hen-party-and-drinking-cocktails-best-friends-wearing-black-evening-dress-crown-on-head-and-clink-glasses-bright-make-up-red-lips-inside-1500x1000.webp);\nbackground-position:50% 50%;\nbackground-attachment:scroll;\n}\n<\/style>\n<div id='av_section_1'  class='avia-section av-3p760a-cfed438259c074c190d0cda32ec70709 main_color avia-section-default avia-no-border-styling  avia-builder-el-0  el_before_av_textblock  avia-builder-el-first  avia-bg-style-scroll av-minimum-height av-minimum-height-100 av-height-100  container_wrap sidebar_right'  data-section-bg-repeat='no-repeat' data-av_minimum_height_pc='100' data-av_min_height_opt='100'><div class='container av-section-cont-open' ><main  role=\"main\" itemprop=\"mainContentOfPage\"  class='template-page content  av-content-small alpha units'><div class='post-entry post-entry-type-page post-entry-4476'><div class='entry-content-wrapper clearfix'>\n<div  class='av_promobox av-lpwj22v9-f7d2fc9dc08f5ead1cc1986202c205ca avia-button-yes  avia-builder-el-1  avia-builder-el-no-sibling '><div class='avia-promocontent'><p>Despedida de soltera<\/p>\n<\/div><div  class='avia-button-wrap av-lpwj22v9-1a23d6c9ef58e44c21f5b17056d97aed-wrap avia-button-right '><a href='#form'  class='avia-button av-lpwj22v9-1a23d6c9ef58e44c21f5b17056d97aed avia-icon_select-no avia-size-large avia-position-right avia-color-theme-color'  ><span class='avia_iconbox_title' >Click me<\/span><\/a><\/div><\/div>\n<\/div><\/div><\/main><!-- close content main element --><\/div><\/div><div id='after_section_1'  class='main_color av_default_container_wrap container_wrap sidebar_right'  ><div class='container av-section-cont-open' ><div class='template-page content  av-content-small alpha units'><div class='post-entry post-entry-type-page post-entry-4476'><div class='entry-content-wrapper clearfix'>\n<section  class='av_textblock_section av-2of7yy-02f5b48ff54d017637d2dc4689d2c228 '   itemscope=\"itemscope\" itemtype=\"https:\/\/schema.org\/CreativeWork\" ><div class='avia_textblock'  itemprop=\"text\" ><p>\u00a1Convertiremos tu fiesta en un acontecimiento legendario!<\/p>\n<\/div><\/section>\n\n<style type=\"text\/css\" data-created_by=\"avia_inline_auto\" id=\"style-css-av-lpwkgpmd-d7af3da80ca2ec69114bf747dc5c5304\">\n.avia-image-container.av-lpwkgpmd-d7af3da80ca2ec69114bf747dc5c5304 img.avia_image{\nbox-shadow:none;\n}\n.avia-image-container.av-lpwkgpmd-d7af3da80ca2ec69114bf747dc5c5304 .av-image-caption-overlay-center{\ncolor:#ffffff;\n}\n<\/style>\n<div  class='avia-image-container av-lpwkgpmd-d7af3da80ca2ec69114bf747dc5c5304 av-styling- avia-align-center  avia-builder-el-3  el_after_av_textblock  el_before_av_textblock '   itemprop=\"image\" itemscope=\"itemscope\" itemtype=\"https:\/\/schema.org\/ImageObject\" ><div class=\"avia-image-container-inner\"><div class=\"avia-image-overlay-wrap\"><img decoding=\"async\" class='wp-image-5320 avia-img-lazy-loading-not-5320 avia_image ' src=\"https:\/\/exclusive4-you.com\/wp-content\/uploads\/2025\/06\/bachelorette-party-1-1500x1025.webp\" alt='' title='Bachelorette party -1'  height=\"1025\" width=\"1500\"  itemprop=\"thumbnailUrl\" srcset=\"https:\/\/exclusive4-you.com\/wp-content\/uploads\/2025\/06\/bachelorette-party-1-1500x1025.webp 1500w, https:\/\/exclusive4-you.com\/wp-content\/uploads\/2025\/06\/bachelorette-party-1-300x205.webp 300w, https:\/\/exclusive4-you.com\/wp-content\/uploads\/2025\/06\/bachelorette-party-1-1030x704.webp 1030w, https:\/\/exclusive4-you.com\/wp-content\/uploads\/2025\/06\/bachelorette-party-1-768x525.webp 768w, https:\/\/exclusive4-you.com\/wp-content\/uploads\/2025\/06\/bachelorette-party-1-1536x1049.webp 1536w, https:\/\/exclusive4-you.com\/wp-content\/uploads\/2025\/06\/bachelorette-party-1-2048x1399.webp 2048w, https:\/\/exclusive4-you.com\/wp-content\/uploads\/2025\/06\/bachelorette-party-1-705x482.webp 705w, https:\/\/exclusive4-you.com\/wp-content\/uploads\/2025\/06\/bachelorette-party-1-24x16.webp 24w, https:\/\/exclusive4-you.com\/wp-content\/uploads\/2025\/06\/bachelorette-party-1-36x25.webp 36w, https:\/\/exclusive4-you.com\/wp-content\/uploads\/2025\/06\/bachelorette-party-1-48x33.webp 48w\" sizes=\"(max-width: 1500px) 100vw, 1500px\" \/><\/div><\/div><\/div>\n<section  class='av_textblock_section av-lpwkv472-9e337bf417d019d3f4f15aeeb5a7095b '   itemscope=\"itemscope\" itemtype=\"https:\/\/schema.org\/CreativeWork\" ><div class='avia_textblock'  itemprop=\"text\" ><h3><strong>Planificaci\u00f3n de Despedidas de Soltera en Miami \u2013 Hazla Inolvidable<\/strong><\/h3>\n<p>\u00bfQuieres organizar la despedida de soltera perfecta en Miami?<\/p>\n<p>Ya sea que sue\u00f1es con una escapada tropical en la playa, una celebraci\u00f3n de lujo en yate o una glamurosa fiesta junto a la piscina, <strong>Exclusive4You<\/strong> crea experiencias inolvidables, hechas a medida para la futura novia y su grupo de amigas.<\/p>\n<p>Nos encargamos de cada detalle \u2014 para que t\u00fa solo te concentres en disfrutar, re\u00edr y crear recuerdos que durar\u00e1n para siempre.<\/p>\n<hr \/>\n<h3><strong>Elige Tu Despedida de Ensue\u00f1o:<\/strong><\/h3>\n<h4>\ud83d\udc8d Despedida en la Playa<\/h4>\n<p>Celebra el amor y la libertad con los pies en la arena. Nuestras despedidas en la playa ofrecen:<\/p>\n<ul>\n<li>Playas hermosas y privadas<\/li>\n<li>Montajes boho chic con muebles lounge<\/li>\n<li>M\u00fasica, juegos y atardeceres rom\u00e1nticos<\/li>\n<li>Perfecto para novias que aman el sol, el mar y la tranquilidad.<\/li>\n<\/ul>\n<hr \/>\n<h4>\ud83d\udee5\ufe0f Despedida en Yate<\/h4>\n<p>\u00a1Destapa el champagne y navega hacia tu pr\u00f3xima aventura en un yate privado!<\/p>\n<p>Incluye:<\/p>\n<ul>\n<li>Yates de lujo con capit\u00e1n y tripulaci\u00f3n<\/li>\n<li>Decoraciones personalizadas y listas musicales<\/li>\n<li>Paradas para nadar, comida y bebidas<\/li>\n<li>Una fiesta en el mar que grita \u201c\u00a1Exclusiva!\u201d<\/li>\n<\/ul>\n<hr \/>\n<h4>\ud83c\udfd6\ufe0f Despedida en la Piscina<\/h4>\n<p>Refr\u00e9scate con tus mejores amigas en una glamurosa fiesta junto a la piscina:<\/p>\n<ul>\n<li>Alquiler de piscinas privadas o rooftops en hoteles<\/li>\n<li>Flotadores, c\u00f3cteles, m\u00fasica y zonas de fotos<\/li>\n<li>Opciones de bar &amp; grill junto a la piscina<\/li>\n<li>Ideal para un d\u00eda vibrante de sol y diversi\u00f3n.<\/li>\n<\/ul>\n<hr \/>\n<h4>\ud83c\udf7d\ufe0f Despedida en Restaurante<\/h4>\n<p>Si prefieres un ambiente m\u00e1s \u00edntimo y elegante, disfruta de una cena cuidadosamente preparada con las personas favoritas de la novia:<\/p>\n<ul>\n<li>Restaurantes seleccionados en Miami<\/li>\n<li>Mesas VIP reservadas y decoraci\u00f3n<\/li>\n<li>Men\u00fas personalizados y opciones de entretenimiento<\/li>\n<li>Perfecto para una noche de brindis y recuerdos inolvidables.<\/li>\n<\/ul>\n<hr \/>\n<h3><strong>Servicios Extra<\/strong><\/h3>\n<p>Mejora tu experiencia con nuestros servicios adicionales:<\/p>\n<ul>\n<li>Fotograf\u00eda y video profesional<\/li>\n<li>Catering gourmet y chef privado<\/li>\n<li>Decoraci\u00f3n personalizada y globos<\/li>\n<li>Bolsas de regalo y detalles \u00fanicos<\/li>\n<\/ul>\n<hr \/>\n<h3>\u00a1Vamos a Planear Tu Fiesta!<\/h3>\n<p>Ya sea salvaje y espont\u00e1nea o elegante y relajada \u2014 haremos realidad tu visi\u00f3n.<\/p>\n<p><strong>Cont\u00e1ctanos hoy<\/strong> para reservar tu despedida de soltera en Miami y empezar a planear algo realmente inolvidable.<\/p>\n<hr \/>\n<h3><strong>\u00bfPor Qu\u00e9 Elegir Exclusive4You?<\/strong><\/h3>\n<ul>\n<li>Somos expertos locales en Miami<\/li>\n<li>Montajes \u00fanicos y servicio premium<\/li>\n<li>Soluci\u00f3n completa para fiestas, eventos y recuerdos<\/li>\n<\/ul>\n<p>Hagamos que esta fiesta sea tan inolvidable como tu gran d\u00eda \u2014 \u00a1y mucho m\u00e1s divertida!<\/p>\n\n<div class=\"wpcf7 no-js\" id=\"wpcf7-f4317-o1\" lang=\"es-ES\" dir=\"ltr\">\n<div class=\"screen-reader-response\"><p role=\"status\" aria-live=\"polite\" aria-atomic=\"true\"><\/p> <ul><\/ul><\/div>\n<form action=\"\/es\/wp-json\/wp\/v2\/pages\/4476#wpcf7-f4317-o1\" method=\"post\" class=\"wpcf7-form init\" aria-label=\"Formulario de contacto\" novalidate=\"novalidate\" data-status=\"init\">\n<div style=\"display: none;\">\n<input type=\"hidden\" name=\"_wpcf7\" value=\"4317\" \/>\n<input type=\"hidden\" name=\"_wpcf7_version\" value=\"5.9.5\" \/>\n<input type=\"hidden\" name=\"_wpcf7_locale\" value=\"es_ES\" \/>\n<input type=\"hidden\" name=\"_wpcf7_unit_tag\" value=\"wpcf7-f4317-o1\" \/>\n<input type=\"hidden\" name=\"_wpcf7_container_post\" value=\"0\" \/>\n<input type=\"hidden\" name=\"_wpcf7_posted_data_hash\" value=\"\" \/>\n<input type=\"hidden\" name=\"_wpcf7_recaptcha_response\" value=\"\" \/>\n<\/div>\n<p><label> Su nombre<br \/>\n<span class=\"wpcf7-form-control-wrap\" data-name=\"your-name\"><input size=\"40\" class=\"wpcf7-form-control wpcf7-text wpcf7-validates-as-required\" autocomplete=\"name\" aria-required=\"true\" aria-invalid=\"false\" value=\"\" type=\"text\" name=\"your-name\" \/><\/span> <\/label>\n<\/p>\n<p><label> Tu correo electr\u00f3nico<br \/>\n<span class=\"wpcf7-form-control-wrap\" data-name=\"your-email\"><input size=\"40\" class=\"wpcf7-form-control wpcf7-email wpcf7-validates-as-required wpcf7-text wpcf7-validates-as-email\" autocomplete=\"email\" aria-required=\"true\" aria-invalid=\"false\" value=\"\" type=\"email\" name=\"your-email\" \/><\/span> <\/label>\n<\/p>\n<p><label> Asunto<br \/>\n<span class=\"wpcf7-form-control-wrap\" data-name=\"your-subject\"><input size=\"40\" class=\"wpcf7-form-control wpcf7-text wpcf7-validates-as-required\" aria-required=\"true\" aria-invalid=\"false\" value=\"\" type=\"text\" name=\"your-subject\" \/><\/span> <\/label>\n<\/p>\n<p><label> Su mensaje (opcional)<br \/>\n<span class=\"wpcf7-form-control-wrap\" data-name=\"your-message\"><textarea cols=\"40\" rows=\"10\" class=\"wpcf7-form-control wpcf7-textarea\" aria-invalid=\"false\" name=\"your-message\"><\/textarea><\/span> <\/label>\n<\/p>\n<p><input class=\"wpcf7-form-control wpcf7-submit has-spinner\" type=\"submit\" value=\"Enviar\" \/>\n<\/p><div class=\"wpcf7-response-output\" aria-hidden=\"true\"><\/div>\n<\/form>\n<\/div>\n\n<\/div><\/section>\n\n<style type=\"text\/css\" data-created_by=\"avia_inline_auto\" id=\"style-css-av-lpwnoe4f-6b36672adc1d55fbb6072073cee6ca4a\">\n.avia-image-container.av-lpwnoe4f-6b36672adc1d55fbb6072073cee6ca4a img.avia_image{\nbox-shadow:none;\n}\n.avia-image-container.av-lpwnoe4f-6b36672adc1d55fbb6072073cee6ca4a .av-image-caption-overlay-center{\ncolor:#ffffff;\n}\n<\/style>\n<div  class='avia-image-container av-lpwnoe4f-6b36672adc1d55fbb6072073cee6ca4a av-styling- avia-align-center  avia-builder-el-5  el_after_av_textblock  avia-builder-el-last '   itemprop=\"image\" itemscope=\"itemscope\" itemtype=\"https:\/\/schema.org\/ImageObject\" ><div class=\"avia-image-container-inner\"><div class=\"avia-image-overlay-wrap\"><img decoding=\"async\" class='wp-image-4486 avia-img-lazy-loading-not-4486 avia_image ' src=\"https:\/\/exclusive4-you.com\/wp-content\/uploads\/2023\/12\/two-beautiful-girls-resting-at-party-1500x1000.webp\" alt='' title='two-beautiful-girls-resting-at-party'  height=\"1000\" width=\"1500\"  itemprop=\"thumbnailUrl\" srcset=\"https:\/\/exclusive4-you.com\/wp-content\/uploads\/2023\/12\/two-beautiful-girls-resting-at-party-1500x1000.webp 1500w, https:\/\/exclusive4-you.com\/wp-content\/uploads\/2023\/12\/two-beautiful-girls-resting-at-party-300x200.webp 300w, https:\/\/exclusive4-you.com\/wp-content\/uploads\/2023\/12\/two-beautiful-girls-resting-at-party-1030x687.webp 1030w, https:\/\/exclusive4-you.com\/wp-content\/uploads\/2023\/12\/two-beautiful-girls-resting-at-party-768x512.webp 768w, https:\/\/exclusive4-you.com\/wp-content\/uploads\/2023\/12\/two-beautiful-girls-resting-at-party-1536x1024.webp 1536w, https:\/\/exclusive4-you.com\/wp-content\/uploads\/2023\/12\/two-beautiful-girls-resting-at-party-705x470.webp 705w, https:\/\/exclusive4-you.com\/wp-content\/uploads\/2023\/12\/two-beautiful-girls-resting-at-party.webp 1600w\" sizes=\"(max-width: 1500px) 100vw, 1500px\" \/><\/div><\/div><\/div>\n","protected":false},"excerpt":{"rendered":"","protected":false},"author":1,"featured_media":0,"parent":0,"menu_order":0,"comment_status":"closed","ping_status":"closed","template":"","meta":{"footnotes":""},"class_list":["post-4476","page","type-page","status-publish","hentry"],"yoast_head":"<!-- This site is optimized with the Yoast SEO plugin v23.6 - https:\/\/yoast.com\/wordpress\/plugins\/seo\/ -->\n<title>Despedida de soltera |<\/title>\n<meta name=\"robots\" content=\"index, follow, max-snippet:-1, max-image-preview:large, max-video-preview:-1\" \/>\n<link rel=\"canonical\" href=\"https:\/\/exclusive4-you.com\/es\/bachelorette-party\/\" \/>\n<meta property=\"og:locale\" content=\"es_ES\" \/>\n<meta property=\"og:type\" content=\"article\" \/>\n<meta property=\"og:title\" content=\"Despedida de soltera |\" \/>\n<meta property=\"og:url\" content=\"https:\/\/exclusive4-you.com\/es\/bachelorette-party\/\" \/>\n<meta property=\"og:site_name\" content=\"Event Planning\" \/>\n<meta property=\"article:modified_time\" content=\"2025-06-16T05:48:43+00:00\" \/>\n<meta name=\"twitter:card\" content=\"summary_large_image\" \/>\n<meta name=\"twitter:label1\" content=\"Tiempo de lectura\" \/>\n\t<meta name=\"twitter:data1\" content=\"3 minutos\" \/>\n<script type=\"application\/ld+json\" class=\"yoast-schema-graph\">{\"@context\":\"https:\/\/schema.org\",\"@graph\":[{\"@type\":\"WebPage\",\"@id\":\"https:\/\/exclusive4-you.com\/es\/bachelorette-party\/\",\"url\":\"https:\/\/exclusive4-you.com\/es\/bachelorette-party\/\",\"name\":\"Despedida de soltera |\",\"isPartOf\":{\"@id\":\"https:\/\/exclusive4-you.com\/es\/#website\"},\"datePublished\":\"2023-12-08T13:24:27+00:00\",\"dateModified\":\"2025-06-16T05:48:43+00:00\",\"breadcrumb\":{\"@id\":\"https:\/\/exclusive4-you.com\/es\/bachelorette-party\/#breadcrumb\"},\"inLanguage\":\"es\",\"potentialAction\":[{\"@type\":\"ReadAction\",\"target\":[\"https:\/\/exclusive4-you.com\/es\/bachelorette-party\/\"]}]},{\"@type\":\"BreadcrumbList\",\"@id\":\"https:\/\/exclusive4-you.com\/es\/bachelorette-party\/#breadcrumb\",\"itemListElement\":[{\"@type\":\"ListItem\",\"position\":1,\"name\":\"Home\",\"item\":\"https:\/\/exclusive4-you.com\/es\/\"},{\"@type\":\"ListItem\",\"position\":2,\"name\":\"Despedida de soltera\"}]},{\"@type\":\"WebSite\",\"@id\":\"https:\/\/exclusive4-you.com\/es\/#website\",\"url\":\"https:\/\/exclusive4-you.com\/es\/\",\"name\":\"Event Planning\",\"description\":\"\",\"potentialAction\":[{\"@type\":\"SearchAction\",\"target\":{\"@type\":\"EntryPoint\",\"urlTemplate\":\"https:\/\/exclusive4-you.com\/es\/?s={search_term_string}\"},\"query-input\":{\"@type\":\"PropertyValueSpecification\",\"valueRequired\":true,\"valueName\":\"search_term_string\"}}],\"inLanguage\":\"es\"}]}<\/script>\n<!-- \/ Yoast SEO plugin. -->","yoast_head_json":{"title":"Despedida de soltera |","robots":{"index":"index","follow":"follow","max-snippet":"max-snippet:-1","max-image-preview":"max-image-preview:large","max-video-preview":"max-video-preview:-1"},"canonical":"https:\/\/exclusive4-you.com\/es\/bachelorette-party\/","og_locale":"es_ES","og_type":"article","og_title":"Despedida de soltera |","og_url":"https:\/\/exclusive4-you.com\/es\/bachelorette-party\/","og_site_name":"Event Planning","article_modified_time":"2025-06-16T05:48:43+00:00","twitter_card":"summary_large_image","twitter_misc":{"Tiempo de lectura":"3 minutos"},"schema":{"@context":"https:\/\/schema.org","@graph":[{"@type":"WebPage","@id":"https:\/\/exclusive4-you.com\/es\/bachelorette-party\/","url":"https:\/\/exclusive4-you.com\/es\/bachelorette-party\/","name":"Despedida de soltera |","isPartOf":{"@id":"https:\/\/exclusive4-you.com\/es\/#website"},"datePublished":"2023-12-08T13:24:27+00:00","dateModified":"2025-06-16T05:48:43+00:00","breadcrumb":{"@id":"https:\/\/exclusive4-you.com\/es\/bachelorette-party\/#breadcrumb"},"inLanguage":"es","potentialAction":[{"@type":"ReadAction","target":["https:\/\/exclusive4-you.com\/es\/bachelorette-party\/"]}]},{"@type":"BreadcrumbList","@id":"https:\/\/exclusive4-you.com\/es\/bachelorette-party\/#breadcrumb","itemListElement":[{"@type":"ListItem","position":1,"name":"Home","item":"https:\/\/exclusive4-you.com\/es\/"},{"@type":"ListItem","position":2,"name":"Despedida de soltera"}]},{"@type":"WebSite","@id":"https:\/\/exclusive4-you.com\/es\/#website","url":"https:\/\/exclusive4-you.com\/es\/","name":"Event Planning","description":"","potentialAction":[{"@type":"SearchAction","target":{"@type":"EntryPoint","urlTemplate":"https:\/\/exclusive4-you.com\/es\/?s={search_term_string}"},"query-input":{"@type":"PropertyValueSpecification","valueRequired":true,"valueName":"search_term_string"}}],"inLanguage":"es"}]}},"_links":{"self":[{"href":"https:\/\/exclusive4-you.com\/es\/wp-json\/wp\/v2\/pages\/4476","targetHints":{"allow":["GET"]}}],"collection":[{"href":"https:\/\/exclusive4-you.com\/es\/wp-json\/wp\/v2\/pages"}],"about":[{"href":"https:\/\/exclusive4-you.com\/es\/wp-json\/wp\/v2\/types\/page"}],"author":[{"embeddable":true,"href":"https:\/\/exclusive4-you.com\/es\/wp-json\/wp\/v2\/users\/1"}],"replies":[{"embeddable":true,"href":"https:\/\/exclusive4-you.com\/es\/wp-json\/wp\/v2\/comments?post=4476"}],"version-history":[{"count":5,"href":"https:\/\/exclusive4-you.com\/es\/wp-json\/wp\/v2\/pages\/4476\/revisions"}],"predecessor-version":[{"id":5742,"href":"https:\/\/exclusive4-you.com\/es\/wp-json\/wp\/v2\/pages\/4476\/revisions\/5742"}],"wp:attachment":[{"href":"https:\/\/exclusive4-you.com\/es\/wp-json\/wp\/v2\/media?parent=4476"}],"curies":[{"name":"wp","href":"https:\/\/api.w.org\/{rel}","templated":true}]}}