{"id":4491,"date":"2023-12-08T13:36:15","date_gmt":"2023-12-08T13:36:15","guid":{"rendered":"https:\/\/exclusive4-you.com\/bachelor-party\/"},"modified":"2025-06-17T02:51:57","modified_gmt":"2025-06-17T02:51:57","slug":"bachelor-party","status":"publish","type":"page","link":"https:\/\/exclusive4-you.com\/es\/bachelor-party\/","title":{"rendered":"Despedida de soltero"},"content":{"rendered":"\n<style type=\"text\/css\" data-created_by=\"avia_inline_auto\" id=\"style-css-av-3p760a-96045a1bb28c1b727d7011324ed1ebc9\">\n.avia-section.av-3p760a-96045a1bb28c1b727d7011324ed1ebc9{\nbackground-repeat:no-repeat;\nbackground-image:url(https:\/\/exclusive4-you.com\/wp-content\/uploads\/2024\/10\/bachelor-party2.webp);\nbackground-position:50% 50%;\nbackground-attachment:scroll;\n}\n<\/style>\n<div id='av_section_1'  class='avia-section av-3p760a-96045a1bb28c1b727d7011324ed1ebc9 main_color avia-section-default avia-no-border-styling  avia-builder-el-0  el_before_av_textblock  avia-builder-el-first  avia-bg-style-scroll av-minimum-height av-minimum-height-100 av-height-100  container_wrap sidebar_right'  data-section-bg-repeat='no-repeat' data-av_minimum_height_pc='100' data-av_min_height_opt='100'><div class='container av-section-cont-open' ><main  role=\"main\" itemprop=\"mainContentOfPage\"  class='template-page content  av-content-small alpha units'><div class='post-entry post-entry-type-page post-entry-4491'><div class='entry-content-wrapper clearfix'>\n<div  class='av_promobox av-lpwj22v9-f7d2fc9dc08f5ead1cc1986202c205ca avia-button-yes  avia-builder-el-1  avia-builder-el-no-sibling '><div class='avia-promocontent'><p>Despedida de soltero<\/p>\n<\/div><div  class='avia-button-wrap av-lpwj22v9-1a23d6c9ef58e44c21f5b17056d97aed-wrap avia-button-right '><a href='#form'  class='avia-button av-lpwj22v9-1a23d6c9ef58e44c21f5b17056d97aed avia-icon_select-no avia-size-large avia-position-right avia-color-theme-color'  ><span class='avia_iconbox_title' >Click me<\/span><\/a><\/div><\/div>\n<\/div><\/div><\/main><!-- close content main element --><\/div><\/div><div id='after_section_1'  class='main_color av_default_container_wrap container_wrap sidebar_right'  ><div class='container av-section-cont-open' ><div class='template-page content  av-content-small alpha units'><div class='post-entry post-entry-type-page post-entry-4491'><div class='entry-content-wrapper clearfix'>\n<section  class='av_textblock_section av-2of7yy-02f5b48ff54d017637d2dc4689d2c228 '   itemscope=\"itemscope\" itemtype=\"https:\/\/schema.org\/CreativeWork\" ><div class='avia_textblock'  itemprop=\"text\" ><p>Bienvenido a \u00abExclusivo para ti\u00bb: \u00a1Tu mejor opci\u00f3n para organizar una despedida de soltero inolvidable!<\/p>\n<\/div><\/section>\n\n<style type=\"text\/css\" data-created_by=\"avia_inline_auto\" id=\"style-css-av-lpwkgpmd-142f6ea22c26407c02bdd9efb91725e3\">\n.avia-image-container.av-lpwkgpmd-142f6ea22c26407c02bdd9efb91725e3 img.avia_image{\nbox-shadow:none;\n}\n.avia-image-container.av-lpwkgpmd-142f6ea22c26407c02bdd9efb91725e3 .av-image-caption-overlay-center{\ncolor:#ffffff;\n}\n<\/style>\n<div  class='avia-image-container av-lpwkgpmd-142f6ea22c26407c02bdd9efb91725e3 av-styling- avia-align-center  avia-builder-el-3  el_after_av_textblock  el_before_av_textblock '   itemprop=\"image\" itemscope=\"itemscope\" itemtype=\"https:\/\/schema.org\/ImageObject\" ><div class=\"avia-image-container-inner\"><div class=\"avia-image-overlay-wrap\"><img decoding=\"async\" class='wp-image-4500 avia-img-lazy-loading-not-4500 avia_image ' src=\"https:\/\/exclusive4-you.com\/wp-content\/uploads\/2024\/10\/bachelor-party3.webp\" alt='' title='Bachelor party3'  height=\"1000\" width=\"1500\"  itemprop=\"thumbnailUrl\" srcset=\"https:\/\/exclusive4-you.com\/wp-content\/uploads\/2024\/10\/bachelor-party3.webp 1500w, https:\/\/exclusive4-you.com\/wp-content\/uploads\/2024\/10\/bachelor-party3-300x200.webp 300w, https:\/\/exclusive4-you.com\/wp-content\/uploads\/2024\/10\/bachelor-party3-1030x687.webp 1030w, https:\/\/exclusive4-you.com\/wp-content\/uploads\/2024\/10\/bachelor-party3-768x512.webp 768w, https:\/\/exclusive4-you.com\/wp-content\/uploads\/2024\/10\/bachelor-party3-705x470.webp 705w, https:\/\/exclusive4-you.com\/wp-content\/uploads\/2024\/10\/bachelor-party3-24x16.webp 24w, https:\/\/exclusive4-you.com\/wp-content\/uploads\/2024\/10\/bachelor-party3-36x24.webp 36w, https:\/\/exclusive4-you.com\/wp-content\/uploads\/2024\/10\/bachelor-party3-48x32.webp 48w\" sizes=\"(max-width: 1500px) 100vw, 1500px\" \/><\/div><\/div><\/div>\n<section  class='av_textblock_section av-lpwkv472-9e337bf417d019d3f4f15aeeb5a7095b '   itemscope=\"itemscope\" itemtype=\"https:\/\/schema.org\/CreativeWork\" ><div class='avia_textblock'  itemprop=\"text\" ><p>\u00a1Convertiremos su fiesta en un acontecimiento legendario!<br \/>\nIntroducci\u00f3n.<br \/>\nUna despedida de soltero es un momento para la diversi\u00f3n, la amistad y la celebraci\u00f3n de los \u00faltimos d\u00edas de solter\u00eda. \u00abExclusivo para ti\u00bb es un lugar donde hacemos todo lo posible para que tu velada est\u00e9 llena de emociones, impresiones y diversi\u00f3n.<br \/>\nEnfoque personalizado<br \/>\nCada chico es \u00fanico, y nosotros prestamos atenci\u00f3n a cada detalle para asegurarnos de que la despedida de soltero sea exactamente como te imaginas. Nuestro equipo de expertos sabe c\u00f3mo hacer que vuestra velada sea inolvidable y especial.<br \/>\nElecci\u00f3n del lugar<br \/>\nTanto si quer\u00e9is celebrarlo en el centro de la ciudad, al aire libre o en un club exclusivo, os ayudaremos a encontrar el lugar perfecto para vuestra despedida de soltero. Nos hemos asociado con los mejores locales de la ciudad para que puedas disfrutar de tu fiesta sin preocupaciones.<br \/>\nEntretenimiento y actividades<br \/>\nDesde aventuras extremas y competiciones deportivas hasta degustaciones de alcohol y discotecas, organizamos actividades de entretenimiento que se ajustan a los intereses y deseos de cada invitado.<br \/>\nPlaceres culinarios<br \/>\nDelicias gastron\u00f3micas de los mejores chefs, una gran variedad de aperitivos y bebidas: prepararemos todo esto para su despedida de soltero. La comida y las bebidas deliciosas son la clave del \u00e9xito de las fiestas.<br \/>\nAmbiente y decoraci\u00f3n<br \/>\nCrearemos el ambiente de una verdadera velada masculina, cuidando cada detalle del dise\u00f1o. Su velada ser\u00e1 elegante, moderna y ambientada.<br \/>\nFotograf\u00eda y v\u00eddeo<br \/>\nNuestros fot\u00f3grafos y vide\u00f3grafos profesionales capturar\u00e1n todos los mejores momentos de su despedida de soltero, dej\u00e1ndole recuerdos inolvidables para los a\u00f1os venideros.<br \/>\nAsistencia 24\/7<br \/>\nEstamos listos para responder a todas sus preguntas y ayudarle a resolver cualquier situaci\u00f3n que pueda surgir durante la preparaci\u00f3n y ejecuci\u00f3n de su fiesta.<\/p>\n<p>Ponte en contacto con nosotros a trav\u00e9s de nuestro formulario de comentarios o llamando a los n\u00fameros que aparecen en el sitio web. \u00a1Estamos siempre dispuestos a ayudarte a organizar la mejor despedida de soltero!<br \/>\n\n<div class=\"wpcf7 no-js\" id=\"wpcf7-f4317-o1\" lang=\"es-ES\" dir=\"ltr\">\n<div class=\"screen-reader-response\"><p role=\"status\" aria-live=\"polite\" aria-atomic=\"true\"><\/p> <ul><\/ul><\/div>\n<form action=\"\/es\/wp-json\/wp\/v2\/pages\/4491#wpcf7-f4317-o1\" method=\"post\" class=\"wpcf7-form init\" aria-label=\"Formulario de contacto\" novalidate=\"novalidate\" data-status=\"init\">\n<div style=\"display: none;\">\n<input type=\"hidden\" name=\"_wpcf7\" value=\"4317\" \/>\n<input type=\"hidden\" name=\"_wpcf7_version\" value=\"5.9.5\" \/>\n<input type=\"hidden\" name=\"_wpcf7_locale\" value=\"es_ES\" \/>\n<input type=\"hidden\" name=\"_wpcf7_unit_tag\" value=\"wpcf7-f4317-o1\" \/>\n<input type=\"hidden\" name=\"_wpcf7_container_post\" value=\"0\" \/>\n<input type=\"hidden\" name=\"_wpcf7_posted_data_hash\" value=\"\" \/>\n<input type=\"hidden\" name=\"_wpcf7_recaptcha_response\" value=\"\" \/>\n<\/div>\n<p><label> Su nombre<br \/>\n<span class=\"wpcf7-form-control-wrap\" data-name=\"your-name\"><input size=\"40\" class=\"wpcf7-form-control wpcf7-text wpcf7-validates-as-required\" autocomplete=\"name\" aria-required=\"true\" aria-invalid=\"false\" value=\"\" type=\"text\" name=\"your-name\" \/><\/span> <\/label>\n<\/p>\n<p><label> Tu correo electr\u00f3nico<br \/>\n<span class=\"wpcf7-form-control-wrap\" data-name=\"your-email\"><input size=\"40\" class=\"wpcf7-form-control wpcf7-email wpcf7-validates-as-required wpcf7-text wpcf7-validates-as-email\" autocomplete=\"email\" aria-required=\"true\" aria-invalid=\"false\" value=\"\" type=\"email\" name=\"your-email\" \/><\/span> <\/label>\n<\/p>\n<p><label> Asunto<br \/>\n<span class=\"wpcf7-form-control-wrap\" data-name=\"your-subject\"><input size=\"40\" class=\"wpcf7-form-control wpcf7-text wpcf7-validates-as-required\" aria-required=\"true\" aria-invalid=\"false\" value=\"\" type=\"text\" name=\"your-subject\" \/><\/span> <\/label>\n<\/p>\n<p><label> Su mensaje (opcional)<br \/>\n<span class=\"wpcf7-form-control-wrap\" data-name=\"your-message\"><textarea cols=\"40\" rows=\"10\" class=\"wpcf7-form-control wpcf7-textarea\" aria-invalid=\"false\" name=\"your-message\"><\/textarea><\/span> <\/label>\n<\/p>\n<p><input class=\"wpcf7-form-control wpcf7-submit has-spinner\" type=\"submit\" value=\"Enviar\" \/>\n<\/p><div class=\"wpcf7-response-output\" aria-hidden=\"true\"><\/div>\n<\/form>\n<\/div>\n<\/p>\n<\/div><\/section>\n","protected":false},"excerpt":{"rendered":"","protected":false},"author":1,"featured_media":0,"parent":0,"menu_order":0,"comment_status":"closed","ping_status":"closed","template":"","meta":{"footnotes":""},"class_list":["post-4491","page","type-page","status-publish","hentry"],"yoast_head":"<!-- This site is optimized with the Yoast SEO plugin v23.6 - https:\/\/yoast.com\/wordpress\/plugins\/seo\/ -->\n<title>Despedida de soltero |<\/title>\n<meta name=\"robots\" content=\"index, follow, max-snippet:-1, max-image-preview:large, max-video-preview:-1\" \/>\n<link rel=\"canonical\" href=\"https:\/\/exclusive4-you.com\/es\/bachelor-party\/\" \/>\n<meta property=\"og:locale\" content=\"es_ES\" \/>\n<meta property=\"og:type\" content=\"article\" \/>\n<meta property=\"og:title\" content=\"Despedida de soltero |\" \/>\n<meta property=\"og:url\" content=\"https:\/\/exclusive4-you.com\/es\/bachelor-party\/\" \/>\n<meta property=\"og:site_name\" content=\"Event Planning\" \/>\n<meta property=\"article:modified_time\" content=\"2025-06-17T02:51:57+00:00\" \/>\n<meta name=\"twitter:card\" content=\"summary_large_image\" \/>\n<meta name=\"twitter:label1\" content=\"Tiempo de lectura\" \/>\n\t<meta name=\"twitter:data1\" content=\"2 minutos\" \/>\n<script type=\"application\/ld+json\" class=\"yoast-schema-graph\">{\"@context\":\"https:\/\/schema.org\",\"@graph\":[{\"@type\":\"WebPage\",\"@id\":\"https:\/\/exclusive4-you.com\/es\/bachelor-party\/\",\"url\":\"https:\/\/exclusive4-you.com\/es\/bachelor-party\/\",\"name\":\"Despedida de soltero |\",\"isPartOf\":{\"@id\":\"https:\/\/exclusive4-you.com\/es\/#website\"},\"datePublished\":\"2023-12-08T13:36:15+00:00\",\"dateModified\":\"2025-06-17T02:51:57+00:00\",\"breadcrumb\":{\"@id\":\"https:\/\/exclusive4-you.com\/es\/bachelor-party\/#breadcrumb\"},\"inLanguage\":\"es\",\"potentialAction\":[{\"@type\":\"ReadAction\",\"target\":[\"https:\/\/exclusive4-you.com\/es\/bachelor-party\/\"]}]},{\"@type\":\"BreadcrumbList\",\"@id\":\"https:\/\/exclusive4-you.com\/es\/bachelor-party\/#breadcrumb\",\"itemListElement\":[{\"@type\":\"ListItem\",\"position\":1,\"name\":\"Home\",\"item\":\"https:\/\/exclusive4-you.com\/es\/\"},{\"@type\":\"ListItem\",\"position\":2,\"name\":\"Despedida de soltero\"}]},{\"@type\":\"WebSite\",\"@id\":\"https:\/\/exclusive4-you.com\/es\/#website\",\"url\":\"https:\/\/exclusive4-you.com\/es\/\",\"name\":\"Event Planning\",\"description\":\"\",\"potentialAction\":[{\"@type\":\"SearchAction\",\"target\":{\"@type\":\"EntryPoint\",\"urlTemplate\":\"https:\/\/exclusive4-you.com\/es\/?s={search_term_string}\"},\"query-input\":{\"@type\":\"PropertyValueSpecification\",\"valueRequired\":true,\"valueName\":\"search_term_string\"}}],\"inLanguage\":\"es\"}]}<\/script>\n<!-- \/ Yoast SEO plugin. -->","yoast_head_json":{"title":"Despedida de soltero |","robots":{"index":"index","follow":"follow","max-snippet":"max-snippet:-1","max-image-preview":"max-image-preview:large","max-video-preview":"max-video-preview:-1"},"canonical":"https:\/\/exclusive4-you.com\/es\/bachelor-party\/","og_locale":"es_ES","og_type":"article","og_title":"Despedida de soltero |","og_url":"https:\/\/exclusive4-you.com\/es\/bachelor-party\/","og_site_name":"Event Planning","article_modified_time":"2025-06-17T02:51:57+00:00","twitter_card":"summary_large_image","twitter_misc":{"Tiempo de lectura":"2 minutos"},"schema":{"@context":"https:\/\/schema.org","@graph":[{"@type":"WebPage","@id":"https:\/\/exclusive4-you.com\/es\/bachelor-party\/","url":"https:\/\/exclusive4-you.com\/es\/bachelor-party\/","name":"Despedida de soltero |","isPartOf":{"@id":"https:\/\/exclusive4-you.com\/es\/#website"},"datePublished":"2023-12-08T13:36:15+00:00","dateModified":"2025-06-17T02:51:57+00:00","breadcrumb":{"@id":"https:\/\/exclusive4-you.com\/es\/bachelor-party\/#breadcrumb"},"inLanguage":"es","potentialAction":[{"@type":"ReadAction","target":["https:\/\/exclusive4-you.com\/es\/bachelor-party\/"]}]},{"@type":"BreadcrumbList","@id":"https:\/\/exclusive4-you.com\/es\/bachelor-party\/#breadcrumb","itemListElement":[{"@type":"ListItem","position":1,"name":"Home","item":"https:\/\/exclusive4-you.com\/es\/"},{"@type":"ListItem","position":2,"name":"Despedida de soltero"}]},{"@type":"WebSite","@id":"https:\/\/exclusive4-you.com\/es\/#website","url":"https:\/\/exclusive4-you.com\/es\/","name":"Event Planning","description":"","potentialAction":[{"@type":"SearchAction","target":{"@type":"EntryPoint","urlTemplate":"https:\/\/exclusive4-you.com\/es\/?s={search_term_string}"},"query-input":{"@type":"PropertyValueSpecification","valueRequired":true,"valueName":"search_term_string"}}],"inLanguage":"es"}]}},"_links":{"self":[{"href":"https:\/\/exclusive4-you.com\/es\/wp-json\/wp\/v2\/pages\/4491","targetHints":{"allow":["GET"]}}],"collection":[{"href":"https:\/\/exclusive4-you.com\/es\/wp-json\/wp\/v2\/pages"}],"about":[{"href":"https:\/\/exclusive4-you.com\/es\/wp-json\/wp\/v2\/types\/page"}],"author":[{"embeddable":true,"href":"https:\/\/exclusive4-you.com\/es\/wp-json\/wp\/v2\/users\/1"}],"replies":[{"embeddable":true,"href":"https:\/\/exclusive4-you.com\/es\/wp-json\/wp\/v2\/comments?post=4491"}],"version-history":[{"count":4,"href":"https:\/\/exclusive4-you.com\/es\/wp-json\/wp\/v2\/pages\/4491\/revisions"}],"predecessor-version":[{"id":5783,"href":"https:\/\/exclusive4-you.com\/es\/wp-json\/wp\/v2\/pages\/4491\/revisions\/5783"}],"wp:attachment":[{"href":"https:\/\/exclusive4-you.com\/es\/wp-json\/wp\/v2\/media?parent=4491"}],"curies":[{"name":"wp","href":"https:\/\/api.w.org\/{rel}","templated":true}]}}