{"id":4504,"date":"2024-10-12T13:37:06","date_gmt":"2024-10-12T13:37:06","guid":{"rendered":"https:\/\/exclusive4-you.com\/animators-and-quests\/"},"modified":"2025-06-14T10:26:33","modified_gmt":"2025-06-14T10:26:33","slug":"animators-and-quests","status":"publish","type":"page","link":"https:\/\/exclusive4-you.com\/es\/animators-and-quests\/","title":{"rendered":"Boda Frente al Mar en Miami"},"content":{"rendered":"\n<style type=\"text\/css\" data-created_by=\"avia_inline_auto\" id=\"style-css-av-mbvv8q30-a093d3feec0843134612e30029cfca69\">\n.avia-section.av-mbvv8q30-a093d3feec0843134612e30029cfca69{\nbackground-repeat:no-repeat;\nbackground-image:url(https:\/\/exclusive4-you.com\/wp-content\/uploads\/2025\/06\/decor-1.webp);\nbackground-position:50% 0%;\nbackground-attachment:scroll;\n}\n<\/style>\n<div id='av_section_1'  class='avia-section av-mbvv8q30-a093d3feec0843134612e30029cfca69 main_color avia-section-default avia-no-border-styling  avia-builder-el-0  el_before_av_textblock  avia-builder-el-first  avia-bg-style-scroll av-minimum-height av-minimum-height-100 av-height-100  container_wrap sidebar_right'  data-section-bg-repeat='no-repeat' data-av_minimum_height_pc='100' data-av_min_height_opt='100'><div class='container av-section-cont-open' ><main  role=\"main\" itemprop=\"mainContentOfPage\"  class='template-page content  av-content-small alpha units'><div class='post-entry post-entry-type-page post-entry-4504'><div class='entry-content-wrapper clearfix'>\n<div  class='av_promobox av-mbvvtrwv-d7e1a3673cafe5b3925470560d87aff6 avia-button-yes  avia-builder-el-1  avia-builder-el-no-sibling '><div class='avia-promocontent'><p>Boda Frente al Mar en Miami<\/p>\n<\/div><div  class='avia-button-wrap av-mbvvtrwv-b80961e3df351927e6ffb259013f9ed4-wrap avia-button-right '><a href='#form'  class='avia-button av-mbvvtrwv-b80961e3df351927e6ffb259013f9ed4 avia-icon_select-no avia-size-large avia-position-right avia-color-theme-color'  ><span class='avia_iconbox_title' >Click me<\/span><\/a><\/div><\/div>\n<\/div><\/div><\/main><!-- close content main element --><\/div><\/div><div id='after_section_1'  class='main_color av_default_container_wrap container_wrap sidebar_right'  ><div class='container av-section-cont-open' ><div class='template-page content  av-content-small alpha units'><div class='post-entry post-entry-type-page post-entry-4504'><div class='entry-content-wrapper clearfix'><section  class='av_textblock_section av-m266z6cr-bbc91d030270ad64a68840083032e2af '   itemscope=\"itemscope\" itemtype=\"https:\/\/schema.org\/CreativeWork\" ><div class='avia_textblock'  itemprop=\"text\" ><h2>\ud83c\udf34 \u00a1Boda Frente al Mar en Miami \u2013 Tu Celebraci\u00f3n Perfecta en la Playa te Espera!<\/h2>\n<p><strong>Organiza tu inolvidable boda frente al mar en Miami<\/strong> con vistas espectaculares, arena blanca y el sonido m\u00e1gico de las olas. Ya sea que sue\u00f1es con una <strong>ceremonia rom\u00e1ntica en la playa<\/strong>, una <strong>recepci\u00f3n lujosa junto al mar<\/strong>, o una <strong>boda \u00edntima frente al oc\u00e9ano<\/strong>, nuestro equipo profesional har\u00e1 realidad tu visi\u00f3n.<\/p>\n<h3>\u00bfPor Qu\u00e9 Elegir una Boda Frente al Mar en Miami?<\/h3>\n<p>\u2705 <strong>Lugares de boda en la playa<\/strong> en el sur de Florida<br \/>\n\u2705 <strong>Paquetes personalizados<\/strong> para todos los estilos y presupuestos<br \/>\n\u2705 Servicios profesionales de <strong>organizaci\u00f3n y coordinaci\u00f3n de bodas<\/strong><br \/>\n\u2705 <strong>Ceremonias al atardecer<\/strong> con paisajes tropicales<br \/>\n\u2705 <strong>Servicios todo incluido<\/strong>: decoraci\u00f3n, catering, fotograf\u00eda, m\u00fasica, permisos y m\u00e1s<\/p>\n<p>Nos encargamos de cada detalle para que t\u00fa solo te concentres en tu historia de amor. Ya sea que est\u00e9s planeando una <strong>boda de destino en Miami<\/strong> o vivas aqu\u00ed y sue\u00f1es con una <strong>boda de lujo en la playa<\/strong>, nuestros organizadores expertos har\u00e1n que tu d\u00eda sea verdaderamente inolvidable.<\/p>\n<h3>Servicios Incluyen:<\/h3>\n<ul>\n<li>Dise\u00f1o personalizado de la ceremonia<\/li>\n<li>Oficiante con licencia<\/li>\n<li>Coordinaci\u00f3n del lugar frente al mar<\/li>\n<li>Decoraci\u00f3n floral y arco nupcial<\/li>\n<li>Fotograf\u00eda y video profesional<\/li>\n<li>M\u00fasica en vivo o DJ<\/li>\n<li>Montaje elegante con asientos<\/li>\n<li>Asistencia con permisos (si es necesario)<\/li>\n<\/ul>\n<hr \/>\n<h3>Que el Oc\u00e9ano Sea Testigo de Tu Amor \ud83c\udf0a<\/h3>\n<p>Tu amor merece un escenario tan m\u00e1gico como tu historia. <strong>Reserva hoy tu boda frente al mar en Miami<\/strong> y comienza tu \u201cpara siempre\u201d junto al mar.<\/p>\n<p>\ud83d\udcde Cont\u00e1ctanos ahora para una consulta gratuita y disponibilidad de fechas.<\/p>\n<hr \/>\n\n<div class=\"wpcf7 no-js\" id=\"wpcf7-f4317-o1\" lang=\"es-ES\" dir=\"ltr\">\n<div class=\"screen-reader-response\"><p role=\"status\" aria-live=\"polite\" aria-atomic=\"true\"><\/p> <ul><\/ul><\/div>\n<form action=\"\/es\/wp-json\/wp\/v2\/pages\/4504#wpcf7-f4317-o1\" method=\"post\" class=\"wpcf7-form init\" aria-label=\"Formulario de contacto\" novalidate=\"novalidate\" data-status=\"init\">\n<div style=\"display: none;\">\n<input type=\"hidden\" name=\"_wpcf7\" value=\"4317\" \/>\n<input type=\"hidden\" name=\"_wpcf7_version\" value=\"5.9.5\" \/>\n<input type=\"hidden\" name=\"_wpcf7_locale\" value=\"es_ES\" \/>\n<input type=\"hidden\" name=\"_wpcf7_unit_tag\" value=\"wpcf7-f4317-o1\" \/>\n<input type=\"hidden\" name=\"_wpcf7_container_post\" value=\"0\" \/>\n<input type=\"hidden\" name=\"_wpcf7_posted_data_hash\" value=\"\" \/>\n<input type=\"hidden\" name=\"_wpcf7_recaptcha_response\" value=\"\" \/>\n<\/div>\n<p><label> Su nombre<br \/>\n<span class=\"wpcf7-form-control-wrap\" data-name=\"your-name\"><input size=\"40\" class=\"wpcf7-form-control wpcf7-text wpcf7-validates-as-required\" autocomplete=\"name\" aria-required=\"true\" aria-invalid=\"false\" value=\"\" type=\"text\" name=\"your-name\" \/><\/span> <\/label>\n<\/p>\n<p><label> Tu correo electr\u00f3nico<br \/>\n<span class=\"wpcf7-form-control-wrap\" data-name=\"your-email\"><input size=\"40\" class=\"wpcf7-form-control wpcf7-email wpcf7-validates-as-required wpcf7-text wpcf7-validates-as-email\" autocomplete=\"email\" aria-required=\"true\" aria-invalid=\"false\" value=\"\" type=\"email\" name=\"your-email\" \/><\/span> <\/label>\n<\/p>\n<p><label> Asunto<br \/>\n<span class=\"wpcf7-form-control-wrap\" data-name=\"your-subject\"><input size=\"40\" class=\"wpcf7-form-control wpcf7-text wpcf7-validates-as-required\" aria-required=\"true\" aria-invalid=\"false\" value=\"\" type=\"text\" name=\"your-subject\" \/><\/span> <\/label>\n<\/p>\n<p><label> Su mensaje (opcional)<br \/>\n<span class=\"wpcf7-form-control-wrap\" data-name=\"your-message\"><textarea cols=\"40\" rows=\"10\" class=\"wpcf7-form-control wpcf7-textarea\" aria-invalid=\"false\" name=\"your-message\"><\/textarea><\/span> <\/label>\n<\/p>\n<p><input class=\"wpcf7-form-control wpcf7-submit has-spinner\" type=\"submit\" value=\"Enviar\" \/>\n<\/p><div class=\"wpcf7-response-output\" aria-hidden=\"true\"><\/div>\n<\/form>\n<\/div>\n\n<\/div><\/section><\/p>\n\n<style type=\"text\/css\" data-created_by=\"avia_inline_auto\" id=\"style-css-av-m267ai3c-3ebfacc39b72b43359942377f8cf845b\">\n.avia-image-container.av-m267ai3c-3ebfacc39b72b43359942377f8cf845b img.avia_image{\nbox-shadow:none;\n}\n.avia-image-container.av-m267ai3c-3ebfacc39b72b43359942377f8cf845b .av-image-caption-overlay-center{\ncolor:#ffffff;\n}\n<\/style>\n<div  class='avia-image-container av-m267ai3c-3ebfacc39b72b43359942377f8cf845b av-styling- avia-align-center  avia-builder-el-3  el_after_av_textblock  avia-builder-el-last '   itemprop=\"image\" itemscope=\"itemscope\" itemtype=\"https:\/\/schema.org\/ImageObject\" ><div class=\"avia-image-container-inner\"><div class=\"avia-image-overlay-wrap\"><img decoding=\"async\" class='wp-image-5437 avia-img-lazy-loading-not-5437 avia_image ' src=\"https:\/\/exclusive4-you.com\/wp-content\/uploads\/2025\/06\/decor-2.webp\" alt='' title='Decor -2'  height=\"1000\" width=\"1500\"  itemprop=\"thumbnailUrl\" srcset=\"https:\/\/exclusive4-you.com\/wp-content\/uploads\/2025\/06\/decor-2.webp 1500w, https:\/\/exclusive4-you.com\/wp-content\/uploads\/2025\/06\/decor-2-300x200.webp 300w, https:\/\/exclusive4-you.com\/wp-content\/uploads\/2025\/06\/decor-2-1030x687.webp 1030w, https:\/\/exclusive4-you.com\/wp-content\/uploads\/2025\/06\/decor-2-768x512.webp 768w, https:\/\/exclusive4-you.com\/wp-content\/uploads\/2025\/06\/decor-2-705x470.webp 705w, https:\/\/exclusive4-you.com\/wp-content\/uploads\/2025\/06\/decor-2-24x16.webp 24w, https:\/\/exclusive4-you.com\/wp-content\/uploads\/2025\/06\/decor-2-36x24.webp 36w, https:\/\/exclusive4-you.com\/wp-content\/uploads\/2025\/06\/decor-2-48x32.webp 48w\" sizes=\"(max-width: 1500px) 100vw, 1500px\" \/><\/div><\/div><\/div>\n","protected":false},"excerpt":{"rendered":"","protected":false},"author":1,"featured_media":0,"parent":0,"menu_order":0,"comment_status":"closed","ping_status":"closed","template":"","meta":{"footnotes":""},"class_list":["post-4504","page","type-page","status-publish","hentry"],"yoast_head":"<!-- This site is optimized with the Yoast SEO plugin v23.6 - https:\/\/yoast.com\/wordpress\/plugins\/seo\/ -->\n<title>Boda Frente al Mar en Miami |<\/title>\n<meta name=\"robots\" content=\"index, follow, max-snippet:-1, max-image-preview:large, max-video-preview:-1\" \/>\n<link rel=\"canonical\" href=\"https:\/\/exclusive4-you.com\/es\/animators-and-quests\/\" \/>\n<meta property=\"og:locale\" content=\"es_ES\" \/>\n<meta property=\"og:type\" content=\"article\" \/>\n<meta property=\"og:title\" content=\"Boda Frente al Mar en Miami |\" \/>\n<meta property=\"og:url\" content=\"https:\/\/exclusive4-you.com\/es\/animators-and-quests\/\" \/>\n<meta property=\"og:site_name\" content=\"Event Planning\" \/>\n<meta property=\"article:modified_time\" content=\"2025-06-14T10:26:33+00:00\" \/>\n<meta name=\"twitter:card\" content=\"summary_large_image\" \/>\n<meta name=\"twitter:label1\" content=\"Tiempo de lectura\" \/>\n\t<meta name=\"twitter:data1\" content=\"2 minutos\" \/>\n<script type=\"application\/ld+json\" class=\"yoast-schema-graph\">{\"@context\":\"https:\/\/schema.org\",\"@graph\":[{\"@type\":\"WebPage\",\"@id\":\"https:\/\/exclusive4-you.com\/es\/animators-and-quests\/\",\"url\":\"https:\/\/exclusive4-you.com\/es\/animators-and-quests\/\",\"name\":\"Boda Frente al Mar en Miami |\",\"isPartOf\":{\"@id\":\"https:\/\/exclusive4-you.com\/es\/#website\"},\"datePublished\":\"2024-10-12T13:37:06+00:00\",\"dateModified\":\"2025-06-14T10:26:33+00:00\",\"breadcrumb\":{\"@id\":\"https:\/\/exclusive4-you.com\/es\/animators-and-quests\/#breadcrumb\"},\"inLanguage\":\"es\",\"potentialAction\":[{\"@type\":\"ReadAction\",\"target\":[\"https:\/\/exclusive4-you.com\/es\/animators-and-quests\/\"]}]},{\"@type\":\"BreadcrumbList\",\"@id\":\"https:\/\/exclusive4-you.com\/es\/animators-and-quests\/#breadcrumb\",\"itemListElement\":[{\"@type\":\"ListItem\",\"position\":1,\"name\":\"Home\",\"item\":\"https:\/\/exclusive4-you.com\/es\/\"},{\"@type\":\"ListItem\",\"position\":2,\"name\":\"Boda Frente al Mar en Miami\"}]},{\"@type\":\"WebSite\",\"@id\":\"https:\/\/exclusive4-you.com\/es\/#website\",\"url\":\"https:\/\/exclusive4-you.com\/es\/\",\"name\":\"Event Planning\",\"description\":\"\",\"potentialAction\":[{\"@type\":\"SearchAction\",\"target\":{\"@type\":\"EntryPoint\",\"urlTemplate\":\"https:\/\/exclusive4-you.com\/es\/?s={search_term_string}\"},\"query-input\":{\"@type\":\"PropertyValueSpecification\",\"valueRequired\":true,\"valueName\":\"search_term_string\"}}],\"inLanguage\":\"es\"}]}<\/script>\n<!-- \/ Yoast SEO plugin. -->","yoast_head_json":{"title":"Boda Frente al Mar en Miami |","robots":{"index":"index","follow":"follow","max-snippet":"max-snippet:-1","max-image-preview":"max-image-preview:large","max-video-preview":"max-video-preview:-1"},"canonical":"https:\/\/exclusive4-you.com\/es\/animators-and-quests\/","og_locale":"es_ES","og_type":"article","og_title":"Boda Frente al Mar en Miami |","og_url":"https:\/\/exclusive4-you.com\/es\/animators-and-quests\/","og_site_name":"Event Planning","article_modified_time":"2025-06-14T10:26:33+00:00","twitter_card":"summary_large_image","twitter_misc":{"Tiempo de lectura":"2 minutos"},"schema":{"@context":"https:\/\/schema.org","@graph":[{"@type":"WebPage","@id":"https:\/\/exclusive4-you.com\/es\/animators-and-quests\/","url":"https:\/\/exclusive4-you.com\/es\/animators-and-quests\/","name":"Boda Frente al Mar en Miami |","isPartOf":{"@id":"https:\/\/exclusive4-you.com\/es\/#website"},"datePublished":"2024-10-12T13:37:06+00:00","dateModified":"2025-06-14T10:26:33+00:00","breadcrumb":{"@id":"https:\/\/exclusive4-you.com\/es\/animators-and-quests\/#breadcrumb"},"inLanguage":"es","potentialAction":[{"@type":"ReadAction","target":["https:\/\/exclusive4-you.com\/es\/animators-and-quests\/"]}]},{"@type":"BreadcrumbList","@id":"https:\/\/exclusive4-you.com\/es\/animators-and-quests\/#breadcrumb","itemListElement":[{"@type":"ListItem","position":1,"name":"Home","item":"https:\/\/exclusive4-you.com\/es\/"},{"@type":"ListItem","position":2,"name":"Boda Frente al Mar en Miami"}]},{"@type":"WebSite","@id":"https:\/\/exclusive4-you.com\/es\/#website","url":"https:\/\/exclusive4-you.com\/es\/","name":"Event Planning","description":"","potentialAction":[{"@type":"SearchAction","target":{"@type":"EntryPoint","urlTemplate":"https:\/\/exclusive4-you.com\/es\/?s={search_term_string}"},"query-input":{"@type":"PropertyValueSpecification","valueRequired":true,"valueName":"search_term_string"}}],"inLanguage":"es"}]}},"_links":{"self":[{"href":"https:\/\/exclusive4-you.com\/es\/wp-json\/wp\/v2\/pages\/4504","targetHints":{"allow":["GET"]}}],"collection":[{"href":"https:\/\/exclusive4-you.com\/es\/wp-json\/wp\/v2\/pages"}],"about":[{"href":"https:\/\/exclusive4-you.com\/es\/wp-json\/wp\/v2\/types\/page"}],"author":[{"embeddable":true,"href":"https:\/\/exclusive4-you.com\/es\/wp-json\/wp\/v2\/users\/1"}],"replies":[{"embeddable":true,"href":"https:\/\/exclusive4-you.com\/es\/wp-json\/wp\/v2\/comments?post=4504"}],"version-history":[{"count":7,"href":"https:\/\/exclusive4-you.com\/es\/wp-json\/wp\/v2\/pages\/4504\/revisions"}],"predecessor-version":[{"id":5669,"href":"https:\/\/exclusive4-you.com\/es\/wp-json\/wp\/v2\/pages\/4504\/revisions\/5669"}],"wp:attachment":[{"href":"https:\/\/exclusive4-you.com\/es\/wp-json\/wp\/v2\/media?parent=4504"}],"curies":[{"name":"wp","href":"https:\/\/api.w.org\/{rel}","templated":true}]}}