{"id":4519,"date":"2024-10-12T13:49:34","date_gmt":"2024-10-12T13:49:34","guid":{"rendered":"https:\/\/exclusive4-you.com\/show-programs-and-parties-for-children\/"},"modified":"2025-06-14T10:25:40","modified_gmt":"2025-06-14T10:25:40","slug":"park-wedding-in-miami","status":"publish","type":"page","link":"https:\/\/exclusive4-you.com\/es\/park-wedding-in-miami\/","title":{"rendered":"Boda en un Parque de Miami"},"content":{"rendered":"\n<style type=\"text\/css\" data-created_by=\"avia_inline_auto\" id=\"style-css-av-m267orhw-0037fa85ccad19ee7b0c16a0ee408e8c\">\n.avia-section.av-m267orhw-0037fa85ccad19ee7b0c16a0ee408e8c{\nbackground-repeat:no-repeat;\nbackground-image:url(https:\/\/exclusive4-you.com\/wp-content\/uploads\/2025\/06\/wedding-park-1.webp);\nbackground-position:50% 100%;\nbackground-attachment:scroll;\n}\n<\/style>\n<div id='av_section_1'  class='avia-section av-m267orhw-0037fa85ccad19ee7b0c16a0ee408e8c main_color avia-section-default avia-no-border-styling  avia-builder-el-0  el_before_av_textblock  avia-builder-el-first  avia-bg-style-scroll av-minimum-height av-minimum-height-100 av-height-100  container_wrap sidebar_right'  data-section-bg-repeat='no-repeat' data-av_minimum_height_pc='100' data-av_min_height_opt='100'><div class='container av-section-cont-open' ><main  role=\"main\" itemprop=\"mainContentOfPage\"  class='template-page content  av-content-small alpha units'><div class='post-entry post-entry-type-page post-entry-4519'><div class='entry-content-wrapper clearfix'>\n\n<style type=\"text\/css\" data-created_by=\"avia_inline_auto\" id=\"style-css-av-m267ir87-7783c675c05148736936accb73cf0692\">\n.av_promobox.av-m267ir87-7783c675c05148736936accb73cf0692{\ncolor:#ffffff;\nbackground-color:rgba(10,10,10,0.17);\n}\n<\/style>\n<div  class='av_promobox av-m267ir87-7783c675c05148736936accb73cf0692 avia-button-yes  avia-builder-el-1  avia-builder-el-no-sibling '><div class='avia-promocontent'><p>Boda Rom\u00e1ntica en un Parque de Miami<\/p>\n<\/div><div  class='avia-button-wrap av-m267ir87-2c468fe12b1cc7bc65e366383e5b5996-wrap avia-button-right '><a href='#form'  class='avia-button av-m267ir87-2c468fe12b1cc7bc65e366383e5b5996 avia-icon_select-no avia-size-large avia-position-right avia-color-theme-color'  ><span class='avia_iconbox_title' >Click me<\/span><\/a><\/div><\/div>\n<\/div><\/div><\/main><!-- close content main element --><\/div><\/div><div id='after_section_1'  class='main_color av_default_container_wrap container_wrap sidebar_right'  ><div class='container av-section-cont-open' ><div class='template-page content  av-content-small alpha units'><div class='post-entry post-entry-type-page post-entry-4519'><div class='entry-content-wrapper clearfix'>\n<section  class='av_textblock_section av-m267i5gz-93a967b49b43878ca8694f8c5613b853 '   itemscope=\"itemscope\" itemtype=\"https:\/\/schema.org\/CreativeWork\" ><div class='avia_textblock'  itemprop=\"text\" ><h2>\ud83c\udf3f Boda Rom\u00e1ntica en un Parque de Miami \u2013 Di \u201cS\u00ed, Acepto\u201d Rodeado de Naturaleza<\/h2>\n<p><strong>Organiza tu boda perfecta en un parque de Miami<\/strong>, rodeado de vegetaci\u00f3n exuberante, tranquilidad y un ambiente lleno de romance. Ya sea que sue\u00f1es con una <strong>ceremonia \u00edntima en un jard\u00edn<\/strong>, bajo la sombra de \u00e1rboles centenarios, o con una <strong>celebraci\u00f3n elegante al aire libre<\/strong>, nosotros convertiremos tu visi\u00f3n en realidad.<\/p>\n<h3>\u00bfPor Qu\u00e9 Elegir una Boda en un Parque de Miami?<\/h3>\n<p>\u2705 <strong>Lugares al aire libre encantadores y accesibles<\/strong><br \/>\n\u2705 <strong>Entornos naturales y tranquilos<\/strong> para ceremonias rom\u00e1nticas<br \/>\n\u2705 <strong>Paquetes de boda personalizados<\/strong> para tu estilo y presupuesto<br \/>\n\u2705 <strong>Organizadores de bodas expertos<\/strong> que se encargan de cada detalle<br \/>\n\u2705 Servicios opcionales: <strong>decoraci\u00f3n, flores, fotograf\u00eda, m\u00fasica y m\u00e1s<\/strong><\/p>\n<p>Miami cuenta con una gran variedad de <strong>parques y jardines hermosos<\/strong> ideales para bodas \u2014 desde lugares ic\u00f3nicos como Vizcaya Gardens o Fairchild Tropical Garden hasta joyas escondidas y locales. Ya sea que est\u00e9s planeando una <strong>boda \u00edntima<\/strong>, una <strong>boda estilo picnic<\/strong> o una <strong>ceremonia tradicional al aire libre<\/strong>, nuestro equipo te acompa\u00f1ar\u00e1 en cada paso.<\/p>\n<h3>Nuestros Paquetes para Bodas en Parques Incluyen:<\/h3>\n<ul>\n<li>Recomendaci\u00f3n y coordinaci\u00f3n del lugar<\/li>\n<li>Dise\u00f1o y montaje personalizado de la ceremonia<\/li>\n<li>Oficiante con licencia<\/li>\n<li>Arco floral elegante y decoraci\u00f3n<\/li>\n<li>Sillas y disposici\u00f3n del espacio<\/li>\n<li>Fotograf\u00eda y video profesional<\/li>\n<li>Opciones de m\u00fasica: ac\u00fastica, en vivo o DJ<\/li>\n<li>Asistencia con permisos y regulaciones del parque<\/li>\n<\/ul>\n<hr \/>\n<h3>Crea Recuerdos Inolvidables Rodeado de Naturaleza \ud83c\udf33<\/h3>\n<p>Deja que la naturaleza sea el escenario de tu historia de amor. <strong>Reserva tu boda en un parque de Miami hoy mismo<\/strong> y celebra en medio de los espacios verdes m\u00e1s bellos y tranquilos de la ciudad.<\/p>\n<p>P\u00f3ngase en contacto con nosotros y haremos realidad su sue\u00f1o<\/p>\n<p>\ud83d\udcde Cont\u00e1ctanos ahora para una consulta gratuita y disponibilidad de fechas.<\/p>\n\n<div class=\"wpcf7 no-js\" id=\"wpcf7-f4317-o1\" lang=\"es-ES\" dir=\"ltr\">\n<div class=\"screen-reader-response\"><p role=\"status\" aria-live=\"polite\" aria-atomic=\"true\"><\/p> <ul><\/ul><\/div>\n<form action=\"\/es\/wp-json\/wp\/v2\/pages\/4519#wpcf7-f4317-o1\" method=\"post\" class=\"wpcf7-form init\" aria-label=\"Formulario de contacto\" novalidate=\"novalidate\" data-status=\"init\">\n<div style=\"display: none;\">\n<input type=\"hidden\" name=\"_wpcf7\" value=\"4317\" \/>\n<input type=\"hidden\" name=\"_wpcf7_version\" value=\"5.9.5\" \/>\n<input type=\"hidden\" name=\"_wpcf7_locale\" value=\"es_ES\" \/>\n<input type=\"hidden\" name=\"_wpcf7_unit_tag\" value=\"wpcf7-f4317-o1\" \/>\n<input type=\"hidden\" name=\"_wpcf7_container_post\" value=\"0\" \/>\n<input type=\"hidden\" name=\"_wpcf7_posted_data_hash\" value=\"\" \/>\n<input type=\"hidden\" name=\"_wpcf7_recaptcha_response\" value=\"\" \/>\n<\/div>\n<p><label> Su nombre<br \/>\n<span class=\"wpcf7-form-control-wrap\" data-name=\"your-name\"><input size=\"40\" class=\"wpcf7-form-control wpcf7-text wpcf7-validates-as-required\" autocomplete=\"name\" aria-required=\"true\" aria-invalid=\"false\" value=\"\" type=\"text\" name=\"your-name\" \/><\/span> <\/label>\n<\/p>\n<p><label> Tu correo electr\u00f3nico<br \/>\n<span class=\"wpcf7-form-control-wrap\" data-name=\"your-email\"><input size=\"40\" class=\"wpcf7-form-control wpcf7-email wpcf7-validates-as-required wpcf7-text wpcf7-validates-as-email\" autocomplete=\"email\" aria-required=\"true\" aria-invalid=\"false\" value=\"\" type=\"email\" name=\"your-email\" \/><\/span> <\/label>\n<\/p>\n<p><label> Asunto<br \/>\n<span class=\"wpcf7-form-control-wrap\" data-name=\"your-subject\"><input size=\"40\" class=\"wpcf7-form-control wpcf7-text wpcf7-validates-as-required\" aria-required=\"true\" aria-invalid=\"false\" value=\"\" type=\"text\" name=\"your-subject\" \/><\/span> <\/label>\n<\/p>\n<p><label> Su mensaje (opcional)<br \/>\n<span class=\"wpcf7-form-control-wrap\" data-name=\"your-message\"><textarea cols=\"40\" rows=\"10\" class=\"wpcf7-form-control wpcf7-textarea\" aria-invalid=\"false\" name=\"your-message\"><\/textarea><\/span> <\/label>\n<\/p>\n<p><input class=\"wpcf7-form-control wpcf7-submit has-spinner\" type=\"submit\" value=\"Enviar\" \/>\n<\/p><div class=\"wpcf7-response-output\" aria-hidden=\"true\"><\/div>\n<\/form>\n<\/div>\n\n<\/div><\/section>\n\n<style type=\"text\/css\" data-created_by=\"avia_inline_auto\" id=\"style-css-av-m267phyr-389cb0c071141d776d558bf20e64773a\">\n.avia-image-container.av-m267phyr-389cb0c071141d776d558bf20e64773a img.avia_image{\nbox-shadow:none;\n}\n.avia-image-container.av-m267phyr-389cb0c071141d776d558bf20e64773a .av-image-caption-overlay-center{\ncolor:#ffffff;\n}\n<\/style>\n<div  class='avia-image-container av-m267phyr-389cb0c071141d776d558bf20e64773a av-styling- avia-align-center  avia-builder-el-3  el_after_av_textblock  avia-builder-el-last '   itemprop=\"image\" itemscope=\"itemscope\" itemtype=\"https:\/\/schema.org\/ImageObject\" ><div class=\"avia-image-container-inner\"><div class=\"avia-image-overlay-wrap\"><img decoding=\"async\" class='wp-image-5652 avia-img-lazy-loading-not-5652 avia_image ' src=\"https:\/\/exclusive4-you.com\/wp-content\/uploads\/2025\/06\/wedding-park-2.webp\" alt='' title='wedding park-2'  height=\"1000\" width=\"1500\"  itemprop=\"thumbnailUrl\" srcset=\"https:\/\/exclusive4-you.com\/wp-content\/uploads\/2025\/06\/wedding-park-2.webp 1500w, https:\/\/exclusive4-you.com\/wp-content\/uploads\/2025\/06\/wedding-park-2-300x200.webp 300w, https:\/\/exclusive4-you.com\/wp-content\/uploads\/2025\/06\/wedding-park-2-1030x687.webp 1030w, https:\/\/exclusive4-you.com\/wp-content\/uploads\/2025\/06\/wedding-park-2-768x512.webp 768w, https:\/\/exclusive4-you.com\/wp-content\/uploads\/2025\/06\/wedding-park-2-705x470.webp 705w, https:\/\/exclusive4-you.com\/wp-content\/uploads\/2025\/06\/wedding-park-2-24x16.webp 24w, https:\/\/exclusive4-you.com\/wp-content\/uploads\/2025\/06\/wedding-park-2-36x24.webp 36w, https:\/\/exclusive4-you.com\/wp-content\/uploads\/2025\/06\/wedding-park-2-48x32.webp 48w\" sizes=\"(max-width: 1500px) 100vw, 1500px\" \/><\/div><\/div><\/div>\n","protected":false},"excerpt":{"rendered":"","protected":false},"author":1,"featured_media":0,"parent":0,"menu_order":0,"comment_status":"closed","ping_status":"closed","template":"","meta":{"footnotes":""},"class_list":["post-4519","page","type-page","status-publish","hentry"],"yoast_head":"<!-- This site is optimized with the Yoast SEO plugin v23.6 - https:\/\/yoast.com\/wordpress\/plugins\/seo\/ -->\n<title>Boda en un Parque de Miami |<\/title>\n<meta name=\"robots\" content=\"index, follow, max-snippet:-1, max-image-preview:large, max-video-preview:-1\" \/>\n<link rel=\"canonical\" href=\"https:\/\/exclusive4-you.com\/es\/park-wedding-in-miami\/\" \/>\n<meta property=\"og:locale\" content=\"es_ES\" \/>\n<meta property=\"og:type\" content=\"article\" \/>\n<meta property=\"og:title\" content=\"Boda en un Parque de Miami |\" \/>\n<meta property=\"og:url\" content=\"https:\/\/exclusive4-you.com\/es\/park-wedding-in-miami\/\" \/>\n<meta property=\"og:site_name\" content=\"Event Planning\" \/>\n<meta property=\"article:modified_time\" content=\"2025-06-14T10:25:40+00:00\" \/>\n<meta name=\"twitter:card\" content=\"summary_large_image\" \/>\n<meta name=\"twitter:label1\" content=\"Tiempo de lectura\" \/>\n\t<meta name=\"twitter:data1\" content=\"2 minutos\" \/>\n<script type=\"application\/ld+json\" class=\"yoast-schema-graph\">{\"@context\":\"https:\/\/schema.org\",\"@graph\":[{\"@type\":\"WebPage\",\"@id\":\"https:\/\/exclusive4-you.com\/es\/park-wedding-in-miami\/\",\"url\":\"https:\/\/exclusive4-you.com\/es\/park-wedding-in-miami\/\",\"name\":\"Boda en un Parque de Miami |\",\"isPartOf\":{\"@id\":\"https:\/\/exclusive4-you.com\/es\/#website\"},\"datePublished\":\"2024-10-12T13:49:34+00:00\",\"dateModified\":\"2025-06-14T10:25:40+00:00\",\"breadcrumb\":{\"@id\":\"https:\/\/exclusive4-you.com\/es\/park-wedding-in-miami\/#breadcrumb\"},\"inLanguage\":\"es\",\"potentialAction\":[{\"@type\":\"ReadAction\",\"target\":[\"https:\/\/exclusive4-you.com\/es\/park-wedding-in-miami\/\"]}]},{\"@type\":\"BreadcrumbList\",\"@id\":\"https:\/\/exclusive4-you.com\/es\/park-wedding-in-miami\/#breadcrumb\",\"itemListElement\":[{\"@type\":\"ListItem\",\"position\":1,\"name\":\"Home\",\"item\":\"https:\/\/exclusive4-you.com\/es\/\"},{\"@type\":\"ListItem\",\"position\":2,\"name\":\"Boda en un Parque de Miami\"}]},{\"@type\":\"WebSite\",\"@id\":\"https:\/\/exclusive4-you.com\/es\/#website\",\"url\":\"https:\/\/exclusive4-you.com\/es\/\",\"name\":\"Event Planning\",\"description\":\"\",\"potentialAction\":[{\"@type\":\"SearchAction\",\"target\":{\"@type\":\"EntryPoint\",\"urlTemplate\":\"https:\/\/exclusive4-you.com\/es\/?s={search_term_string}\"},\"query-input\":{\"@type\":\"PropertyValueSpecification\",\"valueRequired\":true,\"valueName\":\"search_term_string\"}}],\"inLanguage\":\"es\"}]}<\/script>\n<!-- \/ Yoast SEO plugin. -->","yoast_head_json":{"title":"Boda en un Parque de Miami |","robots":{"index":"index","follow":"follow","max-snippet":"max-snippet:-1","max-image-preview":"max-image-preview:large","max-video-preview":"max-video-preview:-1"},"canonical":"https:\/\/exclusive4-you.com\/es\/park-wedding-in-miami\/","og_locale":"es_ES","og_type":"article","og_title":"Boda en un Parque de Miami |","og_url":"https:\/\/exclusive4-you.com\/es\/park-wedding-in-miami\/","og_site_name":"Event Planning","article_modified_time":"2025-06-14T10:25:40+00:00","twitter_card":"summary_large_image","twitter_misc":{"Tiempo de lectura":"2 minutos"},"schema":{"@context":"https:\/\/schema.org","@graph":[{"@type":"WebPage","@id":"https:\/\/exclusive4-you.com\/es\/park-wedding-in-miami\/","url":"https:\/\/exclusive4-you.com\/es\/park-wedding-in-miami\/","name":"Boda en un Parque de Miami |","isPartOf":{"@id":"https:\/\/exclusive4-you.com\/es\/#website"},"datePublished":"2024-10-12T13:49:34+00:00","dateModified":"2025-06-14T10:25:40+00:00","breadcrumb":{"@id":"https:\/\/exclusive4-you.com\/es\/park-wedding-in-miami\/#breadcrumb"},"inLanguage":"es","potentialAction":[{"@type":"ReadAction","target":["https:\/\/exclusive4-you.com\/es\/park-wedding-in-miami\/"]}]},{"@type":"BreadcrumbList","@id":"https:\/\/exclusive4-you.com\/es\/park-wedding-in-miami\/#breadcrumb","itemListElement":[{"@type":"ListItem","position":1,"name":"Home","item":"https:\/\/exclusive4-you.com\/es\/"},{"@type":"ListItem","position":2,"name":"Boda en un Parque de Miami"}]},{"@type":"WebSite","@id":"https:\/\/exclusive4-you.com\/es\/#website","url":"https:\/\/exclusive4-you.com\/es\/","name":"Event Planning","description":"","potentialAction":[{"@type":"SearchAction","target":{"@type":"EntryPoint","urlTemplate":"https:\/\/exclusive4-you.com\/es\/?s={search_term_string}"},"query-input":{"@type":"PropertyValueSpecification","valueRequired":true,"valueName":"search_term_string"}}],"inLanguage":"es"}]}},"_links":{"self":[{"href":"https:\/\/exclusive4-you.com\/es\/wp-json\/wp\/v2\/pages\/4519","targetHints":{"allow":["GET"]}}],"collection":[{"href":"https:\/\/exclusive4-you.com\/es\/wp-json\/wp\/v2\/pages"}],"about":[{"href":"https:\/\/exclusive4-you.com\/es\/wp-json\/wp\/v2\/types\/page"}],"author":[{"embeddable":true,"href":"https:\/\/exclusive4-you.com\/es\/wp-json\/wp\/v2\/users\/1"}],"replies":[{"embeddable":true,"href":"https:\/\/exclusive4-you.com\/es\/wp-json\/wp\/v2\/comments?post=4519"}],"version-history":[{"count":6,"href":"https:\/\/exclusive4-you.com\/es\/wp-json\/wp\/v2\/pages\/4519\/revisions"}],"predecessor-version":[{"id":5668,"href":"https:\/\/exclusive4-you.com\/es\/wp-json\/wp\/v2\/pages\/4519\/revisions\/5668"}],"wp:attachment":[{"href":"https:\/\/exclusive4-you.com\/es\/wp-json\/wp\/v2\/media?parent=4519"}],"curies":[{"name":"wp","href":"https:\/\/api.w.org\/{rel}","templated":true}]}}