{"id":4533,"date":"2024-10-12T14:33:45","date_gmt":"2024-10-12T14:33:45","guid":{"rendered":"https:\/\/exclusive4-you.com\/photographer-for-the-holiday\/"},"modified":"2025-06-09T18:41:17","modified_gmt":"2025-06-09T18:41:17","slug":"photographer-for-the-holiday","status":"publish","type":"page","link":"https:\/\/exclusive4-you.com\/es\/photographer-for-the-holiday\/","title":{"rendered":"Fot\u00f3grafo de vacaciones"},"content":{"rendered":"\n<style type=\"text\/css\" data-created_by=\"avia_inline_auto\" id=\"style-css-av-m2698wib-d69155fdb64b92d15ab21d234102996e\">\n.avia-section.av-m2698wib-d69155fdb64b92d15ab21d234102996e{\nbackground-repeat:no-repeat;\nbackground-image:url(https:\/\/exclusive4-you.com\/wp-content\/uploads\/2025\/06\/photographer-for-the-holiday1-2-1500x430.webp);\nbackground-position:50% 50%;\nbackground-attachment:scroll;\n}\n<\/style>\n<div id='av_section_1'  class='avia-section av-m2698wib-d69155fdb64b92d15ab21d234102996e main_color avia-section-default avia-no-border-styling  avia-builder-el-0  el_before_av_textblock  avia-builder-el-first  avia-bg-style-scroll av-minimum-height av-minimum-height-100 av-height-100  container_wrap sidebar_right'  data-section-bg-repeat='no-repeat' data-av_minimum_height_pc='100' data-av_min_height_opt='100'><div class='container av-section-cont-open' ><main  role=\"main\" itemprop=\"mainContentOfPage\"  class='template-page content  av-content-small alpha units'><div class='post-entry post-entry-type-page post-entry-4533'><div class='entry-content-wrapper clearfix'>\n\n<style type=\"text\/css\" data-created_by=\"avia_inline_auto\" id=\"style-css-av-m2696tk1-f299728c67f92588627c12d09ae15d97\">\n.av_promobox.av-m2696tk1-f299728c67f92588627c12d09ae15d97{\ncolor:#ffffff;\nbackground-color:rgba(68,68,68,0.3);\n}\n<\/style>\n<div  class='av_promobox av-m2696tk1-f299728c67f92588627c12d09ae15d97 avia-button-yes  avia-builder-el-1  avia-builder-el-no-sibling '><div class='avia-promocontent'><p>Fot\u00f3grafo de vacaciones<\/p>\n<\/div><div  class='avia-button-wrap av-m2696tk1-85be3fca97279ce446b1d6a33d6e8241-wrap avia-button-right '><a href='#form'  class='avia-button av-m2696tk1-85be3fca97279ce446b1d6a33d6e8241 avia-icon_select-no avia-size-large avia-position-right avia-color-theme-color'  ><span class='avia_iconbox_title' >Orden<\/span><\/a><\/div><\/div>\n<\/div><\/div><\/main><!-- close content main element --><\/div><\/div><div id='after_section_1'  class='main_color av_default_container_wrap container_wrap sidebar_right'  ><div class='container av-section-cont-open' ><div class='template-page content  av-content-small alpha units'><div class='post-entry post-entry-type-page post-entry-4533'><div class='entry-content-wrapper clearfix'>\n<section  class='av_textblock_section av-m2696ja9-882a591fb0fb618e90ef9b965b8d71c5 '   itemscope=\"itemscope\" itemtype=\"https:\/\/schema.org\/CreativeWork\" ><div class='avia_textblock'  itemprop=\"text\" ><h1>\ud83d\udcf8 Fot\u00f3grafo Profesional para Tu Evento en Miami<\/h1>\n<p><strong>Captura cada momento con los servicios fotogr\u00e1ficos de Exclusive4You en Miami<\/strong><\/p>\n<p>\u00bfBuscas un fot\u00f3grafo profesional en Miami para que tu d\u00eda especial sea verdaderamente inolvidable?<br \/>\n<strong>Exclusive4You<\/strong> ofrece servicios de fotograf\u00eda de alta gama para bodas, cumplea\u00f1os, picnics rom\u00e1nticos, fiestas en yate, eventos corporativos y mucho m\u00e1s. Nos especializamos en capturar emociones, atm\u00f3sferas y detalles hermosos con estilo y elegancia.<\/p>\n<p>Ya sea que est\u00e9s celebrando el amor, la familia o la amistad, nuestros fot\u00f3grafos convierten momentos fugaces en recuerdos eternos.<\/p>\n<hr \/>\n<h2>\ud83c\udf1f Nuestros Servicios de Fotograf\u00eda<\/h2>\n<h3>\ud83d\udc8d <strong>Fotograf\u00eda de Bodas<\/strong><\/h3>\n<p>Tu historia de amor merece ser contada con belleza y emoci\u00f3n. Ofrecemos cobertura completa del d\u00eda de la boda, que incluye:<\/p>\n<ul>\n<li>Preparativos de los novios<\/li>\n<li>Ceremonia y votos<\/li>\n<li>Sesi\u00f3n \u201cFirst Look\u201d, retratos y fotos familiares<\/li>\n<li>Recepci\u00f3n, primer baile y momentos espont\u00e1neos<\/li>\n<li>Bodas en la playa, en yate o en lugar cerrado<\/li>\n<li>Fotograf\u00eda con dron (opcional)<\/li>\n<\/ul>\n<p>\u2705 <em>\u00c1lbumes personalizados y opci\u00f3n de vista previa al d\u00eda siguiente<\/em><br \/>\n\u27a1\ufe0f <em>Ideal para bodas elegantes, lujosas o de destino en Miami<\/em><\/p>\n<hr \/>\n<h3>\ud83c\udf82 <strong>Fotograf\u00eda de Cumplea\u00f1os y Celebraciones<\/strong><\/h3>\n<p>Desde desayunos \u00edntimos hasta fiestas grandes, capturamos la energ\u00eda y alegr\u00eda de tu celebraci\u00f3n:<\/p>\n<ul>\n<li>Cumplea\u00f1os especiales (1\u00b0, 15\u00b0, 30\u00b0, 50\u00b0, etc.)<\/li>\n<li>Fiestas tem\u00e1ticas con decoraci\u00f3n y arcos de globos<\/li>\n<li>Momentos sorpresa y reacciones<\/li>\n<li>Fotos grupales, detalles del evento y sonrisas espont\u00e1neas<\/li>\n<\/ul>\n<p>\u2705 <em>Fotos del pastel, regalos, decoraci\u00f3n y m\u00e1s<\/em><br \/>\n\u27a1\ufe0f <em>Perfecto para cumplea\u00f1os infantiles, aniversarios y fiestas privadas<\/em><\/p>\n<hr \/>\n<h3>\ud83d\udc96 <strong>Picnics Rom\u00e1nticos &amp; Propuestas \u201c\u00bfQuieres Casarte Conmigo?\u201d<\/strong><\/h3>\n<p>\u00bfPlaneas un momento m\u00e1gico en la playa o en un parque? Estamos ah\u00ed para capturar cada emoci\u00f3n:<\/p>\n<ul>\n<li>Fotograf\u00eda de propuesta sorpresa con montaje oculto<\/li>\n<li>Montajes rom\u00e1nticos en la playa con luz natural<\/li>\n<li>Sesiones de pareja al atardecer<\/li>\n<li>Reacciones espont\u00e1neas de \u201c\u00a1Dijo que s\u00ed!\u201d<\/li>\n<\/ul>\n<p>\u2705 <em>Fotos perfectas para Instagram y edici\u00f3n personalizada<\/em><br \/>\n\u27a1\ufe0f <em>Ideal para parejas, compromisos y aniversarios<\/em><\/p>\n<hr \/>\n<h3>\ud83d\udee5\ufe0f <strong>Fiestas en Yate y Eventos de Lujo<\/strong><\/h3>\n<p>Celebra con estilo mientras documentamos tu evento con clase:<\/p>\n<ul>\n<li>Fotos de estilo de vida y momentos espont\u00e1neos<\/li>\n<li>Retratos grupales en cubierta con fondo del mar o ciudad<\/li>\n<li>Brindis con champagne, puestas de sol y decoraci\u00f3n<\/li>\n<li>Ajuste de luz para eventos diurnos o nocturnos<\/li>\n<\/ul>\n<p>\u2705 <em>Ideal para despedidas de soltera, eventos VIP, cenas privadas<\/em><br \/>\n\u27a1\ufe0f <em>Disponible junto con nuestro servicio de alquiler de yates<\/em><\/p>\n<hr \/>\n<h3>\ud83d\udc68\u200d\ud83d\udc69\u200d\ud83d\udc67\u200d\ud83d\udc66 <strong>Sesiones Familiares y de Vacaciones<\/strong><\/h3>\n<p>\u00bfQuieres conservar los recuerdos familiares durante tu visita a Miami?<\/p>\n<ul>\n<li>Sesiones familiares en la playa, parques o locaciones privadas<\/li>\n<li>Coordinaci\u00f3n de vestuario y asesor\u00eda de estilo<\/li>\n<li>Fotograf\u00eda apta para ni\u00f1os y mascotas<\/li>\n<li>Tem\u00e1ticas de Navidad, Pascua y estaciones del a\u00f1o<\/li>\n<\/ul>\n<p>\u2705 <em>Entrega r\u00e1pida para familias de viaje o en vacaciones<\/em><br \/>\n\u27a1\ufe0f <em>Paquetes de fotos ideales como regalo<\/em><\/p>\n<hr \/>\n<h3>\ud83c\udfa5 Complemento: <strong>Paquetes de Foto + Video<\/strong><\/h3>\n<p>\u00bfQuieres cobertura total? Combina fotograf\u00eda y video para una experiencia visual completa:<\/p>\n<ul>\n<li>Historia completa del evento<\/li>\n<li>Videos destacados con edici\u00f3n cinematogr\u00e1fica<\/li>\n<li>Tomas con dron + grabaci\u00f3n desde tierra<\/li>\n<li>Un solo equipo = resultados fluidos y coordinados<\/li>\n<\/ul>\n<p>\u2705 <em>Consulta nuestros paquetes con descuento<\/em><\/p>\n<hr \/>\n<h2>\ud83c\udfaf \u00bfPor Qu\u00e9 Elegir a Exclusive4You?<\/h2>\n<p>\u2705 Fot\u00f3grafos locales y con experiencia en Miami<br \/>\n\u2705 Equipo multiling\u00fce: Ingl\u00e9s, Espa\u00f1ol, Ruso, Ucraniano<br \/>\n\u2705 Im\u00e1genes en alta resoluci\u00f3n editadas y entregadas digitalmente<br \/>\n\u2705 Paquetes flexibles para eventos grandes o peque\u00f1os<br \/>\n\u2705 Coordinaci\u00f3n fluida con decoraci\u00f3n y catering<br \/>\n\u2705 Traemos luces, fondos y creatividad<\/p>\n<\/div><\/section>\n\n<style type=\"text\/css\" data-created_by=\"avia_inline_auto\" id=\"style-css-av-m2699zie-47cd7976d5f541df5f56aa58a1657510\">\n.avia-image-container.av-m2699zie-47cd7976d5f541df5f56aa58a1657510 img.avia_image{\nbox-shadow:none;\n}\n.avia-image-container.av-m2699zie-47cd7976d5f541df5f56aa58a1657510 .av-image-caption-overlay-center{\ncolor:#ffffff;\n}\n<\/style>\n<div  class='avia-image-container av-m2699zie-47cd7976d5f541df5f56aa58a1657510 av-styling- avia-align-center  avia-builder-el-3  el_after_av_textblock  el_before_av_textblock '   itemprop=\"image\" itemscope=\"itemscope\" itemtype=\"https:\/\/schema.org\/ImageObject\" ><div class=\"avia-image-container-inner\"><div class=\"avia-image-overlay-wrap\"><img decoding=\"async\" class='wp-image-5301 avia-img-lazy-loading-not-5301 avia_image ' src=\"https:\/\/exclusive4-you.com\/wp-content\/uploads\/2025\/06\/photographer-for-the-holiday2-1.webp\" alt='' title='photographer-for-the-holiday2'  height=\"1000\" width=\"1500\"  itemprop=\"thumbnailUrl\" srcset=\"https:\/\/exclusive4-you.com\/wp-content\/uploads\/2025\/06\/photographer-for-the-holiday2-1.webp 1500w, https:\/\/exclusive4-you.com\/wp-content\/uploads\/2025\/06\/photographer-for-the-holiday2-1-300x200.webp 300w, https:\/\/exclusive4-you.com\/wp-content\/uploads\/2025\/06\/photographer-for-the-holiday2-1-1030x687.webp 1030w, https:\/\/exclusive4-you.com\/wp-content\/uploads\/2025\/06\/photographer-for-the-holiday2-1-768x512.webp 768w, https:\/\/exclusive4-you.com\/wp-content\/uploads\/2025\/06\/photographer-for-the-holiday2-1-705x470.webp 705w, https:\/\/exclusive4-you.com\/wp-content\/uploads\/2025\/06\/photographer-for-the-holiday2-1-24x16.webp 24w, https:\/\/exclusive4-you.com\/wp-content\/uploads\/2025\/06\/photographer-for-the-holiday2-1-36x24.webp 36w, https:\/\/exclusive4-you.com\/wp-content\/uploads\/2025\/06\/photographer-for-the-holiday2-1-48x32.webp 48w\" sizes=\"(max-width: 1500px) 100vw, 1500px\" \/><\/div><\/div><\/div>\n<section  class='av_textblock_section av-m269aeeu-9c59f212dee101c6f160ce9a1ce983c0 '   itemscope=\"itemscope\" itemtype=\"https:\/\/schema.org\/CreativeWork\" ><div class='avia_textblock'  itemprop=\"text\" ><p>Nuestros fot\u00f3grafos son verdaderos profesionales que cuentan con experiencia, intuici\u00f3n, sentido de la belleza y estilo. Ellos se preparan a fondo para cada evento: pensar en la composici\u00f3n, resaltar los acentos clave y seleccionar la configuraci\u00f3n correcta de los equipos. Tenemos un amplio cat\u00e1logo de fot\u00f3grafos capaces de realizar cualquiera de sus deseos, y pedir un fot\u00f3grafo o sesi\u00f3n de fotos profesional puede ser f\u00e1cil y c\u00f3modamente, incluso sin salir de casa.<br \/>\nCada uno de nuestros fot\u00f3grafos entiende que la tarea principal es capturar emociones, capturar momentos en vivo y transmitir su atm\u00f3sfera. No se trata s\u00f3lo de fotografiar, sino de todo un arte, en el que es importante captar el momento justo. Garantizamos fotos incre\u00edbles y de alta calidad que le deleitar\u00e1n durante a\u00f1os.<br \/>\n<strong>P\u00f3ngase en contacto con nosotros y haremos realidad su sue\u00f1o:<\/strong><br \/>\n\n<div class=\"wpcf7 no-js\" id=\"wpcf7-f4317-o1\" lang=\"es-ES\" dir=\"ltr\">\n<div class=\"screen-reader-response\"><p role=\"status\" aria-live=\"polite\" aria-atomic=\"true\"><\/p> <ul><\/ul><\/div>\n<form action=\"\/es\/wp-json\/wp\/v2\/pages\/4533#wpcf7-f4317-o1\" method=\"post\" class=\"wpcf7-form init\" aria-label=\"Formulario de contacto\" novalidate=\"novalidate\" data-status=\"init\">\n<div style=\"display: none;\">\n<input type=\"hidden\" name=\"_wpcf7\" value=\"4317\" \/>\n<input type=\"hidden\" name=\"_wpcf7_version\" value=\"5.9.5\" \/>\n<input type=\"hidden\" name=\"_wpcf7_locale\" value=\"es_ES\" \/>\n<input type=\"hidden\" name=\"_wpcf7_unit_tag\" value=\"wpcf7-f4317-o1\" \/>\n<input type=\"hidden\" name=\"_wpcf7_container_post\" value=\"0\" \/>\n<input type=\"hidden\" name=\"_wpcf7_posted_data_hash\" value=\"\" \/>\n<input type=\"hidden\" name=\"_wpcf7_recaptcha_response\" value=\"\" \/>\n<\/div>\n<p><label> Su nombre<br \/>\n<span class=\"wpcf7-form-control-wrap\" data-name=\"your-name\"><input size=\"40\" class=\"wpcf7-form-control wpcf7-text wpcf7-validates-as-required\" autocomplete=\"name\" aria-required=\"true\" aria-invalid=\"false\" value=\"\" type=\"text\" name=\"your-name\" \/><\/span> <\/label>\n<\/p>\n<p><label> Tu correo electr\u00f3nico<br \/>\n<span class=\"wpcf7-form-control-wrap\" data-name=\"your-email\"><input size=\"40\" class=\"wpcf7-form-control wpcf7-email wpcf7-validates-as-required wpcf7-text wpcf7-validates-as-email\" autocomplete=\"email\" aria-required=\"true\" aria-invalid=\"false\" value=\"\" type=\"email\" name=\"your-email\" \/><\/span> <\/label>\n<\/p>\n<p><label> Asunto<br \/>\n<span class=\"wpcf7-form-control-wrap\" data-name=\"your-subject\"><input size=\"40\" class=\"wpcf7-form-control wpcf7-text wpcf7-validates-as-required\" aria-required=\"true\" aria-invalid=\"false\" value=\"\" type=\"text\" name=\"your-subject\" \/><\/span> <\/label>\n<\/p>\n<p><label> Su mensaje (opcional)<br \/>\n<span class=\"wpcf7-form-control-wrap\" data-name=\"your-message\"><textarea cols=\"40\" rows=\"10\" class=\"wpcf7-form-control wpcf7-textarea\" aria-invalid=\"false\" name=\"your-message\"><\/textarea><\/span> <\/label>\n<\/p>\n<p><input class=\"wpcf7-form-control wpcf7-submit has-spinner\" type=\"submit\" value=\"Enviar\" \/>\n<\/p><div class=\"wpcf7-response-output\" aria-hidden=\"true\"><\/div>\n<\/form>\n<\/div>\n<\/p>\n<\/div><\/section>\n\n<style type=\"text\/css\" data-created_by=\"avia_inline_auto\" id=\"style-css-av-m269bfvr-fdd5e33ebcc5da0d2e5d99f89882336f\">\n.avia-image-container.av-m269bfvr-fdd5e33ebcc5da0d2e5d99f89882336f img.avia_image{\nbox-shadow:none;\n}\n.avia-image-container.av-m269bfvr-fdd5e33ebcc5da0d2e5d99f89882336f .av-image-caption-overlay-center{\ncolor:#ffffff;\n}\n<\/style>\n<div  class='avia-image-container av-m269bfvr-fdd5e33ebcc5da0d2e5d99f89882336f av-styling- avia-align-center  avia-builder-el-5  el_after_av_textblock  avia-builder-el-last '   itemprop=\"image\" itemscope=\"itemscope\" itemtype=\"https:\/\/schema.org\/ImageObject\" ><div class=\"avia-image-container-inner\"><div class=\"avia-image-overlay-wrap\"><img decoding=\"async\" class='wp-image-5297 avia-img-lazy-loading-not-5297 avia_image ' src=\"https:\/\/exclusive4-you.com\/wp-content\/uploads\/2025\/06\/photographer-for-the-holiday3-1500x630.webp\" alt='' title='photographer-for-the-holiday3'  height=\"630\" width=\"1500\"  itemprop=\"thumbnailUrl\"  \/><\/div><\/div><\/div>\n","protected":false},"excerpt":{"rendered":"","protected":false},"author":1,"featured_media":0,"parent":0,"menu_order":0,"comment_status":"closed","ping_status":"closed","template":"","meta":{"footnotes":""},"class_list":["post-4533","page","type-page","status-publish","hentry"],"yoast_head":"<!-- This site is optimized with the Yoast SEO plugin v23.6 - https:\/\/yoast.com\/wordpress\/plugins\/seo\/ -->\n<title>Fot\u00f3grafo de vacaciones |<\/title>\n<meta name=\"robots\" content=\"index, follow, max-snippet:-1, max-image-preview:large, max-video-preview:-1\" \/>\n<link rel=\"canonical\" href=\"https:\/\/exclusive4-you.com\/es\/photographer-for-the-holiday\/\" \/>\n<meta property=\"og:locale\" content=\"es_ES\" \/>\n<meta property=\"og:type\" content=\"article\" \/>\n<meta property=\"og:title\" content=\"Fot\u00f3grafo de vacaciones |\" \/>\n<meta property=\"og:url\" content=\"https:\/\/exclusive4-you.com\/es\/photographer-for-the-holiday\/\" \/>\n<meta property=\"og:site_name\" content=\"Event Planning\" \/>\n<meta property=\"article:modified_time\" content=\"2025-06-09T18:41:17+00:00\" \/>\n<meta name=\"twitter:card\" content=\"summary_large_image\" \/>\n<meta name=\"twitter:label1\" content=\"Tiempo de lectura\" \/>\n\t<meta name=\"twitter:data1\" content=\"4 minutos\" \/>\n<script type=\"application\/ld+json\" class=\"yoast-schema-graph\">{\"@context\":\"https:\/\/schema.org\",\"@graph\":[{\"@type\":\"WebPage\",\"@id\":\"https:\/\/exclusive4-you.com\/es\/photographer-for-the-holiday\/\",\"url\":\"https:\/\/exclusive4-you.com\/es\/photographer-for-the-holiday\/\",\"name\":\"Fot\u00f3grafo de vacaciones |\",\"isPartOf\":{\"@id\":\"https:\/\/exclusive4-you.com\/es\/#website\"},\"datePublished\":\"2024-10-12T14:33:45+00:00\",\"dateModified\":\"2025-06-09T18:41:17+00:00\",\"breadcrumb\":{\"@id\":\"https:\/\/exclusive4-you.com\/es\/photographer-for-the-holiday\/#breadcrumb\"},\"inLanguage\":\"es\",\"potentialAction\":[{\"@type\":\"ReadAction\",\"target\":[\"https:\/\/exclusive4-you.com\/es\/photographer-for-the-holiday\/\"]}]},{\"@type\":\"BreadcrumbList\",\"@id\":\"https:\/\/exclusive4-you.com\/es\/photographer-for-the-holiday\/#breadcrumb\",\"itemListElement\":[{\"@type\":\"ListItem\",\"position\":1,\"name\":\"Home\",\"item\":\"https:\/\/exclusive4-you.com\/es\/\"},{\"@type\":\"ListItem\",\"position\":2,\"name\":\"Fot\u00f3grafo de vacaciones\"}]},{\"@type\":\"WebSite\",\"@id\":\"https:\/\/exclusive4-you.com\/es\/#website\",\"url\":\"https:\/\/exclusive4-you.com\/es\/\",\"name\":\"Event Planning\",\"description\":\"\",\"potentialAction\":[{\"@type\":\"SearchAction\",\"target\":{\"@type\":\"EntryPoint\",\"urlTemplate\":\"https:\/\/exclusive4-you.com\/es\/?s={search_term_string}\"},\"query-input\":{\"@type\":\"PropertyValueSpecification\",\"valueRequired\":true,\"valueName\":\"search_term_string\"}}],\"inLanguage\":\"es\"}]}<\/script>\n<!-- \/ Yoast SEO plugin. -->","yoast_head_json":{"title":"Fot\u00f3grafo de vacaciones |","robots":{"index":"index","follow":"follow","max-snippet":"max-snippet:-1","max-image-preview":"max-image-preview:large","max-video-preview":"max-video-preview:-1"},"canonical":"https:\/\/exclusive4-you.com\/es\/photographer-for-the-holiday\/","og_locale":"es_ES","og_type":"article","og_title":"Fot\u00f3grafo de vacaciones |","og_url":"https:\/\/exclusive4-you.com\/es\/photographer-for-the-holiday\/","og_site_name":"Event Planning","article_modified_time":"2025-06-09T18:41:17+00:00","twitter_card":"summary_large_image","twitter_misc":{"Tiempo de lectura":"4 minutos"},"schema":{"@context":"https:\/\/schema.org","@graph":[{"@type":"WebPage","@id":"https:\/\/exclusive4-you.com\/es\/photographer-for-the-holiday\/","url":"https:\/\/exclusive4-you.com\/es\/photographer-for-the-holiday\/","name":"Fot\u00f3grafo de vacaciones |","isPartOf":{"@id":"https:\/\/exclusive4-you.com\/es\/#website"},"datePublished":"2024-10-12T14:33:45+00:00","dateModified":"2025-06-09T18:41:17+00:00","breadcrumb":{"@id":"https:\/\/exclusive4-you.com\/es\/photographer-for-the-holiday\/#breadcrumb"},"inLanguage":"es","potentialAction":[{"@type":"ReadAction","target":["https:\/\/exclusive4-you.com\/es\/photographer-for-the-holiday\/"]}]},{"@type":"BreadcrumbList","@id":"https:\/\/exclusive4-you.com\/es\/photographer-for-the-holiday\/#breadcrumb","itemListElement":[{"@type":"ListItem","position":1,"name":"Home","item":"https:\/\/exclusive4-you.com\/es\/"},{"@type":"ListItem","position":2,"name":"Fot\u00f3grafo de vacaciones"}]},{"@type":"WebSite","@id":"https:\/\/exclusive4-you.com\/es\/#website","url":"https:\/\/exclusive4-you.com\/es\/","name":"Event Planning","description":"","potentialAction":[{"@type":"SearchAction","target":{"@type":"EntryPoint","urlTemplate":"https:\/\/exclusive4-you.com\/es\/?s={search_term_string}"},"query-input":{"@type":"PropertyValueSpecification","valueRequired":true,"valueName":"search_term_string"}}],"inLanguage":"es"}]}},"_links":{"self":[{"href":"https:\/\/exclusive4-you.com\/es\/wp-json\/wp\/v2\/pages\/4533","targetHints":{"allow":["GET"]}}],"collection":[{"href":"https:\/\/exclusive4-you.com\/es\/wp-json\/wp\/v2\/pages"}],"about":[{"href":"https:\/\/exclusive4-you.com\/es\/wp-json\/wp\/v2\/types\/page"}],"author":[{"embeddable":true,"href":"https:\/\/exclusive4-you.com\/es\/wp-json\/wp\/v2\/users\/1"}],"replies":[{"embeddable":true,"href":"https:\/\/exclusive4-you.com\/es\/wp-json\/wp\/v2\/comments?post=4533"}],"version-history":[{"count":8,"href":"https:\/\/exclusive4-you.com\/es\/wp-json\/wp\/v2\/pages\/4533\/revisions"}],"predecessor-version":[{"id":5560,"href":"https:\/\/exclusive4-you.com\/es\/wp-json\/wp\/v2\/pages\/4533\/revisions\/5560"}],"wp:attachment":[{"href":"https:\/\/exclusive4-you.com\/es\/wp-json\/wp\/v2\/media?parent=4533"}],"curies":[{"name":"wp","href":"https:\/\/api.w.org\/{rel}","templated":true}]}}