{"id":4583,"date":"2024-10-12T15:09:43","date_gmt":"2024-10-12T15:09:43","guid":{"rendered":"https:\/\/exclusive4-you.com\/car-rental\/"},"modified":"2025-06-09T23:59:32","modified_gmt":"2025-06-09T23:59:32","slug":"car-rental","status":"publish","type":"page","link":"https:\/\/exclusive4-you.com\/es\/car-rental\/","title":{"rendered":"Alquiler de coches"},"content":{"rendered":"\n<style type=\"text\/css\" data-created_by=\"avia_inline_auto\" id=\"style-css-av-m26aglva-1e8927587b728c6f53f9586a1f99aec8\">\n.avia-section.av-m26aglva-1e8927587b728c6f53f9586a1f99aec8{\nbackground-repeat:no-repeat;\nbackground-image:url(https:\/\/exclusive4-you.com\/wp-content\/uploads\/2024\/10\/car-rental2.webp);\nbackground-position:50% 50%;\nbackground-attachment:scroll;\n}\n<\/style>\n<div id='av_section_1'  class='avia-section av-m26aglva-1e8927587b728c6f53f9586a1f99aec8 main_color avia-section-default avia-no-border-styling  avia-builder-el-0  el_before_av_textblock  avia-builder-el-first  avia-bg-style-scroll av-minimum-height av-minimum-height-100 av-height-100  container_wrap sidebar_right'  data-section-bg-repeat='no-repeat' data-av_minimum_height_pc='100' data-av_min_height_opt='100'><div class='container av-section-cont-open' ><main  role=\"main\" itemprop=\"mainContentOfPage\"  class='template-page content  av-content-small alpha units'><div class='post-entry post-entry-type-page post-entry-4583'><div class='entry-content-wrapper clearfix'>\n\n<style type=\"text\/css\" data-created_by=\"avia_inline_auto\" id=\"style-css-av-m26acq8n-12fda1d0d198d145b18396ad603242d0\">\n.av_promobox.av-m26acq8n-12fda1d0d198d145b18396ad603242d0{\ncolor:#ffffff;\nbackground-color:rgba(255,255,255,0.71);\n}\n<\/style>\n<div  class='av_promobox av-m26acq8n-12fda1d0d198d145b18396ad603242d0 avia-button-yes  avia-builder-el-1  avia-builder-el-no-sibling '><div class='avia-promocontent'><p>Alquiler de coches, coches retro, limusinas<\/p>\n<\/div><div  class='avia-button-wrap av-m26acq8n-fedf48ae24e3b2628fae55ccdc70115b-wrap avia-button-right '><a href='#form'  class='avia-button av-m26acq8n-fedf48ae24e3b2628fae55ccdc70115b avia-icon_select-no avia-size-large avia-position-right avia-color-theme-color'  ><span class='avia_iconbox_title' >Click me<\/span><\/a><\/div><\/div>\n<\/div><\/div><\/main><!-- close content main element --><\/div><\/div><div id='after_section_1'  class='main_color av_default_container_wrap container_wrap sidebar_right'  ><div class='container av-section-cont-open' ><div class='template-page content  av-content-small alpha units'><div class='post-entry post-entry-type-page post-entry-4583'><div class='entry-content-wrapper clearfix'>\n<section  class='av_textblock_section av-m26ad33z-443b28bfb68f470befa9808ab45e7eea '   itemscope=\"itemscope\" itemtype=\"https:\/\/schema.org\/CreativeWork\" ><div class='avia_textblock'  itemprop=\"text\" ><h2>\ud83d\ude97 Alquiler de Autos de Lujo en Miami \u2013 Conduce con Estilo con Exclusive4You<\/h2>\n<p>\u00bfBuscas el mejor <strong>alquiler de autos de lujo en Miami<\/strong>?<br \/>\nCon <strong>Exclusive4You<\/strong>, no solo alquilas un auto\u2026 \u00a1haces una declaraci\u00f3n de estilo!<\/p>\n<p>Ya sea que necesites un <strong>auto elegante para una boda<\/strong>, un <strong>veh\u00edculo exclusivo para una sesi\u00f3n de fotos<\/strong>, o simplemente quieras <strong>experimentar la conducci\u00f3n premium<\/strong> durante tu visita a Miami \u2014 ofrecemos una flota de autos de alta gama con atenci\u00f3n VIP.<\/p>\n<hr \/>\n<h2>\ud83c\udf1f \u00bfPor Qu\u00e9 Elegir Exclusive4You para Alquilar un Auto en Miami?<\/h2>\n<p>\u2705 Amplia selecci\u00f3n de autos de lujo y ex\u00f3ticos<br \/>\n\u2705 Tarifas por hora, d\u00eda o semana flexibles<br \/>\n\u2705 Entrega y recogida en hoteles, aeropuertos o eventos<br \/>\n\u2705 Servicio personalizado y atenci\u00f3n inmediata<br \/>\n\u2705 Ideal para bodas, negocios y eventos especiales<br \/>\n\u2705 Flota totalmente asegurada y con licencia<\/p>\n<hr \/>\n<h2>\ud83d\ude98 Nuestras Categor\u00edas Premium de Autos<\/h2>\n<h3>\ud83d\udcbc Autos Ejecutivos y de Negocios<\/h3>\n<p>Perfectos para reuniones corporativas o traslados al aeropuerto.<br \/>\nElige entre marcas como Mercedes-Benz, BMW o Audi para m\u00e1xima comodidad y elegancia.<\/p>\n<hr \/>\n<h3>\ud83d\udc8e Autos de Lujo y Ex\u00f3ticos<\/h3>\n<p>Siente la adrenalina con marcas como Lamborghini, Ferrari, Bentley y Rolls-Royce.<br \/>\nIdeales para experiencias exclusivas, transporte VIP o sesiones de fotos inolvidables.<\/p>\n<hr \/>\n<h3>\ud83d\udc8d Autos para Bodas<\/h3>\n<p>Haz una entrada espectacular en tu boda o evento especial.<br \/>\nDisponemos de limusinas blancas, sedanes cl\u00e1sicos de lujo o convertibles elegantes para fotos de boda inolvidables.<\/p>\n<hr \/>\n<h3>\ud83d\udcf8 Autos para Fotos y Videos<\/h3>\n<p>\u00bfNecesitas un auto llamativo para un <strong>video musical<\/strong>, <strong>sesi\u00f3n de moda<\/strong> o contenido de influencers?<br \/>\nTenemos autos ex\u00f3ticos y de lujo que har\u00e1n que tus im\u00e1genes destaquen.<\/p>\n<hr \/>\n<h3>\u2708\ufe0f Traslado al Aeropuerto y Chofer Privado<\/h3>\n<p>\u00bfLlegas a Miami? Te recibimos con un auto de lujo y conductor privado.<br \/>\nOfrecemos traslados 24\/7 desde\/hacia el <strong>Aeropuerto Internacional de Miami (MIA)<\/strong> y hoteles locales.<\/p>\n<hr \/>\n<h3>\ud83d\ude98 SUVs y Convertibles para Rutas Esc\u00e9nicas<\/h3>\n<p>\u00bfVas a recorrer Ocean Drive o los Cayos?<br \/>\nAlquila un <strong>Mustang convertible<\/strong> o un <strong>SUV de lujo<\/strong> para disfrutar con amigos o en familia.<\/p>\n<hr \/>\n<h2>\ud83d\udd27 Servicios y Extras Opcionales<\/h2>\n<ul>\n<li>Chofer privado y conductor de seguridad<\/li>\n<li>Decoraci\u00f3n especial para bodas o propuestas<\/li>\n<li>Paquetes combinados: auto + yate \/ auto + fot\u00f3grafo<\/li>\n<li>Videos estilo social media (reels \/ 360\u00b0)<\/li>\n<li>Seguro incluido y sin cargos ocultos<\/li>\n<\/ul>\n<\/div><\/section>\n\n<style type=\"text\/css\" data-created_by=\"avia_inline_auto\" id=\"style-css-av-m26aib3r-b42c249d9a7a72a59cc29514e549bab4\">\n.avia-image-container.av-m26aib3r-b42c249d9a7a72a59cc29514e549bab4 img.avia_image{\nbox-shadow:none;\n}\n.avia-image-container.av-m26aib3r-b42c249d9a7a72a59cc29514e549bab4 .av-image-caption-overlay-center{\ncolor:#ffffff;\n}\n<\/style>\n<div  class='avia-image-container av-m26aib3r-b42c249d9a7a72a59cc29514e549bab4 av-styling- avia-align-center  avia-builder-el-3  el_after_av_textblock  el_before_av_textblock '   itemprop=\"image\" itemscope=\"itemscope\" itemtype=\"https:\/\/schema.org\/ImageObject\" ><div class=\"avia-image-container-inner\"><div class=\"avia-image-overlay-wrap\"><img decoding=\"async\" class='wp-image-4591 avia-img-lazy-loading-not-4591 avia_image ' src=\"https:\/\/exclusive4-you.com\/wp-content\/uploads\/2024\/10\/car-rental1.webp\" alt='' title='Car rental1'  height=\"1001\" width=\"1500\"  itemprop=\"thumbnailUrl\" srcset=\"https:\/\/exclusive4-you.com\/wp-content\/uploads\/2024\/10\/car-rental1.webp 1500w, https:\/\/exclusive4-you.com\/wp-content\/uploads\/2024\/10\/car-rental1-300x200.webp 300w, https:\/\/exclusive4-you.com\/wp-content\/uploads\/2024\/10\/car-rental1-1030x687.webp 1030w, https:\/\/exclusive4-you.com\/wp-content\/uploads\/2024\/10\/car-rental1-768x513.webp 768w, https:\/\/exclusive4-you.com\/wp-content\/uploads\/2024\/10\/car-rental1-705x470.webp 705w, https:\/\/exclusive4-you.com\/wp-content\/uploads\/2024\/10\/car-rental1-24x16.webp 24w, https:\/\/exclusive4-you.com\/wp-content\/uploads\/2024\/10\/car-rental1-36x24.webp 36w, https:\/\/exclusive4-you.com\/wp-content\/uploads\/2024\/10\/car-rental1-48x32.webp 48w\" sizes=\"(max-width: 1500px) 100vw, 1500px\" \/><\/div><\/div><\/div>\n<section  class='av_textblock_section av-m26aiqcw-28f5e80256dc205c75550d04c0e53e08 '   itemscope=\"itemscope\" itemtype=\"https:\/\/schema.org\/CreativeWork\" ><div class='avia_textblock'  itemprop=\"text\" ><h4>Enfoque individual y alto nivel de servicio<\/h4>\n<p>Nuestros coches no son s\u00f3lo transporte, sino una parte importante de su celebraci\u00f3n, creando el ambiente y la atm\u00f3sfera adecuados. Nos aseguramos de que cada detalle de su evento sea impecable. Ofrecemos un enfoque individual a cada cliente, teniendo en cuenta todos los deseos y peculiaridades de su evento. Nuestros conductores son profesionales con gran experiencia, que garantizar\u00e1n un viaje seguro y c\u00f3modo, y siempre estar\u00e1n dispuestos a ayudarle con cualquier pregunta.<\/p>\n<p>Con exclusive4-you.com no s\u00f3lo obtendr\u00e1 un coche, sino tambi\u00e9n una experiencia \u00fanica que resaltar\u00e1 su estilo y har\u00e1 que su celebraci\u00f3n sea realmente especial. Nos esforzamos para que cada cliente se sienta especial, y estamos listos para ofrecerle los mejores coches y el mejor servicio que convertir\u00e1 su evento en una experiencia inolvidable. No importa el coche que elija &#8211; limusina, coche retro o moderno de clase superior &#8211; recibir\u00e1 calidad, lujo y cuidado para cada elemento de su celebraci\u00f3n.<\/p>\n<p>P\u00f3ngase en contacto con nosotros y haremos realidad su sue\u00f1o:<br \/>\n\n<div class=\"wpcf7 no-js\" id=\"wpcf7-f4317-o1\" lang=\"es-ES\" dir=\"ltr\">\n<div class=\"screen-reader-response\"><p role=\"status\" aria-live=\"polite\" aria-atomic=\"true\"><\/p> <ul><\/ul><\/div>\n<form action=\"\/es\/wp-json\/wp\/v2\/pages\/4583#wpcf7-f4317-o1\" method=\"post\" class=\"wpcf7-form init\" aria-label=\"Formulario de contacto\" novalidate=\"novalidate\" data-status=\"init\">\n<div style=\"display: none;\">\n<input type=\"hidden\" name=\"_wpcf7\" value=\"4317\" \/>\n<input type=\"hidden\" name=\"_wpcf7_version\" value=\"5.9.5\" \/>\n<input type=\"hidden\" name=\"_wpcf7_locale\" value=\"es_ES\" \/>\n<input type=\"hidden\" name=\"_wpcf7_unit_tag\" value=\"wpcf7-f4317-o1\" \/>\n<input type=\"hidden\" name=\"_wpcf7_container_post\" value=\"0\" \/>\n<input type=\"hidden\" name=\"_wpcf7_posted_data_hash\" value=\"\" \/>\n<input type=\"hidden\" name=\"_wpcf7_recaptcha_response\" value=\"\" \/>\n<\/div>\n<p><label> Su nombre<br \/>\n<span class=\"wpcf7-form-control-wrap\" data-name=\"your-name\"><input size=\"40\" class=\"wpcf7-form-control wpcf7-text wpcf7-validates-as-required\" autocomplete=\"name\" aria-required=\"true\" aria-invalid=\"false\" value=\"\" type=\"text\" name=\"your-name\" \/><\/span> <\/label>\n<\/p>\n<p><label> Tu correo electr\u00f3nico<br \/>\n<span class=\"wpcf7-form-control-wrap\" data-name=\"your-email\"><input size=\"40\" class=\"wpcf7-form-control wpcf7-email wpcf7-validates-as-required wpcf7-text wpcf7-validates-as-email\" autocomplete=\"email\" aria-required=\"true\" aria-invalid=\"false\" value=\"\" type=\"email\" name=\"your-email\" \/><\/span> <\/label>\n<\/p>\n<p><label> Asunto<br \/>\n<span class=\"wpcf7-form-control-wrap\" data-name=\"your-subject\"><input size=\"40\" class=\"wpcf7-form-control wpcf7-text wpcf7-validates-as-required\" aria-required=\"true\" aria-invalid=\"false\" value=\"\" type=\"text\" name=\"your-subject\" \/><\/span> <\/label>\n<\/p>\n<p><label> Su mensaje (opcional)<br \/>\n<span class=\"wpcf7-form-control-wrap\" data-name=\"your-message\"><textarea cols=\"40\" rows=\"10\" class=\"wpcf7-form-control wpcf7-textarea\" aria-invalid=\"false\" name=\"your-message\"><\/textarea><\/span> <\/label>\n<\/p>\n<p><input class=\"wpcf7-form-control wpcf7-submit has-spinner\" type=\"submit\" value=\"Enviar\" \/>\n<\/p><div class=\"wpcf7-response-output\" aria-hidden=\"true\"><\/div>\n<\/form>\n<\/div>\n<\/p>\n<\/div><\/section>\n\n<style type=\"text\/css\" data-created_by=\"avia_inline_auto\" id=\"style-css-av-m26alo3d-fb8f060b4fd8d10ad966d44a667372cc\">\n.avia-image-container.av-m26alo3d-fb8f060b4fd8d10ad966d44a667372cc img.avia_image{\nbox-shadow:none;\n}\n.avia-image-container.av-m26alo3d-fb8f060b4fd8d10ad966d44a667372cc .av-image-caption-overlay-center{\ncolor:#ffffff;\n}\n<\/style>\n<div  class='avia-image-container av-m26alo3d-fb8f060b4fd8d10ad966d44a667372cc av-styling- avia-align-center  avia-builder-el-5  el_after_av_textblock  avia-builder-el-last '   itemprop=\"image\" itemscope=\"itemscope\" itemtype=\"https:\/\/schema.org\/ImageObject\" ><div class=\"avia-image-container-inner\"><div class=\"avia-image-overlay-wrap\"><img decoding=\"async\" class='wp-image-4593 avia-img-lazy-loading-not-4593 avia_image ' src=\"https:\/\/exclusive4-you.com\/wp-content\/uploads\/2024\/10\/car-rental-1.webp\" alt='' title='Car rental'  height=\"1000\" width=\"1500\"  itemprop=\"thumbnailUrl\" srcset=\"https:\/\/exclusive4-you.com\/wp-content\/uploads\/2024\/10\/car-rental-1.webp 1500w, https:\/\/exclusive4-you.com\/wp-content\/uploads\/2024\/10\/car-rental-1-300x200.webp 300w, https:\/\/exclusive4-you.com\/wp-content\/uploads\/2024\/10\/car-rental-1-1030x687.webp 1030w, https:\/\/exclusive4-you.com\/wp-content\/uploads\/2024\/10\/car-rental-1-768x512.webp 768w, https:\/\/exclusive4-you.com\/wp-content\/uploads\/2024\/10\/car-rental-1-705x470.webp 705w, https:\/\/exclusive4-you.com\/wp-content\/uploads\/2024\/10\/car-rental-1-24x16.webp 24w, https:\/\/exclusive4-you.com\/wp-content\/uploads\/2024\/10\/car-rental-1-36x24.webp 36w, https:\/\/exclusive4-you.com\/wp-content\/uploads\/2024\/10\/car-rental-1-48x32.webp 48w\" sizes=\"(max-width: 1500px) 100vw, 1500px\" \/><\/div><\/div><\/div>\n","protected":false},"excerpt":{"rendered":"","protected":false},"author":1,"featured_media":0,"parent":0,"menu_order":0,"comment_status":"closed","ping_status":"closed","template":"","meta":{"footnotes":""},"class_list":["post-4583","page","type-page","status-publish","hentry"],"yoast_head":"<!-- This site is optimized with the Yoast SEO plugin v23.6 - https:\/\/yoast.com\/wordpress\/plugins\/seo\/ -->\n<title>Alquiler de coches |<\/title>\n<meta name=\"robots\" content=\"index, follow, max-snippet:-1, max-image-preview:large, max-video-preview:-1\" \/>\n<link rel=\"canonical\" href=\"https:\/\/exclusive4-you.com\/es\/car-rental\/\" \/>\n<meta property=\"og:locale\" content=\"es_ES\" \/>\n<meta property=\"og:type\" content=\"article\" \/>\n<meta property=\"og:title\" content=\"Alquiler de coches |\" \/>\n<meta property=\"og:url\" content=\"https:\/\/exclusive4-you.com\/es\/car-rental\/\" \/>\n<meta property=\"og:site_name\" content=\"Event Planning\" \/>\n<meta property=\"article:modified_time\" content=\"2025-06-09T23:59:32+00:00\" \/>\n<meta name=\"twitter:card\" content=\"summary_large_image\" \/>\n<meta name=\"twitter:label1\" content=\"Tiempo de lectura\" \/>\n\t<meta name=\"twitter:data1\" content=\"3 minutos\" \/>\n<script type=\"application\/ld+json\" class=\"yoast-schema-graph\">{\"@context\":\"https:\/\/schema.org\",\"@graph\":[{\"@type\":\"WebPage\",\"@id\":\"https:\/\/exclusive4-you.com\/es\/car-rental\/\",\"url\":\"https:\/\/exclusive4-you.com\/es\/car-rental\/\",\"name\":\"Alquiler de coches |\",\"isPartOf\":{\"@id\":\"https:\/\/exclusive4-you.com\/es\/#website\"},\"datePublished\":\"2024-10-12T15:09:43+00:00\",\"dateModified\":\"2025-06-09T23:59:32+00:00\",\"breadcrumb\":{\"@id\":\"https:\/\/exclusive4-you.com\/es\/car-rental\/#breadcrumb\"},\"inLanguage\":\"es\",\"potentialAction\":[{\"@type\":\"ReadAction\",\"target\":[\"https:\/\/exclusive4-you.com\/es\/car-rental\/\"]}]},{\"@type\":\"BreadcrumbList\",\"@id\":\"https:\/\/exclusive4-you.com\/es\/car-rental\/#breadcrumb\",\"itemListElement\":[{\"@type\":\"ListItem\",\"position\":1,\"name\":\"Home\",\"item\":\"https:\/\/exclusive4-you.com\/es\/\"},{\"@type\":\"ListItem\",\"position\":2,\"name\":\"Alquiler de coches\"}]},{\"@type\":\"WebSite\",\"@id\":\"https:\/\/exclusive4-you.com\/es\/#website\",\"url\":\"https:\/\/exclusive4-you.com\/es\/\",\"name\":\"Event Planning\",\"description\":\"\",\"potentialAction\":[{\"@type\":\"SearchAction\",\"target\":{\"@type\":\"EntryPoint\",\"urlTemplate\":\"https:\/\/exclusive4-you.com\/es\/?s={search_term_string}\"},\"query-input\":{\"@type\":\"PropertyValueSpecification\",\"valueRequired\":true,\"valueName\":\"search_term_string\"}}],\"inLanguage\":\"es\"}]}<\/script>\n<!-- \/ Yoast SEO plugin. -->","yoast_head_json":{"title":"Alquiler de coches |","robots":{"index":"index","follow":"follow","max-snippet":"max-snippet:-1","max-image-preview":"max-image-preview:large","max-video-preview":"max-video-preview:-1"},"canonical":"https:\/\/exclusive4-you.com\/es\/car-rental\/","og_locale":"es_ES","og_type":"article","og_title":"Alquiler de coches |","og_url":"https:\/\/exclusive4-you.com\/es\/car-rental\/","og_site_name":"Event Planning","article_modified_time":"2025-06-09T23:59:32+00:00","twitter_card":"summary_large_image","twitter_misc":{"Tiempo de lectura":"3 minutos"},"schema":{"@context":"https:\/\/schema.org","@graph":[{"@type":"WebPage","@id":"https:\/\/exclusive4-you.com\/es\/car-rental\/","url":"https:\/\/exclusive4-you.com\/es\/car-rental\/","name":"Alquiler de coches |","isPartOf":{"@id":"https:\/\/exclusive4-you.com\/es\/#website"},"datePublished":"2024-10-12T15:09:43+00:00","dateModified":"2025-06-09T23:59:32+00:00","breadcrumb":{"@id":"https:\/\/exclusive4-you.com\/es\/car-rental\/#breadcrumb"},"inLanguage":"es","potentialAction":[{"@type":"ReadAction","target":["https:\/\/exclusive4-you.com\/es\/car-rental\/"]}]},{"@type":"BreadcrumbList","@id":"https:\/\/exclusive4-you.com\/es\/car-rental\/#breadcrumb","itemListElement":[{"@type":"ListItem","position":1,"name":"Home","item":"https:\/\/exclusive4-you.com\/es\/"},{"@type":"ListItem","position":2,"name":"Alquiler de coches"}]},{"@type":"WebSite","@id":"https:\/\/exclusive4-you.com\/es\/#website","url":"https:\/\/exclusive4-you.com\/es\/","name":"Event Planning","description":"","potentialAction":[{"@type":"SearchAction","target":{"@type":"EntryPoint","urlTemplate":"https:\/\/exclusive4-you.com\/es\/?s={search_term_string}"},"query-input":{"@type":"PropertyValueSpecification","valueRequired":true,"valueName":"search_term_string"}}],"inLanguage":"es"}]}},"_links":{"self":[{"href":"https:\/\/exclusive4-you.com\/es\/wp-json\/wp\/v2\/pages\/4583","targetHints":{"allow":["GET"]}}],"collection":[{"href":"https:\/\/exclusive4-you.com\/es\/wp-json\/wp\/v2\/pages"}],"about":[{"href":"https:\/\/exclusive4-you.com\/es\/wp-json\/wp\/v2\/types\/page"}],"author":[{"embeddable":true,"href":"https:\/\/exclusive4-you.com\/es\/wp-json\/wp\/v2\/users\/1"}],"replies":[{"embeddable":true,"href":"https:\/\/exclusive4-you.com\/es\/wp-json\/wp\/v2\/comments?post=4583"}],"version-history":[{"count":4,"href":"https:\/\/exclusive4-you.com\/es\/wp-json\/wp\/v2\/pages\/4583\/revisions"}],"predecessor-version":[{"id":5598,"href":"https:\/\/exclusive4-you.com\/es\/wp-json\/wp\/v2\/pages\/4583\/revisions\/5598"}],"wp:attachment":[{"href":"https:\/\/exclusive4-you.com\/es\/wp-json\/wp\/v2\/media?parent=4583"}],"curies":[{"name":"wp","href":"https:\/\/api.w.org\/{rel}","templated":true}]}}