{"id":4649,"date":"2024-10-12T15:26:03","date_gmt":"2024-10-12T15:26:03","guid":{"rendered":"https:\/\/exclusive4-you.com\/transportation-services\/"},"modified":"2024-10-16T15:24:24","modified_gmt":"2024-10-16T15:24:24","slug":"transportation-services","status":"publish","type":"page","link":"https:\/\/exclusive4-you.com\/es\/transportation-services\/","title":{"rendered":"Servicios de transporte"},"content":{"rendered":"<p>\u00bfQuiere a\u00f1adir elegancia y comodidad a su evento? exclusive4-you.com le ofrece una amplia gama de servicios de transporte para que su celebraci\u00f3n sea realmente lujosa y confortable. Le proporcionaremos todo lo necesario para que su d\u00eda salga a la perfecci\u00f3n y pueda disfrutar de cada momento.<\/p>\n<h4><a href=\"\/es\/car-rental\/\">Alquiler de coches, coches retro, limusinas<\/a><\/h4>\n<p>Nuestros servicios de transporte incluyen alquiler de coches para todos los gustos y ocasiones. Ofrecemos modernos coches premium para reuniones de negocios y celebraciones, limusinas para crear un ambiente de lujo en bodas y fiestas, y coches retro para a\u00f1adir un toque de elegante nostalgia a su celebraci\u00f3n. Podr\u00e1 elegir el transporte perfecto para su evento, resaltando su estilo y car\u00e1cter especial.<\/p>\n<h4><a href=\"\/es\/yacht-rental\/\">Alquiler de yates<\/a><\/h4>\n<p>El alquiler de yates es una forma estupenda de pasar tiempo en el agua, disfrutando de un ambiente de libertad y lujo. Tanto si est\u00e1 planeando una cita rom\u00e1ntica, un evento corporativo o una fiesta nocturna, un yate es el lugar perfecto para celebrarlo. Ofrecemos tanto acogedoras embarcaciones para peque\u00f1as empresas como espaciosos yates para grandes grupos. A bordo podr\u00e1 disfrutar de impresionantes vistas, aire puro y emociones inolvidables.<\/p>\n<h4>Alto nivel de servicio<\/h4>\n<p>Ofrecemos un enfoque individual a cada cliente y garantizamos un alto nivel de servicio. Nuestros conductores y capitanes son profesionales que se ocupar\u00e1n de su comodidad y seguridad. Con exclusive4-you.com puede estar seguro de que cada detalle de su evento ser\u00e1 pensado y organizado al m\u00e1s alto nivel.<\/p>\n<p>Conf\u00ede el cuidado del transporte a exclusive4-you.com y haremos que su celebraci\u00f3n sea c\u00f3moda, elegante e inolvidable.<\/p>\n","protected":false},"excerpt":{"rendered":"<p>\u00bfQuiere a\u00f1adir elegancia y comodidad a su evento? exclusive4-you.com le ofrece una amplia gama de servicios de transporte para que su celebraci\u00f3n sea realmente lujosa y confortable. Le proporcionaremos todo lo necesario para que su d\u00eda salga a la perfecci\u00f3n y pueda disfrutar de cada momento. Alquiler de coches, coches retro, limusinas Nuestros servicios de [&hellip;]<\/p>\n","protected":false},"author":1,"featured_media":4591,"parent":0,"menu_order":0,"comment_status":"closed","ping_status":"closed","template":"","meta":{"footnotes":""},"class_list":["post-4649","page","type-page","status-publish","has-post-thumbnail","hentry"],"yoast_head":"<!-- This site is optimized with the Yoast SEO plugin v23.6 - https:\/\/yoast.com\/wordpress\/plugins\/seo\/ -->\n<title>Servicios de transporte |<\/title>\n<meta name=\"robots\" content=\"index, follow, max-snippet:-1, max-image-preview:large, max-video-preview:-1\" \/>\n<link rel=\"canonical\" href=\"https:\/\/exclusive4-you.com\/es\/transportation-services\/\" \/>\n<meta property=\"og:locale\" content=\"es_ES\" \/>\n<meta property=\"og:type\" content=\"article\" \/>\n<meta property=\"og:title\" content=\"Servicios de transporte |\" \/>\n<meta property=\"og:description\" content=\"\u00bfQuiere a\u00f1adir elegancia y comodidad a su evento? exclusive4-you.com le ofrece una amplia gama de servicios de transporte para que su celebraci\u00f3n sea realmente lujosa y confortable. Le proporcionaremos todo lo necesario para que su d\u00eda salga a la perfecci\u00f3n y pueda disfrutar de cada momento. Alquiler de coches, coches retro, limusinas Nuestros servicios de [&hellip;]\" \/>\n<meta property=\"og:url\" content=\"https:\/\/exclusive4-you.com\/es\/transportation-services\/\" \/>\n<meta property=\"og:site_name\" content=\"Event Planning\" \/>\n<meta property=\"article:modified_time\" content=\"2024-10-16T15:24:24+00:00\" \/>\n<meta property=\"og:image\" content=\"https:\/\/exclusive4-you.com\/wp-content\/uploads\/2024\/10\/car-rental1.webp\" \/>\n\t<meta property=\"og:image:width\" content=\"1500\" \/>\n\t<meta property=\"og:image:height\" content=\"1001\" \/>\n\t<meta property=\"og:image:type\" content=\"image\/webp\" \/>\n<meta name=\"twitter:card\" content=\"summary_large_image\" \/>\n<script type=\"application\/ld+json\" class=\"yoast-schema-graph\">{\"@context\":\"https:\/\/schema.org\",\"@graph\":[{\"@type\":\"WebPage\",\"@id\":\"https:\/\/exclusive4-you.com\/es\/transportation-services\/\",\"url\":\"https:\/\/exclusive4-you.com\/es\/transportation-services\/\",\"name\":\"Servicios de transporte |\",\"isPartOf\":{\"@id\":\"https:\/\/exclusive4-you.com\/es\/#website\"},\"primaryImageOfPage\":{\"@id\":\"https:\/\/exclusive4-you.com\/es\/transportation-services\/#primaryimage\"},\"image\":{\"@id\":\"https:\/\/exclusive4-you.com\/es\/transportation-services\/#primaryimage\"},\"thumbnailUrl\":\"https:\/\/exclusive4-you.com\/wp-content\/uploads\/2024\/10\/car-rental1.webp\",\"datePublished\":\"2024-10-12T15:26:03+00:00\",\"dateModified\":\"2024-10-16T15:24:24+00:00\",\"breadcrumb\":{\"@id\":\"https:\/\/exclusive4-you.com\/es\/transportation-services\/#breadcrumb\"},\"inLanguage\":\"es\",\"potentialAction\":[{\"@type\":\"ReadAction\",\"target\":[\"https:\/\/exclusive4-you.com\/es\/transportation-services\/\"]}]},{\"@type\":\"ImageObject\",\"inLanguage\":\"es\",\"@id\":\"https:\/\/exclusive4-you.com\/es\/transportation-services\/#primaryimage\",\"url\":\"https:\/\/exclusive4-you.com\/wp-content\/uploads\/2024\/10\/car-rental1.webp\",\"contentUrl\":\"https:\/\/exclusive4-you.com\/wp-content\/uploads\/2024\/10\/car-rental1.webp\",\"width\":1500,\"height\":1001},{\"@type\":\"BreadcrumbList\",\"@id\":\"https:\/\/exclusive4-you.com\/es\/transportation-services\/#breadcrumb\",\"itemListElement\":[{\"@type\":\"ListItem\",\"position\":1,\"name\":\"Home\",\"item\":\"https:\/\/exclusive4-you.com\/es\/\"},{\"@type\":\"ListItem\",\"position\":2,\"name\":\"Servicios de transporte\"}]},{\"@type\":\"WebSite\",\"@id\":\"https:\/\/exclusive4-you.com\/es\/#website\",\"url\":\"https:\/\/exclusive4-you.com\/es\/\",\"name\":\"Event Planning\",\"description\":\"\",\"potentialAction\":[{\"@type\":\"SearchAction\",\"target\":{\"@type\":\"EntryPoint\",\"urlTemplate\":\"https:\/\/exclusive4-you.com\/es\/?s={search_term_string}\"},\"query-input\":{\"@type\":\"PropertyValueSpecification\",\"valueRequired\":true,\"valueName\":\"search_term_string\"}}],\"inLanguage\":\"es\"}]}<\/script>\n<!-- \/ Yoast SEO plugin. -->","yoast_head_json":{"title":"Servicios de transporte |","robots":{"index":"index","follow":"follow","max-snippet":"max-snippet:-1","max-image-preview":"max-image-preview:large","max-video-preview":"max-video-preview:-1"},"canonical":"https:\/\/exclusive4-you.com\/es\/transportation-services\/","og_locale":"es_ES","og_type":"article","og_title":"Servicios de transporte |","og_description":"\u00bfQuiere a\u00f1adir elegancia y comodidad a su evento? exclusive4-you.com le ofrece una amplia gama de servicios de transporte para que su celebraci\u00f3n sea realmente lujosa y confortable. Le proporcionaremos todo lo necesario para que su d\u00eda salga a la perfecci\u00f3n y pueda disfrutar de cada momento. Alquiler de coches, coches retro, limusinas Nuestros servicios de [&hellip;]","og_url":"https:\/\/exclusive4-you.com\/es\/transportation-services\/","og_site_name":"Event Planning","article_modified_time":"2024-10-16T15:24:24+00:00","og_image":[{"width":1500,"height":1001,"url":"https:\/\/exclusive4-you.com\/wp-content\/uploads\/2024\/10\/car-rental1.webp","type":"image\/webp"}],"twitter_card":"summary_large_image","schema":{"@context":"https:\/\/schema.org","@graph":[{"@type":"WebPage","@id":"https:\/\/exclusive4-you.com\/es\/transportation-services\/","url":"https:\/\/exclusive4-you.com\/es\/transportation-services\/","name":"Servicios de transporte |","isPartOf":{"@id":"https:\/\/exclusive4-you.com\/es\/#website"},"primaryImageOfPage":{"@id":"https:\/\/exclusive4-you.com\/es\/transportation-services\/#primaryimage"},"image":{"@id":"https:\/\/exclusive4-you.com\/es\/transportation-services\/#primaryimage"},"thumbnailUrl":"https:\/\/exclusive4-you.com\/wp-content\/uploads\/2024\/10\/car-rental1.webp","datePublished":"2024-10-12T15:26:03+00:00","dateModified":"2024-10-16T15:24:24+00:00","breadcrumb":{"@id":"https:\/\/exclusive4-you.com\/es\/transportation-services\/#breadcrumb"},"inLanguage":"es","potentialAction":[{"@type":"ReadAction","target":["https:\/\/exclusive4-you.com\/es\/transportation-services\/"]}]},{"@type":"ImageObject","inLanguage":"es","@id":"https:\/\/exclusive4-you.com\/es\/transportation-services\/#primaryimage","url":"https:\/\/exclusive4-you.com\/wp-content\/uploads\/2024\/10\/car-rental1.webp","contentUrl":"https:\/\/exclusive4-you.com\/wp-content\/uploads\/2024\/10\/car-rental1.webp","width":1500,"height":1001},{"@type":"BreadcrumbList","@id":"https:\/\/exclusive4-you.com\/es\/transportation-services\/#breadcrumb","itemListElement":[{"@type":"ListItem","position":1,"name":"Home","item":"https:\/\/exclusive4-you.com\/es\/"},{"@type":"ListItem","position":2,"name":"Servicios de transporte"}]},{"@type":"WebSite","@id":"https:\/\/exclusive4-you.com\/es\/#website","url":"https:\/\/exclusive4-you.com\/es\/","name":"Event Planning","description":"","potentialAction":[{"@type":"SearchAction","target":{"@type":"EntryPoint","urlTemplate":"https:\/\/exclusive4-you.com\/es\/?s={search_term_string}"},"query-input":{"@type":"PropertyValueSpecification","valueRequired":true,"valueName":"search_term_string"}}],"inLanguage":"es"}]}},"_links":{"self":[{"href":"https:\/\/exclusive4-you.com\/es\/wp-json\/wp\/v2\/pages\/4649","targetHints":{"allow":["GET"]}}],"collection":[{"href":"https:\/\/exclusive4-you.com\/es\/wp-json\/wp\/v2\/pages"}],"about":[{"href":"https:\/\/exclusive4-you.com\/es\/wp-json\/wp\/v2\/types\/page"}],"author":[{"embeddable":true,"href":"https:\/\/exclusive4-you.com\/es\/wp-json\/wp\/v2\/users\/1"}],"replies":[{"embeddable":true,"href":"https:\/\/exclusive4-you.com\/es\/wp-json\/wp\/v2\/comments?post=4649"}],"version-history":[{"count":4,"href":"https:\/\/exclusive4-you.com\/es\/wp-json\/wp\/v2\/pages\/4649\/revisions"}],"predecessor-version":[{"id":4659,"href":"https:\/\/exclusive4-you.com\/es\/wp-json\/wp\/v2\/pages\/4649\/revisions\/4659"}],"wp:featuredmedia":[{"embeddable":true,"href":"https:\/\/exclusive4-you.com\/es\/wp-json\/wp\/v2\/media\/4591"}],"wp:attachment":[{"href":"https:\/\/exclusive4-you.com\/es\/wp-json\/wp\/v2\/media?parent=4649"}],"curies":[{"name":"wp","href":"https:\/\/api.w.org\/{rel}","templated":true}]}}