{"id":4712,"date":"2013-04-01T20:49:40","date_gmt":"2013-04-01T20:49:40","guid":{"rendered":"https:\/\/exclusive4-you.com\/portfolio\/"},"modified":"2024-10-17T17:30:46","modified_gmt":"2024-10-17T17:30:46","slug":"portfolio","status":"publish","type":"page","link":"https:\/\/exclusive4-you.com\/es\/portfolio\/","title":{"rendered":"Cartera"},"content":{"rendered":"<div  class='flex_column av-6w1vim-565f30374e68f2cd4c7e3c1c7c0fca46 av_one_full  avia-builder-el-0  avia-builder-el-no-sibling  first flex_column_div  '     ><div  id=\"av-sc-portfolio-1\"  class=\"av-portfolio-grid-sorting-container\"><div class='sort_width_container  av-sort-yes' data-portfolio-id='1' ><div id='js_sort_items' ><div class='sort_by_cat '><a href=\"#\" data-filter=\"all_sort\" class=\"all_sort_button active_sort\"><span class=\"inner_sort_button\"><span>Todo<\/span><small class=\"av-cat-count\"> 6 <\/small><\/span><\/a><span class=\"text-sep celebrations-and-anniversaries-es_sort_sep\">\/<\/span><a href=\"#\" data-filter=\"celebrations-and-anniversaries-es_sort\" class=\"celebrations-and-anniversaries-es_sort_button\" ><span class=\"inner_sort_button\"><span>Celebraciones y aniversarios<\/span><small class=\"av-cat-count\"> 3 <\/small><\/span><\/a><span class=\"text-sep romantic-dinner-in-a-restaurant-es_sort_sep\">\/<\/span><a href=\"#\" data-filter=\"romantic-dinner-in-a-restaurant-es_sort\" class=\"romantic-dinner-in-a-restaurant-es_sort_button\" ><span class=\"inner_sort_button\"><span>Cena rom\u00e1ntica en un restaurante<\/span><small class=\"av-cat-count\"> 1 <\/small><\/span><\/a><span class=\"text-sep birthday-es_sort_sep\">\/<\/span><a href=\"#\" data-filter=\"birthday-es_sort\" class=\"birthday-es_sort_button\" ><span class=\"inner_sort_button\"><span>Cumplea\u00f1os<\/span><small class=\"av-cat-count\"> 1 <\/small><\/span><\/a><span class=\"text-sep romantic-events-es_sort_sep\">\/<\/span><a href=\"#\" data-filter=\"romantic-events-es_sort\" class=\"romantic-events-es_sort_button\" ><span class=\"inner_sort_button\"><span>Eventos rom\u00e1nticos<\/span><small class=\"av-cat-count\"> 5 <\/small><\/span><\/a><span class=\"text-sep parties-es_sort_sep\">\/<\/span><a href=\"#\" data-filter=\"parties-es_sort\" class=\"parties-es_sort_button\" ><span class=\"inner_sort_button\"><span>Fiestas<\/span><small class=\"av-cat-count\"> 2 <\/small><\/span><\/a><span class=\"text-sep photography-es_sort_sep\">\/<\/span><a href=\"#\" data-filter=\"photography-es_sort\" class=\"photography-es_sort_button\" ><span class=\"inner_sort_button\"><span>Fotograf\u00eda<\/span><small class=\"av-cat-count\"> 2 <\/small><\/span><\/a><span class=\"text-sep romantic-picnic-es_sort_sep\">\/<\/span><a href=\"#\" data-filter=\"romantic-picnic-es_sort\" class=\"romantic-picnic-es_sort_button\" ><span class=\"inner_sort_button\"><span>Picnic rom\u00e1ntico<\/span><small class=\"av-cat-count\"> 3 <\/small><\/span><\/a><span class=\"text-sep additional-services-es_sort_sep\">\/<\/span><a href=\"#\" data-filter=\"additional-services-es_sort\" class=\"additional-services-es_sort_button\" ><span class=\"inner_sort_button\"><span>Servicios adicionales<\/span><small class=\"av-cat-count\"> 2 <\/small><\/span><\/a><span class=\"text-sep video-es_sort_sep\">\/<\/span><a href=\"#\" data-filter=\"video-es_sort\" class=\"video-es_sort_button\" ><span class=\"inner_sort_button\"><span>V\u00eddeo<\/span><small class=\"av-cat-count\"> 1 <\/small><\/span><\/a><\/div><\/div><\/div><div  class=' grid-sort-container isotope   no_margin-container with-title-container grid-total-even grid-col-4 grid-links-' data-portfolio-id='1'><div data-ajax-id='4848' class=' grid-entry flex_column isotope-item all_sort no_margin post-entry post-entry-4848 grid-entry-overview grid-loop-1 grid-parity-odd  romantic-events-es_sort additional-services-es_sort  av_one_fourth first default_av_fullwidth '><article class='main_color inner-entry'  itemscope=\"itemscope\" itemtype=\"https:\/\/schema.org\/CreativeWork\" ><a href=\"https:\/\/exclusive4-you.com\/es\/portfolio-item\/on-valentines-day\/\" title='El d\u00eda de San Valent\u00edn'  data-rel='grid-1' class='grid-image avia-hover-fx'> <img decoding=\"async\" width=\"495\" height=\"400\" src=\"https:\/\/exclusive4-you.com\/wp-content\/uploads\/2024\/05\/427891848_1796024904154040_6497885154682407039_n-495x400.jpeg\" class=\"wp-image-4850 avia-img-lazy-loading-not-4850 attachment-portfolio size-portfolio wp-post-image\" alt=\"\" srcset=\"https:\/\/exclusive4-you.com\/wp-content\/uploads\/2024\/05\/427891848_1796024904154040_6497885154682407039_n-495x400.jpeg 495w, https:\/\/exclusive4-you.com\/wp-content\/uploads\/2024\/05\/427891848_1796024904154040_6497885154682407039_n-845x684.jpeg 845w\" sizes=\"(max-width: 495px) 100vw, 495px\" \/><\/a><div class='grid-content'><div class='avia-arrow'><\/div><header class=\"entry-content-header\"><h3 class='grid-entry-title entry-title '  itemprop=\"headline\" ><a href='https:\/\/exclusive4-you.com\/es\/portfolio-item\/on-valentines-day\/' title='El d\u00eda de San Valent\u00edn'>El d\u00eda de San Valent\u00edn<\/a><\/h3><\/header><\/div><footer class=\"entry-footer\"><\/footer><\/article><\/div><div data-ajax-id='4864' class=' grid-entry flex_column isotope-item all_sort no_margin post-entry post-entry-4864 grid-entry-overview grid-loop-2 grid-parity-even  celebrations-and-anniversaries-es_sort birthday-es_sort  av_one_fourth  default_av_fullwidth '><article class='main_color inner-entry'  itemscope=\"itemscope\" itemtype=\"https:\/\/schema.org\/CreativeWork\" ><a href=\"https:\/\/exclusive4-you.com\/es\/portfolio-item\/family-moments\/\" title='Momentos en familia'  data-rel='grid-1' class='grid-image avia-hover-fx'> <img decoding=\"async\" width=\"495\" height=\"400\" src=\"https:\/\/exclusive4-you.com\/wp-content\/uploads\/2011\/01\/422670935_996522901804923_216800183151972660_n-495x400.jpeg\" class=\"wp-image-4865 avia-img-lazy-loading-not-4865 attachment-portfolio size-portfolio wp-post-image\" alt=\"\" srcset=\"https:\/\/exclusive4-you.com\/wp-content\/uploads\/2011\/01\/422670935_996522901804923_216800183151972660_n-495x400.jpeg 495w, https:\/\/exclusive4-you.com\/wp-content\/uploads\/2011\/01\/422670935_996522901804923_216800183151972660_n-845x684.jpeg 845w\" sizes=\"(max-width: 495px) 100vw, 495px\" \/><\/a><div class='grid-content'><div class='avia-arrow'><\/div><header class=\"entry-content-header\"><h3 class='grid-entry-title entry-title '  itemprop=\"headline\" ><a href='https:\/\/exclusive4-you.com\/es\/portfolio-item\/family-moments\/' title='Momentos en familia'>Momentos en familia<\/a><\/h3><\/header><\/div><footer class=\"entry-footer\"><\/footer><\/article><\/div><div data-ajax-id='4874' class=' grid-entry flex_column isotope-item all_sort no_margin post-entry post-entry-4874 grid-entry-overview grid-loop-3 grid-parity-odd  celebrations-and-anniversaries-es_sort romantic-events-es_sort parties-es_sort  av_one_fourth  default_av_fullwidth '><article class='main_color inner-entry'  itemscope=\"itemscope\" itemtype=\"https:\/\/schema.org\/CreativeWork\" ><a href=\"https:\/\/exclusive4-you.com\/es\/portfolio-item\/embrace-and-moments-of-intimacy-by-the-ocean\/\" title='Junto al oc\u00e9ano'  data-rel='grid-1' class='grid-image avia-hover-fx'> <img decoding=\"async\" width=\"495\" height=\"400\" src=\"https:\/\/exclusive4-you.com\/wp-content\/uploads\/2011\/12\/embrace-and-moments-of-intimacy-by-the-ocean-495x400.jpeg\" class=\"wp-image-4875 avia-img-lazy-loading-not-4875 attachment-portfolio size-portfolio wp-post-image\" alt=\"\" srcset=\"https:\/\/exclusive4-you.com\/wp-content\/uploads\/2011\/12\/embrace-and-moments-of-intimacy-by-the-ocean-495x400.jpeg 495w, https:\/\/exclusive4-you.com\/wp-content\/uploads\/2011\/12\/embrace-and-moments-of-intimacy-by-the-ocean-845x684.jpeg 845w\" sizes=\"(max-width: 495px) 100vw, 495px\" \/><\/a><div class='grid-content'><div class='avia-arrow'><\/div><header class=\"entry-content-header\"><h3 class='grid-entry-title entry-title '  itemprop=\"headline\" ><a href='https:\/\/exclusive4-you.com\/es\/portfolio-item\/embrace-and-moments-of-intimacy-by-the-ocean\/' title='Junto al oc\u00e9ano'>Junto al oc\u00e9ano<\/a><\/h3><\/header><\/div><footer class=\"entry-footer\"><\/footer><\/article><\/div><div data-ajax-id='4884' class=' grid-entry flex_column isotope-item all_sort no_margin post-entry post-entry-4884 grid-entry-overview grid-loop-4 grid-parity-even  romantic-events-es_sort parties-es_sort photography-es_sort romantic-picnic-es_sort  av_one_fourth  default_av_fullwidth '><article class='main_color inner-entry'  itemscope=\"itemscope\" itemtype=\"https:\/\/schema.org\/CreativeWork\" ><a href=\"https:\/\/exclusive4-you.com\/es\/portfolio-item\/romance-by-the-ocean\/\" title='Romance junto al oc\u00e9ano'  data-rel='grid-1' class='grid-image avia-hover-fx'> <img decoding=\"async\" width=\"495\" height=\"400\" src=\"https:\/\/exclusive4-you.com\/wp-content\/uploads\/2011\/12\/romance-by-the-ocean-495x400.jpeg\" class=\"wp-image-4885 avia-img-lazy-loading-not-4885 attachment-portfolio size-portfolio wp-post-image\" alt=\"\" srcset=\"https:\/\/exclusive4-you.com\/wp-content\/uploads\/2011\/12\/romance-by-the-ocean-495x400.jpeg 495w, https:\/\/exclusive4-you.com\/wp-content\/uploads\/2011\/12\/romance-by-the-ocean-845x684.jpeg 845w\" sizes=\"(max-width: 495px) 100vw, 495px\" \/><\/a><div class='grid-content'><div class='avia-arrow'><\/div><header class=\"entry-content-header\"><h3 class='grid-entry-title entry-title '  itemprop=\"headline\" ><a href='https:\/\/exclusive4-you.com\/es\/portfolio-item\/romance-by-the-ocean\/' title='Romance junto al oc\u00e9ano'>Romance junto al oc\u00e9ano<\/a><\/h3><\/header><\/div><footer class=\"entry-footer\"><\/footer><\/article><\/div><div data-ajax-id='4897' class=' grid-entry flex_column isotope-item all_sort no_margin post-entry post-entry-4897 grid-entry-overview grid-loop-5 grid-parity-odd  romantic-events-es_sort romantic-picnic-es_sort additional-services-es_sort  av_one_fourth first default_av_fullwidth '><article class='main_color inner-entry'  itemscope=\"itemscope\" itemtype=\"https:\/\/schema.org\/CreativeWork\" ><a href=\"https:\/\/exclusive4-you.com\/es\/portfolio-item\/immerse-yourself-in-the-world-of-fine-catering\/\" title='Sum\u00e9rjase en el mundo del catering exquisito'  data-rel='grid-1' class='grid-image avia-hover-fx'> <img decoding=\"async\" width=\"495\" height=\"400\" src=\"https:\/\/exclusive4-you.com\/wp-content\/uploads\/2011\/12\/fine-catering5-495x400.jpeg\" class=\"wp-image-4899 avia-img-lazy-loading-not-4899 attachment-portfolio size-portfolio wp-post-image\" alt=\"\" srcset=\"https:\/\/exclusive4-you.com\/wp-content\/uploads\/2011\/12\/fine-catering5-495x400.jpeg 495w, https:\/\/exclusive4-you.com\/wp-content\/uploads\/2011\/12\/fine-catering5-845x684.jpeg 845w\" sizes=\"(max-width: 495px) 100vw, 495px\" \/><\/a><div class='grid-content'><div class='avia-arrow'><\/div><header class=\"entry-content-header\"><h3 class='grid-entry-title entry-title '  itemprop=\"headline\" ><a href='https:\/\/exclusive4-you.com\/es\/portfolio-item\/immerse-yourself-in-the-world-of-fine-catering\/' title='Sum\u00e9rjase en el mundo del catering exquisito'>Sum\u00e9rjase en el mundo del catering exquisito<\/a><\/h3><\/header><\/div><footer class=\"entry-footer\"><\/footer><\/article><\/div><div data-ajax-id='4911' class=' grid-entry flex_column isotope-item all_sort no_margin post-entry post-entry-4911 grid-entry-overview grid-loop-6 grid-parity-even  post-entry-last  celebrations-and-anniversaries-es_sort romantic-dinner-in-a-restaurant-es_sort romantic-events-es_sort photography-es_sort romantic-picnic-es_sort video-es_sort  av_one_fourth  default_av_fullwidth '><article class='main_color inner-entry'  itemscope=\"itemscope\" itemtype=\"https:\/\/schema.org\/CreativeWork\" ><a href=\"https:\/\/exclusive4-you.com\/es\/portfolio-item\/romantic-picnic-by-the-ocean\/\" title='Picnic rom\u00e1ntico junto al mar'  data-rel='grid-1' class='grid-image avia-hover-fx'> <img decoding=\"async\" width=\"495\" height=\"400\" src=\"https:\/\/exclusive4-you.com\/wp-content\/uploads\/2011\/01\/420032140_909881780409762_8063498043594384904_n-495x400.jpeg\" class=\"wp-image-4912 avia-img-lazy-loading-not-4912 attachment-portfolio size-portfolio wp-post-image\" alt=\"\" srcset=\"https:\/\/exclusive4-you.com\/wp-content\/uploads\/2011\/01\/420032140_909881780409762_8063498043594384904_n-495x400.jpeg 495w, https:\/\/exclusive4-you.com\/wp-content\/uploads\/2011\/01\/420032140_909881780409762_8063498043594384904_n-845x684.jpeg 845w\" sizes=\"(max-width: 495px) 100vw, 495px\" \/><\/a><div class='grid-content'><div class='avia-arrow'><\/div><header class=\"entry-content-header\"><h3 class='grid-entry-title entry-title '  itemprop=\"headline\" ><a href='https:\/\/exclusive4-you.com\/es\/portfolio-item\/romantic-picnic-by-the-ocean\/' title='Picnic rom\u00e1ntico junto al mar'>Picnic rom\u00e1ntico junto al mar<\/a><\/h3><\/header><\/div><footer class=\"entry-footer\"><\/footer><\/article><\/div><\/div><\/div>   <!--   class=\"av-portfolio-grid-sorting-container\"  --><\/div>\n","protected":false},"excerpt":{"rendered":"","protected":false},"author":1,"featured_media":0,"parent":0,"menu_order":0,"comment_status":"open","ping_status":"open","template":"","meta":{"footnotes":""},"class_list":["post-4712","page","type-page","status-publish","hentry"],"yoast_head":"<!-- This site is optimized with the Yoast SEO plugin v23.6 - https:\/\/yoast.com\/wordpress\/plugins\/seo\/ -->\n<title>Cartera |<\/title>\n<meta name=\"robots\" content=\"index, follow, max-snippet:-1, max-image-preview:large, max-video-preview:-1\" \/>\n<link rel=\"canonical\" href=\"https:\/\/exclusive4-you.com\/es\/portfolio\/\" \/>\n<meta property=\"og:locale\" content=\"es_ES\" \/>\n<meta property=\"og:type\" content=\"article\" \/>\n<meta property=\"og:title\" content=\"Cartera |\" \/>\n<meta property=\"og:url\" content=\"https:\/\/exclusive4-you.com\/es\/portfolio\/\" \/>\n<meta property=\"og:site_name\" content=\"Event Planning\" \/>\n<meta property=\"article:modified_time\" content=\"2024-10-17T17:30:46+00:00\" \/>\n<meta name=\"twitter:card\" content=\"summary_large_image\" \/>\n<script type=\"application\/ld+json\" class=\"yoast-schema-graph\">{\"@context\":\"https:\/\/schema.org\",\"@graph\":[{\"@type\":\"WebPage\",\"@id\":\"https:\/\/exclusive4-you.com\/es\/portfolio\/\",\"url\":\"https:\/\/exclusive4-you.com\/es\/portfolio\/\",\"name\":\"Cartera |\",\"isPartOf\":{\"@id\":\"https:\/\/exclusive4-you.com\/es\/#website\"},\"datePublished\":\"2013-04-01T20:49:40+00:00\",\"dateModified\":\"2024-10-17T17:30:46+00:00\",\"breadcrumb\":{\"@id\":\"https:\/\/exclusive4-you.com\/es\/portfolio\/#breadcrumb\"},\"inLanguage\":\"es\",\"potentialAction\":[{\"@type\":\"ReadAction\",\"target\":[\"https:\/\/exclusive4-you.com\/es\/portfolio\/\"]}]},{\"@type\":\"BreadcrumbList\",\"@id\":\"https:\/\/exclusive4-you.com\/es\/portfolio\/#breadcrumb\",\"itemListElement\":[{\"@type\":\"ListItem\",\"position\":1,\"name\":\"Home\",\"item\":\"https:\/\/exclusive4-you.com\/es\/\"},{\"@type\":\"ListItem\",\"position\":2,\"name\":\"Cartera\"}]},{\"@type\":\"WebSite\",\"@id\":\"https:\/\/exclusive4-you.com\/es\/#website\",\"url\":\"https:\/\/exclusive4-you.com\/es\/\",\"name\":\"Event Planning\",\"description\":\"\",\"potentialAction\":[{\"@type\":\"SearchAction\",\"target\":{\"@type\":\"EntryPoint\",\"urlTemplate\":\"https:\/\/exclusive4-you.com\/es\/?s={search_term_string}\"},\"query-input\":{\"@type\":\"PropertyValueSpecification\",\"valueRequired\":true,\"valueName\":\"search_term_string\"}}],\"inLanguage\":\"es\"}]}<\/script>\n<!-- \/ Yoast SEO plugin. -->","yoast_head_json":{"title":"Cartera |","robots":{"index":"index","follow":"follow","max-snippet":"max-snippet:-1","max-image-preview":"max-image-preview:large","max-video-preview":"max-video-preview:-1"},"canonical":"https:\/\/exclusive4-you.com\/es\/portfolio\/","og_locale":"es_ES","og_type":"article","og_title":"Cartera |","og_url":"https:\/\/exclusive4-you.com\/es\/portfolio\/","og_site_name":"Event Planning","article_modified_time":"2024-10-17T17:30:46+00:00","twitter_card":"summary_large_image","schema":{"@context":"https:\/\/schema.org","@graph":[{"@type":"WebPage","@id":"https:\/\/exclusive4-you.com\/es\/portfolio\/","url":"https:\/\/exclusive4-you.com\/es\/portfolio\/","name":"Cartera |","isPartOf":{"@id":"https:\/\/exclusive4-you.com\/es\/#website"},"datePublished":"2013-04-01T20:49:40+00:00","dateModified":"2024-10-17T17:30:46+00:00","breadcrumb":{"@id":"https:\/\/exclusive4-you.com\/es\/portfolio\/#breadcrumb"},"inLanguage":"es","potentialAction":[{"@type":"ReadAction","target":["https:\/\/exclusive4-you.com\/es\/portfolio\/"]}]},{"@type":"BreadcrumbList","@id":"https:\/\/exclusive4-you.com\/es\/portfolio\/#breadcrumb","itemListElement":[{"@type":"ListItem","position":1,"name":"Home","item":"https:\/\/exclusive4-you.com\/es\/"},{"@type":"ListItem","position":2,"name":"Cartera"}]},{"@type":"WebSite","@id":"https:\/\/exclusive4-you.com\/es\/#website","url":"https:\/\/exclusive4-you.com\/es\/","name":"Event Planning","description":"","potentialAction":[{"@type":"SearchAction","target":{"@type":"EntryPoint","urlTemplate":"https:\/\/exclusive4-you.com\/es\/?s={search_term_string}"},"query-input":{"@type":"PropertyValueSpecification","valueRequired":true,"valueName":"search_term_string"}}],"inLanguage":"es"}]}},"_links":{"self":[{"href":"https:\/\/exclusive4-you.com\/es\/wp-json\/wp\/v2\/pages\/4712","targetHints":{"allow":["GET"]}}],"collection":[{"href":"https:\/\/exclusive4-you.com\/es\/wp-json\/wp\/v2\/pages"}],"about":[{"href":"https:\/\/exclusive4-you.com\/es\/wp-json\/wp\/v2\/types\/page"}],"author":[{"embeddable":true,"href":"https:\/\/exclusive4-you.com\/es\/wp-json\/wp\/v2\/users\/1"}],"replies":[{"embeddable":true,"href":"https:\/\/exclusive4-you.com\/es\/wp-json\/wp\/v2\/comments?post=4712"}],"version-history":[{"count":2,"href":"https:\/\/exclusive4-you.com\/es\/wp-json\/wp\/v2\/pages\/4712\/revisions"}],"predecessor-version":[{"id":4718,"href":"https:\/\/exclusive4-you.com\/es\/wp-json\/wp\/v2\/pages\/4712\/revisions\/4718"}],"wp:attachment":[{"href":"https:\/\/exclusive4-you.com\/es\/wp-json\/wp\/v2\/media?parent=4712"}],"curies":[{"name":"wp","href":"https:\/\/api.w.org\/{rel}","templated":true}]}}