{"id":4721,"date":"2024-10-12T12:53:13","date_gmt":"2024-10-12T12:53:13","guid":{"rendered":"https:\/\/exclusive4-you.com\/turnkey-wedding\/"},"modified":"2024-10-17T17:38:03","modified_gmt":"2024-10-17T17:38:03","slug":"turnkey-wedding","status":"publish","type":"page","link":"https:\/\/exclusive4-you.com\/es\/turnkey-wedding\/","title":{"rendered":"Boda llave en mano"},"content":{"rendered":"\n<style type=\"text\/css\" data-created_by=\"avia_inline_auto\" id=\"style-css-av-m265paol-bfb1e270f672a7e9a9b1262fe9bff249\">\n.avia-section.av-m265paol-bfb1e270f672a7e9a9b1262fe9bff249{\nbackground-repeat:no-repeat;\nbackground-image:url(https:\/\/exclusive4-you.com\/wp-content\/uploads\/2023\/12\/bride-and-groom-holding-their-rings-1500x630.webp);\nbackground-position:50% 50%;\nbackground-attachment:scroll;\n}\n<\/style>\n<div id='av_section_1'  class='avia-section av-m265paol-bfb1e270f672a7e9a9b1262fe9bff249 main_color avia-section-default avia-no-border-styling  avia-builder-el-0  el_before_av_textblock  avia-builder-el-first  avia-bg-style-scroll av-minimum-height av-minimum-height-100 av-height-100  container_wrap sidebar_right'  data-section-bg-repeat='no-repeat' data-av_minimum_height_pc='100' data-av_min_height_opt='100'><div class='container av-section-cont-open' ><main  role=\"main\" itemprop=\"mainContentOfPage\"  class='template-page content  av-content-small alpha units'><div class='post-entry post-entry-type-page post-entry-4721'><div class='entry-content-wrapper clearfix'>\n\n<style type=\"text\/css\" data-created_by=\"avia_inline_auto\" id=\"style-css-av-m265ok9x-1e7c9b7cb913521350c5a6317b7bca92\">\n.av_promobox.av-m265ok9x-1e7c9b7cb913521350c5a6317b7bca92{\ncolor:#ffffff;\nbackground-color:rgba(255,255,255,0.17);\n}\n<\/style>\n<div  class='av_promobox av-m265ok9x-1e7c9b7cb913521350c5a6317b7bca92 avia-button-yes  avia-builder-el-1  avia-builder-el-no-sibling '><div class='avia-promocontent'><h2 style=\"text-align: center;\">Boda llave en mano<\/h2>\n<\/div><div  class='avia-button-wrap av-m265ok9x-b44cde62e552a082ff9aeb6617ff8164-wrap avia-button-right '><a href='#form'  class='avia-button av-m265ok9x-b44cde62e552a082ff9aeb6617ff8164 avia-icon_select-no avia-size-large avia-position-right avia-color-theme-color'  ><span class='avia_iconbox_title' >Click me<\/span><\/a><\/div><\/div>\n<\/div><\/div><\/main><!-- close content main element --><\/div><\/div><div id='after_section_1'  class='main_color av_default_container_wrap container_wrap sidebar_right'  ><div class='container av-section-cont-open' ><div class='template-page content  av-content-small alpha units'><div class='post-entry post-entry-type-page post-entry-4721'><div class='entry-content-wrapper clearfix'><section  class='av_textblock_section av-m265pvev-b298ce3b682ed03aa697b9eea4ed2cae '   itemscope=\"itemscope\" itemtype=\"https:\/\/schema.org\/CreativeWork\" ><div class='avia_textblock'  itemprop=\"text\" ><p>Una boda es uno de los acontecimientos m\u00e1s importantes de la vida, y en exclusive4-you.com sabemos c\u00f3mo hacer que sea realmente especial. Ofrecemos un servicio de bodas llave en mano para que pueda disfrutar del ambiente de amor y felicidad sin preocuparse de las minucias organizativas. Nuestros expertos os proporcionar\u00e1n una comodidad absoluta para que cada momento est\u00e9 lleno de alegr\u00eda y felicidad, y pod\u00e1is centraros s\u00f3lo en lo m\u00e1s importante: el uno en el otro y en vuestros sentimientos.<\/p>\n<h2>Organizaci\u00f3n completa de su celebraci\u00f3n<\/h2>\n<p>Nuestro equipo de profesionales se encarga de todos los aspectos de la organizaci\u00f3n de su celebraci\u00f3n: desde la elecci\u00f3n del lugar perfecto hasta la creaci\u00f3n de un concepto \u00fanico. Tambi\u00e9n nos encargamos de la coordinaci\u00f3n de todo el evento el d\u00eda de la boda. Trabajamos con los mejores lugares, as\u00ed como con floristas, m\u00fasicos y presentadores de talento para garantizar que su evento sea del m\u00e1s alto calibre. Nos ocupamos de todos los elementos -decoraci\u00f3n, iluminaci\u00f3n, m\u00fasica, florister\u00eda, fotograf\u00eda y videograf\u00eda- para hacer de su boda una celebraci\u00f3n inolvidable para usted y sus invitados. Le garantizamos que cada detalle se ejecutar\u00e1 con la m\u00e1xima precisi\u00f3n y gusto, creando una atm\u00f3sfera armoniosa que reflejar\u00e1 su amor y personalidad.<\/p>\n<h2>Escenarios a medida y soluciones personalizadas<\/h2>\n<p>Creamos escenarios a medida, teniendo en cuenta todos sus deseos y sue\u00f1os para que cada detalle se ajuste a su historia de amor \u00fanica. Nuestros expertos creativos desarrollan soluciones personalizadas que se adaptan completamente a sus gustos y preferencias. Por ejemplo, podemos crear una decoraci\u00f3n personalizada con elementos que simbolicen momentos importantes de vuestra historia, u organizar un n\u00famero musical especial dedicado a vuestras canciones favoritas. Nuestra experiencia y atenci\u00f3n al detalle nos permiten dar vida a cualquiera de sus ideas, ya sea una ceremonia cl\u00e1sica de estilo rom\u00e1ntico, una fiesta moderna con elementos vistosos o una celebraci\u00f3n tem\u00e1tica que refleje su singularidad. Nos esforzamos por hacer que cada momento del d\u00eda de su boda sea especial y memorable para toda la vida.<\/p>\n<h2>Servicios adicionales para su d\u00eda perfecto<\/h2>\n<p>Tambi\u00e9n ofrecemos una amplia gama de servicios adicionales para que su celebraci\u00f3n sea a\u00fan m\u00e1s impresionante. Por ejemplo, puede incluir el alquiler de coches exclusivos, la organizaci\u00f3n de m\u00fasica en directo, zonas de fotos con decoraci\u00f3n tem\u00e1tica o clases magistrales de gastronom\u00eda para los invitados. Tambi\u00e9n podemos organizar un programa de entretenimiento para los invitados, n\u00fameros especiales de espect\u00e1culos, fuegos artificiales, invitar a artistas famosos y mucho m\u00e1s. Con nosotros el d\u00eda de su boda estar\u00e1 lleno de magia y podr\u00e1 disfrutar de cada momento sin pensar en las preocupaciones. Nosotros nos encargamos de todas las preocupaciones y coordinaciones para que usted pueda tener un d\u00eda libre de estr\u00e9s y disfrutar de cada momento de este m\u00e1gico evento.<\/p>\n<h2>Tu d\u00eda es nuestra preocupaci\u00f3n<\/h2>\n<p>Conf\u00edanos tu sue\u00f1o y lo haremos realidad, exclusivo, \u00fanico y realmente m\u00e1gico. Nuestros clientes reciben no s\u00f3lo un servicio, sino toda una gama de emociones que permanecer\u00e1n con ellos para siempre. Sabemos lo importante que es hacer que este d\u00eda sea perfecto, y estamos dispuestos a hacer todo lo posible para que su boda sea un verdadero cuento de hadas, donde cada elemento refleje su amor y felicidad.<\/p>\n<\/div><\/section><\/p>\n\n<style type=\"text\/css\" data-created_by=\"avia_inline_auto\" id=\"style-css-av-av_image-2d0d1bee75f40b544746d4a3068c7a33\">\n.avia-image-container.av-av_image-2d0d1bee75f40b544746d4a3068c7a33 img.avia_image{\nbox-shadow:none;\n}\n.avia-image-container.av-av_image-2d0d1bee75f40b544746d4a3068c7a33 .av-image-caption-overlay-center{\ncolor:#ffffff;\n}\n<\/style>\n<div  class='avia-image-container av-av_image-2d0d1bee75f40b544746d4a3068c7a33 av-styling- avia-align-center  avia-builder-el-3  el_after_av_textblock  avia-builder-el-last '   itemprop=\"image\" itemscope=\"itemscope\" itemtype=\"https:\/\/schema.org\/ImageObject\" ><div class=\"avia-image-container-inner\"><div class=\"avia-image-overlay-wrap\"><img decoding=\"async\" class='wp-image-4739 avia-img-lazy-loading-not-4739 avia_image ' src=\"https:\/\/exclusive4-you.com\/wp-content\/uploads\/2023\/12\/young-couple-at-festive-table-holding-hands-1500x1001.webp\" alt='' title='young-couple-at-festive-table-holding-hands'  height=\"1001\" width=\"1500\"  itemprop=\"thumbnailUrl\" srcset=\"https:\/\/exclusive4-you.com\/wp-content\/uploads\/2023\/12\/young-couple-at-festive-table-holding-hands-1500x1001.webp 1500w, https:\/\/exclusive4-you.com\/wp-content\/uploads\/2023\/12\/young-couple-at-festive-table-holding-hands-300x200.webp 300w, https:\/\/exclusive4-you.com\/wp-content\/uploads\/2023\/12\/young-couple-at-festive-table-holding-hands-1030x688.webp 1030w, https:\/\/exclusive4-you.com\/wp-content\/uploads\/2023\/12\/young-couple-at-festive-table-holding-hands-768x513.webp 768w, https:\/\/exclusive4-you.com\/wp-content\/uploads\/2023\/12\/young-couple-at-festive-table-holding-hands-1536x1025.webp 1536w, https:\/\/exclusive4-you.com\/wp-content\/uploads\/2023\/12\/young-couple-at-festive-table-holding-hands-705x471.webp 705w, https:\/\/exclusive4-you.com\/wp-content\/uploads\/2023\/12\/young-couple-at-festive-table-holding-hands.webp 1600w\" sizes=\"(max-width: 1500px) 100vw, 1500px\" \/><\/div><\/div><\/div>\n","protected":false},"excerpt":{"rendered":"","protected":false},"author":1,"featured_media":0,"parent":0,"menu_order":0,"comment_status":"closed","ping_status":"closed","template":"","meta":{"footnotes":""},"class_list":["post-4721","page","type-page","status-publish","hentry"],"yoast_head":"<!-- This site is optimized with the Yoast SEO plugin v23.6 - https:\/\/yoast.com\/wordpress\/plugins\/seo\/ -->\n<title>Boda llave en mano |<\/title>\n<meta name=\"robots\" content=\"index, follow, max-snippet:-1, max-image-preview:large, max-video-preview:-1\" \/>\n<link rel=\"canonical\" href=\"https:\/\/exclusive4-you.com\/es\/turnkey-wedding\/\" \/>\n<meta property=\"og:locale\" content=\"es_ES\" \/>\n<meta property=\"og:type\" content=\"article\" \/>\n<meta property=\"og:title\" content=\"Boda llave en mano |\" \/>\n<meta property=\"og:url\" content=\"https:\/\/exclusive4-you.com\/es\/turnkey-wedding\/\" \/>\n<meta property=\"og:site_name\" content=\"Event Planning\" \/>\n<meta property=\"article:modified_time\" content=\"2024-10-17T17:38:03+00:00\" \/>\n<meta name=\"twitter:card\" content=\"summary_large_image\" \/>\n<meta name=\"twitter:label1\" content=\"Tiempo de lectura\" \/>\n\t<meta name=\"twitter:data1\" content=\"3 minutos\" \/>\n<script type=\"application\/ld+json\" class=\"yoast-schema-graph\">{\"@context\":\"https:\/\/schema.org\",\"@graph\":[{\"@type\":\"WebPage\",\"@id\":\"https:\/\/exclusive4-you.com\/es\/turnkey-wedding\/\",\"url\":\"https:\/\/exclusive4-you.com\/es\/turnkey-wedding\/\",\"name\":\"Boda llave en mano |\",\"isPartOf\":{\"@id\":\"https:\/\/exclusive4-you.com\/es\/#website\"},\"datePublished\":\"2024-10-12T12:53:13+00:00\",\"dateModified\":\"2024-10-17T17:38:03+00:00\",\"breadcrumb\":{\"@id\":\"https:\/\/exclusive4-you.com\/es\/turnkey-wedding\/#breadcrumb\"},\"inLanguage\":\"es\",\"potentialAction\":[{\"@type\":\"ReadAction\",\"target\":[\"https:\/\/exclusive4-you.com\/es\/turnkey-wedding\/\"]}]},{\"@type\":\"BreadcrumbList\",\"@id\":\"https:\/\/exclusive4-you.com\/es\/turnkey-wedding\/#breadcrumb\",\"itemListElement\":[{\"@type\":\"ListItem\",\"position\":1,\"name\":\"Home\",\"item\":\"https:\/\/exclusive4-you.com\/es\/\"},{\"@type\":\"ListItem\",\"position\":2,\"name\":\"Boda llave en mano\"}]},{\"@type\":\"WebSite\",\"@id\":\"https:\/\/exclusive4-you.com\/es\/#website\",\"url\":\"https:\/\/exclusive4-you.com\/es\/\",\"name\":\"Event Planning\",\"description\":\"\",\"potentialAction\":[{\"@type\":\"SearchAction\",\"target\":{\"@type\":\"EntryPoint\",\"urlTemplate\":\"https:\/\/exclusive4-you.com\/es\/?s={search_term_string}\"},\"query-input\":{\"@type\":\"PropertyValueSpecification\",\"valueRequired\":true,\"valueName\":\"search_term_string\"}}],\"inLanguage\":\"es\"}]}<\/script>\n<!-- \/ Yoast SEO plugin. -->","yoast_head_json":{"title":"Boda llave en mano |","robots":{"index":"index","follow":"follow","max-snippet":"max-snippet:-1","max-image-preview":"max-image-preview:large","max-video-preview":"max-video-preview:-1"},"canonical":"https:\/\/exclusive4-you.com\/es\/turnkey-wedding\/","og_locale":"es_ES","og_type":"article","og_title":"Boda llave en mano |","og_url":"https:\/\/exclusive4-you.com\/es\/turnkey-wedding\/","og_site_name":"Event Planning","article_modified_time":"2024-10-17T17:38:03+00:00","twitter_card":"summary_large_image","twitter_misc":{"Tiempo de lectura":"3 minutos"},"schema":{"@context":"https:\/\/schema.org","@graph":[{"@type":"WebPage","@id":"https:\/\/exclusive4-you.com\/es\/turnkey-wedding\/","url":"https:\/\/exclusive4-you.com\/es\/turnkey-wedding\/","name":"Boda llave en mano |","isPartOf":{"@id":"https:\/\/exclusive4-you.com\/es\/#website"},"datePublished":"2024-10-12T12:53:13+00:00","dateModified":"2024-10-17T17:38:03+00:00","breadcrumb":{"@id":"https:\/\/exclusive4-you.com\/es\/turnkey-wedding\/#breadcrumb"},"inLanguage":"es","potentialAction":[{"@type":"ReadAction","target":["https:\/\/exclusive4-you.com\/es\/turnkey-wedding\/"]}]},{"@type":"BreadcrumbList","@id":"https:\/\/exclusive4-you.com\/es\/turnkey-wedding\/#breadcrumb","itemListElement":[{"@type":"ListItem","position":1,"name":"Home","item":"https:\/\/exclusive4-you.com\/es\/"},{"@type":"ListItem","position":2,"name":"Boda llave en mano"}]},{"@type":"WebSite","@id":"https:\/\/exclusive4-you.com\/es\/#website","url":"https:\/\/exclusive4-you.com\/es\/","name":"Event Planning","description":"","potentialAction":[{"@type":"SearchAction","target":{"@type":"EntryPoint","urlTemplate":"https:\/\/exclusive4-you.com\/es\/?s={search_term_string}"},"query-input":{"@type":"PropertyValueSpecification","valueRequired":true,"valueName":"search_term_string"}}],"inLanguage":"es"}]}},"_links":{"self":[{"href":"https:\/\/exclusive4-you.com\/es\/wp-json\/wp\/v2\/pages\/4721","targetHints":{"allow":["GET"]}}],"collection":[{"href":"https:\/\/exclusive4-you.com\/es\/wp-json\/wp\/v2\/pages"}],"about":[{"href":"https:\/\/exclusive4-you.com\/es\/wp-json\/wp\/v2\/types\/page"}],"author":[{"embeddable":true,"href":"https:\/\/exclusive4-you.com\/es\/wp-json\/wp\/v2\/users\/1"}],"replies":[{"embeddable":true,"href":"https:\/\/exclusive4-you.com\/es\/wp-json\/wp\/v2\/comments?post=4721"}],"version-history":[{"count":2,"href":"https:\/\/exclusive4-you.com\/es\/wp-json\/wp\/v2\/pages\/4721\/revisions"}],"predecessor-version":[{"id":4727,"href":"https:\/\/exclusive4-you.com\/es\/wp-json\/wp\/v2\/pages\/4721\/revisions\/4727"}],"wp:attachment":[{"href":"https:\/\/exclusive4-you.com\/es\/wp-json\/wp\/v2\/media?parent=4721"}],"curies":[{"name":"wp","href":"https:\/\/api.w.org\/{rel}","templated":true}]}}