{"id":4730,"date":"2023-12-08T12:14:00","date_gmt":"2023-12-08T12:14:00","guid":{"rendered":"https:\/\/exclusive4-you.com\/marriage-proposal\/"},"modified":"2025-07-06T01:44:06","modified_gmt":"2025-07-06T01:44:06","slug":"marriage-proposal","status":"publish","type":"page","link":"https:\/\/exclusive4-you.com\/es\/marriage-proposal\/","title":{"rendered":"Propuesta de matrimonio"},"content":{"rendered":"\n<style type=\"text\/css\" data-created_by=\"avia_inline_auto\" id=\"style-css-av-3p760a-cff50f188cedc82000f860e11d010256\">\n.avia-section.av-3p760a-cff50f188cedc82000f860e11d010256{\nbackground-repeat:no-repeat;\nbackground-image:url(https:\/\/exclusive4-you.com\/wp-content\/uploads\/2025\/06\/wedding-park-1-1500x630.webp);\nbackground-position:50% 50%;\nbackground-attachment:scroll;\n}\n<\/style>\n<div id='av_section_1'  class='avia-section av-3p760a-cff50f188cedc82000f860e11d010256 main_color avia-section-default avia-no-border-styling  avia-builder-el-0  el_before_av_textblock  avia-builder-el-first  avia-bg-style-scroll av-minimum-height av-minimum-height-100 av-height-100  container_wrap sidebar_right'  data-section-bg-repeat='no-repeat' data-av_minimum_height_pc='100' data-av_min_height_opt='100'><div class='container av-section-cont-open' ><main  role=\"main\" itemprop=\"mainContentOfPage\"  class='template-page content  av-content-small alpha units'><div class='post-entry post-entry-type-page post-entry-4730'><div class='entry-content-wrapper clearfix'>\n<div  class='av_promobox av-lpwj22v9-f7d2fc9dc08f5ead1cc1986202c205ca avia-button-yes  avia-builder-el-1  avia-builder-el-no-sibling '><div class='avia-promocontent'><p>Propuesta de matrimonio<\/p>\n<\/div><div  class='avia-button-wrap av-lpwj22v9-1a23d6c9ef58e44c21f5b17056d97aed-wrap avia-button-right '><a href='#form'  class='avia-button av-lpwj22v9-1a23d6c9ef58e44c21f5b17056d97aed avia-icon_select-no avia-size-large avia-position-right avia-color-theme-color'  ><span class='avia_iconbox_title' >Click me<\/span><\/a><\/div><\/div>\n<\/div><\/div><\/main><!-- close content main element --><\/div><\/div><div id='after_section_1'  class='main_color av_default_container_wrap container_wrap sidebar_right'  ><div class='container av-section-cont-open' ><div class='template-page content  av-content-small alpha units'><div class='post-entry post-entry-type-page post-entry-4730'><div class='entry-content-wrapper clearfix'>\n<section  class='av_textblock_section av-2of7yy-02f5b48ff54d017637d2dc4689d2c228 '   itemscope=\"itemscope\" itemtype=\"https:\/\/schema.org\/CreativeWork\" ><div class='avia_textblock'  itemprop=\"text\" ><p>Haga que su pedida de mano sea tan inolvidable como el amor que comparten. En Exclusive4-You.com, creamos momentos impresionantes a la medida de su visi\u00f3n y su pasi\u00f3n. Tanto si sue\u00f1a con un entorno rom\u00e1ntico cl\u00e1sico como con una aventura emocionante, nuestro equipo dar\u00e1 vida a su pedida de mano de un modo que superar\u00e1 sus expectativas. Descubra nuestra amplia gama de experiencias para proponer matrimonio:<\/p>\n<h2><a href=\"\/es\/a-marriage-proposal-a-romantic-dinner-in-a-restaurant\/\">Una propuesta de matrimonio:<\/a> <a href=\"\/es\/a-marriage-proposal-a-romantic-dinner-in-a-restaurant\/\">Una cena rom\u00e1ntica en un restaurante<\/a><\/h2>\n<p>Comparta un momento \u00edntimo en un precioso restaurante, donde cada detalle est\u00e1 pensado para crear un ambiente rom\u00e1ntico. Desde men\u00fas personalizados hasta una decoraci\u00f3n encantadora, nos aseguramos de que el entorno sea perfecto para que pueda hacer la pregunta m\u00e1s importante.<\/p>\n<h2><a href=\"\/es\/a-marriage-proposal-on-the-beach-by-the-ocean\/\">Una propuesta de matrimonio:<\/a> <a href=\"\/es\/a-marriage-proposal-on-the-beach-by-the-ocean\/\">En la playa, junto al oc\u00e9ano<\/a><\/h2>\n<p>Imag\u00ednese bajo el resplandor de una puesta de sol, con el suave sonido de las olas como tel\u00f3n de fondo. D\u00e9jenos dise\u00f1ar el ambiente perfecto junto al mar para su pedida de mano, con velas, m\u00fasica y el momento perfecto para decir \u00abs\u00ed, quiero\u00bb.<\/p>\n<h2><a href=\"\/es\/a-marriage-proposal-on-a-yacht\/\">Una pedida de mano:<\/a> <a href=\"\/es\/a-marriage-proposal-on-a-yacht\/\">En un yate<\/a><\/h2>\n<p>Navegue hacia el romance a bordo de un yate de lujo, rodeado de mar abierto y unas vistas impresionantes. Crearemos el escenario perfecto para la pedida de mano, con champ\u00e1n y una velada inolvidable bajo las estrellas.<\/p>\n<h2><a href=\"\/es\/a-marriage-proposal-adventure-style\/\">Una propuesta de matrimonio:<\/a> <a href=\"\/es\/a-marriage-proposal-adventure-style\/\">Al estilo aventurero<\/a><\/h2>\n<p>Para aquellos con un sentido de la aventura, ofrecemos propuestas \u00fanicas como una caminata a un mirador o un emocionante paseo en tirolina, que termina con una propuesta sentida. Es una opci\u00f3n perfecta para los amantes de las emociones fuertes y de los recuerdos inolvidables.<\/p>\n<h2><a href=\"\/es\/a-marriage-proposal-on-board-an-airplane\/\">Propuesta de matrimonio:<\/a> <a href=\"\/es\/a-marriage-proposal-on-board-an-airplane\/\">A bordo de un avi\u00f3n<\/a><\/h2>\n<p>Lleve su amor a nuevas cotas con una pedida de mano a bordo de un avi\u00f3n. Tanto si se trata de un vuelo privado como de una sorpresa a bordo, nosotros nos encargamos de todos los detalles para que el momento sea realmente inolvidable.<\/p>\n<h2><a href=\"\/es\/a-marriage-proposal-in-an-ancient-castle\/\">Una pedida de mano:<\/a> <a href=\"\/es\/a-marriage-proposal-in-an-ancient-castle\/\">En un antiguo castillo<\/a><\/h2>\n<p>Ad\u00e9ntrese en un cuento de hadas con una pedida de mano en un impresionante castillo antiguo. Experimente un romance atemporal rodeado de grandeza, mientras damos vida al escenario de sus sue\u00f1os, creando una experiencia m\u00e1gica digna de la realeza.<\/p>\n<h2><a href=\"\/es\/marriage-proposal-a-magical-proposal-in-the-woods\/\">Propuesta de matrimonio:<\/a> <a href=\"\/es\/marriage-proposal-a-magical-proposal-in-the-woods\/\">Una pedida de mano m\u00e1gica en el bosque<\/a><\/h2>\n<p>Deje que la naturaleza sea testigo de su amor. Un entorno m\u00e1gico en el bosque, con luces parpadeantes, una manta suave y delicados detalles por todas partes. Este ambiente encantador har\u00e1 que su pedida de mano sea simplemente inolvidable.<\/p>\n<h2><a href=\"\/es\/a-marriage-proposal-various-scenarios\/\">Una pedida de mano:<\/a> <a href=\"\/es\/a-marriage-proposal-various-scenarios\/\">Varios escenarios<\/a><\/h2>\n<p>Si tiene una idea \u00fanica, estamos aqu\u00ed para hacerla realidad. Desde recrear un momento especial de su relaci\u00f3n hasta algo totalmente original, adaptaremos cada detalle para asegurarnos de que la propuesta tenga sentido y refleje su historia de amor.<\/p>\n<h2><a href=\"\/es\/a-marriage-proposal-at-the-stadium\/\">Una pedida de mano:<\/a> <a href=\"\/es\/a-marriage-proposal-at-the-stadium\/\">En el estadio<\/a><\/h2>\n<p>Para los aficionados al deporte, no hay nada como pedir matrimonio en el estadio. Imag\u00ednese que su amor se muestra en la gran pantalla con una multitud vitoreando. Es un momento de emoci\u00f3n y amor que recordar\u00e1n siempre.<\/p>\n<h2><a href=\"\/es\/a-marriage-proposal-with-a-laser-show\/\">Una pedida de mano:<\/a> <a href=\"\/es\/a-marriage-proposal-with-a-laser-show\/\">Con un espect\u00e1culo de l\u00e1ser<\/a><\/h2>\n<p>A\u00f1ada un toque de espect\u00e1culo a su pedida de mano con un deslumbrante espect\u00e1culo de l\u00e1ser. Ya sea en un lugar especial o en su propio jard\u00edn, nos aseguramos de que las luces bailen al ritmo de su amor, creando una experiencia fascinante e inolvidable.<\/p>\n<h2><a href=\"\/es\/a-marriage-proposal-in-the-car\/\">Una pedida de mano:<\/a> <a href=\"\/es\/a-marriage-proposal-in-the-car\/\">En el coche<\/a><\/h2>\n<p>Si desea algo inesperado pero lleno de significado, podemos organizar una rom\u00e1ntica y acogedora pedida de mano en coche. Desde una sorpresa en un autocine hasta un coche lleno de flores, es una forma \u00edntima y sincera de hacer que su momento especial sea \u00fanico.<\/p>\n<h2><a href=\"\/es\/a-marriage-proposal-with-the-help-of-a-quadcopter\/\">Una propuesta de matrimonio:<\/a> <a href=\"\/es\/a-marriage-proposal-with-the-help-of-a-quadcopter\/\">Con la ayuda de un cuadric\u00f3ptero<\/a><\/h2>\n<p>Sorprenda a su pareja con un mensaje enviado desde las alturas. Con un cuadric\u00f3ptero, podemos aportar el elemento sorpresa, ya sea revelando una pancarta o entregando el anillo, a\u00f1adiendo un toque divertido y memorable a su pedida de mano.<\/p>\n<p>\u00bfListo para empezar a planear la pedida de mano de tus sue\u00f1os? En Exclusive4-You.com, creemos que toda historia de amor merece un comienzo perfecto. Perm\u00edtanos ayudarle a crear un momento m\u00e1gico que atesorar\u00e1 para siempre.<\/p>\n<p><strong>Ponte en contacto con nosotros hoy mismo para empezar a hacer realidad tu sue\u00f1o.<\/strong><\/p>\n<\/div><\/section>\n\n<style type=\"text\/css\" data-created_by=\"avia_inline_auto\" id=\"style-css-av-lpwkgpmd-7321e061b1e1a2217f2c1aa7ce91cd17\">\n.avia-image-container.av-lpwkgpmd-7321e061b1e1a2217f2c1aa7ce91cd17 img.avia_image{\nbox-shadow:none;\n}\n.avia-image-container.av-lpwkgpmd-7321e061b1e1a2217f2c1aa7ce91cd17 .av-image-caption-overlay-center{\ncolor:#ffffff;\n}\n<\/style>\n<div  class='avia-image-container av-lpwkgpmd-7321e061b1e1a2217f2c1aa7ce91cd17 av-styling- avia-align-center  avia-builder-el-3  el_after_av_textblock  el_before_av_textblock '   itemprop=\"image\" itemscope=\"itemscope\" itemtype=\"https:\/\/schema.org\/ImageObject\" ><div class=\"avia-image-container-inner\"><div class=\"avia-image-overlay-wrap\"><img decoding=\"async\" class='wp-image-4739 avia-img-lazy-loading-not-4739 avia_image ' src=\"https:\/\/exclusive4-you.com\/wp-content\/uploads\/2023\/12\/young-couple-at-festive-table-holding-hands-1500x1001.webp\" alt='' title='young-couple-at-festive-table-holding-hands'  height=\"1001\" width=\"1500\"  itemprop=\"thumbnailUrl\" srcset=\"https:\/\/exclusive4-you.com\/wp-content\/uploads\/2023\/12\/young-couple-at-festive-table-holding-hands-1500x1001.webp 1500w, https:\/\/exclusive4-you.com\/wp-content\/uploads\/2023\/12\/young-couple-at-festive-table-holding-hands-300x200.webp 300w, https:\/\/exclusive4-you.com\/wp-content\/uploads\/2023\/12\/young-couple-at-festive-table-holding-hands-1030x688.webp 1030w, https:\/\/exclusive4-you.com\/wp-content\/uploads\/2023\/12\/young-couple-at-festive-table-holding-hands-768x513.webp 768w, https:\/\/exclusive4-you.com\/wp-content\/uploads\/2023\/12\/young-couple-at-festive-table-holding-hands-1536x1025.webp 1536w, https:\/\/exclusive4-you.com\/wp-content\/uploads\/2023\/12\/young-couple-at-festive-table-holding-hands-705x471.webp 705w, https:\/\/exclusive4-you.com\/wp-content\/uploads\/2023\/12\/young-couple-at-festive-table-holding-hands.webp 1600w\" sizes=\"(max-width: 1500px) 100vw, 1500px\" \/><\/div><\/div><\/div>\n<section  class='av_textblock_section av-lpwkv472-9e337bf417d019d3f4f15aeeb5a7095b '   itemscope=\"itemscope\" itemtype=\"https:\/\/schema.org\/CreativeWork\" ><div class='avia_textblock'  itemprop=\"text\" ><p>La planificaci\u00f3n es la clave del \u00e9xito<br \/>\nUna proposici\u00f3n no son s\u00f3lo palabras, es una acci\u00f3n que requiere una cuidadosa planificaci\u00f3n. Decide un lugar: puede estar relacionado con vuestra historia sentimental, una primera cita u otro lugar que tenga un significado especial para ambos. Ten en cuenta los intereses y deseos de tu media naranja, porque este momento debe ser perfecto para ella.<br \/>\nElegir un anillo<br \/>\nLa alianza es una parte importante de la pedida de mano, y su elecci\u00f3n debe tomarse muy en serio. \u00abExclusive for You\u00bb le ofrece una exclusiva colecci\u00f3n de alianzas, entre las que encontrar\u00e1 algo que resaltar\u00e1 armoniosamente sus sentimientos y har\u00e1 que este momento sea a\u00fan m\u00e1s especial.<br \/>\nEscenario de su propuesta<br \/>\nEstamos dispuestos a ayudarle a desarrollar un escenario individualizado para su propuesta de matrimonio. Puede ser una cena rom\u00e1ntica a la luz de las velas, un viaje en yate, fuegos artificiales o cualquier otra cosa que os guste a los dos. Nuestros profesionales le ayudar\u00e1n a dar vida a sus ideas m\u00e1s descabelladas.<br \/>\nInvolucre a sus seres queridos<br \/>\nSi para ti es importante estar rodeado de tus seres queridos y amigos, te ayudaremos a organizarlo todo para que se convierta en una aut\u00e9ntica celebraci\u00f3n del amor.<br \/>\nHaz fotos y v\u00eddeos<br \/>\nNo olvides capturar este momento para la historia. Nuestros fot\u00f3grafos y vide\u00f3grafos profesionales crear\u00e1n un bonito y emotivo v\u00eddeo y un \u00e1lbum de fotos para que lo conserv\u00e9is como recuerdo de este m\u00e1gico d\u00eda.<br \/>\nServicios posteriores a la propuesta<br \/>\n\u00abExclusivo para ti\u00bb se queda contigo incluso despu\u00e9s de la pedida de mano. Podemos ayudarle a organizar bodas, lunas de miel y otros eventos que har\u00e1n que su vida familiar sea a\u00fan m\u00e1s brillante e intensa.<br \/>\nP\u00f3ngase en contacto con nosotros y haremos realidad su sue\u00f1o:<br \/>\n\n<div class=\"wpcf7 no-js\" id=\"wpcf7-f4317-o1\" lang=\"es-ES\" dir=\"ltr\">\n<div class=\"screen-reader-response\"><p role=\"status\" aria-live=\"polite\" aria-atomic=\"true\"><\/p> <ul><\/ul><\/div>\n<form action=\"\/es\/wp-json\/wp\/v2\/pages\/4730#wpcf7-f4317-o1\" method=\"post\" class=\"wpcf7-form init\" aria-label=\"Formulario de contacto\" novalidate=\"novalidate\" data-status=\"init\">\n<div style=\"display: none;\">\n<input type=\"hidden\" name=\"_wpcf7\" value=\"4317\" \/>\n<input type=\"hidden\" name=\"_wpcf7_version\" value=\"5.9.5\" \/>\n<input type=\"hidden\" name=\"_wpcf7_locale\" value=\"es_ES\" \/>\n<input type=\"hidden\" name=\"_wpcf7_unit_tag\" value=\"wpcf7-f4317-o1\" \/>\n<input type=\"hidden\" name=\"_wpcf7_container_post\" value=\"0\" \/>\n<input type=\"hidden\" name=\"_wpcf7_posted_data_hash\" value=\"\" \/>\n<input type=\"hidden\" name=\"_wpcf7_recaptcha_response\" value=\"\" \/>\n<\/div>\n<p><label> Su nombre<br \/>\n<span class=\"wpcf7-form-control-wrap\" data-name=\"your-name\"><input size=\"40\" class=\"wpcf7-form-control wpcf7-text wpcf7-validates-as-required\" autocomplete=\"name\" aria-required=\"true\" aria-invalid=\"false\" value=\"\" type=\"text\" name=\"your-name\" \/><\/span> <\/label>\n<\/p>\n<p><label> Tu correo electr\u00f3nico<br \/>\n<span class=\"wpcf7-form-control-wrap\" data-name=\"your-email\"><input size=\"40\" class=\"wpcf7-form-control wpcf7-email wpcf7-validates-as-required wpcf7-text wpcf7-validates-as-email\" autocomplete=\"email\" aria-required=\"true\" aria-invalid=\"false\" value=\"\" type=\"email\" name=\"your-email\" \/><\/span> <\/label>\n<\/p>\n<p><label> Asunto<br \/>\n<span class=\"wpcf7-form-control-wrap\" data-name=\"your-subject\"><input size=\"40\" class=\"wpcf7-form-control wpcf7-text wpcf7-validates-as-required\" aria-required=\"true\" aria-invalid=\"false\" value=\"\" type=\"text\" name=\"your-subject\" \/><\/span> <\/label>\n<\/p>\n<p><label> Su mensaje (opcional)<br \/>\n<span class=\"wpcf7-form-control-wrap\" data-name=\"your-message\"><textarea cols=\"40\" rows=\"10\" class=\"wpcf7-form-control wpcf7-textarea\" aria-invalid=\"false\" name=\"your-message\"><\/textarea><\/span> <\/label>\n<\/p>\n<p><input class=\"wpcf7-form-control wpcf7-submit has-spinner\" type=\"submit\" value=\"Enviar\" \/>\n<\/p><div class=\"wpcf7-response-output\" aria-hidden=\"true\"><\/div>\n<\/form>\n<\/div>\n<\/p>\n<\/div><\/section>\n\n<style type=\"text\/css\" data-created_by=\"avia_inline_auto\" id=\"style-css-av-lpwkilx0-9b47b048d50eb906f11e05e1df5821e5\">\n.avia-image-container.av-lpwkilx0-9b47b048d50eb906f11e05e1df5821e5 img.avia_image{\nbox-shadow:none;\n}\n.avia-image-container.av-lpwkilx0-9b47b048d50eb906f11e05e1df5821e5 .av-image-caption-overlay-center{\ncolor:#ffffff;\n}\n<\/style>\n<div  class='avia-image-container av-lpwkilx0-9b47b048d50eb906f11e05e1df5821e5 av-styling- avia-align-center  avia-builder-el-5  el_after_av_textblock  avia-builder-el-last '   itemprop=\"image\" itemscope=\"itemscope\" itemtype=\"https:\/\/schema.org\/ImageObject\" ><div class=\"avia-image-container-inner\"><div class=\"avia-image-overlay-wrap\"><img decoding=\"async\" class='wp-image-4740 avia-img-lazy-loading-not-4740 avia_image ' src=\"https:\/\/exclusive4-you.com\/wp-content\/uploads\/2023\/12\/man-giving-engagement-ring-to-girl-1500x1000.webp\" alt='' title='man-giving-engagement-ring-to-girl'  height=\"1000\" width=\"1500\"  itemprop=\"thumbnailUrl\" srcset=\"https:\/\/exclusive4-you.com\/wp-content\/uploads\/2023\/12\/man-giving-engagement-ring-to-girl-1500x1000.webp 1500w, https:\/\/exclusive4-you.com\/wp-content\/uploads\/2023\/12\/man-giving-engagement-ring-to-girl-300x200.webp 300w, https:\/\/exclusive4-you.com\/wp-content\/uploads\/2023\/12\/man-giving-engagement-ring-to-girl-1030x687.webp 1030w, https:\/\/exclusive4-you.com\/wp-content\/uploads\/2023\/12\/man-giving-engagement-ring-to-girl-768x512.webp 768w, https:\/\/exclusive4-you.com\/wp-content\/uploads\/2023\/12\/man-giving-engagement-ring-to-girl-1536x1024.webp 1536w, https:\/\/exclusive4-you.com\/wp-content\/uploads\/2023\/12\/man-giving-engagement-ring-to-girl-705x470.webp 705w, https:\/\/exclusive4-you.com\/wp-content\/uploads\/2023\/12\/man-giving-engagement-ring-to-girl.webp 1600w\" sizes=\"(max-width: 1500px) 100vw, 1500px\" \/><\/div><\/div><\/div>\n","protected":false},"excerpt":{"rendered":"","protected":false},"author":1,"featured_media":0,"parent":0,"menu_order":0,"comment_status":"closed","ping_status":"closed","template":"","meta":{"footnotes":""},"class_list":["post-4730","page","type-page","status-publish","hentry"],"yoast_head":"<!-- This site is optimized with the Yoast SEO plugin v23.6 - https:\/\/yoast.com\/wordpress\/plugins\/seo\/ -->\n<title>Propuesta de matrimonio |<\/title>\n<meta name=\"robots\" content=\"index, follow, max-snippet:-1, max-image-preview:large, max-video-preview:-1\" \/>\n<link rel=\"canonical\" href=\"https:\/\/exclusive4-you.com\/es\/marriage-proposal\/\" \/>\n<meta property=\"og:locale\" content=\"es_ES\" \/>\n<meta property=\"og:type\" content=\"article\" \/>\n<meta property=\"og:title\" content=\"Propuesta de matrimonio |\" \/>\n<meta property=\"og:url\" content=\"https:\/\/exclusive4-you.com\/es\/marriage-proposal\/\" \/>\n<meta property=\"og:site_name\" content=\"Event Planning\" \/>\n<meta property=\"article:modified_time\" content=\"2025-07-06T01:44:06+00:00\" \/>\n<meta name=\"twitter:card\" content=\"summary_large_image\" \/>\n<meta name=\"twitter:label1\" content=\"Tiempo de lectura\" \/>\n\t<meta name=\"twitter:data1\" content=\"5 minutos\" \/>\n<script type=\"application\/ld+json\" class=\"yoast-schema-graph\">{\"@context\":\"https:\/\/schema.org\",\"@graph\":[{\"@type\":\"WebPage\",\"@id\":\"https:\/\/exclusive4-you.com\/es\/marriage-proposal\/\",\"url\":\"https:\/\/exclusive4-you.com\/es\/marriage-proposal\/\",\"name\":\"Propuesta de matrimonio |\",\"isPartOf\":{\"@id\":\"https:\/\/exclusive4-you.com\/es\/#website\"},\"datePublished\":\"2023-12-08T12:14:00+00:00\",\"dateModified\":\"2025-07-06T01:44:06+00:00\",\"breadcrumb\":{\"@id\":\"https:\/\/exclusive4-you.com\/es\/marriage-proposal\/#breadcrumb\"},\"inLanguage\":\"es\",\"potentialAction\":[{\"@type\":\"ReadAction\",\"target\":[\"https:\/\/exclusive4-you.com\/es\/marriage-proposal\/\"]}]},{\"@type\":\"BreadcrumbList\",\"@id\":\"https:\/\/exclusive4-you.com\/es\/marriage-proposal\/#breadcrumb\",\"itemListElement\":[{\"@type\":\"ListItem\",\"position\":1,\"name\":\"Home\",\"item\":\"https:\/\/exclusive4-you.com\/es\/\"},{\"@type\":\"ListItem\",\"position\":2,\"name\":\"Propuesta de matrimonio\"}]},{\"@type\":\"WebSite\",\"@id\":\"https:\/\/exclusive4-you.com\/es\/#website\",\"url\":\"https:\/\/exclusive4-you.com\/es\/\",\"name\":\"Event Planning\",\"description\":\"\",\"potentialAction\":[{\"@type\":\"SearchAction\",\"target\":{\"@type\":\"EntryPoint\",\"urlTemplate\":\"https:\/\/exclusive4-you.com\/es\/?s={search_term_string}\"},\"query-input\":{\"@type\":\"PropertyValueSpecification\",\"valueRequired\":true,\"valueName\":\"search_term_string\"}}],\"inLanguage\":\"es\"}]}<\/script>\n<!-- \/ Yoast SEO plugin. -->","yoast_head_json":{"title":"Propuesta de matrimonio |","robots":{"index":"index","follow":"follow","max-snippet":"max-snippet:-1","max-image-preview":"max-image-preview:large","max-video-preview":"max-video-preview:-1"},"canonical":"https:\/\/exclusive4-you.com\/es\/marriage-proposal\/","og_locale":"es_ES","og_type":"article","og_title":"Propuesta de matrimonio |","og_url":"https:\/\/exclusive4-you.com\/es\/marriage-proposal\/","og_site_name":"Event Planning","article_modified_time":"2025-07-06T01:44:06+00:00","twitter_card":"summary_large_image","twitter_misc":{"Tiempo de lectura":"5 minutos"},"schema":{"@context":"https:\/\/schema.org","@graph":[{"@type":"WebPage","@id":"https:\/\/exclusive4-you.com\/es\/marriage-proposal\/","url":"https:\/\/exclusive4-you.com\/es\/marriage-proposal\/","name":"Propuesta de matrimonio |","isPartOf":{"@id":"https:\/\/exclusive4-you.com\/es\/#website"},"datePublished":"2023-12-08T12:14:00+00:00","dateModified":"2025-07-06T01:44:06+00:00","breadcrumb":{"@id":"https:\/\/exclusive4-you.com\/es\/marriage-proposal\/#breadcrumb"},"inLanguage":"es","potentialAction":[{"@type":"ReadAction","target":["https:\/\/exclusive4-you.com\/es\/marriage-proposal\/"]}]},{"@type":"BreadcrumbList","@id":"https:\/\/exclusive4-you.com\/es\/marriage-proposal\/#breadcrumb","itemListElement":[{"@type":"ListItem","position":1,"name":"Home","item":"https:\/\/exclusive4-you.com\/es\/"},{"@type":"ListItem","position":2,"name":"Propuesta de matrimonio"}]},{"@type":"WebSite","@id":"https:\/\/exclusive4-you.com\/es\/#website","url":"https:\/\/exclusive4-you.com\/es\/","name":"Event Planning","description":"","potentialAction":[{"@type":"SearchAction","target":{"@type":"EntryPoint","urlTemplate":"https:\/\/exclusive4-you.com\/es\/?s={search_term_string}"},"query-input":{"@type":"PropertyValueSpecification","valueRequired":true,"valueName":"search_term_string"}}],"inLanguage":"es"}]}},"_links":{"self":[{"href":"https:\/\/exclusive4-you.com\/es\/wp-json\/wp\/v2\/pages\/4730","targetHints":{"allow":["GET"]}}],"collection":[{"href":"https:\/\/exclusive4-you.com\/es\/wp-json\/wp\/v2\/pages"}],"about":[{"href":"https:\/\/exclusive4-you.com\/es\/wp-json\/wp\/v2\/types\/page"}],"author":[{"embeddable":true,"href":"https:\/\/exclusive4-you.com\/es\/wp-json\/wp\/v2\/users\/1"}],"replies":[{"embeddable":true,"href":"https:\/\/exclusive4-you.com\/es\/wp-json\/wp\/v2\/comments?post=4730"}],"version-history":[{"count":5,"href":"https:\/\/exclusive4-you.com\/es\/wp-json\/wp\/v2\/pages\/4730\/revisions"}],"predecessor-version":[{"id":5864,"href":"https:\/\/exclusive4-you.com\/es\/wp-json\/wp\/v2\/pages\/4730\/revisions\/5864"}],"wp:attachment":[{"href":"https:\/\/exclusive4-you.com\/es\/wp-json\/wp\/v2\/media?parent=4730"}],"curies":[{"name":"wp","href":"https:\/\/api.w.org\/{rel}","templated":true}]}}