{"id":5474,"date":"2025-06-08T04:46:46","date_gmt":"2025-06-08T04:46:46","guid":{"rendered":"https:\/\/exclusive4-you.com\/anfitriona-dj\/"},"modified":"2025-06-08T17:45:03","modified_gmt":"2025-06-08T17:45:03","slug":"event-host-dj","status":"publish","type":"page","link":"https:\/\/exclusive4-you.com\/es\/event-host-dj\/","title":{"rendered":"Anfitriona &#038; DJ"},"content":{"rendered":"\n<style type=\"text\/css\" data-created_by=\"avia_inline_auto\" id=\"style-css-av-mbnydpf4-612641bdfae6e45febfb42898ba837a4\">\n.avia-image-container.av-mbnydpf4-612641bdfae6e45febfb42898ba837a4 img.avia_image{\nbox-shadow:none;\n}\n.avia-image-container.av-mbnydpf4-612641bdfae6e45febfb42898ba837a4 .av-image-caption-overlay-center{\ncolor:#ffffff;\n}\n<\/style>\n<div  class='avia-image-container av-mbnydpf4-612641bdfae6e45febfb42898ba837a4 av-styling- avia-align-center  avia-builder-el-0  el_before_av_textblock  avia-builder-el-first '   itemprop=\"image\" itemscope=\"itemscope\" itemtype=\"https:\/\/schema.org\/ImageObject\" ><div class=\"avia-image-container-inner\"><div class=\"avia-image-overlay-wrap\"><img decoding=\"async\" class='wp-image-5496 avia-img-lazy-loading-not-5496 avia_image ' src=\"https:\/\/exclusive4-you.com\/wp-content\/uploads\/2025\/06\/dj-1-1500x630.webp\" alt='' title='DJ-1'  height=\"630\" width=\"1500\"  itemprop=\"thumbnailUrl\"  \/><\/div><\/div><\/div>\n<section  class='av_textblock_section av-av_textblock-b1dfba9bd0fa17a76984708495577984 '   itemscope=\"itemscope\" itemtype=\"https:\/\/schema.org\/CreativeWork\" ><div class='avia_textblock'  itemprop=\"text\" ><h2>\ud83c\udfb5 <strong>Servicios de Entretenimiento y M\u00fasica en Miami<\/strong><\/h2>\n<p><strong>Tu Evento. Tu Sonido. Tu Estilo.<\/strong><\/p>\n<p>Haz que tu celebraci\u00f3n cobre vida con los servicios premium de m\u00fasica y entretenimiento de <strong>Exclusive4You en Miami<\/strong>.<br \/>\nDesde bodas rom\u00e1nticas hasta fiestas llenas de energ\u00eda, ofrecemos <strong>DJs profesionales, m\u00fasica en vivo, presentadores carism\u00e1ticos e incluso actuaciones de celebridades<\/strong> para hacer de tu evento algo inolvidable.<\/p>\n<p>Ya sea que sue\u00f1es con una ceremonia cl\u00e1sica o una noche bailando bajo las estrellas, <strong>creamos la banda sonora de tu historia<\/strong>.<\/p>\n<hr \/>\n<h2>\u2728 <strong>\u00bfQu\u00e9 Ofrecemos:<\/strong><\/h2>\n<p>\ud83d\udc8d <strong>Maestro de Ceremonias \/ Presentador de Eventos<\/strong><br \/>\nUn anfitri\u00f3n profesional que marca el tono, mantiene el ritmo del evento y aporta encanto, humor y elegancia. Ideal para:<\/p>\n<ul>\n<li>Bodas (ceremonia + recepci\u00f3n)<\/li>\n<li>Celebraciones de cumplea\u00f1os<\/li>\n<li>Compromisos y despedidas de soltera<\/li>\n<li>Eventos corporativos<\/li>\n<\/ul>\n<p><strong>Nuestros MCs carism\u00e1ticos son biling\u00fces (EN\/ES\/RU\/UA), flexibles y con experiencia en todo tipo de p\u00fablico.<\/strong><\/p>\n<hr \/>\n<p>\ud83c\udfa7 <strong>Servicios Profesionales de DJ<\/strong><br \/>\nTrabajamos con los mejores DJs de Miami para adaptarnos a cualquier ambiente:<\/p>\n<ul>\n<li>Bodas, fiestas en la playa, eventos en yates y cenas privadas<\/li>\n<li>Playlists personalizadas seg\u00fan g\u00e9nero o tema<\/li>\n<li>Equipos de sonido e iluminaci\u00f3n de alta calidad<\/li>\n<li>Opciones de DJ + m\u00fasicos en vivo (saxof\u00f3n, viol\u00edn, percusi\u00f3n)<\/li>\n<\/ul>\n<hr \/>\n<p>\ud83c\udfa4 <strong>M\u00fasica en Vivo y Bandas<\/strong><br \/>\nHaz que tu evento sea m\u00e1gico con sonidos \u00fanicos:<\/p>\n<ul>\n<li>D\u00faos ac\u00fasticos y cuartetos de cuerda para ceremonias<\/li>\n<li>Bandas de jazz, latinas o lounge para recepciones<\/li>\n<li>Cantantes e instrumentistas para un toque m\u00e1s personal<\/li>\n<\/ul>\n<hr \/>\n<p>\ud83c\udf1f <strong>Celebridades e Invitados Especiales<\/strong><br \/>\n\u00bfQuieres algo verdaderamente extraordinario?<br \/>\nTe ayudamos a <strong>invitar artistas locales o internacionales<\/strong> (seg\u00fan disponibilidad y presupuesto) para actuar o asistir a tu evento. Ideal para:<\/p>\n<ul>\n<li>Fiestas VIP exclusivas<\/li>\n<li>Sorpresas en bodas<\/li>\n<li>Lanzamientos de marcas o negocios<\/li>\n<\/ul>\n<hr \/>\n<p>\ud83d\udc92 <strong>Oficiante de Bodas \/ Registro de Ceremonias<\/strong><br \/>\nTe proporcionamos un <strong>oficiante de bodas licenciado<\/strong> que crea una ceremonia personalizada y significativa en ingl\u00e9s, espa\u00f1ol, ruso o ucraniano.<\/p>\n<p>Incluye:<\/p>\n<ul>\n<li>Guiones personalizados y votos<\/li>\n<li>Ceremonias religiosas o no religiosas<\/li>\n<li>Opciones para playa, barco o sal\u00f3n<\/li>\n<\/ul>\n<hr \/>\n<p>\ud83c\udfaf <strong>\u00bfPor Qu\u00e9 Elegir Exclusive4You?<\/strong><\/p>\n<ul>\n<li>Coordinaci\u00f3n completa del evento: m\u00fasica, presentador, DJ, iluminaci\u00f3n y montaje<\/li>\n<li>Equipo con experiencia y dominio de m\u00faltiples culturas e idiomas<\/li>\n<li>Estilo musical y entretenimiento a medida<\/li>\n<li>Integraci\u00f3n perfecta con nuestros servicios de decoraci\u00f3n y catering<\/li>\n<li>Un solo contacto para todo \u2014 cero estr\u00e9s<\/li>\n<\/ul>\n<\/div><\/section>\n\n<style type=\"text\/css\" data-created_by=\"avia_inline_auto\" id=\"style-css-av-mbnydx8c-af319a68c8007dbba208c0e8be5a3129\">\n.avia-image-container.av-mbnydx8c-af319a68c8007dbba208c0e8be5a3129 img.avia_image{\nbox-shadow:none;\n}\n.avia-image-container.av-mbnydx8c-af319a68c8007dbba208c0e8be5a3129 .av-image-caption-overlay-center{\ncolor:#ffffff;\n}\n<\/style>\n<div  class='avia-image-container av-mbnydx8c-af319a68c8007dbba208c0e8be5a3129 av-styling- avia-align-center  avia-builder-el-2  el_after_av_textblock  avia-builder-el-last '   itemprop=\"image\" itemscope=\"itemscope\" itemtype=\"https:\/\/schema.org\/ImageObject\" ><div class=\"avia-image-container-inner\"><div class=\"avia-image-overlay-wrap\"><img decoding=\"async\" class='wp-image-5501 avia-img-lazy-loading-not-5501 avia_image ' src=\"https:\/\/exclusive4-you.com\/wp-content\/uploads\/2025\/06\/dj-2.webp\" alt='' title='DJ-2'  height=\"1000\" width=\"1500\"  itemprop=\"thumbnailUrl\" srcset=\"https:\/\/exclusive4-you.com\/wp-content\/uploads\/2025\/06\/dj-2.webp 1500w, https:\/\/exclusive4-you.com\/wp-content\/uploads\/2025\/06\/dj-2-300x200.webp 300w, https:\/\/exclusive4-you.com\/wp-content\/uploads\/2025\/06\/dj-2-1030x687.webp 1030w, https:\/\/exclusive4-you.com\/wp-content\/uploads\/2025\/06\/dj-2-768x512.webp 768w, https:\/\/exclusive4-you.com\/wp-content\/uploads\/2025\/06\/dj-2-705x470.webp 705w, https:\/\/exclusive4-you.com\/wp-content\/uploads\/2025\/06\/dj-2-24x16.webp 24w, https:\/\/exclusive4-you.com\/wp-content\/uploads\/2025\/06\/dj-2-36x24.webp 36w, https:\/\/exclusive4-you.com\/wp-content\/uploads\/2025\/06\/dj-2-48x32.webp 48w\" sizes=\"(max-width: 1500px) 100vw, 1500px\" \/><\/div><\/div><\/div>\n","protected":false},"excerpt":{"rendered":"","protected":false},"author":1,"featured_media":0,"parent":0,"menu_order":0,"comment_status":"closed","ping_status":"closed","template":"","meta":{"footnotes":""},"class_list":["post-5474","page","type-page","status-publish","hentry"],"yoast_head":"<!-- This site is optimized with the Yoast SEO plugin v23.6 - https:\/\/yoast.com\/wordpress\/plugins\/seo\/ -->\n<title>Anfitriona &amp; DJ |<\/title>\n<meta name=\"robots\" content=\"index, follow, max-snippet:-1, max-image-preview:large, max-video-preview:-1\" \/>\n<link rel=\"canonical\" href=\"https:\/\/exclusive4-you.com\/es\/event-host-dj\/\" \/>\n<meta property=\"og:locale\" content=\"es_ES\" \/>\n<meta property=\"og:type\" content=\"article\" \/>\n<meta property=\"og:title\" content=\"Anfitriona &amp; DJ |\" \/>\n<meta property=\"og:url\" content=\"https:\/\/exclusive4-you.com\/es\/event-host-dj\/\" \/>\n<meta property=\"og:site_name\" content=\"Event Planning\" \/>\n<meta property=\"article:modified_time\" content=\"2025-06-08T17:45:03+00:00\" \/>\n<meta name=\"twitter:card\" content=\"summary_large_image\" \/>\n<meta name=\"twitter:label1\" content=\"Tiempo de lectura\" \/>\n\t<meta name=\"twitter:data1\" content=\"2 minutos\" \/>\n<script type=\"application\/ld+json\" class=\"yoast-schema-graph\">{\"@context\":\"https:\/\/schema.org\",\"@graph\":[{\"@type\":\"WebPage\",\"@id\":\"https:\/\/exclusive4-you.com\/es\/event-host-dj\/\",\"url\":\"https:\/\/exclusive4-you.com\/es\/event-host-dj\/\",\"name\":\"Anfitriona & DJ |\",\"isPartOf\":{\"@id\":\"https:\/\/exclusive4-you.com\/es\/#website\"},\"datePublished\":\"2025-06-08T04:46:46+00:00\",\"dateModified\":\"2025-06-08T17:45:03+00:00\",\"breadcrumb\":{\"@id\":\"https:\/\/exclusive4-you.com\/es\/event-host-dj\/#breadcrumb\"},\"inLanguage\":\"es\",\"potentialAction\":[{\"@type\":\"ReadAction\",\"target\":[\"https:\/\/exclusive4-you.com\/es\/event-host-dj\/\"]}]},{\"@type\":\"BreadcrumbList\",\"@id\":\"https:\/\/exclusive4-you.com\/es\/event-host-dj\/#breadcrumb\",\"itemListElement\":[{\"@type\":\"ListItem\",\"position\":1,\"name\":\"Home\",\"item\":\"https:\/\/exclusive4-you.com\/es\/\"},{\"@type\":\"ListItem\",\"position\":2,\"name\":\"Anfitriona &#038; DJ\"}]},{\"@type\":\"WebSite\",\"@id\":\"https:\/\/exclusive4-you.com\/es\/#website\",\"url\":\"https:\/\/exclusive4-you.com\/es\/\",\"name\":\"Event Planning\",\"description\":\"\",\"potentialAction\":[{\"@type\":\"SearchAction\",\"target\":{\"@type\":\"EntryPoint\",\"urlTemplate\":\"https:\/\/exclusive4-you.com\/es\/?s={search_term_string}\"},\"query-input\":{\"@type\":\"PropertyValueSpecification\",\"valueRequired\":true,\"valueName\":\"search_term_string\"}}],\"inLanguage\":\"es\"}]}<\/script>\n<!-- \/ Yoast SEO plugin. -->","yoast_head_json":{"title":"Anfitriona & DJ |","robots":{"index":"index","follow":"follow","max-snippet":"max-snippet:-1","max-image-preview":"max-image-preview:large","max-video-preview":"max-video-preview:-1"},"canonical":"https:\/\/exclusive4-you.com\/es\/event-host-dj\/","og_locale":"es_ES","og_type":"article","og_title":"Anfitriona & DJ |","og_url":"https:\/\/exclusive4-you.com\/es\/event-host-dj\/","og_site_name":"Event Planning","article_modified_time":"2025-06-08T17:45:03+00:00","twitter_card":"summary_large_image","twitter_misc":{"Tiempo de lectura":"2 minutos"},"schema":{"@context":"https:\/\/schema.org","@graph":[{"@type":"WebPage","@id":"https:\/\/exclusive4-you.com\/es\/event-host-dj\/","url":"https:\/\/exclusive4-you.com\/es\/event-host-dj\/","name":"Anfitriona & DJ |","isPartOf":{"@id":"https:\/\/exclusive4-you.com\/es\/#website"},"datePublished":"2025-06-08T04:46:46+00:00","dateModified":"2025-06-08T17:45:03+00:00","breadcrumb":{"@id":"https:\/\/exclusive4-you.com\/es\/event-host-dj\/#breadcrumb"},"inLanguage":"es","potentialAction":[{"@type":"ReadAction","target":["https:\/\/exclusive4-you.com\/es\/event-host-dj\/"]}]},{"@type":"BreadcrumbList","@id":"https:\/\/exclusive4-you.com\/es\/event-host-dj\/#breadcrumb","itemListElement":[{"@type":"ListItem","position":1,"name":"Home","item":"https:\/\/exclusive4-you.com\/es\/"},{"@type":"ListItem","position":2,"name":"Anfitriona &#038; DJ"}]},{"@type":"WebSite","@id":"https:\/\/exclusive4-you.com\/es\/#website","url":"https:\/\/exclusive4-you.com\/es\/","name":"Event Planning","description":"","potentialAction":[{"@type":"SearchAction","target":{"@type":"EntryPoint","urlTemplate":"https:\/\/exclusive4-you.com\/es\/?s={search_term_string}"},"query-input":{"@type":"PropertyValueSpecification","valueRequired":true,"valueName":"search_term_string"}}],"inLanguage":"es"}]}},"_links":{"self":[{"href":"https:\/\/exclusive4-you.com\/es\/wp-json\/wp\/v2\/pages\/5474","targetHints":{"allow":["GET"]}}],"collection":[{"href":"https:\/\/exclusive4-you.com\/es\/wp-json\/wp\/v2\/pages"}],"about":[{"href":"https:\/\/exclusive4-you.com\/es\/wp-json\/wp\/v2\/types\/page"}],"author":[{"embeddable":true,"href":"https:\/\/exclusive4-you.com\/es\/wp-json\/wp\/v2\/users\/1"}],"replies":[{"embeddable":true,"href":"https:\/\/exclusive4-you.com\/es\/wp-json\/wp\/v2\/comments?post=5474"}],"version-history":[{"count":5,"href":"https:\/\/exclusive4-you.com\/es\/wp-json\/wp\/v2\/pages\/5474\/revisions"}],"predecessor-version":[{"id":5506,"href":"https:\/\/exclusive4-you.com\/es\/wp-json\/wp\/v2\/pages\/5474\/revisions\/5506"}],"wp:attachment":[{"href":"https:\/\/exclusive4-you.com\/es\/wp-json\/wp\/v2\/media?parent=5474"}],"curies":[{"name":"wp","href":"https:\/\/api.w.org\/{rel}","templated":true}]}}