{"id":5519,"date":"2025-06-08T00:09:13","date_gmt":"2025-06-08T00:09:13","guid":{"rendered":"https:\/\/exclusive4-you.com\/catering\/"},"modified":"2025-06-15T09:26:04","modified_gmt":"2025-06-15T09:26:04","slug":"catering","status":"publish","type":"page","link":"https:\/\/exclusive4-you.com\/es\/catering\/","title":{"rendered":"Catering"},"content":{"rendered":"\n<style type=\"text\/css\" data-created_by=\"avia_inline_auto\" id=\"style-css-av-mbmykubq-38f9c45802aaff72fd95691ceec7dfde\">\n.avia-image-container.av-mbmykubq-38f9c45802aaff72fd95691ceec7dfde img.avia_image{\nbox-shadow:none;\n}\n.avia-image-container.av-mbmykubq-38f9c45802aaff72fd95691ceec7dfde .av-image-caption-overlay-center{\ncolor:#ffffff;\n}\n<\/style>\n<div  class='avia-image-container av-mbmykubq-38f9c45802aaff72fd95691ceec7dfde av-styling- avia-align-center  avia-builder-el-0  el_before_av_textblock  avia-builder-el-first '   itemprop=\"image\" itemscope=\"itemscope\" itemtype=\"https:\/\/schema.org\/ImageObject\" ><div class=\"avia-image-container-inner\"><div class=\"avia-image-overlay-wrap\"><img decoding=\"async\" class='wp-image-5356 avia-img-lazy-loading-not-5356 avia_image ' src=\"https:\/\/exclusive4-you.com\/wp-content\/uploads\/2025\/06\/catering-3-1500x630.webp\" alt='' title='Catering -3'  height=\"630\" width=\"1500\"  itemprop=\"thumbnailUrl\"  \/><\/div><\/div><\/div>\n<section  class='av_textblock_section av-63qcmw-e8a176c976d156380438c83ddf8a4185 '   itemscope=\"itemscope\" itemtype=\"https:\/\/schema.org\/CreativeWork\" ><div class='avia_textblock'  itemprop=\"text\" ><h2><strong>\ud83c\udf7d\ufe0f Servicios de Catering Premium en Miami para Tu Evento Especial<\/strong><\/h2>\n<p>\u00bfEst\u00e1s organizando tu boda so\u00f1ada, un evento privado, picnic en la playa, cumplea\u00f1os, despedida de soltera o celebraci\u00f3n en yate?<br \/>\n<strong>Exclusive4You<\/strong> ofrece servicios de catering de alta gama en Miami para convertir cada momento en una experiencia inolvidable, con sabores \u00fanicos y una presentaci\u00f3n impecable.<\/p>\n<p>Desde mesas gourmet hasta men\u00fas personalizados para cenas, creamos una experiencia deliciosa adaptada a tu estilo, tem\u00e1tica e invitados.<\/p>\n<hr \/>\n<h2><strong>\u2728 \u00bfQu\u00e9 Ofrecemos:<\/strong><\/h2>\n<h3><strong><img loading=\"lazy\" decoding=\"async\" class=\" wp-image-5346 alignright\" src=\"https:\/\/exclusive4-you.com\/wp-content\/uploads\/2025\/06\/catering-2-300x200.webp\" alt=\"\" width=\"500\" height=\"333\" srcset=\"https:\/\/exclusive4-you.com\/wp-content\/uploads\/2025\/06\/catering-2-300x200.webp 300w, https:\/\/exclusive4-you.com\/wp-content\/uploads\/2025\/06\/catering-2-1030x687.webp 1030w, https:\/\/exclusive4-you.com\/wp-content\/uploads\/2025\/06\/catering-2-768x512.webp 768w, https:\/\/exclusive4-you.com\/wp-content\/uploads\/2025\/06\/catering-2-705x470.webp 705w, https:\/\/exclusive4-you.com\/wp-content\/uploads\/2025\/06\/catering-2-24x16.webp 24w, https:\/\/exclusive4-you.com\/wp-content\/uploads\/2025\/06\/catering-2-36x24.webp 36w, https:\/\/exclusive4-you.com\/wp-content\/uploads\/2025\/06\/catering-2-48x32.webp 48w, https:\/\/exclusive4-you.com\/wp-content\/uploads\/2025\/06\/catering-2.webp 1500w\" sizes=\"auto, (max-width: 500px) 100vw, 500px\" \/><\/strong><\/h3>\n<h4><strong>\ud83c\udf7d\ufe0f Servicio Completo de Catering para Bodas<\/strong><\/h4>\n<p>Desde el c\u00f3ctel de bienvenida hasta el \u00faltimo brindis, nos encargamos de todo:<\/p>\n<ul>\n<li>Cenas elegantes servidas en plato o estilo buffet<\/li>\n<li>Men\u00fas gourmet de varios tiempos<\/li>\n<li>Canap\u00e9s creativos y aperitivos sofisticados<\/li>\n<li>Brunch de boda o cena de ensayo<\/li>\n<li>Opciones veganas, vegetarianas, sin gluten y keto<\/li>\n<\/ul>\n<h4><strong>\ud83e\uddc1 Postres y Tartas Personalizadas para Bodas<\/strong><\/h4>\n<p>Haz que tu mesa de postres sea tan hermosa como tu historia de amor:<\/p>\n<ul>\n<li>Tartas de boda dise\u00f1adas a medida<\/li>\n<li>Mini postres, cupcakes, cake pops y macarons<\/li>\n<li>Mesas dulces decoradas seg\u00fan el estilo del evento<\/li>\n<\/ul>\n<h4><strong>\ud83e\udd42 Barra de C\u00f3cteles y Bebidas Personalizadas<\/strong><\/h4>\n<p>Dale un toque especial a tu boda con un servicio de bebidas exclusivo:<\/p>\n<ul>\n<li>Bienvenida con champagne y c\u00f3cteles de autor<\/li>\n<li>Mocktails sin alcohol y barras de jugos naturales<\/li>\n<li>Servicio completo de bar con bartenders profesionales<br \/>\n<hr \/>\n<\/li>\n<\/ul>\n<h4><strong>\ud83e\uddfa Catering para Picnics y Eventos en la Playa<\/strong><\/h4>\n<p>Ideal para ambientaciones rom\u00e1nticas o celebraciones relajadas frente al mar:<\/p>\n<ul>\n<li>Tablas de quesos artesanales y embutidos<\/li>\n<li>Platos de frutas frescas y bowls saludables<\/li>\n<li>Bebidas fr\u00edas y postres<\/li>\n<li>Todo entregado, montado y servido directamente sobre la arena<br \/>\n<hr \/>\n<\/li>\n<\/ul>\n<h4><strong>\ud83d\udee5\ufe0f Catering en Yate<\/strong><\/h4>\n<p>Disfruta de una experiencia gastron\u00f3mica de lujo navegando por las aguas de Miami:<\/p>\n<ul>\n<li>Aperitivos ligeros y sofisticados<\/li>\n<li>Brunch con champagne y bandejas de sushi<\/li>\n<li>Men\u00fas personalizados para tu grupo<\/li>\n<li>Preparado y presentado con estilo n\u00e1utico exclusivo<br \/>\n<hr \/>\n<\/li>\n<\/ul>\n<h4><strong>\ud83c\udf89 Catering para Fiestas y Eventos Privados<\/strong><\/h4>\n<ul>\n<li>Celebra cumplea\u00f1os, compromisos o baby showers con sabor:<\/li>\n<li>Montaje de buffet personalizado<\/li>\n<li>Bocadillos, cupcakes y mini delicias<\/li>\n<li>Opciones para ni\u00f1os, veganos, keto y m\u00e1s<\/li>\n<\/ul>\n<h4><strong>\ud83c\udf82 Un Toque Dulce para tu Evento<\/strong><\/h4>\n<p>Tambi\u00e9n organizamos:<\/p>\n<ul>\n<li>Tartas y cupcakes personalizados<\/li>\n<li>Postres tem\u00e1ticos<\/li>\n<li>Estaciones de dulces y candy bars<br \/>\n<hr \/>\n<\/li>\n<\/ul>\n<h4><strong>\ud83e\uddfe \u00bfPor Qu\u00e9 Elegir Nuestro Servicio de Catering?<\/strong><\/h4>\n<ul>\n<li>Presentaci\u00f3n elegante que combina con la decoraci\u00f3n del evento<\/li>\n<li>Ingredientes frescos y de alta calidad<\/li>\n<li>Montaje, servicio y limpieza incluidos<\/li>\n<\/ul>\n<h3><strong>Personalizaci\u00f3n total del men\u00fa disponible<\/strong><\/h3>\n\n<div class=\"wpcf7 no-js\" id=\"wpcf7-f4317-o1\" lang=\"es-ES\" dir=\"ltr\">\n<div class=\"screen-reader-response\"><p role=\"status\" aria-live=\"polite\" aria-atomic=\"true\"><\/p> <ul><\/ul><\/div>\n<form action=\"\/es\/wp-json\/wp\/v2\/pages\/5519#wpcf7-f4317-o1\" method=\"post\" class=\"wpcf7-form init\" aria-label=\"Formulario de contacto\" novalidate=\"novalidate\" data-status=\"init\">\n<div style=\"display: none;\">\n<input type=\"hidden\" name=\"_wpcf7\" value=\"4317\" \/>\n<input type=\"hidden\" name=\"_wpcf7_version\" value=\"5.9.5\" \/>\n<input type=\"hidden\" name=\"_wpcf7_locale\" value=\"es_ES\" \/>\n<input type=\"hidden\" name=\"_wpcf7_unit_tag\" value=\"wpcf7-f4317-o1\" \/>\n<input type=\"hidden\" name=\"_wpcf7_container_post\" value=\"0\" \/>\n<input type=\"hidden\" name=\"_wpcf7_posted_data_hash\" value=\"\" \/>\n<input type=\"hidden\" name=\"_wpcf7_recaptcha_response\" value=\"\" \/>\n<\/div>\n<p><label> Su nombre<br \/>\n<span class=\"wpcf7-form-control-wrap\" data-name=\"your-name\"><input size=\"40\" class=\"wpcf7-form-control wpcf7-text wpcf7-validates-as-required\" autocomplete=\"name\" aria-required=\"true\" aria-invalid=\"false\" value=\"\" type=\"text\" name=\"your-name\" \/><\/span> <\/label>\n<\/p>\n<p><label> Tu correo electr\u00f3nico<br \/>\n<span class=\"wpcf7-form-control-wrap\" data-name=\"your-email\"><input size=\"40\" class=\"wpcf7-form-control wpcf7-email wpcf7-validates-as-required wpcf7-text wpcf7-validates-as-email\" autocomplete=\"email\" aria-required=\"true\" aria-invalid=\"false\" value=\"\" type=\"email\" name=\"your-email\" \/><\/span> <\/label>\n<\/p>\n<p><label> Asunto<br \/>\n<span class=\"wpcf7-form-control-wrap\" data-name=\"your-subject\"><input size=\"40\" class=\"wpcf7-form-control wpcf7-text wpcf7-validates-as-required\" aria-required=\"true\" aria-invalid=\"false\" value=\"\" type=\"text\" name=\"your-subject\" \/><\/span> <\/label>\n<\/p>\n<p><label> Su mensaje (opcional)<br \/>\n<span class=\"wpcf7-form-control-wrap\" data-name=\"your-message\"><textarea cols=\"40\" rows=\"10\" class=\"wpcf7-form-control wpcf7-textarea\" aria-invalid=\"false\" name=\"your-message\"><\/textarea><\/span> <\/label>\n<\/p>\n<p><input class=\"wpcf7-form-control wpcf7-submit has-spinner\" type=\"submit\" value=\"Enviar\" \/>\n<\/p><div class=\"wpcf7-response-output\" aria-hidden=\"true\"><\/div>\n<\/form>\n<\/div>\n\n<\/div><\/section>\n\n<style type=\"text\/css\" data-created_by=\"avia_inline_auto\" id=\"style-css-av-mbmyimqq-ac8e5d89c286443d557084068c480eef\">\n.avia-image-container.av-mbmyimqq-ac8e5d89c286443d557084068c480eef img.avia_image{\nbox-shadow:none;\n}\n.avia-image-container.av-mbmyimqq-ac8e5d89c286443d557084068c480eef .av-image-caption-overlay-center{\ncolor:#ffffff;\n}\n<\/style>\n<div  class='avia-image-container av-mbmyimqq-ac8e5d89c286443d557084068c480eef av-styling- avia-align-center  avia-builder-el-2  el_after_av_textblock  avia-builder-el-last '   itemprop=\"image\" itemscope=\"itemscope\" itemtype=\"https:\/\/schema.org\/ImageObject\" ><div class=\"avia-image-container-inner\"><div class=\"avia-image-overlay-wrap\"><img decoding=\"async\" class='wp-image-5344 avia-img-lazy-loading-not-5344 avia_image ' src=\"https:\/\/exclusive4-you.com\/wp-content\/uploads\/2025\/06\/catering-1.webp\" alt='' title='Catering -1'  height=\"1000\" width=\"1500\"  itemprop=\"thumbnailUrl\" srcset=\"https:\/\/exclusive4-you.com\/wp-content\/uploads\/2025\/06\/catering-1.webp 1500w, https:\/\/exclusive4-you.com\/wp-content\/uploads\/2025\/06\/catering-1-300x200.webp 300w, https:\/\/exclusive4-you.com\/wp-content\/uploads\/2025\/06\/catering-1-1030x687.webp 1030w, https:\/\/exclusive4-you.com\/wp-content\/uploads\/2025\/06\/catering-1-768x512.webp 768w, https:\/\/exclusive4-you.com\/wp-content\/uploads\/2025\/06\/catering-1-705x470.webp 705w, https:\/\/exclusive4-you.com\/wp-content\/uploads\/2025\/06\/catering-1-24x16.webp 24w, https:\/\/exclusive4-you.com\/wp-content\/uploads\/2025\/06\/catering-1-36x24.webp 36w, https:\/\/exclusive4-you.com\/wp-content\/uploads\/2025\/06\/catering-1-48x32.webp 48w\" sizes=\"(max-width: 1500px) 100vw, 1500px\" \/><\/div><\/div><\/div>\n","protected":false},"excerpt":{"rendered":"","protected":false},"author":1,"featured_media":0,"parent":0,"menu_order":0,"comment_status":"closed","ping_status":"closed","template":"","meta":{"footnotes":""},"class_list":["post-5519","page","type-page","status-publish","hentry"],"yoast_head":"<!-- This site is optimized with the Yoast SEO plugin v23.6 - https:\/\/yoast.com\/wordpress\/plugins\/seo\/ -->\n<title>Catering |<\/title>\n<meta name=\"robots\" content=\"index, follow, max-snippet:-1, max-image-preview:large, max-video-preview:-1\" \/>\n<link rel=\"canonical\" href=\"https:\/\/exclusive4-you.com\/es\/catering\/\" \/>\n<meta property=\"og:locale\" content=\"es_ES\" \/>\n<meta property=\"og:type\" content=\"article\" \/>\n<meta property=\"og:title\" content=\"Catering |\" \/>\n<meta property=\"og:url\" content=\"https:\/\/exclusive4-you.com\/es\/catering\/\" \/>\n<meta property=\"og:site_name\" content=\"Event Planning\" \/>\n<meta property=\"article:modified_time\" content=\"2025-06-15T09:26:04+00:00\" \/>\n<meta property=\"og:image\" content=\"https:\/\/exclusive4-you.com\/wp-content\/uploads\/2025\/06\/catering-2-300x200.webp\" \/>\n<meta name=\"twitter:card\" content=\"summary_large_image\" \/>\n<meta name=\"twitter:label1\" content=\"Tiempo de lectura\" \/>\n\t<meta name=\"twitter:data1\" content=\"3 minutos\" \/>\n<script type=\"application\/ld+json\" class=\"yoast-schema-graph\">{\"@context\":\"https:\/\/schema.org\",\"@graph\":[{\"@type\":\"WebPage\",\"@id\":\"https:\/\/exclusive4-you.com\/es\/catering\/\",\"url\":\"https:\/\/exclusive4-you.com\/es\/catering\/\",\"name\":\"Catering |\",\"isPartOf\":{\"@id\":\"https:\/\/exclusive4-you.com\/es\/#website\"},\"primaryImageOfPage\":{\"@id\":\"https:\/\/exclusive4-you.com\/es\/catering\/#primaryimage\"},\"image\":{\"@id\":\"https:\/\/exclusive4-you.com\/es\/catering\/#primaryimage\"},\"thumbnailUrl\":\"https:\/\/exclusive4-you.com\/wp-content\/uploads\/2025\/06\/catering-2-300x200.webp\",\"datePublished\":\"2025-06-08T00:09:13+00:00\",\"dateModified\":\"2025-06-15T09:26:04+00:00\",\"breadcrumb\":{\"@id\":\"https:\/\/exclusive4-you.com\/es\/catering\/#breadcrumb\"},\"inLanguage\":\"es\",\"potentialAction\":[{\"@type\":\"ReadAction\",\"target\":[\"https:\/\/exclusive4-you.com\/es\/catering\/\"]}]},{\"@type\":\"ImageObject\",\"inLanguage\":\"es\",\"@id\":\"https:\/\/exclusive4-you.com\/es\/catering\/#primaryimage\",\"url\":\"https:\/\/exclusive4-you.com\/wp-content\/uploads\/2025\/06\/catering-2-300x200.webp\",\"contentUrl\":\"https:\/\/exclusive4-you.com\/wp-content\/uploads\/2025\/06\/catering-2-300x200.webp\"},{\"@type\":\"BreadcrumbList\",\"@id\":\"https:\/\/exclusive4-you.com\/es\/catering\/#breadcrumb\",\"itemListElement\":[{\"@type\":\"ListItem\",\"position\":1,\"name\":\"Home\",\"item\":\"https:\/\/exclusive4-you.com\/es\/\"},{\"@type\":\"ListItem\",\"position\":2,\"name\":\"Catering\"}]},{\"@type\":\"WebSite\",\"@id\":\"https:\/\/exclusive4-you.com\/es\/#website\",\"url\":\"https:\/\/exclusive4-you.com\/es\/\",\"name\":\"Event Planning\",\"description\":\"\",\"potentialAction\":[{\"@type\":\"SearchAction\",\"target\":{\"@type\":\"EntryPoint\",\"urlTemplate\":\"https:\/\/exclusive4-you.com\/es\/?s={search_term_string}\"},\"query-input\":{\"@type\":\"PropertyValueSpecification\",\"valueRequired\":true,\"valueName\":\"search_term_string\"}}],\"inLanguage\":\"es\"}]}<\/script>\n<!-- \/ Yoast SEO plugin. -->","yoast_head_json":{"title":"Catering |","robots":{"index":"index","follow":"follow","max-snippet":"max-snippet:-1","max-image-preview":"max-image-preview:large","max-video-preview":"max-video-preview:-1"},"canonical":"https:\/\/exclusive4-you.com\/es\/catering\/","og_locale":"es_ES","og_type":"article","og_title":"Catering |","og_url":"https:\/\/exclusive4-you.com\/es\/catering\/","og_site_name":"Event Planning","article_modified_time":"2025-06-15T09:26:04+00:00","og_image":[{"url":"https:\/\/exclusive4-you.com\/wp-content\/uploads\/2025\/06\/catering-2-300x200.webp"}],"twitter_card":"summary_large_image","twitter_misc":{"Tiempo de lectura":"3 minutos"},"schema":{"@context":"https:\/\/schema.org","@graph":[{"@type":"WebPage","@id":"https:\/\/exclusive4-you.com\/es\/catering\/","url":"https:\/\/exclusive4-you.com\/es\/catering\/","name":"Catering |","isPartOf":{"@id":"https:\/\/exclusive4-you.com\/es\/#website"},"primaryImageOfPage":{"@id":"https:\/\/exclusive4-you.com\/es\/catering\/#primaryimage"},"image":{"@id":"https:\/\/exclusive4-you.com\/es\/catering\/#primaryimage"},"thumbnailUrl":"https:\/\/exclusive4-you.com\/wp-content\/uploads\/2025\/06\/catering-2-300x200.webp","datePublished":"2025-06-08T00:09:13+00:00","dateModified":"2025-06-15T09:26:04+00:00","breadcrumb":{"@id":"https:\/\/exclusive4-you.com\/es\/catering\/#breadcrumb"},"inLanguage":"es","potentialAction":[{"@type":"ReadAction","target":["https:\/\/exclusive4-you.com\/es\/catering\/"]}]},{"@type":"ImageObject","inLanguage":"es","@id":"https:\/\/exclusive4-you.com\/es\/catering\/#primaryimage","url":"https:\/\/exclusive4-you.com\/wp-content\/uploads\/2025\/06\/catering-2-300x200.webp","contentUrl":"https:\/\/exclusive4-you.com\/wp-content\/uploads\/2025\/06\/catering-2-300x200.webp"},{"@type":"BreadcrumbList","@id":"https:\/\/exclusive4-you.com\/es\/catering\/#breadcrumb","itemListElement":[{"@type":"ListItem","position":1,"name":"Home","item":"https:\/\/exclusive4-you.com\/es\/"},{"@type":"ListItem","position":2,"name":"Catering"}]},{"@type":"WebSite","@id":"https:\/\/exclusive4-you.com\/es\/#website","url":"https:\/\/exclusive4-you.com\/es\/","name":"Event Planning","description":"","potentialAction":[{"@type":"SearchAction","target":{"@type":"EntryPoint","urlTemplate":"https:\/\/exclusive4-you.com\/es\/?s={search_term_string}"},"query-input":{"@type":"PropertyValueSpecification","valueRequired":true,"valueName":"search_term_string"}}],"inLanguage":"es"}]}},"_links":{"self":[{"href":"https:\/\/exclusive4-you.com\/es\/wp-json\/wp\/v2\/pages\/5519","targetHints":{"allow":["GET"]}}],"collection":[{"href":"https:\/\/exclusive4-you.com\/es\/wp-json\/wp\/v2\/pages"}],"about":[{"href":"https:\/\/exclusive4-you.com\/es\/wp-json\/wp\/v2\/types\/page"}],"author":[{"embeddable":true,"href":"https:\/\/exclusive4-you.com\/es\/wp-json\/wp\/v2\/users\/1"}],"replies":[{"embeddable":true,"href":"https:\/\/exclusive4-you.com\/es\/wp-json\/wp\/v2\/comments?post=5519"}],"version-history":[{"count":3,"href":"https:\/\/exclusive4-you.com\/es\/wp-json\/wp\/v2\/pages\/5519\/revisions"}],"predecessor-version":[{"id":5700,"href":"https:\/\/exclusive4-you.com\/es\/wp-json\/wp\/v2\/pages\/5519\/revisions\/5700"}],"wp:attachment":[{"href":"https:\/\/exclusive4-you.com\/es\/wp-json\/wp\/v2\/media?parent=5519"}],"curies":[{"name":"wp","href":"https:\/\/api.w.org\/{rel}","templated":true}]}}