{"id":6032,"date":"2026-02-22T23:22:57","date_gmt":"2026-02-22T23:22:57","guid":{"rendered":"https:\/\/exclusive4-you.com\/make-a-payment-2\/"},"modified":"2026-02-22T23:42:18","modified_gmt":"2026-02-22T23:42:18","slug":"make-a-payment-2","status":"publish","type":"page","link":"https:\/\/exclusive4-you.com\/es\/make-a-payment-2\/","title":{"rendered":"Make a Payment"},"content":{"rendered":"<div style=\"max-width: 820px; margin: 0 auto; padding: 28px; background: #fff; border-radius: 16px; box-shadow: 0 14px 40px rgba(0,0,0,.10); border: 1px solid rgba(0,0,0,.06); font-family: Arial, sans-serif;\">\n<p><!-- Header --><\/p>\n<div style=\"text-align: center; margin-bottom: 18px;\">\n<div style=\"display: inline-block; padding: 7px 14px; border-radius: 999px; background: #111; color: #fff; font-size: 12px; letter-spacing: .4px; margin-bottom: 10px;\">EXCLUSIVE 4 YOU LLC<\/div>\n<h2 style=\"margin: 6px 0 6px; font-size: 34px; letter-spacing: 1.5px;\">Realizar un pago<\/h2>\n<p style=\"margin: 0; color: #777; font-size: 16px;\">Elija el monto y el m\u00e9todo de pago<\/p>\n<\/div>\n<p><!-- Amount cards --><\/p>\n<div style=\"display: flex; gap: 14px; flex-wrap: wrap; justify-content: center; margin: 18px 0 10px;\">\n<div style=\"flex: 1; min-width: 220px; max-width: 250px; background: #fafafa; border: 1px solid rgba(0,0,0,.08); border-radius: 14px; padding: 14px;\">\n<div style=\"font-size: 12px; color: #666; letter-spacing: .3px;\">Opci\u00f3n<\/div>\n<div style=\"font-size: 22px; font-weight: 800; margin-top: 6px;\">$150 Dep\u00f3sito<\/div>\n<div style=\"font-size: 13px; color: #666; margin-top: 6px;\">Confirmaci\u00f3n de reserva \/ preparaci\u00f3n<\/div>\n<\/div>\n<div style=\"flex: 1; min-width: 220px; max-width: 250px; background: #fafafa; border: 1px solid rgba(0,0,0,.08); border-radius: 14px; padding: 14px;\">\n<div style=\"font-size: 12px; color: #666; letter-spacing: .3px;\">Opci\u00f3n<\/div>\n<div style=\"font-size: 22px; font-weight: 800; margin-top: 6px;\">$300 Pago<\/div>\n<div style=\"font-size: 13px; color: #666; margin-top: 6px;\">Pago est\u00e1ndar del servicio<\/div>\n<\/div>\n<div style=\"flex: 1; min-width: 220px; max-width: 250px; background: #fafafa; border: 1px solid rgba(0,0,0,.08); border-radius: 14px; padding: 14px;\">\n<div style=\"font-size: 12px; color: #666; letter-spacing: .3px;\">Opci\u00f3n<\/div>\n<div style=\"font-size: 22px; font-weight: 800; margin-top: 6px;\">$500 Pago<\/div>\n<div style=\"font-size: 13px; color: #666; margin-top: 6px;\">Paquete premium \/ avanzado<\/div>\n<\/div>\n<\/div>\n<p><span style=\"color: #666666; font-size: 14px; letter-spacing: 0.25px;\">Pagar con ZELLE &#8211; la opci\u00f3n m\u00e1s r\u00e1pida<\/span><\/p>\n<div style=\"margin-top: 18px;\">\n<div style=\"border: 2px solid rgba(108,28,209,.35); background: #faf7ff; border-radius: 16px; padding: 16px; box-sizing: border-box;\">\n<p><!-- Section Title (same color\/style as Exclusive 4 You \u2013 Payment) --><\/p>\n<h2 style=\"font-size: 22px; letter-spacing: 6px; font-family: Georgia,'Times New Roman',serif; margin: 0 0 14px; color: #ff7a00;\">Pagar con Zelle<\/h2>\n<p><!-- Brand + button row --><\/p>\n<div style=\"display: flex; flex-wrap: wrap; gap: 14px; align-items: center; justify-content: space-between; margin-bottom: 12px;\">\n<div style=\"display: flex; align-items: center; gap: 10px;\">\n<div style=\"font-size: 34px; font-weight: 900; color: #5b2bbd; line-height: 1;\">Zelle<\/div>\n<\/div>\n<p><!-- ONE ZELLE LINK --><br \/>\n<a style=\"flex: 1; min-width: 240px; max-width: 420px; box-sizing: border-box; text-align: center; text-decoration: none; background: #5b2bbd; color: #fff; padding: 16px 18px; border-radius: 14px; font-weight: 900; font-size: 20px; display: inline-block;\" href=\"https:\/\/enroll.zellepay.com\/qr-codes\/?data=eyJuYW1lIjoiRVhDTFVTSVZFIDQgWU9VIExMQyIsInRva2VuIjoiNTYxLTkxMy02OTk5IiwiYWN0aW9uIjoicGF5bWVudCJ9\" target=\"_blank\" rel=\"noopener\"><br \/>\nPagar con Zelle \u2192<br \/>\n<\/a><\/p>\n<\/div>\n<p><!-- Recipient \/ Phone --><\/p>\n<div style=\"display: flex; flex-wrap: wrap; gap: 14px; justify-content: space-between; margin-top: 8px;\">\n<div style=\"min-width: 240px; flex: 1;\">\n<div style=\"font-size: 12px; color: #6c1cd1; letter-spacing: .3px;\">DESTINATARIO<\/div>\n<div style=\"font-size: 18px; font-weight: 900; color: #111; margin-top: 4px;\">EXCLUSIVE 4 YOU LLC<\/div>\n<div style=\"font-size: 12px; color: #6c1cd1; letter-spacing: .3px; margin-top: 10px;\">NOTA \/ MEMO<\/div>\n<div style=\"font-size: 13px; color: #444; margin-top: 4px; line-height: 1.5;\"><span style=\"color: #ff7a00; font-weight: 900;\">Exclusive 4 You \u2013 Pago<\/span> (agregue su nombre) \u00b7 Monto:<br \/>\n<b>$150<\/b> \/ <b>$300<\/b> \/ <b>$500<\/b><\/div>\n<\/div>\n<div style=\"min-width: 220px; text-align: right;\">\n<div style=\"font-size: 12px; color: #6c1cd1; letter-spacing: .3px;\">TEL\u00c9FONO ZELLE<\/div>\n<div style=\"font-size: 22px; font-weight: 900; color: #111; margin-top: 4px;\">561-913-6999<\/div>\n<\/div>\n<\/div>\n<p><!-- QR --><\/p>\n<div style=\"margin-top: 16px; text-align: center;\">\n<div style=\"font-weight: 800; margin-bottom: 10px; color: #111;\">Escanee el c\u00f3digo QR<\/div>\n<p><img decoding=\"async\" style=\"width: 320px; max-width: 100%; height: auto; border-radius: 14px; border: 1px solid rgba(0,0,0,.10); background: #fff; padding: 8px; box-sizing: border-box;\" src=\"https:\/\/api.qrserver.com\/v1\/create-qr-code\/?size=320x320&amp;data=https%3A%2F%2Fenroll.zellepay.com%2Fqr-codes%2F%3Fdata%3DeyJuYW1lIjoiRVhDTFVTSVZFIDQgWU9VIExMQyIsInRva2VuIjoiNTYxLTkxMy02OTk5IiwiYWN0aW9uIjoicGF5bWVudCJ9\" alt=\"C\u00f3digo QR de Zelle para Exclusive 4 You LLC\" \/><\/p>\n<div style=\"margin-top: 10px; color: #555; font-size: 13px;\">Si no puede escanear: use el bot\u00f3n de arriba para abrir el enlace de Zelle.<\/div>\n<\/div>\n<div style=\"margin-top: 12px; color: #555; font-size: 13px;\">En computadora, abra su app bancaria (Zelle) y env\u00ede el monto seleccionado a <b>561-913-6999<\/b>.<\/div>\n<\/div>\n<\/div>\n<div style=\"height: 1px; background: rgba(0,0,0,.10); margin: 20px 0;\"><\/div>\n<p><!-- PAYPAL (SECOND) --><\/p>\n<div style=\"margin-top: 4px;\">\n<div style=\"font-size: 14px; color: #666; letter-spacing: .25px; margin-bottom: 10px;\">Pagar con PayPal \/ Tarjeta de Cr\u00e9dito o D\u00e9bito<\/div>\n<p><!-- SAME border thickness + SAME border color + SAME fill as Zelle --><\/p>\n<div style=\"border: 2px solid rgba(108,28,209,.35); background: #faf7ff; border-radius: 16px; padding: 16px; box-sizing: border-box;\">\n<p><!-- Section Title (same color\/style as Exclusive 4 You \u2013 Payment) --><\/p>\n<div style=\"font-size: 22px; letter-spacing: 6px; font-family: Georgia,'Times New Roman',serif; margin: 0 0 14px; color: #ff7a00;\">Pagar con PayPal \/ Tarjeta de Cr\u00e9dito o D\u00e9bito<\/div>\n<div style=\"display: flex; flex-wrap: wrap; gap: 14px; align-items: center; justify-content: space-between;\">\n<div style=\"font-size: 30px; font-weight: 900; color: #0a4ea3; line-height: 1;\">PayPal<\/div>\n<p><!-- ONE PAYPAL LINK --><br \/>\n<a style=\"flex: 1; min-width: 240px; max-width: 420px; box-sizing: border-box; text-align: center; text-decoration: none; background: #111; color: #fff; padding: 16px 18px; border-radius: 14px; font-weight: 900; font-size: 20px; display: inline-block;\" href=\"https:\/\/www.paypal.com\/biz\/profile\/exclusive4youllc\" target=\"_blank\" rel=\"noopener\"><br \/>\nPagar con PayPal \u2192<br \/>\n<\/a><\/p>\n<\/div>\n<div style=\"margin-top: 12px; color: #555; font-size: 13px;\">En PayPal, por favor ingrese el monto manualmente: <b>$150<\/b>, <b>$300<\/b> o <b>$500<\/b>.<\/div>\n<\/div>\n<\/div>\n<div style=\"height: 1px; background: rgba(0,0,0,.10); margin: 20px 0;\"><\/div>\n<p><!-- Service Terms --><\/p>\n<div>\n<div style=\"font-size: 18px; letter-spacing: 3px; margin: 0 0 10px; font-weight: 800;\">T\u00e9rminos del servicio<\/div>\n<p><!-- SAME border thickness + SAME border color + SAME fill as above --><\/p>\n<div style=\"border: 2px solid rgba(108,28,209,.35); background: #faf7ff; border-radius: 16px; padding: 16px; box-sizing: border-box;\">\n<div style=\"font-size: 13px; color: #666; margin-bottom: 10px;\">Al completar el pago, usted confirma:<\/div>\n<ul style=\"margin: 0 0 0 18px; color: #444; font-size: 14px; line-height: 1.7;\">\n<li>Este pago corresponde a los servicios acordados con <b>Exclusive 4 You LLC<\/b>.<\/li>\n<li>El <b>dep\u00f3sito<\/b> confirma la reserva y la preparaci\u00f3n del servicio.<\/li>\n<li>Los pagos son <b>no reembolsables<\/b> una vez que comienza la preparaci\u00f3n (salvo acuerdo por escrito).<\/li>\n<li>Cualquier saldo pendiente se paga por separado seg\u00fan lo acordado.<\/li>\n<li>Los pagos por Zelle se confirman despu\u00e9s de recibir los fondos.<\/li>\n<\/ul>\n<\/div>\n<div style=\"margin-top: 10px; color: #666; font-size: 12px;\">\u00bfPreguntas? Email: <b>mail@exclusive4-you.com<\/b> \u2022 Tel\u00e9fono: <b>+1 (561) 913-6999<\/b><\/div>\n<\/div>\n<\/div>\n","protected":false},"excerpt":{"rendered":"<p>EXCLUSIVE 4 YOU LLC Realizar un pago Elija el monto y el m\u00e9todo de pago Opci\u00f3n $150 Dep\u00f3sito Confirmaci\u00f3n de reserva \/ preparaci\u00f3n Opci\u00f3n $300 Pago Pago est\u00e1ndar del servicio Opci\u00f3n $500 Pago Paquete premium \/ avanzado Pagar con ZELLE &#8211; la opci\u00f3n m\u00e1s r\u00e1pida Pagar con Zelle Zelle Pagar con Zelle \u2192 DESTINATARIO EXCLUSIVE [&hellip;]<\/p>\n","protected":false},"author":1,"featured_media":0,"parent":0,"menu_order":0,"comment_status":"closed","ping_status":"closed","template":"","meta":{"footnotes":""},"class_list":["post-6032","page","type-page","status-publish","hentry"],"yoast_head":"<!-- This site is optimized with the Yoast SEO plugin v23.6 - https:\/\/yoast.com\/wordpress\/plugins\/seo\/ -->\n<title>Make a Payment |<\/title>\n<meta name=\"robots\" content=\"index, follow, max-snippet:-1, max-image-preview:large, max-video-preview:-1\" \/>\n<link rel=\"canonical\" href=\"https:\/\/exclusive4-you.com\/es\/make-a-payment-2\/\" \/>\n<meta property=\"og:locale\" content=\"es_ES\" \/>\n<meta property=\"og:type\" content=\"article\" \/>\n<meta property=\"og:title\" content=\"Make a Payment |\" \/>\n<meta property=\"og:description\" content=\"EXCLUSIVE 4 YOU LLC Realizar un pago Elija el monto y el m\u00e9todo de pago Opci\u00f3n $150 Dep\u00f3sito Confirmaci\u00f3n de reserva \/ preparaci\u00f3n Opci\u00f3n $300 Pago Pago est\u00e1ndar del servicio Opci\u00f3n $500 Pago Paquete premium \/ avanzado Pagar con ZELLE &#8211; la opci\u00f3n m\u00e1s r\u00e1pida Pagar con Zelle Zelle Pagar con Zelle \u2192 DESTINATARIO EXCLUSIVE [&hellip;]\" \/>\n<meta property=\"og:url\" content=\"https:\/\/exclusive4-you.com\/es\/make-a-payment-2\/\" \/>\n<meta property=\"og:site_name\" content=\"Event Planning\" \/>\n<meta property=\"article:modified_time\" content=\"2026-02-22T23:42:18+00:00\" \/>\n<meta property=\"og:image\" content=\"https:\/\/api.qrserver.com\/v1\/create-qr-code\/?size=320x320&amp;data=https%3A%2F%2Fenroll.zellepay.com%2Fqr-codes%2F%3Fdata%3DeyJuYW1lIjoiRVhDTFVTSVZFIDQgWU9VIExMQyIsInRva2VuIjoiNTYxLTkxMy02OTk5IiwiYWN0aW9uIjoicGF5bWVudCJ9\" \/>\n<meta name=\"twitter:card\" content=\"summary_large_image\" \/>\n<meta name=\"twitter:label1\" content=\"Tiempo de lectura\" \/>\n\t<meta name=\"twitter:data1\" content=\"2 minutos\" \/>\n<script type=\"application\/ld+json\" class=\"yoast-schema-graph\">{\"@context\":\"https:\/\/schema.org\",\"@graph\":[{\"@type\":\"WebPage\",\"@id\":\"https:\/\/exclusive4-you.com\/es\/make-a-payment-2\/\",\"url\":\"https:\/\/exclusive4-you.com\/es\/make-a-payment-2\/\",\"name\":\"Make a Payment |\",\"isPartOf\":{\"@id\":\"https:\/\/exclusive4-you.com\/es\/#website\"},\"primaryImageOfPage\":{\"@id\":\"https:\/\/exclusive4-you.com\/es\/make-a-payment-2\/#primaryimage\"},\"image\":{\"@id\":\"https:\/\/exclusive4-you.com\/es\/make-a-payment-2\/#primaryimage\"},\"thumbnailUrl\":\"https:\/\/api.qrserver.com\/v1\/create-qr-code\/?size=320x320&amp;data=https%3A%2F%2Fenroll.zellepay.com%2Fqr-codes%2F%3Fdata%3DeyJuYW1lIjoiRVhDTFVTSVZFIDQgWU9VIExMQyIsInRva2VuIjoiNTYxLTkxMy02OTk5IiwiYWN0aW9uIjoicGF5bWVudCJ9\",\"datePublished\":\"2026-02-22T23:22:57+00:00\",\"dateModified\":\"2026-02-22T23:42:18+00:00\",\"breadcrumb\":{\"@id\":\"https:\/\/exclusive4-you.com\/es\/make-a-payment-2\/#breadcrumb\"},\"inLanguage\":\"es\",\"potentialAction\":[{\"@type\":\"ReadAction\",\"target\":[\"https:\/\/exclusive4-you.com\/es\/make-a-payment-2\/\"]}]},{\"@type\":\"ImageObject\",\"inLanguage\":\"es\",\"@id\":\"https:\/\/exclusive4-you.com\/es\/make-a-payment-2\/#primaryimage\",\"url\":\"https:\/\/api.qrserver.com\/v1\/create-qr-code\/?size=320x320&amp;data=https%3A%2F%2Fenroll.zellepay.com%2Fqr-codes%2F%3Fdata%3DeyJuYW1lIjoiRVhDTFVTSVZFIDQgWU9VIExMQyIsInRva2VuIjoiNTYxLTkxMy02OTk5IiwiYWN0aW9uIjoicGF5bWVudCJ9\",\"contentUrl\":\"https:\/\/api.qrserver.com\/v1\/create-qr-code\/?size=320x320&amp;data=https%3A%2F%2Fenroll.zellepay.com%2Fqr-codes%2F%3Fdata%3DeyJuYW1lIjoiRVhDTFVTSVZFIDQgWU9VIExMQyIsInRva2VuIjoiNTYxLTkxMy02OTk5IiwiYWN0aW9uIjoicGF5bWVudCJ9\"},{\"@type\":\"BreadcrumbList\",\"@id\":\"https:\/\/exclusive4-you.com\/es\/make-a-payment-2\/#breadcrumb\",\"itemListElement\":[{\"@type\":\"ListItem\",\"position\":1,\"name\":\"Home\",\"item\":\"https:\/\/exclusive4-you.com\/es\/\"},{\"@type\":\"ListItem\",\"position\":2,\"name\":\"Make a Payment\"}]},{\"@type\":\"WebSite\",\"@id\":\"https:\/\/exclusive4-you.com\/es\/#website\",\"url\":\"https:\/\/exclusive4-you.com\/es\/\",\"name\":\"Event Planning\",\"description\":\"\",\"potentialAction\":[{\"@type\":\"SearchAction\",\"target\":{\"@type\":\"EntryPoint\",\"urlTemplate\":\"https:\/\/exclusive4-you.com\/es\/?s={search_term_string}\"},\"query-input\":{\"@type\":\"PropertyValueSpecification\",\"valueRequired\":true,\"valueName\":\"search_term_string\"}}],\"inLanguage\":\"es\"}]}<\/script>\n<!-- \/ Yoast SEO plugin. -->","yoast_head_json":{"title":"Make a Payment |","robots":{"index":"index","follow":"follow","max-snippet":"max-snippet:-1","max-image-preview":"max-image-preview:large","max-video-preview":"max-video-preview:-1"},"canonical":"https:\/\/exclusive4-you.com\/es\/make-a-payment-2\/","og_locale":"es_ES","og_type":"article","og_title":"Make a Payment |","og_description":"EXCLUSIVE 4 YOU LLC Realizar un pago Elija el monto y el m\u00e9todo de pago Opci\u00f3n $150 Dep\u00f3sito Confirmaci\u00f3n de reserva \/ preparaci\u00f3n Opci\u00f3n $300 Pago Pago est\u00e1ndar del servicio Opci\u00f3n $500 Pago Paquete premium \/ avanzado Pagar con ZELLE &#8211; la opci\u00f3n m\u00e1s r\u00e1pida Pagar con Zelle Zelle Pagar con Zelle \u2192 DESTINATARIO EXCLUSIVE [&hellip;]","og_url":"https:\/\/exclusive4-you.com\/es\/make-a-payment-2\/","og_site_name":"Event Planning","article_modified_time":"2026-02-22T23:42:18+00:00","og_image":[{"url":"https:\/\/api.qrserver.com\/v1\/create-qr-code\/?size=320x320&amp;data=https%3A%2F%2Fenroll.zellepay.com%2Fqr-codes%2F%3Fdata%3DeyJuYW1lIjoiRVhDTFVTSVZFIDQgWU9VIExMQyIsInRva2VuIjoiNTYxLTkxMy02OTk5IiwiYWN0aW9uIjoicGF5bWVudCJ9"}],"twitter_card":"summary_large_image","twitter_misc":{"Tiempo de lectura":"2 minutos"},"schema":{"@context":"https:\/\/schema.org","@graph":[{"@type":"WebPage","@id":"https:\/\/exclusive4-you.com\/es\/make-a-payment-2\/","url":"https:\/\/exclusive4-you.com\/es\/make-a-payment-2\/","name":"Make a Payment |","isPartOf":{"@id":"https:\/\/exclusive4-you.com\/es\/#website"},"primaryImageOfPage":{"@id":"https:\/\/exclusive4-you.com\/es\/make-a-payment-2\/#primaryimage"},"image":{"@id":"https:\/\/exclusive4-you.com\/es\/make-a-payment-2\/#primaryimage"},"thumbnailUrl":"https:\/\/api.qrserver.com\/v1\/create-qr-code\/?size=320x320&amp;data=https%3A%2F%2Fenroll.zellepay.com%2Fqr-codes%2F%3Fdata%3DeyJuYW1lIjoiRVhDTFVTSVZFIDQgWU9VIExMQyIsInRva2VuIjoiNTYxLTkxMy02OTk5IiwiYWN0aW9uIjoicGF5bWVudCJ9","datePublished":"2026-02-22T23:22:57+00:00","dateModified":"2026-02-22T23:42:18+00:00","breadcrumb":{"@id":"https:\/\/exclusive4-you.com\/es\/make-a-payment-2\/#breadcrumb"},"inLanguage":"es","potentialAction":[{"@type":"ReadAction","target":["https:\/\/exclusive4-you.com\/es\/make-a-payment-2\/"]}]},{"@type":"ImageObject","inLanguage":"es","@id":"https:\/\/exclusive4-you.com\/es\/make-a-payment-2\/#primaryimage","url":"https:\/\/api.qrserver.com\/v1\/create-qr-code\/?size=320x320&amp;data=https%3A%2F%2Fenroll.zellepay.com%2Fqr-codes%2F%3Fdata%3DeyJuYW1lIjoiRVhDTFVTSVZFIDQgWU9VIExMQyIsInRva2VuIjoiNTYxLTkxMy02OTk5IiwiYWN0aW9uIjoicGF5bWVudCJ9","contentUrl":"https:\/\/api.qrserver.com\/v1\/create-qr-code\/?size=320x320&amp;data=https%3A%2F%2Fenroll.zellepay.com%2Fqr-codes%2F%3Fdata%3DeyJuYW1lIjoiRVhDTFVTSVZFIDQgWU9VIExMQyIsInRva2VuIjoiNTYxLTkxMy02OTk5IiwiYWN0aW9uIjoicGF5bWVudCJ9"},{"@type":"BreadcrumbList","@id":"https:\/\/exclusive4-you.com\/es\/make-a-payment-2\/#breadcrumb","itemListElement":[{"@type":"ListItem","position":1,"name":"Home","item":"https:\/\/exclusive4-you.com\/es\/"},{"@type":"ListItem","position":2,"name":"Make a Payment"}]},{"@type":"WebSite","@id":"https:\/\/exclusive4-you.com\/es\/#website","url":"https:\/\/exclusive4-you.com\/es\/","name":"Event Planning","description":"","potentialAction":[{"@type":"SearchAction","target":{"@type":"EntryPoint","urlTemplate":"https:\/\/exclusive4-you.com\/es\/?s={search_term_string}"},"query-input":{"@type":"PropertyValueSpecification","valueRequired":true,"valueName":"search_term_string"}}],"inLanguage":"es"}]}},"_links":{"self":[{"href":"https:\/\/exclusive4-you.com\/es\/wp-json\/wp\/v2\/pages\/6032","targetHints":{"allow":["GET"]}}],"collection":[{"href":"https:\/\/exclusive4-you.com\/es\/wp-json\/wp\/v2\/pages"}],"about":[{"href":"https:\/\/exclusive4-you.com\/es\/wp-json\/wp\/v2\/types\/page"}],"author":[{"embeddable":true,"href":"https:\/\/exclusive4-you.com\/es\/wp-json\/wp\/v2\/users\/1"}],"replies":[{"embeddable":true,"href":"https:\/\/exclusive4-you.com\/es\/wp-json\/wp\/v2\/comments?post=6032"}],"version-history":[{"count":1,"href":"https:\/\/exclusive4-you.com\/es\/wp-json\/wp\/v2\/pages\/6032\/revisions"}],"predecessor-version":[{"id":6042,"href":"https:\/\/exclusive4-you.com\/es\/wp-json\/wp\/v2\/pages\/6032\/revisions\/6042"}],"wp:attachment":[{"href":"https:\/\/exclusive4-you.com\/es\/wp-json\/wp\/v2\/media?parent=6032"}],"curies":[{"name":"wp","href":"https:\/\/api.w.org\/{rel}","templated":true}]}}